{"id":2351,"date":"2018-09-04T11:24:56","date_gmt":"2018-09-04T09:24:56","guid":{"rendered":"https:\/\/www.ambrosia.eu\/?page_id=2351"},"modified":"2018-09-04T11:30:56","modified_gmt":"2018-09-04T09:30:56","slug":"%d0%b4%d0%be%d0%b2%d1%96%d0%b4%d0%bd%d0%b8%d0%ba-%d1%87%d0%be%d0%bc%d1%83-%d0%bf%d0%be%d1%82%d1%80%d1%96%d0%b1%d0%bd%d0%be-%d0%bf%d1%96%d0%b4%d0%b3%d0%be%d0%b4%d0%be%d0%b2%d1%83%d0%b2%d0%b0%d1%82","status":"publish","type":"page","link":"https:\/\/www.ambrosia.eu\/uk\/%d0%b4%d0%be%d0%b2%d1%96%d0%b4%d0%bd%d0%b8%d0%ba-%d1%87%d0%be%d0%bc%d1%83-%d0%bf%d0%be%d1%82%d1%80%d1%96%d0%b1%d0%bd%d0%be-%d0%bf%d1%96%d0%b4%d0%b3%d0%be%d0%b4%d0%be%d0%b2%d1%83%d0%b2%d0%b0%d1%82\/","title":{"rendered":"\u0414\u043e\u0432\u0456\u0434\u043d\u0438\u043a-\u0427\u043e\u043c\u0443 \u043f\u043e\u0442\u0440\u0456\u0431\u043d\u043e \u043f\u0456\u0434\u0433\u043e\u0434\u043e\u0432\u0443\u0432\u0430\u0442\u0438 \u0431\u0434\u0436\u0456\u043b?"},"content":{"rendered":"<div class=\"row \"><div class=\"col-lg-6 col-md-6 col-xs-12 col-sm-6\"><\/p>\n<p>\u0414\u0435\u0444\u0456\u0446\u0438\u0442 \u0457\u0436\u0456 \u043d\u0435\u0433\u0430\u0442\u0438\u0432\u043d\u043e \u043f\u043e\u0437\u043d\u0430\u0447\u0430\u0454\u0442\u044c\u0441\u044f \u043d\u0430 \u0441\u0442\u0430\u043d\u0456 \u0431\u0434\u0436\u043e\u043b\u0438\u043d\u043e\u0457 \u0441\u0456\u043c&#8217;\u0457, \u0432 \u0442\u043e\u0439 \u0447\u0430\u0441 \u044f\u043a \u0440\u0430\u0446\u0456\u043e\u043d\u0430\u043b\u044c\u043d\u0435 \u0445\u0430\u0440\u0447\u0443\u0432\u0430\u043d\u043d\u044f \u0437 \u043e\u043f\u0442\u0438\u043c\u0430\u043b\u044c\u043d\u0438\u043c \u0443\u0440\u0430\u0445\u0443\u0432\u0430\u043d\u043d\u044f\u043c \u043f\u043e\u0442\u0440\u0435\u0431 \u0431\u0434\u0436\u0456\u043b, \u0437\u043c\u0456\u0446\u043d\u044e\u0454 \u0456 \u043f\u0456\u0434\u0442\u0440\u0438\u043c\u0443\u0454 \u0437\u0434\u043e\u0440\u043e\u0432&#8217;\u044f \u0440\u043e\u044e.<\/p>\n<p>\u0411\u0434\u0436\u043e\u043b\u0438\u043d\u0430 \u0441\u0456\u043c&#8217;\u044f \u043d\u0456\u043a\u043e\u043b\u0438 \u043d\u0435 \u043f\u043e\u0432\u0438\u043d\u043d\u0430 \u0432\u0456\u0434\u0447\u0443\u0432\u0430\u0442\u0438 \u043d\u0435\u0441\u0442\u0430\u0447\u0443 \u0457\u0436\u0456. \u041a\u043e\u043b\u0438 \u043a\u043e\u0440\u043c\u043e\u0432\u0456 \u0437\u0430\u043f\u0430\u0441\u0438 \u0431\u0434\u0436\u043e\u043b\u0438\u043d\u043e\u0433\u043e \u0440\u043e\u044e \u043d\u0430\u0431\u043b\u0438\u0436\u0430\u044e\u0442\u044c\u0441\u044f \u0434\u043e \u043f\u043e\u0437\u043d\u0430\u0447\u043a\u0438 5 \u043a\u0433 (\u0434\u0432\u0456 \u043f\u043e\u0432\u043d\u0456 \u0440\u0430\u043c\u043a\u0438 DN \u0430\u0431\u043e Zander), \u0430 \u043d\u0430\u0434\u0445\u043e\u0434\u0436\u0435\u043d\u043d\u044f \u043d\u043e\u0432\u043e\u0433\u043e \u043a\u043e\u0440\u043c\u0443 \u043f\u0440\u0438\u043f\u0438\u043d\u044f\u0454\u0442\u044c\u0441\u044f, \u043f\u043e\u0447\u0438\u043d\u0430\u0454\u0442\u044c\u0441\u044f \u0434\u0435\u0444\u0456\u0446\u0438\u0442 \u0445\u0430\u0440\u0447\u0443\u0432\u0430\u043d\u043d\u044f. \u041f\u0440\u0438 \u043d\u0435\u0441\u0442\u0430\u0447\u0456 \u043a\u043e\u0440\u043c\u043e\u0432\u0438\u0445 \u0437\u0430\u043f\u0430\u0441\u0456\u0432 \u0440\u0456\u0439 \u043f\u0435\u0440\u0435\u0445\u043e\u0434\u0438\u0442\u044c \u0443 \u043d\u0430\u0434\u0437\u0432\u0438\u0447\u0430\u0439\u043d\u0438\u0439 \u0440\u0435\u0436\u0438\u043c:<\/p>\n<p>&nbsp;<\/p>\n<p>\u043c\u0430\u0442\u043a\u0430 \u0441\u043a\u043e\u0440\u043e\u0447\u0443\u0454 \u043a\u043b\u0430\u0434\u043a\u0443 \u044f\u0454\u0446\u044c, \u0431\u0434\u0436\u043e\u043b\u0438 \u043f\u043e\u0433\u0430\u043d\u043e \u0432\u0438\u043a\u043e\u043d\u0443\u044e\u0442\u044c \u0432\u043d\u0443\u0442\u0440\u0456\u0448\u043d\u044c\u043e\u0432\u0443\u043b\u0438\u043a\u043e\u0432\u0456 \u0440\u043e\u0431\u043e\u0442\u0438, \u0441\u043a\u043e\u0440\u043e\u0447\u0443\u044e\u0442\u044c \u0437\u0431\u0456\u0440 \u043a\u0432\u0456\u0442\u043a\u043e\u0432\u043e\u0433\u043e \u043f\u0438\u043b\u043a\u0443 \u0456 \u043f\u043e\u0457\u0434\u0430\u044e\u0442\u044c \u0447\u0430\u0441\u0442\u0438\u043d\u0443 \u043b\u0438\u0447\u0438\u043d\u043e\u043a (\u043a\u0430\u043d\u0456\u0431\u0430\u043b\u0456\u0437\u043c). \u0414\u043b\u044f \u0432\u0438\u0436\u0438\u0432\u0430\u043d\u043d\u044f \u0431\u0434\u0436\u043e\u043b\u0438\u043d\u0438\u0439 \u0440\u0456\u0439 \u0432 \u0442\u0430\u043a\u0456\u0439 \u0441\u0438\u0442\u0443\u0430\u0446\u0456\u0457 \u0437\u043c\u0443\u0448\u0435\u043d\u0438\u0439 \u0432\u0434\u0430\u0432\u0430\u0442\u0438\u0441\u044f \u0434\u043e \u0440\u043e\u0437\u0433\u0440\u0430\u0431\u0443\u0432\u0430\u043d\u043d\u044f \u0456\u043d\u0448\u0438\u0445 \u0432\u0443\u043b\u0438\u043a\u0456\u0432. \u041f\u0440\u0438 \u043f\u043e\u0432\u043d\u043e\u043c\u0443 \u0432\u0438\u0441\u043d\u0430\u0436\u0435\u043d\u043d\u0456 \u043a\u043e\u0440\u043c\u043e\u0432\u0438\u0445 \u0437\u0430\u043f\u0430\u0441\u0456\u0432 \u0433\u043e\u043b\u043e\u0434\u043d\u0456 \u0431\u0434\u0436\u043e\u043b\u0438 \u0432 \u043f\u043e\u0448\u0443\u043a\u0430\u0445 \u043a\u043e\u0440\u043c\u0443 \u043f\u043e\u0447\u0438\u043d\u0430\u044e\u0442\u044c \u043f\u0435\u0440\u0435\u0441\u0443\u0432\u0430\u0442\u0438\u0441\u044f \u043f\u043e\u0440\u043e\u0436\u043d\u0456\u043c\u0438 \u0441\u0442\u0456\u043b\u044c\u043d\u0438\u043a\u0430\u043c\u0438, \u0441\u0442\u0432\u043e\u0440\u044e\u044e\u0447\u0438 \u0437\u0432\u0443\u043a, \u0449\u043e \u043d\u0430\u0433\u0430\u0434\u0443\u0454 \u0448\u0435\u043b\u0435\u0441\u0442 \u0441\u0443\u0445\u043e\u0433\u043e \u043b\u0438\u0441\u0442\u044f, \u0430\u0431\u043e \u0436 \u043d\u0435\u0440\u0443\u0445\u043e\u043c\u043e \u0441\u0438\u0434\u044f\u0442\u044c \u043d\u0430 \u0441\u0442\u0456\u043b\u044c\u043d\u0438\u043a\u0430\u0445 \u0456 \u043d\u0435\u0437\u0430\u0431\u0430\u0440\u043e\u043c \u043f\u043e\u0447\u0438\u043d\u0430\u044e\u0442\u044c \u043f\u043e\u043c\u0438\u0440\u0430\u0442\u0438. \u0427\u0435\u0440\u0435\u0437 \u043a\u0456\u043b\u044c\u043a\u0430 \u0433\u043e\u0434\u0438\u043d \u0433\u0438\u043d\u0435 \u0432\u0435\u0441\u044c \u0440\u0456\u0439. \u0422\u0438\u043f\u043e\u0432\u0456 \u043e\u0437\u043d\u0430\u043a\u0438 \u0437\u0430\u0433\u0438\u0431\u0435\u043b\u0456 \u0431\u0434\u0436\u0456\u043b \u0432\u0456\u0434 \u0433\u043e\u043b\u043e\u0434\u0443:<\/p>\n<ul>\n<li>\u043c\u0435\u0440\u0442\u0432\u0456 \u0431\u0434\u0436\u043e\u043b\u0438, \u0433\u043e\u043b\u043e\u0432\u0438 \u044f\u043a\u0438\u0445 \u0437\u043d\u0430\u0445\u043e\u0434\u044f\u0442\u044c\u0441\u044f \u0443 \u0447\u0430\u0440\u0443\u043d\u043a\u0430\u0445 \u0441\u0442\u0456\u043b\u044c\u043d\u0438\u043a\u0430<\/li>\n<li>\u0434\u043d\u0438\u0449\u0435 \u0432\u0443\u043b\u0438\u043a\u0430 \u043f\u043e\u043a\u0440\u0438\u0442\u043e \u0442\u0438\u0441\u044f\u0447\u0430\u043c\u0438 \u043c\u0435\u0440\u0442\u0432\u0438\u0445 \u0431\u0434\u0436\u0456\u043b<\/li>\n<\/ul>\n<p>\u0422\u043e\u043c\u0443 \u0433\u043e\u043b\u043e\u0432\u043d\u0435 \u0437\u0430\u0432\u0434\u0430\u043d\u043d\u044f \u0431\u0434\u0436\u043e\u043b\u044f\u0440\u0430 &#8211; \u0441\u0432\u043e\u0454\u0447\u0430\u0441\u043d\u043e \u0432\u0438\u044f\u0432\u0438\u0442\u0438 \u0441\u043a\u043e\u0440\u043e\u0447\u0435\u043d\u043d\u044f \u043a\u043e\u0440\u043c\u043e\u0432\u0438\u0445 \u0437\u0430\u043f\u0430\u0441\u0456\u0432 \u0456 \u043f\u043e\u043f\u043e\u0432\u043d\u0438\u0442\u0438 \u0457\u0445. \u0412\u043b\u0430\u0441\u043d\u0435, \u0432 \u041d\u0456\u043c\u0435\u0447\u0447\u0438\u043d\u0456 \u043d\u0430\u0431\u0430\u0433\u0430\u0442\u043e \u0431\u0456\u043b\u044c\u0448\u0435 \u0431\u0434\u0436\u043e\u043b\u0438\u043d\u0438\u0445 \u0441\u0456\u043c\u0435\u0439 \u0433\u0438\u043d\u0435 \u0432\u0456\u0434 \u0433\u043e\u043b\u043e\u0434\u0443, \u0430\u043d\u0456\u0436 \u0432\u0456\u0434 \u0440\u043e\u0437\u043f\u043e\u0432\u0441\u044e\u0434\u0436\u0435\u043d\u0438\u0445 \u0437\u0430\u0445\u0432\u043e\u0440\u044e\u0432\u0430\u043d\u044c \u0431\u0434\u0436\u0456\u043b.<\/p>\n<p><\/div>\n<div class=\"col-lg-6 col-md-6 col-xs-12 col-sm-6\"><\/p>\n<h2>\u041e\u0446\u0456\u043d\u043a\u0430 \u043a\u043e\u0440\u043c\u043e\u0432\u0438\u0445 \u0437\u0430\u043f\u0430\u0441\u0456\u0432 \u0437\u0430 \u043c\u0435\u0442\u043e\u0434\u0438\u043a\u043e\u044e \u041b\u0456\u0431\u0435\u0444\u0435\u043b\u044c\u0434<\/h2>\n<p>\u0414\u043b\u044f \u0432\u0438\u0437\u043d\u0430\u0447\u0435\u043d\u043d\u044f \u043a\u043e\u0440\u043c\u043e\u0432\u0438\u0445 \u0437\u0430\u043f\u0430\u0441\u0456\u0432 \u043f\u043e\u0440\u043e\u0436\u043d\u044e \u0440\u0430\u043c\u043a\u0443 \u0437\u0430 \u0434\u043e\u043f\u043e\u043c\u043e\u0433\u043e\u044e \u0437\u0432\u0438\u0447\u0430\u0439\u043d\u0438\u0445 \u0433\u0443\u043c\u043e\u043a \u043f\u043e\u0434\u0456\u043b\u044f\u044e\u0442\u044c \u043d\u0430 \u0432\u0456\u0441\u0456\u043c \u043e\u0434\u043d\u0430\u043a\u043e\u0432\u0438\u0445 \u043a\u0432\u0430\u0434\u0440\u0430\u0442\u0456\u0432. \u0426\u044e \u043a\u043e\u043d\u0441\u0442\u0440\u0443\u043a\u0446\u0456\u044e \u043d\u0435\u043e\u0431\u0445\u0456\u0434\u043d\u043e \u0440\u043e\u0437\u043c\u0456\u0441\u0442\u0438\u0442\u0438 \u0437\u0432\u0435\u0440\u0445\u0443 \u043d\u0430\u0434 \u0434\u043e\u0441\u043b\u0456\u0434\u0436\u0443\u0432\u0430\u043d\u043e\u044e \u0440\u0430\u043c\u043a\u043e\u044e \u0456 \u043f\u0456\u0434\u0440\u0430\u0445\u0443\u0432\u0430\u0442\u0438 \u0440\u0435\u0437\u0443\u043b\u044c\u0442\u0430\u0442\u0438 \u043d\u0430\u0441\u0442\u0443\u043f\u043d\u0438\u043c \u0447\u0438\u043d\u043e\u043c:<\/p>\n<p>\u041e\u0434\u043d\u0430 \u0432\u043e\u0441\u044c\u043c\u0430 \u0447\u0430\u0441\u0442\u0438\u043d\u0430 \u043e\u0434\u043d\u0456\u0454\u0457 \u0441\u0442\u043e\u0440\u043e\u043d\u0438 \u0440\u0430\u043c\u043a\u0438, \u0437\u0430\u043f\u043e\u0432\u043d\u0435\u043d\u043e\u0457 \u043c\u0435\u0434\u043e\u043c, \u043c\u0456\u0441\u0442\u0438\u0442\u044c:<\/p>\n<p><div class=\"table-responsive\"><table width=\"100%\" class=\"table \" style=\"table-striped\">\n<thead><tr>\n<th>\u0422\u0438\u043f \u0440\u0430\u043c\u043a\u0438<\/th>\n<th>\u041a\u043e\u0440\u043c<\/th>\n<\/tr><\/thead>\n<tbody>\n<tr>\n<td>DN <\/td>\n<td>111 \u0433<\/td>\n<\/tr>\n<tr>\n<td>Zander <\/td>\n<td>125 \u0433<\/td>\n<\/tr>\n<tr>\n<td>Langstroth <\/td>\n<td>140 \u0433<\/td>\n<\/tr>\n<tr>\n<td>Dadant <\/td>\n<td>175 \u0433<\/td>\n<\/tr>\n<\/tbody>\n<\/table><\/div><\/p>\n<h3>\u041f\u0440\u0438\u043a\u043b\u0430\u0434:<\/h3>\n<p>\u0420\u0430\u043c\u043a\u0430 Zander \u0437 \u043e\u0434\u043d\u043e\u0433\u043e \u0431\u043e\u043a\u0443 \u043c\u0430\u0454 8, \u0430 \u0437 \u0456\u043d\u0448\u043e\u0433\u043e \u2013 4 \u043f\u043e\u0432\u043d\u0456\u0441\u0442\u044e \u0437\u0430\u043f\u043e\u0432\u043d\u0435\u043d\u0456 \u043a\u0432\u0430\u0434\u0440\u0430\u0442\u0438. \u041f\u0456\u0434\u0440\u0430\u0445\u0443\u043d\u043e\u043a \u0440\u0435\u0437\u0443\u043b\u044c\u0442\u0430\u0442\u0443: (8 + 4) x 125 \u0433 = 1500 \u0433 \u043a\u043e\u0440\u043c\u0443 \u043d\u0430 \u0434\u0430\u043d\u0456\u0439 \u0440\u0430\u043c\u0446\u0456. \u041f\u0440\u0438 \u0446\u044c\u043e\u043c\u0443 \u0441\u043b\u0456\u0434 \u0432\u0440\u0430\u0445\u043e\u0432\u0443\u0432\u0430\u0442\u0438 \u0442\u0430\u043a\u043e\u0436 \u043a\u0432\u0430\u0434\u0440\u0430\u0442\u0438, \u0437\u0430\u043f\u043e\u0432\u043d\u0435\u043d\u0456 \u043d\u0430\u043f\u043e\u043b\u043e\u0432\u0438\u043d\u0443. \u041f\u043e\u0432\u043d\u0456\u0441\u0442\u044e \u0437\u0430\u043f\u043e\u0432\u043d\u0435\u043d\u0430 \u0440\u0430\u043c\u043a\u0430 \u043c\u0456\u0441\u0442\u0438\u0442\u044c 16 \u043a\u0432\u0430\u0434\u0440\u0430\u0442\u0456\u0432 = 2000 \u0433 \u043a\u043e\u0440\u043c\u0443.<\/p>\n<p>\u041a\u0432\u0430\u043b\u0456\u0444\u0456\u043a\u043e\u0432\u0430\u043d\u0456 \u0444\u0430\u0445\u0456\u0432\u0446\u0456 \u043d\u0430\u0448\u043e\u0457 \u043a\u043e\u043c\u043f\u0430\u043d\u0456\u0457, \u0449\u043e \u0441\u043f\u0435\u0446\u0456\u0430\u043b\u0456\u0437\u0443\u044e\u0442\u044c\u0441\u044f \u043d\u0430 \u043a\u043e\u0440\u043c\u0430\u0445 \u0434\u043b\u044f \u0431\u0434\u0436\u0456\u043b, \u0433\u043e\u0442\u043e\u0432\u0456 \u043d\u0430\u0434\u0430\u0442\u0438 \u0432\u0430\u043c \u043a\u043e\u043d\u0441\u0443\u043b\u044c\u0442\u0430\u0446\u0456\u044e \u0442\u0430 \u043d\u0435\u043e\u0431\u0445\u0456\u0434\u043d\u0443 \u0434\u043e\u043f\u043e\u043c\u043e\u0433\u0443 \u0437 \u0443\u0441\u0456\u0445 \u043f\u0438\u0442\u0430\u043d\u044c, \u043f\u043e\u0432&#8217;\u044f\u0437\u0430\u043d\u0438\u0445 \u0437 \u0445\u0430\u0440\u0447\u0443\u0432\u0430\u043d\u043d\u044f\u043c \u0431\u0434\u0436\u0456\u043b.<\/p>\n<p>&nbsp;<\/p>\n<p>\u041e\u0437\u043d\u0430\u0439\u043e\u043c\u0442\u0435\u0441\u044f \u0437 \u0431\u0456\u043b\u044c\u0448 \u0434\u0435\u0442\u0430\u043b\u044c\u043d\u043e\u044e \u0456\u043d\u0444\u043e\u0440\u043c\u0430\u0446\u0456\u0454\u044e:<\/p>\n<p>(\u043f\u043e\u0441\u0438\u043b\u0430\u043d\u043d\u044f \u043d\u0430 \u0440\u043e\u0437\u0434\u0456\u043b)<\/p>\n<p><a class=\"btn btn-primary btn-xs\" href=\"https:\/\/www.ambrosia.eu\/uk\/ratgeber-fuetterung-warum\/das-bienenjahr\/\" target=\"_blank\" rel=\"noopener\">\u0412\u0438\u043c\u043e\u0433\u0438 \u0434\u043e \u043a\u043e\u0440\u043c\u0443<\/a><\/p>\n<p><a class=\"btn btn-primary btn-xs\" href=\"https:\/\/www.ambrosia.eu\/de\/ratgeber-fuetterung-warum\/fuetterungsanlaesse\/\">\u041a\u0430\u043b\u0435\u043d\u0434\u0430\u0440 \u0431\u0434\u0436\u043e\u043b\u044f\u0440\u0430 <\/a><\/p>\n<p><a class=\"btn btn-primary btn-xs\" href=\"https:\/\/www.ambrosia.eu\/de\/ratgeber-fuetterung-warum\/futteralternativen\/\">\u0410\u043b\u044c\u0442\u0435\u0440\u043d\u0430\u0442\u0438\u0432\u043d\u0456 \u0432\u0438\u0434\u0438 \u043a\u043e\u0440\u043c\u0443<\/a><\/p>\n<p>\u0426\u0456\u043b\u0456 \u043f\u0456\u0434\u0433\u043e\u0434\u0456\u0432\u043b\u0456<\/p>\n<p>&nbsp;<\/p>\n<p><a href=\"https:\/\/www.ambrosia.eu\/de\/kontakt\/\">\u041c\u0438 \u043e\u0445\u043e\u0447\u0435 \u0432\u0456\u0434\u043f\u043e\u0432\u0456\u043c\u043e \u043d\u0430 \u0432\u0430\u0448\u0456 \u0437\u0430\u043f\u0438\u0442\u0430\u043d\u043d\u044f \u0456 \u043d\u0430\u0434\u0430\u043c\u043e \u0432\u0430\u043c \u043a\u043e\u043d\u0442\u0430\u043a\u0442\u0438 \u043d\u0430\u0439\u0431\u043b\u0438\u0436\u0447\u0438\u0445 \u0434\u0438\u043b\u0435\u0440\u0456\u0432<\/a><\/p>\n<p><a class=\"btn btn-primary btn-xs  \" href=\"https:\/\/www.ambrosia.eu\/uk\/%d0%ba%d0%be%d0%bd%d1%82%d0%b0%d0%ba%d1%82\/\"  rel=\"\"  target=\"_self\">\u041a\u043e\u043d\u0442\u0430\u043a\u0442 <i class=\"glyphicon glyphicon-menu-right\" ><\/i><\/a><\/p>\n<p>&nbsp;<\/p>\n<p><\/div>\n<\/div>\n","protected":false},"excerpt":{"rendered":"<p>Hunger sch\u00e4digt Bienenv\u00f6lker, ein reichhaltiges Futterangebot optimal an die Bed\u00fcrfnisse der Bienen angepasst hingegen f\u00f6rdert und sichert ein vitales Bienenvolk.<\/p>\n<p>Zu keiner Zeit darf ein Bienenvolk einem Futtermangel ausgesetzt sein. N\u00e4hern sich die Vorr\u00e4te im Bienenvolk der 5 kg-Marke (zwei volle DN oder Zanderwaben) und versiegt der Futterstrom von au\u00dfen, beginnt bereits die Unterversorgung. Schon vor dem letzten Futterrest  schaltet das Volk auf Notbetrieb:<\/p>\n","protected":false},"author":3,"featured_media":0,"parent":0,"menu_order":0,"comment_status":"closed","ping_status":"closed","template":"","meta":[],"acf":[],"_links":{"self":[{"href":"https:\/\/www.ambrosia.eu\/uk\/wp-json\/wp\/v2\/pages\/2351"}],"collection":[{"href":"https:\/\/www.ambrosia.eu\/uk\/wp-json\/wp\/v2\/pages"}],"about":[{"href":"https:\/\/www.ambrosia.eu\/uk\/wp-json\/wp\/v2\/types\/page"}],"author":[{"embeddable":true,"href":"https:\/\/www.ambrosia.eu\/uk\/wp-json\/wp\/v2\/users\/3"}],"replies":[{"embeddable":true,"href":"https:\/\/www.ambrosia.eu\/uk\/wp-json\/wp\/v2\/comments?post=2351"}],"version-history":[{"count":6,"href":"https:\/\/www.ambrosia.eu\/uk\/wp-json\/wp\/v2\/pages\/2351\/revisions"}],"predecessor-version":[{"id":2460,"href":"https:\/\/www.ambrosia.eu\/uk\/wp-json\/wp\/v2\/pages\/2351\/revisions\/2460"}],"wp:attachment":[{"href":"https:\/\/www.ambrosia.eu\/uk\/wp-json\/wp\/v2\/media?parent=2351"}],"curies":[{"name":"wp","href":"https:\/\/api.w.org\/{rel}","templated":true}]}}