{"id":2343,"date":"2018-09-04T11:21:59","date_gmt":"2018-09-04T09:21:59","guid":{"rendered":"https:\/\/www.ambrosia.eu\/?page_id=2343"},"modified":"2018-09-04T11:30:33","modified_gmt":"2018-09-04T09:30:33","slug":"%d1%81%d1%82%d0%be%d1%80%d1%96%d0%bd%d0%ba%d0%b0-%d0%bd%d0%b0%d0%b9%d0%ba%d1%80%d0%b0%d1%89%d0%b8%d0%b9-%d0%ba%d0%be%d1%80%d0%bc","status":"publish","type":"page","link":"https:\/\/www.ambrosia.eu\/uk\/%d1%81%d1%82%d0%be%d1%80%d1%96%d0%bd%d0%ba%d0%b0-%d0%bd%d0%b0%d0%b9%d0%ba%d1%80%d0%b0%d1%89%d0%b8%d0%b9-%d0%ba%d0%be%d1%80%d0%bc\/","title":{"rendered":"\u0421\u0442\u043e\u0440\u0456\u043d\u043a\u0430 \u041d\u0430\u0439\u043a\u0440\u0430\u0449\u0438\u0439 \u043a\u043e\u0440\u043c"},"content":{"rendered":"<div class=\"row \"><div class=\"col-lg-6 col-md-6 col-xs-12 col-sm-6\"><\/p>\n<p>\u0421\u0438\u0440\u043e\u043f\u0438 \u0456 \u043f\u0430\u0441\u0442\u0438 \u0434\u043b\u044f \u0431\u0434\u0436\u0456\u043b ambrosia\u00ae \u2013 \u0446\u0435 \u0441\u043f\u0435\u0446\u0456\u0430\u043b\u044c\u043d\u0438\u0439 \u043a\u043e\u0440\u043c \u0434\u043b\u044f \u0431\u0434\u0436\u0456\u043b \u043d\u0430 \u043e\u0441\u043d\u043e\u0432\u0456 \u0446\u0443\u043a\u0440\u0443,<br \/>\n\u044f\u043a\u0438\u0439 \u043f\u043e\u043d\u0430\u0434 25 \u0440\u043e\u043a\u0456\u0432 \u0443\u0441\u043f\u0456\u0448\u043d\u043e \u0437\u0430\u0441\u0442\u043e\u0441\u043e\u0432\u0443\u0454\u0442\u044c\u0441\u044f \u0432 \u0431\u0434\u0436\u0456\u043b\u044c\u043d\u0438\u0446\u0442\u0432\u0456 \u0443 \u044f\u043a\u043e\u0441\u0442\u0456 \u0434\u043e\u043f\u043e\u0432\u043d\u0435\u043d\u043d\u044f \u0434\u043e \u043f\u0440\u0438\u0440\u043e\u0434\u043d\u0438\u0445<br \/>\n\u0434\u0436\u0435\u0440\u0435\u043b \u0445\u0430\u0440\u0447\u0443\u0432\u0430\u043d\u043d\u044f \u0442\u0430 \u0435\u043d\u0435\u0440\u0433\u0456\u0457 \u0430\u0431\u043e \u0457\u0445 \u043f\u043e\u0432\u043d\u043e\u0446\u0456\u043d\u043d\u043e\u0457 \u0437\u0430\u043c\u0456\u043d\u0438 \u0432 \u043f\u0435\u0440\u0456\u043e\u0434 \u0437\u0438\u043c\u0456\u0432\u043b\u0456 \u0431\u0434\u0436\u0456\u043b.<\/p>\n<h3>\u041e\u0437\u043d\u0430\u043a\u0438 \u0445\u043e\u0440\u043e\u0448\u043e\u0433\u043e \u043a\u043e\u0440\u043c\u0443 \u0434\u043b\u044f \u0431\u0434\u0436\u0456\u043b:<\/h3>\n<ul>\n<li>\u041e\u043f\u0442\u0438\u043c\u0430\u043b\u044c\u043d\u0438\u0439 \u0441\u043a\u043b\u0430\u0434 \u0441\u0442\u0430\u043d\u0434\u0430\u0440\u0442\u043d\u043e\u0457 \u044f\u043a\u043e\u0441\u0442\u0456<\/li>\n<li>\u041b\u0435\u0433\u043a\u0435 \u043f\u043e\u0433\u043b\u0438\u043d\u0430\u043d\u043d\u044f \u0431\u0434\u0436\u043e\u043b\u0430\u043c\u0438 \u0431\u0435\u0437 \u043d\u0430\u0434\u043c\u0456\u0440\u043d\u0438\u0445 \u0432\u0438\u0442\u0440\u0430\u0442 \u0435\u043d\u0435\u0440\u0433\u0456\u0457 \u0442\u0430 \u043c\u0430\u043a\u0441\u0438\u043c\u0430\u043b\u044c\u043d\u0430 \u043a\u043e\u0440\u0438\u0441\u0442\u044c<\/li>\n<li>\u041e\u043f\u0442\u0438\u043c\u0430\u043b\u044c\u043d\u0435 \u0437\u0430\u0441\u0432\u043e\u0454\u043d\u043d\u044f \u043f\u043e\u0436\u0438\u0432\u043d\u043e\u0457 \u0446\u0456\u043d\u043d\u043e\u0441\u0442\u0456<\/li>\n<li>\u041d\u0435\u0437\u043c\u0456\u043d\u043d\u0430 \u044f\u043a\u0456\u0441\u0442\u044c<\/li>\n<li>\u0421\u0442\u0456\u0439\u043a\u0456\u0441\u0442\u044c \u043f\u0440\u0438 \u0437\u0431\u0435\u0440\u0456\u0433\u0430\u043d\u043d\u0456 (\u0442\u0440\u0438\u0432\u0430\u043b\u0438\u0439 \u0442\u0435\u0440\u043c\u0456\u043d \u0437\u0431\u0435\u0440\u0456\u0433\u0430\u043d\u043d\u044f, \u0431\u0456\u043e\u043b\u043e\u0433\u0456\u0447\u043d\u0430 \u0441\u0442\u0456\u0439\u043a\u0456\u0441\u0442\u044c)<\/li>\n<li>\u041b\u0435\u0433\u043a\u0435 \u0432\u0438\u043a\u043e\u0440\u0438\u0441\u0442\u0430\u043d\u043d\u044f (\u0437\u0431\u0435\u0440\u0456\u0433\u0430\u043d\u043d\u044f, \u0434\u043e\u0437\u0443\u0432\u0430\u043d\u043d\u044f, \u0433\u043e\u0442\u043e\u0432\u0430 \u0434\u043e \u0432\u0438\u043a\u043e\u0440\u0438\u0441\u0442\u0430\u043d\u043d\u044f \u0444\u043e\u0440\u043c\u0430)<\/li>\n<li>\u0412\u0456\u0434\u0441\u0443\u0442\u043d\u0456\u0441\u0442\u044c \u0437\u0430\u043f\u0430\u0445\u0443 \u0434\u043b\u044f \u0437\u0430\u0445\u0438\u0441\u0442\u0443 \u0432\u0456\u0434 \u0431\u0434\u0436\u0456\u043b-\u0437\u043b\u043e\u0434\u0456\u0439\u043e\u043a<\/li>\n<\/ul>\n<p><\/div>\n<div class=\"col-lg-6 col-md-6 col-xs-12 col-sm-6\"><\/p>\n<p>\u041f\u0440\u043e\u0442\u044f\u0433\u043e\u043c \u043c\u0456\u043b\u044c\u0439\u043e\u043d\u0456\u0432 \u0440\u043e\u043a\u0456\u0432 \u043d\u0435\u043a\u0442\u0430\u0440, \u043a\u0432\u0456\u0442\u043a\u043e\u0432\u0438\u0439 \u043f\u0438\u043b\u043e\u043a \u0456 \u0432\u043e\u0434\u0430 \u0437\u0430\u0431\u0435\u0437\u043f\u0435\u0447\u0443\u0432\u0430\u043b\u0438 \u0437\u0431\u0435\u0440\u0435\u0436\u0435\u043d\u043d\u044f \u0446\u044c\u043e\u0433\u043e \u0432\u0438\u0434\u0443 \u043a\u043e\u043c\u0430\u0445. \u0422\u0430 \u043a\u043e\u043b\u0438 \u043f\u0440\u0438\u0440\u043e\u0434\u043d\u043e\u0457 \u0457\u0436\u0456 \u043e\u0431\u043c\u0430\u043b\u044c, \u043e\u0441\u043e\u0431\u043b\u0438\u0432\u043e \u0432 \u0443\u043c\u043e\u0432\u0430\u0445 \u043f\u043e\u0433\u0456\u0440\u0448\u0435\u043d\u043d\u044f \u0435\u043a\u043e\u043b\u043e\u0433\u0456\u0457, \u0432 \u0440\u0435\u0437\u0443\u043b\u044c\u0442\u0430\u0442\u0456 \u043f\u043e\u043c\u0438\u043b\u043a\u043e\u0432\u0438\u0445 \u0440\u043e\u0437\u0440\u0430\u0445\u0443\u043d\u043a\u0456\u0432 \u0431\u0434\u0436\u043e\u043b\u044f\u0440\u0430, \u0432\u0438\u043d\u0438\u043a\u043d\u0435\u043d\u043d\u044f \u0445\u0432\u043e\u0440\u043e\u0431 \u0430\u0431\u043e \u0432\u043f\u043b\u0438\u0432\u0443 \u0448\u043a\u0456\u0434\u043d\u0438\u043a\u0456\u0432, \u043d\u0435\u043e\u0431\u0445\u0456\u0434\u043d\u043e \u043a\u043e\u043d\u0442\u0440\u043e\u043b\u044e\u0432\u0430\u0442\u0438 \u0440\u0456\u0432\u0435\u043d\u044c \u043a\u043e\u0440\u043c\u043e\u0432\u0438\u0445 \u0437\u0430\u043f\u0430\u0441\u0456\u0432 \u0456 \u043f\u043e\u043f\u043e\u0432\u043d\u044e\u0432\u0430\u0442\u0438 \u0457\u0445 \u044f\u043a\u0456\u0441\u043d\u0438\u043c \u043a\u043e\u0440\u043c\u043e\u043c.<\/p>\n<p>\u0417\u0430\u0439\u043c\u0430\u0442\u0438\u0441\u044f \u0431\u0434\u0436\u0456\u043b\u044c\u043d\u0438\u0446\u0442\u0432\u043e\u043c \u2013 \u043e\u0437\u043d\u0430\u0447\u0430\u0454 \u043d\u0430\u0431\u0430\u0433\u0430\u0442\u043e \u0431\u0456\u043b\u044c\u0448\u0435, \u043d\u0456\u0436 \u043f\u0440\u043e\u0441\u0442\u043e \u0432\u0441\u0442\u0430\u043d\u043e\u0432\u0438\u0442\u0438 \u0432\u0443\u043b\u0438\u043a\u0438 \u0456 \u043e\u0431\u0440\u043e\u0431\u0438\u0442\u0438 \u0457\u0445 \u0432\u0456\u0434 \u043a\u043b\u0456\u0449\u0456\u0432. \u0411\u0434\u0436\u043e\u043b\u0438 \u0434\u0443\u0436\u0435 \u0447\u0443\u0442\u043b\u0438\u0432\u043e \u0440\u0435\u0430\u0433\u0443\u044e\u0442\u044c \u043d\u0430 \u044f\u043a\u0456\u0441\u0442\u044c \u0445\u0430\u0440\u0447\u0443\u0432\u0430\u043d\u043d\u044f. \u041d\u0430 \u0431\u0443\u0434\u044c-\u044f\u043a\u0435 \u043f\u043e\u0433\u0456\u0440\u0448\u0435\u043d\u043d\u044f \u0457\u0436\u0456, \u043d\u0435\u043e\u043f\u0442\u0438\u043c\u0430\u043b\u044c\u043d\u0438\u0439 \u0441\u043f\u0435\u043a\u0442\u0440 \u0446\u0443\u043a\u0440\u0456\u0432 \u0447\u0438 \u043d\u0435\u0434\u043e\u0441\u0442\u0430\u0442\u043d\u044c\u043e \u043f\u043e\u0436\u0438\u0432\u043d\u0438\u0439 \u0441\u043a\u043b\u0430\u0434, \u0432\u043e\u043d\u0438 \u0440\u0435\u0430\u0433\u0443\u044e\u0442\u044c \u043f\u043e\u0433\u0456\u0440\u0448\u0435\u043d\u043d\u044f\u043c \u0437\u0434\u043e\u0440\u043e\u0432&#8217;\u044f, \u044f\u043a\u0435 \u043c\u043e\u0436\u0435 \u0441\u043f\u0440\u043e\u0432\u043e\u043a\u0443\u0432\u0430\u0442\u0438 \u0434\u0438\u0437\u0435\u043d\u0442\u0435\u0440\u0456\u044e \u0456 \u043d\u043e\u0437\u0435\u043c\u0430\u0442\u043e\u0437.<\/p>\n<p>\u0412\u0438\u043a\u043e\u0440\u0438\u0441\u0442\u043e\u0432\u0443\u044e\u0447\u0438 \u043a\u043e\u0440\u043c\u0438 \u0434\u043b\u044f \u0431\u0434\u0436\u0456\u043b \u043c\u0430\u0440\u043a\u0438 ambrosia\u00ae (\u043f\u043e\u0441\u0438\u043b\u0430\u043d\u043d\u044f \u043d\u0430 \u0440\u043e\u0437\u0434\u0456\u043b \u041f\u0440\u043e\u0434\u0443\u043a\u0446\u0456\u044f), \u0432\u0438 \u043c\u043e\u0436\u0435\u0442\u0435 \u0431\u0443\u0442\u0438 \u043f\u0435\u0432\u043d\u0456, \u0449\u043e \u0437\u0430\u0431\u0435\u0437\u043f\u0435\u0447\u0443\u0454\u0442\u0435 \u0441\u0432\u043e\u0457\u043c \u043c\u0435\u0434\u043e\u043d\u043e\u0441\u043d\u0438\u043c \u0442\u0440\u0443\u0434\u0456\u0432\u043d\u0438\u0446\u044f\u043c \u043d\u0430\u0439\u043a\u0440\u0430\u0449\u0435 \u0445\u0430\u0440\u0447\u0443\u0432\u0430\u043d\u043d\u044f.<\/p>\n<p><a href=\"https:\/\/www.ambrosia.eu\/de\/kontakt\/\">\u041c\u0438 \u043e\u0445\u043e\u0447\u0435 \u0432\u0456\u0434\u043f\u043e\u0432\u0456\u043c\u043e \u043d\u0430 \u0432\u0430\u0448\u0456 \u0437\u0430\u043f\u0438\u0442\u0430\u043d\u043d\u044f \u0456 \u043d\u0430\u0434\u0430\u043c\u043e \u0432\u0430\u043c \u043a\u043e\u043d\u0442\u0430\u043a\u0442\u0438 \u043d\u0430\u0439\u0431\u043b\u0438\u0436\u0447\u0438\u0445 \u0434\u0438\u043b\u0435\u0440\u0456\u0432<\/a><\/p>\n<p><a class=\"btn btn-primary btn-xs  \" href=\"https:\/\/www.ambrosia.eu\/uk\/%d0%ba%d0%be%d0%bd%d1%82%d0%b0%d0%ba%d1%82\/\"  rel=\"\"  target=\"_self\">\u041a\u043e\u043d\u0442\u0430\u043a\u0442 <i class=\"glyphicon glyphicon-menu-right\" ><\/i><\/a><\/p>\n<p>&nbsp;<\/p>\n<p>&nbsp;<\/p>\n<p><\/div>\n<\/div>\n","protected":false},"excerpt":{"rendered":"<p>Ambrosia\u00ae Sirup- und Teigprodukte sind zuckerbasierte Bienenfutter und werden seit \u00fcber 40 Jahren erfolgreich eingesetzt, zur Erg\u00e4nzung oder auch als Ersatz nat\u00fcrlicher Futterquellen, als Energiequelle zur sicheren \u00dcberwinterung sowie zur F\u00fctterung von Ablegern und zur K\u00f6niginnenzucht.<\/p>\n","protected":false},"author":3,"featured_media":0,"parent":0,"menu_order":0,"comment_status":"closed","ping_status":"closed","template":"","meta":[],"acf":[],"_links":{"self":[{"href":"https:\/\/www.ambrosia.eu\/uk\/wp-json\/wp\/v2\/pages\/2343"}],"collection":[{"href":"https:\/\/www.ambrosia.eu\/uk\/wp-json\/wp\/v2\/pages"}],"about":[{"href":"https:\/\/www.ambrosia.eu\/uk\/wp-json\/wp\/v2\/types\/page"}],"author":[{"embeddable":true,"href":"https:\/\/www.ambrosia.eu\/uk\/wp-json\/wp\/v2\/users\/3"}],"replies":[{"embeddable":true,"href":"https:\/\/www.ambrosia.eu\/uk\/wp-json\/wp\/v2\/comments?post=2343"}],"version-history":[{"count":6,"href":"https:\/\/www.ambrosia.eu\/uk\/wp-json\/wp\/v2\/pages\/2343\/revisions"}],"predecessor-version":[{"id":2457,"href":"https:\/\/www.ambrosia.eu\/uk\/wp-json\/wp\/v2\/pages\/2343\/revisions\/2457"}],"wp:attachment":[{"href":"https:\/\/www.ambrosia.eu\/uk\/wp-json\/wp\/v2\/media?parent=2343"}],"curies":[{"name":"wp","href":"https:\/\/api.w.org\/{rel}","templated":true}]}}