{"id":2116,"date":"2018-04-26T08:39:30","date_gmt":"2018-04-26T06:39:30","guid":{"rendered":"https:\/\/www.ambrosia.eu\/?page_id=2116"},"modified":"2026-03-26T10:17:53","modified_gmt":"2026-03-26T09:17:53","slug":"cykl-roku-pszczelego","status":"publish","type":"page","link":"https:\/\/www.ambrosia.eu\/pl\/poradnik-dlaczego-nalezy-dokarmiac\/cykl-roku-pszczelego\/","title":{"rendered":"Cykl roku pszczelego"},"content":{"rendered":"<div class=\"row \"><br>\n<div class=\"col-lg-6 col-md-6 col-xs-12 col-sm-6\"><\/p>\n<h2>Marzec<\/h2>\n<p>Zasadnicze znaczenie dla szybkiego rozwoju rodzin pszczelich ma mo\u017cliwie najwi\u0119kszy zas\u00f3b d\u0142ugowiecznych i niewykorzystanych pszcz\u00f3\u0142 zimowych. Obfite zapasy pokarmu w postaci zr\u00f3wnowa\u017conego dokarmiania zimowego, pe\u0142nowarto\u015bciowy i bogaty pokarm py\u0142kowy, wzrastaj\u0105ce temperatury w ci\u0105gu dnia oraz nieskazitelna pod wzgl\u0119dem higienicznym budowa plastr\u00f3w z odpowiedni\u0105 ilo\u015bci\u0105 wolnych kom\u00f3rek do sk\u0142adania czerwiu, stanowi\u0105 najlepsze warunki do optymalnego rozwoju. W przypadku braku pokarmu sprawdzaj\u0105 si\u0119 plastry z pokarmem lub karmienie <a href=\"https:\/\/www.ambrosia.eu\/pl\/syrop-ambrosia\/\">syropem ambrosia\u00ae<\/a>, niewymagaj\u0105ce od pszcz\u00f3\u0142 du\u017cego nak\u0142adu pracy. Rodzina pszczela chce za wszelk\u0105 cen\u0119 osi\u0105gn\u0105\u0107 wiosn\u0105 harmonijny i optymalny rozw\u00f3j. O tej porze roku nale\u017cy unika\u0107 wszelkiej ingerencji w rodziny \u2013 ka\u017cde zak\u0142\u00f3cenie ich spokoju przynosi jeden dzie\u0144 straty w rozwoju.<\/p>\n<h2>Kwiecie\u0144<\/h2>\n<p>W&nbsp;tym czasie zapasy \u017cywno\u015bci kurcz\u0105 si\u0119 szczeg\u00f3lnie szybko. Nie mo\u017cna tego niestety rozpozna\u0107 na podstawie masy ula, poniewa\u017c wzrastaj\u0105ca waga czerwiu i&nbsp;kurcz\u0105cy si\u0119 zapas pokarmu r\u00f3wnowa\u017c\u0105 si\u0119. Podstaw\u0105 dla wczesnego rozpoznania brak\u00f3w jest zatem regularna kontrola wzrokowa a\u017c do kwitnienia sad\u00f3w. Nale\u017cy r\u00f3wnie\u017c pilnie rozpocz\u0105\u0107 redukcj\u0119 roztoczy Varroa poprzez wyci\u0119cie czerwiu trutowego.<\/p>\n<h2>Maj<\/h2>\n<p>Je\u015bli pszczelarz wykona\u0142 wszystkie prace prawid\u0142owo, w&nbsp;maju pszczo\u0142y poka\u017c\u0105, jak du\u017ce rezultaty s\u0105 w&nbsp;stanie osi\u0105gn\u0105\u0107, b\u0119d\u0105c pod dobr\u0105 opiek\u0105. Najwa\u017cniejsze jest pokierowanie rojeniem si\u0119 pszcz\u00f3\u0142 w&nbsp;odpowiednim czasie. Jest to okres tworzenia nowych rodzin na przysz\u0142y sezon, w&nbsp;celu zapewnienia zdrowego i&nbsp;silnego potencja\u0142u zast\u0119pczego. Nale\u017cy konsekwentnie kontynuowa\u0107 wycinanie czerwiu trutowego, aby zahamowa\u0107 rozmna\u017canie si\u0119 roztoczy Varroa.<\/p>\n<h2>Czerwiec<\/h2>\n<p>Podczas ostatniego zbioru miodu z&nbsp;wczesnego po\u017cytku nale\u017cy pozostawi\u0107 bogate rezerwy pokarmu w&nbsp;rodzinach, aby zapobiec brakom na wypadek wyst\u0119puj\u0105cych luk po\u017cytkowych. Je\u015bli po\u017cytek wyczerpuje si\u0119, nale\u017cy najp\u00f3\u017aniej po 4\u20135 dniach zareagowa\u0107, podaj\u0105c dawk\u0119 porcjowanego opakowania 2,5 kg ciasta ambrosia\u00ae tygodniowo. Wszelkie fa\u0142szowanie miodu jest wykluczone.<\/p>\n<h2>Lipiec<\/h2>\n<p>Sezon pszczelarski si\u0119gn\u0105\u0142 zenitu, a&nbsp;rodziny pszczele zaczynaj\u0105 powoli przygotowywa\u0107 si\u0119 do zimy. W&nbsp;ulu jest jeszcze wiele pszcz\u00f3\u0142, ale coraz mniej po\u017cytku. Po ostatnim odwirowaniu miodu w&nbsp;po\u0142owie miesi\u0105ca nale\u017cy niezw\u0142ocznie rozpocz\u0105\u0107 dokarmianie <a href=\"https:\/\/www.ambrosia.eu\/pl\/ciasto-ambrosia\/\">ciastem ambrosia\u00ae<\/a> (zalecane jest u\u017cycie opakowania 15 kg), aby zapewni\u0107 pszczo\u0142om mo\u017cliwo\u015b\u0107 opieki nad czerwiem i&nbsp;zapobiec niebezpiecze\u0144stwu rabunk\u00f3w. Pobieranie pokarmu trwa&nbsp; oko\u0142o 14 dni. Ciasto zajmuje pszczo\u0142y i&nbsp;odwraca ich uwag\u0119 od wyp\u0119dzania niepotrzebnych ju\u017c pszcz\u00f3\u0142 letnich. Przerabiaj\u0105c ciasto, zach\u0119cane do zbierania py\u0142k\u00f3w i&nbsp;pobierania wody, przyczyniaj\u0105 si\u0119 do utrzymania zdrowia rodziny. Natomiast tak wa\u017cne dla przysz\u0142o\u015bci rodziny pszczo\u0142y zimowe s\u0105 w&nbsp;ten spos\u00f3b chronione. Zaowocuje to wiosennym rozwojem. Wraz z&nbsp;zako\u0144czeniem zbior\u00f3w miodu nale\u017cy rozpocz\u0105\u0107 kontrol\u0119 pora\u017cenia i&nbsp;wprowadzi\u0107 odpowiednie leczenie warrozy.<\/p>\n<h2>Sierpie\u0144<\/h2>\n<p>Teraz wida\u0107 korzy\u015bci konsekwentnego wycinania czerwia trutowego. W&nbsp;jeszcze lepszej sytuacji jest pszczelarz, kt\u00f3ry pobra\u0142 z&nbsp;rodziny wszystkie ramki z&nbsp;czerwiem zasklepionym. Je\u017celi wszystkie prace zosta\u0142y wykonane prawid\u0142owo, prawdopodobie\u0144stwo zara\u017cenia roztoczami Varroa jest ma\u0142e (mniej ni\u017c 1\u20132 roztoczy)<br>\na&nbsp;pszczo\u0142y s\u0105 zdrowsze i&nbsp;pe\u0142ne energii. Zdrowe i&nbsp;nieobci\u0105\u017cone pszczo\u0142y opiekunki s\u0105 w&nbsp;stanie wyhodowa\u0107 pszczo\u0142y zimowe z&nbsp;odpowiednio wykszta\u0142conym cia\u0142em bia\u0142kowo-t\u0142uszczowym.<br>\nProces zmniejszania si\u0119 rodziny post\u0119puje, aby osi\u0105gn\u0105\u0107 optymaln\u0105 wielko\u015b\u0107 zimow\u0105 i&nbsp;pod koniec pa\u017adziernika k\u0142\u0105b liczy od 10 do 12 tys. pszcz\u00f3\u0142, co stanowi od 9 do 10 plastr\u00f3w. S\u0142absze rodziny, posiadaj\u0105ce mniej ni\u017c 5000 pszcz\u00f3\u0142 (4 ramki DN, Zander) s\u0105 \u0142\u0105czone, a&nbsp;szukanie tam kr\u00f3lowych jest zb\u0119dne.<\/p>\n<h2>Wrzesie\u0144:<\/h2>\n<p>Je\u015bli zapas pokarmu wynosi poni\u017cej 20 kg (przy dwurodzinnym zimowaniu), mo\u017ce zosta\u0107 uzupe\u0142niony podaniem <a href=\"https:\/\/www.ambrosia.eu\/pl\/syrop-ambrosia\/\">syropu ambrosia\u00ae<\/a>. W&nbsp;przypadku jednorodzinnego zimowania dawka wynosi 1 l syropu na plaster o&nbsp;normalnych wymiarach.<br>\nPod koniec miesi\u0105ca a\u017c do pa\u017adziernika wygryzaj\u0105 si\u0119 ostatnie pszczo\u0142y zimowe.<br>\nW&nbsp;ramach niewielkiej ilo\u015bci lot\u00f3w powinny zapewni\u0107 sobie potrzebne zasoby t\u0142uszczu i&nbsp;bia\u0142ka w&nbsp;postaci \u015bwie\u017cego py\u0142ku. Pszczo\u0142y zimowe nie powinny pe\u0142ni\u0107 dalej opieki nad czerwiem, poniewa\u017c znacznie skr\u00f3ci\u0142oby to ich \u017cycie. Rodziny, w&nbsp;kt\u00f3rych matka czerwi zbyt d\u0142ugo, rzadko prze\u017cywaj\u0105 okres zimowy.<\/p>\n<p><\/div><br>\n<div class=\"col-lg-6 col-md-6 col-xs-12 col-sm-6\"><\/p>\n<p>Pod koniec listopada i&nbsp;na pocz\u0105tku grudnia nale\u017cy podj\u0105\u0107 si\u0119 usuni\u0119cia resztek roztoczy z&nbsp;zastosowaniem kwasu szczawiowego. Powodzenie zabiegu nale\u017cy koniecznie skontrolowa\u0107 za pomoc\u0105 wk\u0142adek dennicowych. Dok\u0142adne sprawdzenie pora\u017cenia warroz\u0105 jest zadaniem niezb\u0119dnym, kt\u00f3re nale\u017cy wykonywa\u0107 na bie\u017c\u0105co. Bez \u015brodk\u00f3w zapobiegawczych liczba roztoczy b\u0119dzie podwaja\u0107 si\u0119 co trzy tygodnie. Leczenie roztoczy Varroa musi by\u0107 przeprowadzane w&nbsp;odpowiednim momencie (sprawd\u017a w&nbsp;ulotce stosowanych \u015brodk\u00f3w przeciw warrozie), gdy\u017c w&nbsp;przeciwnym razie skutkiem b\u0119d\u0105 liczne straty w&nbsp;rodzinach.<\/p>\n<p>R\u00f3wnie\u017c po ostatnim zbiorze miodu nale\u017cy zawsze zwraca\u0107 uwag\u0119 na prawid\u0142owe dozowanie lekarstw. Zapewnienie zapas\u00f3w pokarmu w&nbsp;okresie bezpo\u017cytkowym, a&nbsp;tak\u017ce zimowe zakarmianie stanowi podstaw\u0119 dla zdrowych i&nbsp;odpornych rodzin pszczelich, b\u0119d\u0105cych gwarancj\u0105 owocnych zbior\u00f3w miodu w&nbsp;nast\u0119pnym roku.<\/p>\n<p>R\u00f3\u017cnorodno\u015b\u0107 produkt\u00f3w ambrosia\u00ae pozwala pszczelarzom wybra\u0107 wariant dokarmiania, kt\u00f3ry zapewnia sukces, jest \u0142atwy w&nbsp;u\u017cytkowaniu, korzystny cenowo i&nbsp;pozostawia czas na wykonywanie wa\u017cnych zada\u0144 zwi\u0105zanych z&nbsp;hodowl\u0105 pszcz\u00f3\u0142. Ugruntowana wiedza na temat zale\u017cno\u015bci zachodz\u0105cych w&nbsp;rodzinie pszczelej i&nbsp;wp\u0142ywie zewn\u0119trznych czynnik\u00f3w jest coraz wa\u017cniejsza. Celem naszego przewodnika jest przybli\u017cenie tych zagadnie\u0144.<\/p>\n<h2>10 wa\u017cnych wskaz\u00f3wek na rozpocz\u0119cie sezonu pasiecznego<\/h2>\n<ol>\n<li>Wraz z&nbsp;ko\u0144cem po\u017cytk\u00f3w (w wi\u0119kszo\u015bci region\u00f3w w&nbsp;po\u0142owie lipca) oraz ostatnim zbiorem miodu rozpoczyna si\u0119 sezon pasieczny: zimowe zapasy rodzin musz\u0105 ju\u017c zosta\u0107 zgromadzone. Tutaj w&nbsp;szczeg\u00f3lno\u015bci sprawdzi si\u0119 <a href=\"https:\/\/www.ambrosia.eu\/pl\/syrop-ambrosia\/\">syrop ambrosia\u00ae<\/a> oraz ciasto ambrosia\u00ae. Bardzo dobry pob\u00f3r pokarmu oraz optymalne trawienie pozwalaj\u0105 r\u00f3wnie\u017c na utrzymanie wysokiej jako\u015bci czerwienia.<\/li>\n<li>Zgodnie z&nbsp;zaleceniami niemieckiego Stowarzyszenia Instytut\u00f3w Pszczelarskich konieczny jest tak\u017ce nadz\u00f3r pora\u017cenia warroz\u0105 i&nbsp;redukcja populacji roztoczy. Nale\u017cy kontrolowa\u0107 powodzenie zabieg\u00f3w i&nbsp;uwa\u017ca\u0107 na ewentualn\u0105 ponown\u0105 infekcj\u0119.<\/li>\n<li>Pszczo\u0142y letnie powinny wykonywa\u0107 jeszcze prace zwi\u0105zane z&nbsp;przerabianiem oraz magazynowaniem pokarmu.<\/li>\n<li>Dobrze zaopatrzone larwy (py\u0142ek oraz pokarm ambrosia\u00ae) p\u0142ywaj\u0105 we w\u0142asnym mleczku pszczelim.<\/li>\n<li>Od wrze\u015bnia nie mo\u017cna stymulowa\u0107 czerwienia poprzez karmienie.<\/li>\n<li>Pszczo\u0142y zimowe musz\u0105 mie\u0107 jeszcze mo\u017cliwo\u015b\u0107 lot\u00f3w, aby tworzy\u0107 konieczne zapasy t\u0142uszczu i&nbsp;bia\u0142ka.<\/li>\n<li>Pszczo\u0142y zimowe zaczynaj\u0105 si\u0119 starze\u0107, jak tylko rozpoczn\u0105 si\u0119 prace zwi\u0105zane z&nbsp;opiek\u0105 nad czerwiem lub inne prace gruczo\u0142\u00f3w, takie jak przerabianie pokarmu.<\/li>\n<li>Nale\u017cy op\u00f3\u017ania\u0107 proces starzenia si\u0119 pszcz\u00f3\u0142 zimowych poprzez mo\u017cliwie d\u0142ug\u0105 przerw\u0119 w&nbsp;czerwieniu. Nale\u017cy zimowa\u0107 pszczo\u0142y na otwartej dennicy osiatkowanej.<\/li>\n<li>Kontrola zu\u017cycia pokarmu poprzez wa\u017cenie uli. Pod koniec roku uzupe\u0142ni\u0107 brakuj\u0105cy pokarm syropem ambrosia\u00ae. Nale\u017cy dostosowa\u0107 pob\u00f3r oraz przerabianie pokarmu do potrzeb pszcz\u00f3\u0142.<\/li>\n<li>Zaopatrywanie silnej i&nbsp;zdrowej rodziny pszczelej pokarmem zimowym powinno odbywa\u0107 si\u0119<br>\nw&nbsp;zale\u017cno\u015bci od wielko\u015bci kolonii na pocz\u0105tku pa\u017adziernika i&nbsp;nie przekracza\u0107 15\u201320&nbsp;kg.<\/li>\n<\/ol>\n<p>&nbsp;<\/p>\n<p><a href=\"https:\/\/www.ambrosia.eu\/pl\/kontakt\/\">Ch\u0119tnie odpowiemy na wszelkie pytania i wska\u017cemy najbli\u017cszego dystrybutora naszych produkt\u00f3w<\/a><\/p>\n<p><a class=\"btn btn-primary btn-xs  \" href=\"\/kontakt\"  rel=\"\"  target=\"_self\">Kontakt <i class=\"glyphicon glyphicon-menu-right\" ><\/i><\/a><br>\n<\/div><br>\n<\/div>\n\n\n<p><\/p>\n\n\n\n<p class=\"has-cyan-bluish-gray-color has-text-color has-small-font-size\"> <br>Image by Freesurf, licensed from Adobe Stock<\/p>\n","protected":false},"excerpt":{"rendered":"<p>M\u00e4rz:<\/p>\n<p>Entscheidend f\u00fcr die rasante Aufw\u00e4rtsentwicklung der Bienenv\u00f6lker ist ein m\u00f6glichst hoher Bestand an langlebigen und unverbrauchten Winterbienen. Eine \u00fcppige Futterbevorratung durch eine gut bemessene Wintereinf\u00fctterung, ein hochwertiger und reichhaltiger Polleneintrag, ansteigende Tagestemperaturen und ein hygienisch einwandfreier Wabenbau mit ausreichend freien Zellen zum Br\u00fcten sind beste Voraussetzungen f\u00fcr eine optimale Entwicklung. Bei Futternot helfen Futterwaben oder eine f\u00fcr die Bienen wenig arbeitsintensive F\u00fctterung mit ambrosia\u00ae Bienenfuttersirup. Das Bienenvolk will im Fr\u00fchjahr um jeden Preis eine harmonische und optimale Aufw\u00e4rtsentwicklung erreichen. Jede St\u00f6rung zu dieser Jahreszeit gilt es zu vermeiden \u2013 jeder Eingriff bringt einen Tag Verlust in der Entwicklung.<\/p>\n","protected":false},"author":3,"featured_media":0,"parent":2112,"menu_order":0,"comment_status":"closed","ping_status":"closed","template":"","meta":[],"acf":[],"_links":{"self":[{"href":"https:\/\/www.ambrosia.eu\/pl\/wp-json\/wp\/v2\/pages\/2116"}],"collection":[{"href":"https:\/\/www.ambrosia.eu\/pl\/wp-json\/wp\/v2\/pages"}],"about":[{"href":"https:\/\/www.ambrosia.eu\/pl\/wp-json\/wp\/v2\/types\/page"}],"author":[{"embeddable":true,"href":"https:\/\/www.ambrosia.eu\/pl\/wp-json\/wp\/v2\/users\/3"}],"replies":[{"embeddable":true,"href":"https:\/\/www.ambrosia.eu\/pl\/wp-json\/wp\/v2\/comments?post=2116"}],"version-history":[{"count":14,"href":"https:\/\/www.ambrosia.eu\/pl\/wp-json\/wp\/v2\/pages\/2116\/revisions"}],"predecessor-version":[{"id":5233,"href":"https:\/\/www.ambrosia.eu\/pl\/wp-json\/wp\/v2\/pages\/2116\/revisions\/5233"}],"up":[{"embeddable":true,"href":"https:\/\/www.ambrosia.eu\/pl\/wp-json\/wp\/v2\/pages\/2112"}],"wp:attachment":[{"href":"https:\/\/www.ambrosia.eu\/pl\/wp-json\/wp\/v2\/media?parent=2116"}],"curies":[{"name":"wp","href":"https:\/\/api.w.org\/{rel}","templated":true}]}}