{"id":2114,"date":"2018-04-25T22:05:03","date_gmt":"2018-04-25T20:05:03","guid":{"rendered":"https:\/\/www.ambrosia.eu\/?page_id=2114"},"modified":"2018-04-27T12:52:24","modified_gmt":"2018-04-27T10:52:24","slug":"pokarm-alternatywny","status":"publish","type":"page","link":"https:\/\/www.ambrosia.eu\/pl\/poradnik-dlaczego-nalezy-dokarmiac\/pokarm-alternatywny\/","title":{"rendered":"Pokarm alternatywny"},"content":{"rendered":"<div class=\"row \"><div class=\"col-lg-6 col-md-6 col-xs-12 col-sm-6\"><\/p>\n<h2>Py\u0142ek<\/h2>\n<p>Pszczo\u0142y potrzebuj\u0105 naturalnych i r\u00f3\u017cnorodnych py\u0142k\u00f3w, poniewa\u017c nie ka\u017cdy ich rodzaj zawiera wszystkie niezb\u0119dne sk\u0142adniki od\u017cywcze. Nieurozmaicony po\u017cytek py\u0142kowy ma negatywny wp\u0142yw na uk\u0142ad odporno\u015bciowy i witalno\u015b\u0107 rodzin. Jednoczesne wyst\u0119powanie niedoboru py\u0142k\u00f3w przy r\u00f3wnoczesnym pora\u017ceniu warroz\u0105 oznacza pr\u0119dzej czy p\u00f3\u017aniej \u015bmier\u0107 dotkni\u0119tych kolonii. Zapewnienie pszczo\u0142om urozmaiconego pokarmu py\u0142kowego w okresie wiosennym odgrywa ogromne znaczenie w zwi\u0105zku z rozwojem po zimowej przerwie, a w okresie p\u00f3\u017anego lata przyczynia si\u0119 do tworzenia cia\u0142a bia\u0142kowo-t\u0142uszczowego pszcz\u00f3\u0142 zimowych, a tym samym do przed\u0142u\u017cenia ich \u017cywotno\u015bci.<\/p>\n<p>Zapotrzebowanie rodziny pszczelej na py\u0142ek wynosi od 30 do 50 kg rocznie. Skutki niedoboru py\u0142k\u00f3w ilustruje nieustanne zmniejszanie si\u0119 kolonii w okresie po\u017cytku le\u015bnego. Urozmaicony po\u017cytek py\u0142kowy p\u00f3\u017anym latem jest niezb\u0119dny dla rozwoju dobrze zaopatrzonych, zdrowych rodzin zimowych. Substytuty py\u0142ku (np. py\u0142ek sojowy, odt\u0142uszczone mleko w proszku) nigdy nie b\u0119d\u0105 alternatyw\u0105 dla naturalnego, \u015bwie\u017cego py\u0142ku kwiatowego. Fizjologia pszcz\u00f3\u0142 nie jest bowiem dostosowana do struktury zamiennika py\u0142k\u00f3w. Bia\u0142ko pozostaje w jelitach pszcz\u00f3\u0142, tworz\u0105c idealne \u015brodowisko do rozwoju nosemozy oraz chor\u00f3b jelitowych takich jak czerwonka.<\/p>\n<h2>Woda<\/h2>\n<p>Poza zaspokojeniem w\u0142asnych potrzeb woda jest niezb\u0119dna dla pszcz\u00f3\u0142 do przygotowania mleczka pszczelego, karmienia czerwia, do rozpuszczenia dawki ciasta i do obni\u017cenia temperatury w ulu w letnie dni. Pszczo\u0142y nie magazynuj\u0105 wody. Z tego wzgl\u0119du nale\u017cy zapewni\u0107 im dost\u0119p do czystej wody w bliskiej odleg\u0142o\u015bci, szczeg\u00f3lnie wiosn\u0105, gdy wylatuj\u0105 cz\u0119sto na mniej ni\u017c godzin\u0119 w ci\u0105gu dnia. Zbiornik wodny powinien<br \/>\nr\u00f3wnie\u017c znajdowa\u0107 si\u0119 w wystarczaj\u0105cej odleg\u0142o\u015bci od wylotka. Preferowana jest woda o lekko kwa\u015bnym odczynie i warto\u015bci pH mi\u0119dzy 5 a 6. Pszczo\u0142y ch\u0119tnie korzystaj\u0105 z wody umieszczonej w nas\u0142onecznionym miejscu, w pojemniku z dodatkiem torfu lub mielonej kory.<\/div>\n<div class=\"col-lg-6 col-md-6 col-xs-12 col-sm-6\"><\/p>\n<h2>Mi\u00f3d<\/h2>\n<p>Jako naturalny zapas pokarmowy mi\u00f3d pod wzgl\u0119dem fizjologicznym nie ma sobie r\u00f3wnych. W okresie od kwietnia do czerwca dzienne zapotrzebowanie rodziny wynosi od 300 do 500 g po\u017cywienia. Mi\u00f3d nie nadaje si\u0119 jednak najcz\u0119\u015bciej jako pokarm zimowy<\/p>\n<p>Miody le\u015bne i wrzosowe s\u0105 ci\u0119\u017ckostrawne dla pszcz\u00f3\u0142, co mo\u017ce prowadzi\u0107 do zaburze\u0144 czynno\u015bci jelit, takich jak czerwonka. Nale\u017cy zrezygnowa\u0107 z dokarmiania obcym miodem, poniewa\u017c nigdy nie mo\u017cna mie\u0107 pewno\u015bci, czy nie pochodzi on z rabunk\u00f3w. Mi\u00f3d, kt\u00f3ry zosta\u0142 wyj\u0119ty z ula, nie powinien tam ju\u017c nigdy trafi\u0107 ze wzgl\u0119du na profilaktyk\u0119 chor\u00f3b. Dotyczy to przede wszystkim plastr\u00f3w z pokarmem z wymar\u0142ych rodzin, kt\u00f3re nale\u017cy usun\u0105\u0107!<\/p>\n<h2>Zamiennik miodu<\/h2>\n<p>Syrop cukrowy by\u0142 przez lata klasyczn\u0105 form\u0105 karmienia pszcz\u00f3\u0142. Z jednej strony \u0142atwo go przygotowa\u0107, z drugiej jednak mo\u017cliwo\u015b\u0107 przechowywania jest bardzo ograniczona ze wzgl\u0119du na ryzyko zepsucia przez mikroorganizmy (np. grzyby). Je\u017celi na powierzchni pojawi\u0105 si\u0119 \u015bluzowate smugi, syrop cukrowy nie nadaje si\u0119 do dalszego karmienia.<\/p>\n<p>W por\u00f3wnaniu do syropu cukrowego g\u0119sty <a href=\"https:\/\/www.ambrosia.eu\/pl\/syrop-ambrosia\/\">syrop ambrosia\u00ae<\/a> jest przerabiany przez pszczo\u0142y przy znacznie mniejszym wysi\u0142ku, poniewa\u017c wymaga znacznie mniejszego zaanga\u017cowania gruczo\u0142\u00f3w. Alternatyw\u0119 stanowi r\u00f3wnie\u017c ciasto z cukru pudru i miodu przygotowywane przez pszczelarzy, jednak poch\u0142ania ono du\u017co pracy i jest drogie.<\/p>\n<h2>Ambrosia<\/h2>\n<p>&nbsp;<\/p>\n<p>W ramach wsp\u00f3\u0142pracy pszczelarzy i naukowc\u00f3w firma Nordzucker opracowa\u0142a w latach 70. specjalne, oparte na optymalnym dla pszcz\u00f3\u0142 spektrum cukr\u00f3w i bazuj\u0105ce na czystym cukrze buraczanym, gotowe do u\u017cycia syropy i ciasta. Od tamtej pory dost\u0119pne s\u0105 one w ca\u0142ej Europie pod nazw\u0105 <a href=\"https:\/\/www.ambrosia.eu\/pl\/ciasto-ambrosia\/\">ambrosia\u00ae<\/a>. Zastosowanie w certyfikowanych procesach produkcyjnych cukru rafinowanego gwarantuje wysok\u0105 jako\u015b\u0107 produkt\u00f3w. Ich sk\u0142ad nie zawiera szkodliwych substancji.<\/p>\n<p>Na zdj\u0119ciu certyfikat marki ambrosia\u00ae.<\/p>\n<p><a href=\"https:\/\/www.ambrosia.eu\/pl\/kontakt\/\">Ch\u0119tnie odpowiemy na wszelkie pytania i wska\u017cemy najbli\u017cszego dystrybutora naszych produkt\u00f3w<\/a><\/p>\n<p><a class=\"btn btn-primary btn-xs  \" href=\"https:\/\/www.ambrosia.eu\/pl\/kontakt\/\"  rel=\"\"  target=\"_self\">Kontakt <i class=\"glyphicon glyphicon-menu-right\" ><\/i><\/a>\n<\/div>\n<\/div>\n","protected":false},"excerpt":{"rendered":"<p>Pollen<\/p>\n<p>Bienen brauchen Bl\u00fchfl\u00e4chen und nat\u00fcrliche Pollenvielfalt, da nicht jede Pollenart alle n\u00f6tigen Nahrungsbestandteile enth\u00e4lt. Eine einseitige Pollentracht hat stets einen negativen Einfluss auf Immunst\u00e4rke und Vitalit\u00e4t der V\u00f6lker. Das Zusammentreffen von Pollenmangel und Varroose bedeutet fr\u00fcher oder sp\u00e4ter den Tod betroffener Bienenv\u00f6lker. Ein reichliches Pollenangebot im Fr\u00fchjahr ist von entscheidender Bedeutung f\u00fcr die Aufw\u00e4rtsentwicklung des Volkes nach der Winterpause, im Sp\u00e4tsommer unerl\u00e4sslich f\u00fcr die Anlage des Fett\/Eiwei\u00df-Polsters und damit der Langlebigkeit der Winterbienen.<\/p>\n","protected":false},"author":3,"featured_media":0,"parent":2112,"menu_order":0,"comment_status":"closed","ping_status":"closed","template":"","meta":[],"acf":[],"_links":{"self":[{"href":"https:\/\/www.ambrosia.eu\/pl\/wp-json\/wp\/v2\/pages\/2114"}],"collection":[{"href":"https:\/\/www.ambrosia.eu\/pl\/wp-json\/wp\/v2\/pages"}],"about":[{"href":"https:\/\/www.ambrosia.eu\/pl\/wp-json\/wp\/v2\/types\/page"}],"author":[{"embeddable":true,"href":"https:\/\/www.ambrosia.eu\/pl\/wp-json\/wp\/v2\/users\/3"}],"replies":[{"embeddable":true,"href":"https:\/\/www.ambrosia.eu\/pl\/wp-json\/wp\/v2\/comments?post=2114"}],"version-history":[{"count":9,"href":"https:\/\/www.ambrosia.eu\/pl\/wp-json\/wp\/v2\/pages\/2114\/revisions"}],"predecessor-version":[{"id":2235,"href":"https:\/\/www.ambrosia.eu\/pl\/wp-json\/wp\/v2\/pages\/2114\/revisions\/2235"}],"up":[{"embeddable":true,"href":"https:\/\/www.ambrosia.eu\/pl\/wp-json\/wp\/v2\/pages\/2112"}],"wp:attachment":[{"href":"https:\/\/www.ambrosia.eu\/pl\/wp-json\/wp\/v2\/media?parent=2114"}],"curies":[{"name":"wp","href":"https:\/\/api.w.org\/{rel}","templated":true}]}}