{"id":2100,"date":"2018-04-25T21:34:36","date_gmt":"2018-04-25T19:34:36","guid":{"rendered":"https:\/\/www.ambrosia.eu\/?page_id=2100"},"modified":"2023-12-01T12:00:37","modified_gmt":"2023-12-01T11:00:37","slug":"syrop-ambrosia","status":"publish","type":"page","link":"https:\/\/www.ambrosia.eu\/pl\/syrop-ambrosia\/","title":{"rendered":"Syrop ambrosia\u00ae"},"content":{"rendered":"<div class=\"row \"><div class=\"col-lg-6 col-md-6 col-xs-12 col-sm-6\">Syrop ambrosia\u00ae jest p\u0142ynnym, gotowym pokarmem o zr\u00f3wnowa\u017conym spektrum cukr\u00f3w (fruktoza, glukoza, sacharoza) na bazie cukru buraczanego najwy\u017cszej jako\u015bci. Wysoka zawarto\u015b\u0107 fruktozy zapobiega krystalizacji w plastrach. Natomiast wysokie st\u0119\u017cenie cukru powoduje, \u017ce syrop jest odporny na mikrobiologiczne psucie. Idealny sk\u0142ad spektrum cukr\u00f3w gwarantuje optymalne wykorzystanie sk\u0142adnik\u00f3w od\u017cywczych przez pszczo\u0142y. St\u0119\u017cenie sk\u0142adnik\u00f3w od\u017cywczych\/warto\u015b\u0107 pokarmowa wynosi ok. 72,7%. 1 kg (lub 1 litr) syropu ambrosia\u00ae odpowiada 0,73 kg cukru kryszta\u0142u.<\/p>\n<h3>Syrop ambrosia\u00ae jest szczeg\u00f3lnie korzystny podczas wczesnego i p\u00f3\u017anego karmienia zimowego.<\/h3>\n<ul>\n<li>Dzi\u0119ki swojej recepturze jest najbardziej zbli\u017cony do naturalnego po\u017cywienia pszcz\u00f3\u0142.<\/li>\n<li>\u0141atwe przyswajanie i wykorzystanie \u2013 pszczo\u0142y wykonuj\u0105 mniejsz\u0105 prac\u0119, oszcz\u0119dzaj\u0105c w ten spos\u00f3b energi\u0119. Badania wykaza\u0142y korzy\u015bci energetyczne rz\u0119du 15%.<\/li>\n<li>Wysoka odporno\u015b\u0107 na mikrobiologiczne psucie skutkuje wyd\u0142u\u017ceniem okresu przechowywania.<\/li>\n<li>Higieniczne i praktyczne opakowanie pozwala zaoszcz\u0119dzi\u0107 czas.<\/li>\n<\/ul>\n<p>Aby unikn\u0105\u0107 rabunk\u00f3w, zaleca si\u0119 u\u017cywanie p\u0142ynnego pokarmu tylko wewn\u0105trz ula \u2013 nale\u017cy bezwzgl\u0119dnie unika\u0107 rozlewania pokarmu wok\u00f3\u0142 niego. W miar\u0119 mo\u017cliwo\u015bci pokarm nale\u017cy podawa\u0107 wieczorem. W przypadku odk\u0142ad\u00f3w zmniejszy\u0107 wylotki do kilku centymetr\u00f3w.<\/p>\n<p><\/div>\n<div class=\"col-lg-6 col-md-6 col-xs-12 col-sm-6\">\n<img loading=\"lazy\" class=\"alignnone size-medium wp-image-228\" src=\"https:\/\/www.ambrosia.eu\/wp-content\/uploads\/2016\/03\/Ambrosia-Bienenfutter-Sirup-Anwendung1-1-300x217.jpg\" alt=\"Ambrosia-Bienenfutter-Sirup-Anwendung1\" width=\"300\" height=\"217\" srcset=\"https:\/\/www.ambrosia.eu\/wp-content\/uploads\/2016\/03\/Ambrosia-Bienenfutter-Sirup-Anwendung1-1-300x217.jpg 300w, https:\/\/www.ambrosia.eu\/wp-content\/uploads\/2016\/03\/Ambrosia-Bienenfutter-Sirup-Anwendung1-1-768x556.jpg 768w, https:\/\/www.ambrosia.eu\/wp-content\/uploads\/2016\/03\/Ambrosia-Bienenfutter-Sirup-Anwendung1-1-1024x741.jpg 1024w, https:\/\/www.ambrosia.eu\/wp-content\/uploads\/2016\/03\/Ambrosia-Bienenfutter-Sirup-Anwendung1-1.jpg 1299w\" sizes=\"(max-width: 300px) 100vw, 300px\" \/><\/p>\n<p><img loading=\"lazy\" class=\"alignnone size-medium wp-image-900\" src=\"https:\/\/www.ambrosia.eu\/wp-content\/uploads\/2017\/01\/ambrosia-beefeed-syrup-application2-300x147.jpg\" alt=\"ambrosia-beefeed-syrup-application2\" width=\"300\" height=\"147\" srcset=\"https:\/\/www.ambrosia.eu\/wp-content\/uploads\/2017\/01\/ambrosia-beefeed-syrup-application2-300x147.jpg 300w, https:\/\/www.ambrosia.eu\/wp-content\/uploads\/2017\/01\/ambrosia-beefeed-syrup-application2-768x377.jpg 768w, https:\/\/www.ambrosia.eu\/wp-content\/uploads\/2017\/01\/ambrosia-beefeed-syrup-application2-1024x503.jpg 1024w, https:\/\/www.ambrosia.eu\/wp-content\/uploads\/2017\/01\/ambrosia-beefeed-syrup-application2.jpg 1299w\" sizes=\"(max-width: 300px) 100vw, 300px\" \/><\/p>\n<p><\/div>\n<\/div>\n<h3>Szeroka oferta typ\u00f3w zbiornik\u00f3w sprosta r\u00f3\u017cnorodnym wymaganiom pszczelarzy:<\/h3>\n<p>syrop ambrosia\u00ae jest dost\u0119pny luzem w cysternach w nast\u0119puj\u0105cych zbiornikach jednorazowych <div class=\"row \"><div class=\"col-lg-6 col-md-6 col-xs-12 col-sm-6\"><\/p>\n<div class=\"row\">\n<div class=\"col-xs-6\"><img loading=\"lazy\" class=\"alignnone wp-image-4263 size-medium\" src=\"https:\/\/www.ambrosia.eu\/wp-content\/uploads\/2023\/12\/ambrosia_Sirup_Container_1360kg-297x300.jpg\" alt=\"\" width=\"297\" height=\"300\" srcset=\"https:\/\/www.ambrosia.eu\/wp-content\/uploads\/2023\/12\/ambrosia_Sirup_Container_1360kg-297x300.jpg 297w, https:\/\/www.ambrosia.eu\/wp-content\/uploads\/2023\/12\/ambrosia_Sirup_Container_1360kg-1013x1024.jpg 1013w, https:\/\/www.ambrosia.eu\/wp-content\/uploads\/2023\/12\/ambrosia_Sirup_Container_1360kg-768x776.jpg 768w, https:\/\/www.ambrosia.eu\/wp-content\/uploads\/2023\/12\/ambrosia_Sirup_Container_1360kg.jpg 1343w\" sizes=\"(max-width: 297px) 100vw, 297px\" \/><\/div>\n<div class=\"col-xs-6\">\n<h3>kontenery paletowe (IBC)<\/h3>\n<p><strong>870 kg<\/strong><br \/>\nArt.-Nr.: 17001384<\/p>\n<p><strong>1360 kg<\/strong><br \/>\nArt.-Nr.: 17001005<\/p>\n<\/div>\n<\/div>\n<p><\/div><\/p>\n<div class=\"col-lg-6 col-md-6 col-xs-12 col-sm-6\">\n<div class=\"row\">\n<div class=\"col-xs-6\"><a href=\"https:\/\/www.ambrosia.eu\/wp-content\/uploads\/2016\/03\/Ambrosia-Bienenfutter-Sirup-Eimer-14kg-1.jpg\" rel=\"attachment wp-att-75\"><img loading=\"lazy\" class=\"alignleft wp-image-224 size-medium\" src=\"https:\/\/www.ambrosia.eu\/wp-content\/uploads\/2016\/03\/Ambrosia-Bienenfutter-Sirup-Eimer-14kg-1-300x292.jpg\" alt=\"\" width=\"300\" height=\"292\" srcset=\"https:\/\/www.ambrosia.eu\/wp-content\/uploads\/2016\/03\/Ambrosia-Bienenfutter-Sirup-Eimer-14kg-1-300x292.jpg 300w, https:\/\/www.ambrosia.eu\/wp-content\/uploads\/2016\/03\/Ambrosia-Bienenfutter-Sirup-Eimer-14kg-1-768x747.jpg 768w, https:\/\/www.ambrosia.eu\/wp-content\/uploads\/2016\/03\/Ambrosia-Bienenfutter-Sirup-Eimer-14kg-1-1024x996.jpg 1024w, https:\/\/www.ambrosia.eu\/wp-content\/uploads\/2016\/03\/Ambrosia-Bienenfutter-Sirup-Eimer-14kg-1.jpg 1299w\" sizes=\"(max-width: 300px) 100vw, 300px\" \/><\/a><\/div>\n<div class=\"col-xs-6\">\n<h3>wiadr<\/h3>\n<p><strong>14 kg<\/strong><br \/>\nArt.-Nr.: 31407<br \/>\nIlo\u015b\u0107 na palecie: 44 sztuk<\/p>\n<\/div>\n<\/div>\n<p><\/div>\n<\/div><\/p>\n<div class=\"row \"><div class=\"col-lg-6 col-md-6 col-xs-12 col-sm-6\"><\/p>\n<div class=\"row\">\n<div class=\"col-xs-6\"><img loading=\"lazy\" class=\"alignnone wp-image-4285 size-medium\" src=\"https:\/\/www.ambrosia.eu\/wp-content\/uploads\/2023\/12\/ambrosia_Sirup_16kg_Cubitainer-300x252.png\" alt=\"\" width=\"300\" height=\"252\" srcset=\"https:\/\/www.ambrosia.eu\/wp-content\/uploads\/2023\/12\/ambrosia_Sirup_16kg_Cubitainer-300x252.png 300w, https:\/\/www.ambrosia.eu\/wp-content\/uploads\/2023\/12\/ambrosia_Sirup_16kg_Cubitainer-1024x859.png 1024w, https:\/\/www.ambrosia.eu\/wp-content\/uploads\/2023\/12\/ambrosia_Sirup_16kg_Cubitainer-768x644.png 768w, https:\/\/www.ambrosia.eu\/wp-content\/uploads\/2023\/12\/ambrosia_Sirup_16kg_Cubitainer.png 1352w\" sizes=\"(max-width: 300px) 100vw, 300px\" \/><\/div>\n<div class=\"col-xs-6\">\n<h3>cubitainery (opakowania uzupe\u0142niaj\u0105ce)*<\/h3>\n<p><strong>16 kg<br \/>\n<\/strong>Art.-Nr.: 31414<br \/>\nIlo\u015b\u0107 na palecie: 44 sztuk<\/p>\n<p><strong>28 kg<br \/>\n<\/strong>Art.-Nr.: 31409<br \/>\nIlo\u015b\u0107 na palecie: 25 sztuk<\/p>\n<p>*) rury stojakowe dla cubitainer\u00f3w 16 kg do nabycia u naszych sprzedawc\u00f3w<\/p>\n<\/div>\n<\/div>\n<p><\/div>\n<div class=\"col-lg-6 col-md-6 col-xs-12 col-sm-6\"><\/p>\n<div class=\"row\">\n<div class=\"col-xs-6\"><img loading=\"lazy\" class=\"alignnone wp-image-4274 size-medium\" src=\"https:\/\/www.ambrosia.eu\/wp-content\/uploads\/2023\/12\/ambrosia_Sirup_10L_Kanister-250x300.png\" alt=\"\" width=\"250\" height=\"300\" srcset=\"https:\/\/www.ambrosia.eu\/wp-content\/uploads\/2023\/12\/ambrosia_Sirup_10L_Kanister-250x300.png 250w, https:\/\/www.ambrosia.eu\/wp-content\/uploads\/2023\/12\/ambrosia_Sirup_10L_Kanister-852x1024.png 852w, https:\/\/www.ambrosia.eu\/wp-content\/uploads\/2023\/12\/ambrosia_Sirup_10L_Kanister-768x923.png 768w, https:\/\/www.ambrosia.eu\/wp-content\/uploads\/2023\/12\/ambrosia_Sirup_10L_Kanister.png 944w\" sizes=\"(max-width: 250px) 100vw, 250px\" \/><\/div>\n<div class=\"col-xs-6\">\n<h3>kanister<\/h3>\n<p><strong>12,5 kg<br \/>\n<\/strong>Art.-Nr.: 17001072<br \/>\nIlo\u015b\u0107 na palecie: 40 sztuk<\/p>\n<\/div>\n<\/div>\n<p><\/div>\n<\/div>\n<div class=\"row \"><div class=\"col-lg-6 col-md-6 col-xs-12 col-sm-6\"><\/p>\n<h3>Przechowywanie i przydatno\u015b\u0107 do spo\u017cycia<\/h3>\n<p>Przechowywa\u0107 w suchych pomieszczeniach w temperaturze pomi\u0119dzy 10 a 17\u00b0C. Nale\u017cy unika\u0107 temperatur poni\u017cej zera.<\/p>\n<p><\/div>\n<div class=\"col-lg-6 col-md-6 col-xs-12 col-sm-6\"><\/p>\n<h3>Przydatno\u015b\u0107 do spo\u017cycia (minimalny okres trwa\u0142o\u015bci):<\/h3>\n<p>Syrop w oryginalnym pojemniku: 18 miesi\u0119cy. Syrop<br \/>\nluzem: 12 tygodni.<\/p>\n<p>Pod warunkiem \u017ce pojemnik jest nieuszkodzony.<\/p>\n<p>Otwarte pojemniki musz\u0105 zosta\u0107 niezw\u0142ocznie zu\u017cyte.<\/p>\n<p><a href=\"https:\/\/www.ambrosia.eu\/pl\/kontakt\/\">Ch\u0119tnie wska\u017cemy najbli\u017cszego dystrybutora naszych produkt\u00f3w<\/a><\/p>\n<p><a class=\"btn btn-primary btn-xs  \" href=\"https:\/\/www.ambrosia.eu\/pl\/kontakt\/\"  rel=\"\"  target=\"_self\">Kontakt <i class=\"glyphicon glyphicon-menu-right\" ><\/i><\/a><\/p>\n<p><\/div><\/p>\n<p><\/div>\n","protected":false},"excerpt":{"rendered":"<p>Szeroka oferta typ\u00f3w zbiornik\u00f3w sprosta r\u00f3\u017cnorodnym wymaganiom pszczelarzy: syrop ambrosia\u00ae jest dost\u0119pny luzem w cysternach w nast\u0119puj\u0105cych zbiornikach jednorazowych<\/p>\n","protected":false},"author":3,"featured_media":0,"parent":0,"menu_order":0,"comment_status":"closed","ping_status":"closed","template":"","meta":[],"acf":[],"_links":{"self":[{"href":"https:\/\/www.ambrosia.eu\/pl\/wp-json\/wp\/v2\/pages\/2100"}],"collection":[{"href":"https:\/\/www.ambrosia.eu\/pl\/wp-json\/wp\/v2\/pages"}],"about":[{"href":"https:\/\/www.ambrosia.eu\/pl\/wp-json\/wp\/v2\/types\/page"}],"author":[{"embeddable":true,"href":"https:\/\/www.ambrosia.eu\/pl\/wp-json\/wp\/v2\/users\/3"}],"replies":[{"embeddable":true,"href":"https:\/\/www.ambrosia.eu\/pl\/wp-json\/wp\/v2\/comments?post=2100"}],"version-history":[{"count":9,"href":"https:\/\/www.ambrosia.eu\/pl\/wp-json\/wp\/v2\/pages\/2100\/revisions"}],"predecessor-version":[{"id":4294,"href":"https:\/\/www.ambrosia.eu\/pl\/wp-json\/wp\/v2\/pages\/2100\/revisions\/4294"}],"wp:attachment":[{"href":"https:\/\/www.ambrosia.eu\/pl\/wp-json\/wp\/v2\/media?parent=2100"}],"curies":[{"name":"wp","href":"https:\/\/api.w.org\/{rel}","templated":true}]}}