{"id":2098,"date":"2018-04-26T08:56:08","date_gmt":"2018-04-26T06:56:08","guid":{"rendered":"https:\/\/www.ambrosia.eu\/?page_id=2098"},"modified":"2018-04-26T08:56:08","modified_gmt":"2018-04-26T06:56:08","slug":"owu","status":"publish","type":"page","link":"https:\/\/www.ambrosia.eu\/pl\/owu\/","title":{"rendered":"OWU"},"content":{"rendered":"<p>Og\u00f3lne Warunki U\u017cytkowania<br \/>\n1. Zakres obowi\u0105zywania<br \/>\n1.1 Wykorzystanie stron internetowych oferowanych przez firm\u0119 Nordzucker AG (zwanych dalej: \u201eStron\u0105 internetow\u0105\u201d) jest dozwolona wy\u0142\u0105cznie na podstawie niniejszych warunk\u00f3w handlowych. Niniejsze Og\u00f3lne Warunki U\u017cytkowania mog\u0105 zosta\u0107 uzupe\u0142nione, zmodyfikowane lub zast\u0105pione innymi warunkami w szczeg\u00f3lnych przypadkach, np. w celu zakupu produkt\u00f3w i\/lub us\u0142ug. Zarejestrowanie lub, je\u017celi rejestracja nie jest wymagana, korzystanie ze Strony internetowej jest r\u00f3wnoznaczne z akceptacj\u0105 Og\u00f3lnych Warunk\u00f3w U\u017cytkowania w ich obowi\u0105zuj\u0105cej wersji.<\/p>\n<p>1.2 Je\u017celi u\u017cytkownik korzysta ze Strony internetowej jako przedsi\u0119biorca lub na rzecz przedsi\u0119biorstwa, tzn. w ramach wykonywania dzia\u0142alno\u015bci handlowej, gospodarczej lub dzia\u0142aj\u0105c dla organu publicznego, \u00a7 312e ust. 1 zdanie 1 nr 1\u20133 niemieckiego kodeksu cywilnego BGB nie znajduje zastosowania.<\/p>\n<p>2. Us\u0142ugi<br \/>\n2.1 Firma Nordzucker udost\u0119pnia na Stronie internetowej okre\u015blone informacje i oprogramowanie, ewentualnie wraz z dokumentacj\u0105, do pobrania lub podaje w tym celu odpowiednie mo\u017cliwo\u015bci komunikacji.<\/p>\n<p>2.2 Firma Nordzucker jest uprawniona do zako\u0144czenia dzia\u0142ania Strony internetowej ca\u0142kowicie lub cz\u0119\u015bciowo w ka\u017cdym momencie. Ze wzgl\u0119du na w\u0142a\u015bciwo\u015bci Internetu oraz system\u00f3w komputerowych firma Nordzucker nie gwarantuje nieprzerwanej dost\u0119pno\u015bci Strony internetowej.<\/p>\n<p>3. Rejestracja\/has\u0142o<br \/>\n3.1 Poszczeg\u00f3lne strony niniejszej Strony internetowej mog\u0105 by\u0107 chronione has\u0142em. Ze wzgl\u0119du na bezpiecze\u0144stwo transakcji handlowych dost\u0119p do tych stron jest mo\u017cliwy tylko dla zarejestrowanych u\u017cytkownik\u00f3w. Rejestracja jest mo\u017cliwa podczas korzystania z danej strony. Firma Nordzucker jest uprawniona do odmowy rejestracji lub ograniczenia dost\u0119pu do tych stron internetowych dla okre\u015blonych u\u017cytkownik\u00f3w. W szczeg\u00f3lno\u015bci firma Nordzucker zastrzega sobie prawo do wprowadzenia obowi\u0105zku rejestracji dla stron internetowych, kt\u00f3re dotychczas by\u0142y swobodnie dost\u0119pne. Firma Nordzucker posiada w ka\u017cdym momencie prawo do odmowy dost\u0119pu do stron internetowych poprzez zablokowanie danych dost\u0119pu, bez konieczno\u015bci podania przyczyny, szczeg\u00f3lnie w przypadku<\/p>\n<p>podania przez u\u017cytkownika nieprawdziwych danych podczas rejestracji,<br \/>\nnaruszenia niniejszych warunk\u00f3w lub obowi\u0105zku zachowania ostro\u017cno\u015bci wobec danych dost\u0119pu,<br \/>\nnaruszenia obowi\u0105zuj\u0105cego prawa (lub specjalnych porozumie\u0144 uzgodnionych w trakcie rejestracji) podczas uzyskiwania dost\u0119pu oraz korzystania ze Strony internetowej lub<br \/>\nw przypadku gdy u\u017cytkownik nie korzysta strony internetowej przez d\u0142u\u017cy okres czasu.<br \/>\n3.2 Je\u017celi rejestracja jest wymagana, u\u017cytkownik jest zobowi\u0105zany do podania podczas rejestracji prawdziwych danych, a w przypadku ewentualnych, p\u00f3\u017aniejszych zmian do niezw\u0142ocznego zg\u0142oszenia ich firmie Nordzucker (je\u017celi mo\u017cliwe w formie online). U\u017cytkownik do\u0142o\u017cy wszelkich stara\u0144, aby wysy\u0142ane do niego wiadomo\u015bci trafia\u0142y na podany przez niego adres e-mail.<\/p>\n<p>3.3 Po pomy\u015blnej rejestracji u\u017cytkownik otrzymuje nazw\u0119 u\u017cytkownika oraz has\u0142o. Dane u\u017cytkownika umo\u017cliwiaj\u0105 wy\u015bwietlanie oraz edycj\u0119 danych a tak\u017ce odwo\u0142anie zgody na przetwarzanie danych osobowych lub poszerzenie jej zakresu.<\/p>\n<p>3.4 U\u017cytkownik gwarantuje, \u017ce dane u\u017cytkownika nie b\u0119d\u0105 udost\u0119pniane i ponosi odpowiedzialno\u015b\u0107 za wszelkie zam\u00f3wienia oraz pozosta\u0142e dzia\u0142ania dokonane przy wykorzystaniu danych u\u017cytkownika. Po zako\u0144czeniu korzystania z obszaru chronionego has\u0142em nale\u017cy go opu\u015bci\u0107. Je\u017celi u\u017cytkownik dowie si\u0119 o nieupowa\u017cnionym wykorzystaniu danych u\u017cytkownika przez osoby trzecie, jest zobowi\u0105zany niezw\u0142ocznie poinformowa\u0107 o tym firm\u0119 Nordzucker pisemnie oraz uprzednio r\u00f3wnie\u017c mailowo.<\/p>\n<p>3.5 Po otrzymaniu informacji zgodnie z punktem 3.4 firma Nordzucker zablokuje dost\u0119p do obszaru chronionego has\u0142em w odniesieniu do tych danych u\u017cytkownika. Usuni\u0119cie blokady jest mo\u017cliwe dopiero po dostarczeniu firmie Nordzucker odpowiedniego wniosku lub dokonaniu nowej rejestracji.<\/p>\n<p>3.6 U\u017cytkownik mo\u017ce w ka\u017cdym momencie za\u017c\u0105da\u0107 pisemnie usuni\u0119cia swojej rejestracji, o ile usuni\u0119cie nie przeszkodzi w realizacji bie\u017c\u0105cych stosunk\u00f3w umownych. W takim przypadku firma Nordzucker usunie wszystkie dane u\u017cytkowania oraz wszelkie pozosta\u0142e, zapisane dane osobowe u\u017cytkownika, o ile nie s\u0105 ju\u017c potrzebne.<\/p>\n<p>4. Prawo do korzystania z informacji, oprogramowania oraz dokumentacji<br \/>\n4.1 Korzystanie z informacji, oprogramowania oraz dokumentacji udost\u0119pnionych na Stronie internetowej podlega niniejszym warunkom, a w przypadku aktualizacji informacji, oprogramowania lub dokumentacji stosownym warunkom licencji, uzgodnionym wcze\u015bniej z firm\u0105 Nordzucker. Osobno uzgodnione warunki licencji maj\u0105 pierwsze\u0144stwo przed niniejszymi og\u00f3lnymi warunkami.<\/p>\n<p>4.2 Firma Nordzucker udziela u\u017cytkownikowi niewy\u0142\u0105cznego i niezbywalnego prawa do korzystania z informacji, oprogramowania oraz dokumentacji umieszczonych na stronie w uzgodnionym zakresie lub, je\u017celi brak jest wyra\u017anych ustale\u0144, zgodnie z celem za\u0142o\u017conym przez firm\u0119 Nordzucker dla ich udost\u0119pniania i dostarczania.<\/p>\n<p>4.3 Oprogramowanie jest dostarczane bezp\u0142atnie w formie czytelnej dla urz\u0105dze\u0144. Oprogramowanie nie obejmuje obowi\u0105zku dostarczenia kodu \u017ar\u00f3d\u0142owego. Wyj\u0105tek stanowi\u0105 kody \u017ar\u00f3d\u0142owe oprogramowania Open Source, kt\u00f3rego warunki licencji, posiadaj\u0105ce pierwsze\u0144stwo przed niniejszymi warunkami w przypadku przekazywania oprogramowania Open Source, nak\u0142adaj\u0105 obowi\u0105zek dostarczenia kod\u00f3w \u017ar\u00f3d\u0142owych. W takim wypadku firma Nordzucker udost\u0119pni kod \u017ar\u00f3d\u0142owy w zamian za zwrot koszt\u00f3w.<\/p>\n<p>4.4 U\u017cytkownik nie jest uprawniony do sprzeda\u017cy, wynajmu lub innego rodzaju przekazywania osobom trzecim informacji, oprogramowania lub dokumentacji. O ile wi\u0105\u017c\u0105ce przepisy prawne nie stanowi\u0105 inaczej, u\u017cytkownik nie jest uprawniony do modyfikacji, dekompilacji i t\u0142umaczenia oprogramowania lub jego dokumentacji, ani te\u017c do kasowania ich cz\u0119\u015bci sk\u0142adowych. U\u017cytkownik ma prawo do utworzenia kopii bezpiecze\u0144stwa oprogramowania, je\u017celi jest to niezb\u0119dne do zabezpieczenia przysz\u0142ego korzystania z oprogramowania zgodnie z niniejszymi warunkami.<\/p>\n<p>4.5 Informacje, oprogramowanie oraz dokumentacja s\u0105 chronione zar\u00f3wno przez prawa autorskie, jak i mi\u0119dzynarodowe traktaty ochrony praw autorskich, a tak\u017ce przez inne ustawy oraz porozumienia odnosz\u0105ce si\u0119 do praw w\u0142asno\u015bci intelektualnej. U\u017cytkownik b\u0119dzie przestrzega\u0142 tych praw, w szczeg\u00f3lno\u015bci odno\u015bnie zakazu usuwania znacznik\u00f3w alfanumerycznych, adnotacji dotycz\u0105cych znak\u00f3w towarowych oraz praw autorskich z informacji, oprogramowania, dokumentacji lub kopii.<\/p>\n<p>4.6 Pozosta\u0142e postanowienia \u00a7\u00a7 69a nn. niemieckiej ustawy o prawie autorskim UrhG pozostaj\u0105 nienaruszone.<\/p>\n<p>5. Prawa w\u0142asno\u015bci intelektualnej<br \/>\n5.1 Niezale\u017cnie od szczeg\u00f3lnych postanowie\u0144 punktu 4 niniejszych warunk\u00f3w u\u017cytkowania modyfikacja, kopiowanie, powielanie, sprzeda\u017c, wynajem, u\u017cycie, uzupe\u0142nianie oraz wszelka inna forma wykorzystania nazw marek oraz pozosta\u0142ych tre\u015bci Strony internetowej nie jest dozwolona bez wcze\u015bniejszej zgody firmy Nordzucker.<\/p>\n<p>5.2 Poza udzielonymi tutaj wyra\u017anie prawami u\u017cytkowania lub pozosta\u0142ymi prawami u\u017cytkownikowi nie udziela si\u0119 innych praw jakiegokolwiek rodzaju, w szczeg\u00f3lno\u015bci do nazwy firmy oraz praw w\u0142asno\u015bci przemys\u0142owej, takich jak patenty, wzory przemys\u0142owe lub znaki towarowe, a firma Nordzucker nie posiada obowi\u0105zku udzielenia takich praw.<\/p>\n<p>6. Obowi\u0105zki<br \/>\n6.1 Podczas korzystania ze strony internetowej u\u017cytkownikowi zabrania si\u0119:<\/p>\n<p>wyrz\u0105dzania szk\u00f3d osobom, w szczeg\u00f3lno\u015bci ma\u0142oletnim, i naruszania ich praw osobistych;<br \/>\nkorzystania ze strony, naruszaj\u0105c zasady dobrych obyczaj\u00f3w;<br \/>\nnaruszania praw w\u0142asno\u015bci przemys\u0142owej i praw autorskich oraz pozosta\u0142ych praw w\u0142asno\u015bci;<br \/>\nprzekazywania tre\u015bci zawieraj\u0105cych wirusy, tzw. koni troja\u0144skich, lub innych program\u00f3w, mog\u0105cych uszkodzi\u0107 oprogramowanie;<br \/>\nnieupowa\u017cnionego dodawania, zapisywania lub wysy\u0142ania tre\u015bci lub \u0142\u0105czy, w szczeg\u00f3lno\u015bci w przypadku, gdy \u0142\u0105cza lub tre\u015bci naruszaj\u0105 zobowi\u0105zania do zachowania poufno\u015bci lub s\u0105 niezgodne z prawem; lub<br \/>\nrozpowszechniania niechcianych wiadomo\u015bci e-mail (tzw. \u201espam\u201d) lub nieprawdziwych ostrze\u017ce\u0144 przed wirusami, b\u0142\u0119dami w funkcjonowaniu i podobnych tre\u015bci oraz namawiania do uczestnictwa w grach losowych, systemach gier, \u201e\u0142a\u0144cuszkach&#8221; listowych, grach typu piramida lub innych podobnych akcjach.<br \/>\n6.2 Firma Nordzucker jest uprawniona do zablokowania dost\u0119pu do Strony internetowej w ka\u017cdym momencie, w szczeg\u00f3lno\u015bci w przypadku naruszenia przez u\u017cytkownika obowi\u0105zk\u00f3w wynikaj\u0105cych z niniejszych warunk\u00f3w.<\/p>\n<p>7. Hiper\u0142\u0105cza<br \/>\nStrona internetowa mo\u017ce zawiera\u0107 hiper\u0142\u0105cza do stron internetowych os\u00f3b trzecich. Firma Nordzucker nie ponosi odpowiedzialno\u015bci ani za tre\u015bci umieszczone na tych stronach internetowych, ani nie uznaje ich za w\u0142asne, poniewa\u017c nie kontroluje tre\u015bci \u0142\u0105czy zewn\u0119trznych i nie jest odpowiedzialna za zawarte w nich informacje. Z tego wzgl\u0119du u\u017cytkownik wykorzystuje te tre\u015bci na w\u0142asne ryzyko, a w szczeg\u00f3lno\u015bci w ramach obowi\u0105zuj\u0105cych dla tych stron warunk\u00f3w u\u017cytkowania.<\/p>\n<p>8. Odpowiedzialno\u015b\u0107 za wady fizyczne i prawne<br \/>\n8.1 Je\u017celi informacje, oprogramowanie oraz dokumentacja zostan\u0105 udost\u0119pnione bezp\u0142atnie, odpowiedzialno\u015b\u0107 za wady fizyczne i rzeczowe informacji, oprogramowania i dokumentacji, w szczeg\u00f3lno\u015bci za ich prawid\u0142owo\u015b\u0107, poprawno\u015b\u0107, brak roszcze\u0144 dotycz\u0105cych praw autorskich lub praw os\u00f3b trzecich, kompletno\u015b\u0107 i\/lub u\u017cyteczno\u015b\u0107 \u2013 z wyj\u0105tkiem przypadk\u00f3w dzia\u0142ania umy\u015blnego lub podst\u0119pu \u2013 jest wy\u0142\u0105czona.<\/p>\n<p>8.2 Informacje na Stronie internetowej mog\u0105 zawiera\u0107 specyfikacje lub og\u00f3lne opisy mo\u017cliwo\u015bci technicznych produkt\u00f3w, kt\u00f3re w poszczeg\u00f3lnych przypadkach (np. z powodu modyfikacji produkt\u00f3w) nie zawsze musz\u0105 by\u0107 dost\u0119pne. Z tego wzgl\u0119du po\u017c\u0105dan\u0105 charakterystyk\u0119 produkt\u00f3w nale\u017cy uzgodni\u0107 w poszczeg\u00f3lnych przypadkach podczas zakupu.<\/p>\n<p>9. Pozosta\u0142a odpowiedzialno\u015b\u0107\/wirusy<br \/>\n9.1 Odpowiedzialno\u015b\u0107 firmy Nordzucker za wady fizyczne i prawne okre\u015blona jest w postanowieniach punktu 8 niniejszych warunk\u00f3w u\u017cytkowania. Ponadto wy\u0142\u0105czona jest wszelka odpowiedzialno\u015b\u0107 firmy Nordzucker, o ile nie obowi\u0105zuje odpowiedzialno\u015b\u0107 z tytu\u0142u ustawy o odpowiedzialno\u015bci za produkty, w przypadku umy\u015blnego dzia\u0142ania lub ra\u017c\u0105cego niedbalstwa, uszczerbku na \u017cyciu, ciele lub zdrowiu, przej\u0119cia gwarancji jako\u015bci, umy\u015blnego przemilczenia wady lub naruszenia istotnych warunk\u00f3w umownych. Odszkodowanie za naruszenie istotnych obowi\u0105zk\u00f3w umowy jest ograniczone do typowych dla umowy przewidywalnych szk\u00f3d. Firma Nordzucker nie ponosi odpowiedzialno\u015bci za reasekuracj\u0119 nadwy\u017cki szkody.<\/p>\n<p>9.2 Firma Nordzucker do\u0142o\u017cy wszelkich stara\u0144, aby Strona internetowa nie zawiera\u0142a wirus\u00f3w, jednak nie mo\u017ce zagwarantowa\u0107, \u017ce b\u0119dzie od nich wolna. Przed pobraniem informacji, oprogramowania oraz dokumentacji u\u017cytkownik dla w\u0142asnej ochrony oraz w celu ochrony przed zainfekowaniem Strony internetowej wirusami zapewni sobie odpowiednie urz\u0105dzenie zabezpieczaj\u0105ce oraz skaner antywirusowy.<\/p>\n<p>9.3 Zmiana ci\u0119\u017caru dowodu na niekorzy\u015b\u0107 u\u017cytkownika nie jest zwi\u0105zana z powy\u017cszymi postanowieniami punkt\u00f3w 9.1 oraz 9.2.<\/p>\n<p>10. Ochrona danych osobowych<br \/>\nPodczas gromadzenia, wykorzystania oraz przetwarzania danych osobowych u\u017cytkownika Strony internetowej firma Nordzucker przestrzega obowi\u0105zuj\u0105cych przepis\u00f3w prawa dotycz\u0105cych ochrony danych osobowych oraz w\u0142asnej polityki prywatno\u015bci, dost\u0119pnej pod adresem www.das-bienefutter.de\/datenschutz.html.<\/p>\n<p>11. Umowy dodatkowe, w\u0142a\u015bciwo\u015b\u0107 miejscowa s\u0105du, obowi\u0105zuj\u0105ce prawo<br \/>\n11.1 Uzupe\u0142nienia oraz zmiany niniejszych warunk\u00f3w wymagaj\u0105 formy pisemnej.<\/p>\n<p>11.2 Je\u017celi u\u017cytkownik jest przedsi\u0119biorc\u0105 w rozumieniu niemieckiego kodeksu handlowego HGB, w\u0142a\u015bciwy miejscowo jest s\u0105d w Braunschweig. Pozosta\u0142ych u\u017cytkownik\u00f3w obowi\u0105zuj\u0105 przepisy \u00a7\u00a7 12 nn. niemieckiego kodeksu post\u0119powania cywilnego ZPO.<\/p>\n<p>11.3 Nie wyra\u017camy gotowo\u015bci, ani nie jeste\u015bmy zobowi\u0105zani do uczestnictwa w procedurze rozstrzygania spor\u00f3w przed polubownym s\u0105dem konsumenckim.<\/p>\n<p>11.4 Obowi\u0105zuj\u0105ce jest prawo niemieckie z wy\u0142\u0105czeniem Konwencji Narod\u00f3w Zjednoczonych o Umowach Mi\u0119dzynarodowej Sprzeda\u017cy Towar\u00f3w.<\/p>\n<p>&nbsp;<\/p>\n","protected":false},"excerpt":{"rendered":"<p>Og\u00f3lne Warunki U\u017cytkowania 1. Zakres obowi\u0105zywania 1.1 Wykorzystanie stron internetowych oferowanych przez firm\u0119 Nordzucker AG (zwanych dalej: \u201eStron\u0105 internetow\u0105\u201d) jest dozwolona wy\u0142\u0105cznie na podstawie niniejszych warunk\u00f3w handlowych. Niniejsze Og\u00f3lne Warunki U\u017cytkowania mog\u0105 zosta\u0107 uzupe\u0142nione, zmodyfikowane lub zast\u0105pione innymi warunkami w szczeg\u00f3lnych przypadkach, np. w celu zakupu produkt\u00f3w i\/lub us\u0142ug. Zarejestrowanie lub, je\u017celi rejestracja nie jest wymagana, korzystanie ze Strony internetowej jest r\u00f3wnoznaczne z akceptacj\u0105 Og\u00f3lnych Warunk\u00f3w U\u017cytkowania w ich obowi\u0105zuj\u0105cej wersji. 1.2 Je\u017celi u\u017cytkownik korzysta ze Strony internetowej jako przedsi\u0119biorca lub na rzecz przedsi\u0119biorstwa, tzn. w ramach wykonywania dzia\u0142alno\u015bci handlowej, gospodarczej lub dzia\u0142aj\u0105c dla organu publicznego, \u00a7 312e ust. 1 zdanie 1 nr 1\u20133 niemieckiego kodeksu cywilnego BGB nie znajduje zastosowania. 2. Us\u0142ugi 2.1 Firma Nordzucker udost\u0119pnia na Stronie internetowej okre\u015blone informacje i oprogramowanie, ewentualnie wraz z dokumentacj\u0105, do pobrania lub podaje w tym celu odpowiednie mo\u017cliwo\u015bci komunikacji. 2.2 Firma Nordzucker jest uprawniona do zako\u0144czenia dzia\u0142ania Strony internetowej ca\u0142kowicie lub cz\u0119\u015bciowo w ka\u017cdym momencie. Ze wzgl\u0119du na w\u0142a\u015bciwo\u015bci Internetu oraz system\u00f3w komputerowych firma Nordzucker nie gwarantuje nieprzerwanej dost\u0119pno\u015bci Strony internetowej. 3. Rejestracja\/has\u0142o 3.1 Poszczeg\u00f3lne strony niniejszej Strony internetowej mog\u0105 by\u0107 chronione has\u0142em. Ze wzgl\u0119du na bezpiecze\u0144stwo transakcji handlowych dost\u0119p do tych stron jest mo\u017cliwy tylko dla zarejestrowanych u\u017cytkownik\u00f3w. Rejestracja jest mo\u017cliwa podczas korzystania z danej strony. Firma Nordzucker jest uprawniona do odmowy rejestracji lub ograniczenia dost\u0119pu do tych stron internetowych dla okre\u015blonych u\u017cytkownik\u00f3w. W szczeg\u00f3lno\u015bci firma Nordzucker zastrzega sobie prawo do wprowadzenia obowi\u0105zku rejestracji dla stron internetowych, kt\u00f3re dotychczas by\u0142y swobodnie dost\u0119pne. Firma Nordzucker posiada w ka\u017cdym momencie prawo do odmowy dost\u0119pu do stron internetowych poprzez zablokowanie danych dost\u0119pu, bez konieczno\u015bci podania przyczyny, szczeg\u00f3lnie w przypadku podania przez u\u017cytkownika nieprawdziwych danych podczas rejestracji, naruszenia niniejszych warunk\u00f3w lub obowi\u0105zku zachowania ostro\u017cno\u015bci wobec danych dost\u0119pu, naruszenia obowi\u0105zuj\u0105cego prawa (lub specjalnych porozumie\u0144 uzgodnionych w trakcie rejestracji) podczas uzyskiwania dost\u0119pu oraz korzystania ze Strony internetowej lub w przypadku gdy u\u017cytkownik nie korzysta strony internetowej przez d\u0142u\u017cy okres czasu. 3.2 Je\u017celi rejestracja jest wymagana, u\u017cytkownik jest zobowi\u0105zany do podania podczas rejestracji prawdziwych danych, a w przypadku ewentualnych, p\u00f3\u017aniejszych zmian do niezw\u0142ocznego zg\u0142oszenia ich firmie Nordzucker (je\u017celi mo\u017cliwe w formie online). U\u017cytkownik do\u0142o\u017cy wszelkich stara\u0144, aby wysy\u0142ane do niego wiadomo\u015bci trafia\u0142y na podany przez niego adres e-mail. 3.3 Po pomy\u015blnej rejestracji u\u017cytkownik otrzymuje nazw\u0119 u\u017cytkownika oraz has\u0142o. Dane u\u017cytkownika umo\u017cliwiaj\u0105 wy\u015bwietlanie oraz edycj\u0119 danych a tak\u017ce odwo\u0142anie zgody na przetwarzanie danych osobowych lub poszerzenie jej zakresu. 3.4 U\u017cytkownik gwarantuje, \u017ce dane u\u017cytkownika nie b\u0119d\u0105 udost\u0119pniane i ponosi odpowiedzialno\u015b\u0107 za wszelkie zam\u00f3wienia oraz pozosta\u0142e dzia\u0142ania dokonane przy wykorzystaniu danych u\u017cytkownika. Po zako\u0144czeniu korzystania z obszaru chronionego has\u0142em nale\u017cy go opu\u015bci\u0107. Je\u017celi u\u017cytkownik dowie si\u0119 o nieupowa\u017cnionym wykorzystaniu danych u\u017cytkownika przez osoby trzecie, jest zobowi\u0105zany niezw\u0142ocznie poinformowa\u0107 o tym firm\u0119 Nordzucker pisemnie oraz uprzednio r\u00f3wnie\u017c mailowo. 3.5 Po otrzymaniu informacji zgodnie z punktem 3.4 firma Nordzucker zablokuje dost\u0119p do obszaru chronionego has\u0142em w odniesieniu do tych danych u\u017cytkownika. Usuni\u0119cie blokady jest mo\u017cliwe dopiero po dostarczeniu firmie Nordzucker odpowiedniego wniosku lub dokonaniu nowej rejestracji. 3.6 U\u017cytkownik mo\u017ce w ka\u017cdym momencie za\u017c\u0105da\u0107 pisemnie usuni\u0119cia swojej rejestracji, o ile usuni\u0119cie nie przeszkodzi w realizacji bie\u017c\u0105cych stosunk\u00f3w umownych. W takim przypadku firma Nordzucker usunie wszystkie dane u\u017cytkowania oraz wszelkie pozosta\u0142e, zapisane dane osobowe u\u017cytkownika, o ile nie s\u0105 ju\u017c potrzebne. 4. Prawo do korzystania z informacji, oprogramowania oraz dokumentacji 4.1 Korzystanie z informacji, oprogramowania oraz dokumentacji udost\u0119pnionych na Stronie internetowej podlega niniejszym warunkom, a w przypadku aktualizacji informacji, oprogramowania lub dokumentacji stosownym warunkom licencji, uzgodnionym wcze\u015bniej z firm\u0105 Nordzucker. Osobno uzgodnione warunki licencji maj\u0105 pierwsze\u0144stwo przed niniejszymi og\u00f3lnymi warunkami. 4.2 Firma Nordzucker udziela u\u017cytkownikowi niewy\u0142\u0105cznego i niezbywalnego prawa do korzystania z informacji, oprogramowania oraz dokumentacji umieszczonych na stronie w uzgodnionym zakresie lub, je\u017celi brak jest wyra\u017anych ustale\u0144, zgodnie z celem za\u0142o\u017conym przez firm\u0119 Nordzucker dla ich udost\u0119pniania i dostarczania. 4.3 Oprogramowanie jest dostarczane bezp\u0142atnie w formie czytelnej dla urz\u0105dze\u0144. Oprogramowanie nie obejmuje obowi\u0105zku dostarczenia kodu \u017ar\u00f3d\u0142owego. Wyj\u0105tek stanowi\u0105 kody \u017ar\u00f3d\u0142owe oprogramowania Open Source, kt\u00f3rego warunki licencji, posiadaj\u0105ce pierwsze\u0144stwo przed niniejszymi warunkami w przypadku przekazywania oprogramowania Open Source, nak\u0142adaj\u0105 obowi\u0105zek dostarczenia kod\u00f3w \u017ar\u00f3d\u0142owych. W takim wypadku firma Nordzucker udost\u0119pni kod \u017ar\u00f3d\u0142owy w zamian za zwrot koszt\u00f3w. 4.4 U\u017cytkownik nie jest uprawniony do sprzeda\u017cy, wynajmu lub innego rodzaju przekazywania osobom trzecim informacji, oprogramowania lub dokumentacji. O ile wi\u0105\u017c\u0105ce przepisy prawne nie stanowi\u0105 inaczej, u\u017cytkownik nie jest uprawniony do modyfikacji, dekompilacji i t\u0142umaczenia oprogramowania lub jego dokumentacji, ani te\u017c do kasowania ich cz\u0119\u015bci sk\u0142adowych. U\u017cytkownik ma prawo do utworzenia kopii bezpiecze\u0144stwa oprogramowania, je\u017celi jest to niezb\u0119dne do zabezpieczenia przysz\u0142ego korzystania z oprogramowania zgodnie z niniejszymi warunkami. 4.5 Informacje, oprogramowanie oraz dokumentacja s\u0105 chronione zar\u00f3wno przez prawa autorskie, jak i mi\u0119dzynarodowe traktaty ochrony praw autorskich, a tak\u017ce przez inne ustawy oraz porozumienia odnosz\u0105ce si\u0119 do praw w\u0142asno\u015bci intelektualnej. U\u017cytkownik b\u0119dzie przestrzega\u0142 tych praw, w szczeg\u00f3lno\u015bci odno\u015bnie zakazu usuwania znacznik\u00f3w alfanumerycznych, adnotacji dotycz\u0105cych znak\u00f3w towarowych oraz praw autorskich z informacji, oprogramowania, dokumentacji lub kopii. 4.6 Pozosta\u0142e postanowienia \u00a7\u00a7 69a nn. niemieckiej ustawy o prawie autorskim UrhG pozostaj\u0105 nienaruszone. 5. Prawa w\u0142asno\u015bci intelektualnej 5.1 Niezale\u017cnie od szczeg\u00f3lnych postanowie\u0144 punktu 4 niniejszych warunk\u00f3w u\u017cytkowania modyfikacja, kopiowanie, powielanie, sprzeda\u017c, wynajem, u\u017cycie, uzupe\u0142nianie oraz wszelka inna forma wykorzystania nazw marek oraz pozosta\u0142ych tre\u015bci Strony internetowej nie jest dozwolona bez wcze\u015bniejszej zgody firmy Nordzucker. 5.2 Poza udzielonymi tutaj wyra\u017anie prawami u\u017cytkowania lub pozosta\u0142ymi prawami u\u017cytkownikowi nie udziela si\u0119 innych praw jakiegokolwiek rodzaju, w szczeg\u00f3lno\u015bci do nazwy firmy oraz praw w\u0142asno\u015bci przemys\u0142owej, takich jak patenty, wzory przemys\u0142owe lub znaki towarowe, a firma Nordzucker nie posiada obowi\u0105zku udzielenia takich praw. 6. Obowi\u0105zki 6.1 Podczas korzystania ze strony internetowej u\u017cytkownikowi zabrania si\u0119: wyrz\u0105dzania szk\u00f3d osobom, w szczeg\u00f3lno\u015bci ma\u0142oletnim, i naruszania ich praw osobistych; korzystania ze strony, naruszaj\u0105c zasady dobrych obyczaj\u00f3w; naruszania praw w\u0142asno\u015bci przemys\u0142owej i praw autorskich oraz pozosta\u0142ych praw w\u0142asno\u015bci; przekazywania tre\u015bci zawieraj\u0105cych wirusy, tzw. koni troja\u0144skich, lub innych program\u00f3w, mog\u0105cych uszkodzi\u0107 oprogramowanie; nieupowa\u017cnionego dodawania, zapisywania lub wysy\u0142ania tre\u015bci lub \u0142\u0105czy, w szczeg\u00f3lno\u015bci w przypadku, gdy \u0142\u0105cza lub tre\u015bci naruszaj\u0105 zobowi\u0105zania do zachowania poufno\u015bci lub s\u0105 niezgodne z prawem; lub rozpowszechniania niechcianych wiadomo\u015bci e-mail (tzw. \u201espam\u201d) lub nieprawdziwych ostrze\u017ce\u0144 przed wirusami, b\u0142\u0119dami w funkcjonowaniu i podobnych tre\u015bci oraz namawiania do uczestnictwa w grach [&hellip;]<\/p>\n","protected":false},"author":3,"featured_media":0,"parent":0,"menu_order":0,"comment_status":"closed","ping_status":"closed","template":"","meta":[],"acf":[],"_links":{"self":[{"href":"https:\/\/www.ambrosia.eu\/pl\/wp-json\/wp\/v2\/pages\/2098"}],"collection":[{"href":"https:\/\/www.ambrosia.eu\/pl\/wp-json\/wp\/v2\/pages"}],"about":[{"href":"https:\/\/www.ambrosia.eu\/pl\/wp-json\/wp\/v2\/types\/page"}],"author":[{"embeddable":true,"href":"https:\/\/www.ambrosia.eu\/pl\/wp-json\/wp\/v2\/users\/3"}],"replies":[{"embeddable":true,"href":"https:\/\/www.ambrosia.eu\/pl\/wp-json\/wp\/v2\/comments?post=2098"}],"version-history":[{"count":2,"href":"https:\/\/www.ambrosia.eu\/pl\/wp-json\/wp\/v2\/pages\/2098\/revisions"}],"predecessor-version":[{"id":2158,"href":"https:\/\/www.ambrosia.eu\/pl\/wp-json\/wp\/v2\/pages\/2098\/revisions\/2158"}],"wp:attachment":[{"href":"https:\/\/www.ambrosia.eu\/pl\/wp-json\/wp\/v2\/media?parent=2098"}],"curies":[{"name":"wp","href":"https:\/\/api.w.org\/{rel}","templated":true}]}}