{"id":2092,"date":"2017-11-28T11:16:05","date_gmt":"2017-11-28T10:16:05","guid":{"rendered":"https:\/\/www.ambrosia.eu\/?page_id=2092"},"modified":"2018-07-17T09:41:48","modified_gmt":"2018-07-17T07:41:48","slug":"startseite-pl","status":"publish","type":"page","link":"https:\/\/www.ambrosia.eu\/pl\/","title":{"rendered":"Doskona\u0142y pokarm dla pszcz\u00f3\u0142 w korzystnej cenie"},"content":{"rendered":"<h2>Wzbogacona \u017cywno\u015b\u0107 dla najbardziej pracowitych:<\/h2>\n<p>Produkty ambrosia\u00ae to czysty pokarm dla pszcz\u00f3\u0142, zapewniaj\u0105cy optymalne trawienie. ambrosia\u00ae to gotowa karma na bazie sacharozy, idealnie dopasowana do potrzeb pszczo\u0142y i zbli\u017cona do jej naturalnego pokarmu. Karma ambrosia\u00ae jest \u0142atwo pobierana przez pszczo\u0142y, dobrze trawiona oraz niezwykle praktyczna w u\u017cyciu. Jej receptura pozwala chroni\u0107 naturaln\u0105 gospodark\u0119 energetyczn\u0105 pszczo\u0142y. Produkty ambrosia\u00ae s\u0105 \u0142atwe w zastosowaniu, gotowe do u\u017cycia i dost\u0119pne w pojemnikach dostosowanych do zapotrzebowania. Certyfikowana produkcja gwarantuje niezmiennie wysok\u0105 jako\u015b\u0107 produkt\u00f3w. Produkty ambrosia\u00ae s\u0105 higieniczne i posiadaj\u0105 d\u0142ugi termin przydatno\u015bci.<br \/>\nIch jako\u015b\u0107 potwierdzona jest 25-letni\u0105 praktyk\u0105.<br \/>\n<div class=\"row \"><div class=\"col-lg-6 col-md-6 col-xs-12 col-sm-6\"><\/p>\n<h3><a href=\"https:\/\/www.ambrosia.eu\/pl\/syrop-ambrosia\/\">Syrop ambrosia\u00ae:<\/a> <i class=\" glyphicon glyphicon-menu-right \" style=\" font-size:12px;\"><\/i><\/h3>\n<ul>\n<li>najbardziej zbli\u017cony do naturalnego po\u017cywienia pszcz\u00f3\u0142<\/li>\n<li>gwarantuje \u0142atwe pobranie przez pszczo\u0142y<\/li>\n<li>idealny do wczesnego i p\u00f3\u017anego zimowego zakarmiania<\/li>\n<\/ul>\n<p><\/div>\n<div class=\"col-lg-6 col-md-6 col-xs-12 col-sm-6\"><\/p>\n<h3><a href=\"https:\/\/www.ambrosia.eu\/pl\/ciasto-ambrosia\/\">Ciasto ambrosia\u00ae:<\/a> <i class=\" glyphicon glyphicon-menu-right \" style=\" font-size:12px;\"><\/i><\/h3>\n<ul>\n<li>dzi\u0119ki drobniutkim kryszta\u0142kom cukru \u0142atwo pobierane przez pszczo\u0142y<\/li>\n<li>optymalne do uzupe\u0142niania przerw po\u017cytkowych<\/li>\n<li>odpowiednie do hodowli kr\u00f3lowych w izolatorach jedno- i wieloplastrowych<\/li>\n<\/ul>\n<p><\/div>\n<\/div><div class=\"row \"><div class=\"col-lg-6 col-md-6 col-xs-12 col-sm-6\"><\/p>\n<p>Broszura PDF do pobrania<br \/>\n<a href=\"https:\/\/www.ambrosia.eu\/wp-content\/uploads\/2017\/01\/ambrosia_Broschuere_engl_23.pdf\" target=\"_blank\" rel=\"noopener noreferrer\">ambrosia broszura<\/a><\/p>\n<p>&nbsp;<\/p>\n<p><\/div>\n<div class=\"col-lg-6 col-md-6 col-xs-12 col-sm-6\"><\/p>\n<p><a href=\"https:\/\/www.ambrosia.eu\/pl\/kontakt\/\">Ch\u0119tnie odpowiemy na wszelkie pytania i wska\u017cemy najbli\u017cszego dystrybutora naszych produkt\u00f3w<\/a><\/p>\n<a class=\"btn btn-primary btn-xs  \" href=\"https:\/\/www.ambrosia.eu\/pl\/kontakt\/\"  rel=\"\"  target=\"_self\">Kontakt <i class=\"glyphicon glyphicon-menu-right\" ><\/i><\/a>\n<p>&nbsp;<\/p>\n<p><\/div>\n<\/div><\/p>\n<p>&nbsp;<\/p>\n","protected":false},"excerpt":{"rendered":"<p>Wzbogacona \u017cywno\u015b\u0107 dla najbardziej pracowitych: Produkty ambrosia\u00ae to czysty pokarm dla pszcz\u00f3\u0142, zapewniaj\u0105cy optymalne trawienie. ambrosia\u00ae to gotowa karma na bazie sacharozy, idealnie dopasowana do potrzeb pszczo\u0142y i zbli\u017cona do jej naturalnego pokarmu. Karma ambrosia\u00ae jest \u0142atwo pobierana przez pszczo\u0142y, dobrze trawiona oraz niezwykle praktyczna w u\u017cyciu. Jej receptura pozwala chroni\u0107 naturaln\u0105 gospodark\u0119 energetyczn\u0105 pszczo\u0142y. Produkty ambrosia\u00ae s\u0105 \u0142atwe w zastosowaniu, gotowe do u\u017cycia i dost\u0119pne w pojemnikach dostosowanych do zapotrzebowania. Certyfikowana produkcja gwarantuje niezmiennie wysok\u0105 jako\u015b\u0107 produkt\u00f3w. Produkty ambrosia\u00ae s\u0105 higieniczne i posiadaj\u0105 d\u0142ugi termin przydatno\u015bci. Ich jako\u015b\u0107 potwierdzona jest 25-letni\u0105 praktyk\u0105. &nbsp;<\/p>\n","protected":false},"author":3,"featured_media":0,"parent":0,"menu_order":0,"comment_status":"closed","ping_status":"open","template":"","meta":[],"acf":[],"_links":{"self":[{"href":"https:\/\/www.ambrosia.eu\/pl\/wp-json\/wp\/v2\/pages\/2092"}],"collection":[{"href":"https:\/\/www.ambrosia.eu\/pl\/wp-json\/wp\/v2\/pages"}],"about":[{"href":"https:\/\/www.ambrosia.eu\/pl\/wp-json\/wp\/v2\/types\/page"}],"author":[{"embeddable":true,"href":"https:\/\/www.ambrosia.eu\/pl\/wp-json\/wp\/v2\/users\/3"}],"replies":[{"embeddable":true,"href":"https:\/\/www.ambrosia.eu\/pl\/wp-json\/wp\/v2\/comments?post=2092"}],"version-history":[{"count":9,"href":"https:\/\/www.ambrosia.eu\/pl\/wp-json\/wp\/v2\/pages\/2092\/revisions"}],"predecessor-version":[{"id":2249,"href":"https:\/\/www.ambrosia.eu\/pl\/wp-json\/wp\/v2\/pages\/2092\/revisions\/2249"}],"wp:attachment":[{"href":"https:\/\/www.ambrosia.eu\/pl\/wp-json\/wp\/v2\/media?parent=2092"}],"curies":[{"name":"wp","href":"https:\/\/api.w.org\/{rel}","templated":true}]}}