{"id":4424,"date":"2025-07-21T10:19:58","date_gmt":"2025-07-21T08:19:58","guid":{"rendered":"https:\/\/www.ambrosia.eu\/?page_id=4424"},"modified":"2025-07-21T10:19:58","modified_gmt":"2025-07-21T08:19:58","slug":"juridiska-informacija","status":"publish","type":"page","link":"https:\/\/www.ambrosia.eu\/lv\/juridiska-informacija\/","title":{"rendered":"Juridisk\u0101 inform\u0101cija"},"content":{"rendered":"\n<p>Izdev\u0113js<br>Nordzucker AG<br>K\u00fcchenstra\u00dfe 9<br>38100 Braunschweig<br>V\u0101cija<\/p>\n\n\n\n<p>T\u0101lrunis +49 531-2411-0<br>Fakss +49 531-2411-100<\/p>\n\n\n\n<p>info@nordzucker.de<\/p>\n\n\n\n<p>Komercre\u0123istrs: Braun\u0161veigas viet\u0113j\u0101 tiesa, HRB 2936<br>Re\u0123istr\u0101cijas adrese: Braunschweig<br>PVN re\u0123istr\u0101cijas numurs: DE 114883609<\/p>\n\n\n\n<p>Uzraudz\u012bbas padomes priek\u0161s\u0113d\u0113t\u0101js<br>Jochen Johannes Juister<\/p>\n\n\n\n<p>Valde<br>Dr. Lars Gorissen (priek\u0161s\u0113d\u0113t\u0101js), Alexander Bott, Alexander Godow<\/p>\n\n\n\n<p>Atbild\u012bg\u0101 persona saska\u0146\u0101 ar \u00a718 (2) MStV:<br>Michael Gerling<br>Mazumtirdzniec\u012bba Rietumeirop\u0101 \/ Valsts galvenais klientu mened\u017eeris<br>K\u00fcchenstra\u00dfe 9<br>38100 Braunschweig<br>V\u0101cija<\/p>\n\n\n\n<p><strong>Atbr\u012bvojums no atbild\u012bbas \u2013 Juridiska inform\u0101cija<\/strong><\/p>\n\n\n\n<h3>\u00a7 1 Atbild\u012bbas ierobe\u017eojums<\/h3>\n\n\n\n<p>\u0160\u012bs t\u012bmek\u013ca vietnes saturs ir sagatavots ar visliel\u0101ko r\u016bp\u012bbu. Tom\u0113r pakalpojuma sniedz\u0113js neuz\u0146emas atbild\u012bbu par sniegt\u0101s inform\u0101cijas pareiz\u012bbu, piln\u012bgumu vai aktualit\u0101ti. T\u012bmek\u013ca vietnes satura izmanto\u0161ana ir lietot\u0101ja pa\u0161a riska zi\u0146\u0101. Ar v\u0101rdu un uzv\u0101rdu atz\u012bm\u0113tie raksti atspogu\u013co autora viedokli, kas ne vienm\u0113r saskan ar pakalpojuma sniedz\u0113ja viedokli. Vienk\u0101r\u0161a pakalpojuma sniedz\u0113ja t\u012bmek\u013ca vietnes izmanto\u0161ana nerada l\u012bgumiskas attiec\u012bbas starp lietot\u0101ju un pakalpojuma sniedz\u0113ju.<\/p>\n\n\n\n<h3>\u00a7 2 \u0100r\u0113j\u0101s saites<\/h3>\n\n\n\n<p>\u0160aj\u0101 t\u012bmek\u013ca vietn\u0113 ir saites uz tre\u0161o personu t\u012bmek\u013ca vietn\u0113m (\u201e\u0101r\u0113j\u0101s saites\u201d).<\/p>\n\n\n\n<p>Par \u0161\u012bm t\u012bmek\u013ca vietn\u0113m atbild to operatori. Kad \u0101r\u0113j\u0101s saites tika iek\u013cautas, pakalpojuma sniedz\u0113js p\u0101rbaud\u012bja \u0101r\u0113jo saturu, lai p\u0101rliecin\u0101tos, ka tas neatbilst likumam. Taj\u0101 br\u012bd\u012b nebija konstat\u0113ti juridiski p\u0101rk\u0101pumi. Pakalpojuma sniedz\u0113js neietekm\u0113 saist\u012bto lapu pa\u0161reiz\u0113jo un turpm\u0101ko strukt\u016bru vai saturu. \u0100r\u0113jo saik\u0146u iek\u013cau\u0161ana nenoz\u012bm\u0113, ka pakalpojuma sniedz\u0113js uz\u0146emas atbild\u012bbu par to saturu. Pakalpojuma sniedz\u0113jam nav iesp\u0113jams past\u0101v\u012bgi p\u0101rbaud\u012bt \u0101r\u0113j\u0101s saiknes uz juridiskiem p\u0101rk\u0101pumiem bez konkr\u0113tiem pier\u0101d\u012bjumiem par \u0161\u0101diem p\u0101rk\u0101pumiem. Tom\u0113r, ja mums k\u013c\u016bst zin\u0101mi juridiski p\u0101rk\u0101pumi, \u0161\u0101das \u0101r\u0113j\u0101s sa<\/p>\n\n\n\n<h3>\u00a7 3 Autorties\u012bbas un izpild\u012bjuma aizsardz\u012bbas ties\u012bbas<\/h3>\n\n\n\n<p>\u0160aj\u0101 t\u012bmek\u013ca vietn\u0113 public\u0113tais saturs ir aizsarg\u0101ts ar V\u0101cijas autorties\u012bb\u0101m un izpild\u012bjuma aizsardz\u012bbas ties\u012bb\u0101m. Jebk\u0101da izmanto\u0161ana, kas nav at\u013cauta saska\u0146\u0101 ar V\u0101cijas autorties\u012bbu likumu un izpild\u012bjuma aizsardz\u012bbas ties\u012bb\u0101m, ir pie\u013caujama tikai ar iepriek\u0161\u0113ju rakstisku pakalpojuma sniedz\u0113ja vai attiec\u012bgo ties\u012bbu \u012bpa\u0161nieka piekri\u0161anu. Tas jo \u012bpa\u0161i attiecas uz satura reproduc\u0113\u0161anu, apstr\u0101di, tulko\u0161anu, uzglab\u0101\u0161anu, apstr\u0101di vai Tre\u0161o personu saturs un ties\u012bbas ir atz\u012bm\u0113tas k\u0101 t\u0101das. Atsevi\u0161\u0137a satura vai pilnu lapu neat\u013cauta reproduc\u0113\u0161ana vai izplat\u012b\u0161ana ir aizliegta un sod\u0101ma saska\u0146\u0101 ar likumu. At\u013cauta ir tikai kopiju izgatavo\u0161ana un lejupiel\u0101de personiskai, priv\u0101tai un nekomerci\u0101lai lieto\u0161anai.<\/p>\n\n\n\n<p>\u0160\u012bs t\u012bmek\u013ca vietnes att\u0113lo\u0161ana \u0101r\u0113jos r\u0101mjos ir at\u013cauta tikai ar iepriek\u0161\u0113ju rakstisku piekri\u0161anu.<\/p>\n\n\n\n<h3>\u00a7 4 Str\u012bdu risin\u0101\u0161anas k\u0101rt\u012bba<\/h3>\n\n\n\n<p>M\u0113s neesam gatavi un neesam pien\u0101kums piedal\u012bties str\u012bdu risin\u0101\u0161anas proced\u016br\u0101s pat\u0113r\u0113t\u0101ju \u0161\u0137\u012br\u0113jties\u0101.<\/p>\n\n\n\n<h3>\u00a7 5 \u012apa\u0161i lieto\u0161anas noteikumi<\/h3>\n\n\n\n<p>Ja \u0161\u012bs t\u012bmek\u013ca vietnes lieto\u0161anai ir \u012bpa\u0161i noteikumi, kas at\u0161\u0137iras no iepriek\u0161 min\u0113tajiem, m\u0113s to skaidri nor\u0101d\u012bsim atbilsto\u0161aj\u0101 viet\u0101. \u0160\u0101d\u0101 gad\u012bjum\u0101 piem\u0113rojami ir atsevi\u0161\u0137\u0101 gad\u012bjum\u0101 noteiktie \u012bpa\u0161ie noteikumi.<\/p>\n","protected":false},"excerpt":{"rendered":"<p>Izdev\u0113jsNordzucker AGK\u00fcchenstra\u00dfe 938100 BraunschweigV\u0101cija T\u0101lrunis +49 531-2411-0Fakss +49 531-2411-100 info@nordzucker.de Komercre\u0123istrs: Braun\u0161veigas viet\u0113j\u0101 tiesa, HRB 2936Re\u0123istr\u0101cijas adrese: BraunschweigPVN re\u0123istr\u0101cijas numurs: DE 114883609 Uzraudz\u012bbas padomes priek\u0161s\u0113d\u0113t\u0101jsJochen Johannes Juister ValdeDr. Lars Gorissen (priek\u0161s\u0113d\u0113t\u0101js), Alexander Bott, Alexander Godow Atbild\u012bg\u0101 persona saska\u0146\u0101 ar \u00a718 (2) MStV:Michael GerlingMazumtirdzniec\u012bba Rietumeirop\u0101 \/ Valsts galvenais klientu mened\u017eerisK\u00fcchenstra\u00dfe 938100 BraunschweigV\u0101cija Atbr\u012bvojums no atbild\u012bbas \u2013 Juridiska inform\u0101cija \u00a7 1 Atbild\u012bbas ierobe\u017eojums \u0160\u012bs t\u012bmek\u013ca vietnes saturs ir sagatavots ar visliel\u0101ko r\u016bp\u012bbu. Tom\u0113r pakalpojuma sniedz\u0113js neuz\u0146emas atbild\u012bbu par sniegt\u0101s inform\u0101cijas pareiz\u012bbu, piln\u012bgumu vai aktualit\u0101ti. T\u012bmek\u013ca vietnes satura izmanto\u0161ana ir lietot\u0101ja pa\u0161a riska zi\u0146\u0101. Ar v\u0101rdu un uzv\u0101rdu atz\u012bm\u0113tie raksti atspogu\u013co autora viedokli, kas ne vienm\u0113r saskan ar pakalpojuma sniedz\u0113ja viedokli. Vienk\u0101r\u0161a pakalpojuma sniedz\u0113ja t\u012bmek\u013ca vietnes izmanto\u0161ana nerada l\u012bgumiskas attiec\u012bbas starp lietot\u0101ju un pakalpojuma sniedz\u0113ju. \u00a7 2 \u0100r\u0113j\u0101s saites \u0160aj\u0101 t\u012bmek\u013ca vietn\u0113 ir saites uz tre\u0161o personu t\u012bmek\u013ca vietn\u0113m (\u201e\u0101r\u0113j\u0101s saites\u201d). Par \u0161\u012bm t\u012bmek\u013ca vietn\u0113m atbild to operatori. Kad \u0101r\u0113j\u0101s saites tika iek\u013cautas, pakalpojuma sniedz\u0113js p\u0101rbaud\u012bja \u0101r\u0113jo saturu, lai p\u0101rliecin\u0101tos, ka tas neatbilst likumam. Taj\u0101 br\u012bd\u012b nebija konstat\u0113ti juridiski p\u0101rk\u0101pumi. Pakalpojuma sniedz\u0113js neietekm\u0113 saist\u012bto lapu pa\u0161reiz\u0113jo un turpm\u0101ko strukt\u016bru vai saturu. \u0100r\u0113jo saik\u0146u iek\u013cau\u0161ana nenoz\u012bm\u0113, ka pakalpojuma sniedz\u0113js uz\u0146emas atbild\u012bbu par to saturu. Pakalpojuma sniedz\u0113jam nav iesp\u0113jams past\u0101v\u012bgi p\u0101rbaud\u012bt \u0101r\u0113j\u0101s saiknes uz juridiskiem p\u0101rk\u0101pumiem bez konkr\u0113tiem pier\u0101d\u012bjumiem par \u0161\u0101diem p\u0101rk\u0101pumiem. Tom\u0113r, ja mums k\u013c\u016bst zin\u0101mi juridiski p\u0101rk\u0101pumi, \u0161\u0101das \u0101r\u0113j\u0101s sa \u00a7 3 Autorties\u012bbas un izpild\u012bjuma aizsardz\u012bbas ties\u012bbas \u0160aj\u0101 t\u012bmek\u013ca vietn\u0113 public\u0113tais saturs ir aizsarg\u0101ts ar V\u0101cijas autorties\u012bb\u0101m un izpild\u012bjuma aizsardz\u012bbas ties\u012bb\u0101m. Jebk\u0101da izmanto\u0161ana, kas nav at\u013cauta saska\u0146\u0101 ar V\u0101cijas autorties\u012bbu likumu un izpild\u012bjuma aizsardz\u012bbas ties\u012bb\u0101m, ir pie\u013caujama tikai ar iepriek\u0161\u0113ju rakstisku pakalpojuma sniedz\u0113ja vai attiec\u012bgo ties\u012bbu \u012bpa\u0161nieka piekri\u0161anu. Tas jo \u012bpa\u0161i attiecas uz satura reproduc\u0113\u0161anu, apstr\u0101di, tulko\u0161anu, uzglab\u0101\u0161anu, apstr\u0101di vai Tre\u0161o personu saturs un ties\u012bbas ir atz\u012bm\u0113tas k\u0101 t\u0101das. Atsevi\u0161\u0137a satura vai pilnu lapu neat\u013cauta reproduc\u0113\u0161ana vai izplat\u012b\u0161ana ir aizliegta un sod\u0101ma saska\u0146\u0101 ar likumu. At\u013cauta ir tikai kopiju izgatavo\u0161ana un lejupiel\u0101de personiskai, priv\u0101tai un nekomerci\u0101lai lieto\u0161anai. \u0160\u012bs t\u012bmek\u013ca vietnes att\u0113lo\u0161ana \u0101r\u0113jos r\u0101mjos ir at\u013cauta tikai ar iepriek\u0161\u0113ju rakstisku piekri\u0161anu. \u00a7 4 Str\u012bdu risin\u0101\u0161anas k\u0101rt\u012bba M\u0113s neesam gatavi un neesam pien\u0101kums piedal\u012bties str\u012bdu risin\u0101\u0161anas proced\u016br\u0101s pat\u0113r\u0113t\u0101ju \u0161\u0137\u012br\u0113jties\u0101. \u00a7 5 \u012apa\u0161i lieto\u0161anas noteikumi Ja \u0161\u012bs t\u012bmek\u013ca vietnes lieto\u0161anai ir \u012bpa\u0161i noteikumi, kas at\u0161\u0137iras no iepriek\u0161 min\u0113tajiem, m\u0113s to skaidri nor\u0101d\u012bsim atbilsto\u0161aj\u0101 viet\u0101. \u0160\u0101d\u0101 gad\u012bjum\u0101 piem\u0113rojami ir atsevi\u0161\u0137\u0101 gad\u012bjum\u0101 noteiktie \u012bpa\u0161ie noteikumi.<\/p>\n","protected":false},"author":3,"featured_media":0,"parent":0,"menu_order":0,"comment_status":"closed","ping_status":"closed","template":"","meta":[],"acf":[],"_links":{"self":[{"href":"https:\/\/www.ambrosia.eu\/lv\/wp-json\/wp\/v2\/pages\/4424"}],"collection":[{"href":"https:\/\/www.ambrosia.eu\/lv\/wp-json\/wp\/v2\/pages"}],"about":[{"href":"https:\/\/www.ambrosia.eu\/lv\/wp-json\/wp\/v2\/types\/page"}],"author":[{"embeddable":true,"href":"https:\/\/www.ambrosia.eu\/lv\/wp-json\/wp\/v2\/users\/3"}],"replies":[{"embeddable":true,"href":"https:\/\/www.ambrosia.eu\/lv\/wp-json\/wp\/v2\/comments?post=4424"}],"version-history":[{"count":2,"href":"https:\/\/www.ambrosia.eu\/lv\/wp-json\/wp\/v2\/pages\/4424\/revisions"}],"predecessor-version":[{"id":4426,"href":"https:\/\/www.ambrosia.eu\/lv\/wp-json\/wp\/v2\/pages\/4424\/revisions\/4426"}],"wp:attachment":[{"href":"https:\/\/www.ambrosia.eu\/lv\/wp-json\/wp\/v2\/media?parent=4424"}],"curies":[{"name":"wp","href":"https:\/\/api.w.org\/{rel}","templated":true}]}}