{"id":1626,"date":"2017-10-30T13:08:16","date_gmt":"2017-10-30T12:08:16","guid":{"rendered":"https:\/\/www.ambrosia.eu\/?page_id=1626"},"modified":"2023-11-08T14:00:07","modified_gmt":"2023-11-08T13:00:07","slug":"kontakti","status":"publish","type":"page","link":"https:\/\/www.ambrosia.eu\/lv\/kontakti\/","title":{"rendered":"Kontakti"},"content":{"rendered":"<div class=\"row \"><div class=\"col-lg-5 col-md-5 col-xs-12 col-sm-5\"><\/p>\n<p><div role=\"form\" class=\"wpcf7\" id=\"wpcf7-f1275-o1\" lang=\"de-DE\" dir=\"ltr\">\n<div class=\"screen-reader-response\"><p role=\"status\" aria-live=\"polite\" aria-atomic=\"true\"><\/p> <ul><\/ul><\/div>\n<form action=\"\/lv\/wp-json\/wp\/v2\/pages\/1626#wpcf7-f1275-o1\" method=\"post\" class=\"wpcf7-form init\" novalidate=\"novalidate\" data-status=\"init\">\n<div style=\"display: none;\">\n<input type=\"hidden\" name=\"_wpcf7\" value=\"1275\" \/>\n<input type=\"hidden\" name=\"_wpcf7_version\" value=\"5.6.1\" \/>\n<input type=\"hidden\" name=\"_wpcf7_locale\" value=\"de_DE\" \/>\n<input type=\"hidden\" name=\"_wpcf7_unit_tag\" value=\"wpcf7-f1275-o1\" \/>\n<input type=\"hidden\" name=\"_wpcf7_container_post\" value=\"0\" \/>\n<input type=\"hidden\" name=\"_wpcf7_posted_data_hash\" value=\"\" \/>\n<\/div>\n<h2>J\u016bsu zi\u0146a<\/h2>\n\n<div class=\"row\">\n<div class=\"col-xs-12 col-md-6\">\nUzruna*\n<\/div>\n<div class=\"col-xs-12 col-md-6\">\n<div class=\"form-group wpcf7-form-control wpcf7-radio Anrede\"><div class=\"radio\"><label><input name=\"Anrede\" type=\"radio\" value=\"Kundze\" checked aria-invalid=\"false\" aria-required=\"true\" required>Kundze<\/label><\/div><div class=\"radio\"><label><input name=\"Anrede\" type=\"radio\" value=\"Kungs\" aria-invalid=\"false\" aria-required=\"true\" required>Kungs<\/label><\/div><\/div>\n\n<\/div>\n<\/div>\n\n<div class=\"row\">\n<div class=\"col-xs-12 col-md-6\">\n<div class=\"form-group Vorname\"><label class=\"\">V\u0101rds <span class=\"required\">*<\/span><\/label><input class=\"wpcf7-form-control wpcf7-text wpcf7-validates-as-required form-control\" name=\"Vorname\" type=\"text\" value=\"\" placeholder=\"V\u0101rds*\" aria-invalid=\"false\" aria-required=\"true\" required><\/div>\n<\/div>\n<div class=\"col-xs-12 col-md-6\">\n<div class=\"form-group Nachname\"><label class=\"\">Uzv\u0101rds <span class=\"required\">*<\/span><\/label><input class=\"wpcf7-form-control wpcf7-text wpcf7-validates-as-required form-control\" name=\"Nachname\" type=\"text\" value=\"\" placeholder=\"Uzv\u0101rds*\" aria-invalid=\"false\" aria-required=\"true\" required><\/div>\n\n<\/div>\n<\/div>\n<div class=\"form-group StrasseundHausnummer\"><label class=\"\">Iela un m\u0101jas numurs<\/label><input class=\"wpcf7-form-control wpcf7-text form-control\" name=\"StrasseundHausnummer\" type=\"text\" value=\"\" placeholder=\"Iela un m\u0101jas numurs\" aria-invalid=\"false\"><\/div>\n\n<div class=\"row\">\n<div class=\"col-xs-12 col-md-6\">\n<div class=\"form-group PLZ\"><label class=\"\">Pasta indekss<\/label><input class=\"wpcf7-form-control wpcf7-text form-control\" name=\"PLZ\" type=\"text\" value=\"\" placeholder=\"Pasta indekss\" aria-invalid=\"false\"><\/div>\n<\/div>\n<div class=\"col-xs-12 col-md-6\">\n<div class=\"form-group Ort\"><label class=\"\">Vieta<\/label><input class=\"wpcf7-form-control wpcf7-text form-control\" name=\"Ort\" type=\"text\" value=\"\" placeholder=\"Vieta\" aria-invalid=\"false\"><\/div>\n\n<\/div>\n<\/div>\n\n<div class=\"row\">\n<div class=\"col-xs-12 col-md-6\">\n<div class=\"form-group Firma\"><label class=\"\">Uz\u0146\u0113mums<\/label><input class=\"wpcf7-form-control wpcf7-text form-control\" name=\"Firma\" type=\"text\" value=\"\" placeholder=\"Uz\u0146\u0113mums\" aria-invalid=\"false\"><\/div>\n<\/div>\n<div class=\"col-xs-12 col-md-6\">\n<div class=\"form-group Land\"><label class=\"\">Valsts<\/label><select class=\"wpcf7-form-control wpcf7-select form-control\" name=\"Land\" aria-invalid=\"false\"><option value=\"\" selected>---<\/option><option value=\"Alb\u0101nija\">Alb\u0101nija<\/option><option value=\"Andora\">Andora<\/option><option value=\"Arm\u0113nija\">Arm\u0113nija<\/option><option value=\"Austrija\">Austrija<\/option><option value=\"Azerbaid\u017e\u0101na\">Azerbaid\u017e\u0101na<\/option><option value=\"Baltkrievija\">Baltkrievija<\/option><option value=\"Be\u013c\u0123ija\">Be\u013c\u0123ija<\/option><option value=\"Bosnija un Hercegovina\">Bosnija un Hercegovina<\/option><option value=\"Bulg\u0101rija\">Bulg\u0101rija<\/option><option value=\"Horv\u0101tija\">Horv\u0101tija<\/option><option value=\"Kipra\">Kipra<\/option><option value=\"\u010cehija\">\u010cehija<\/option><option value=\"D\u0101nija\">D\u0101nija<\/option><option value=\"Igaunija\">Igaunija<\/option><option value=\"Somija\">Somija<\/option><option value=\"Francija\">Francija<\/option><option value=\"Gruzija\">Gruzija<\/option><option value=\"V\u0101cija\">V\u0101cija<\/option><option value=\"Grie\u0137ija\">Grie\u0137ija<\/option><option value=\"Ung\u0101rija\">Ung\u0101rija<\/option><option value=\"Islande\">Islande<\/option><option value=\"\u012arija\">\u012arija<\/option><option value=\"It\u0101lija\">It\u0101lija<\/option><option value=\"Kazahst\u0101na\">Kazahst\u0101na<\/option><option value=\"Kosova\">Kosova<\/option><option value=\"Latvija\">Latvija<\/option><option value=\"Lihten\u0161teina\">Lihten\u0161teina<\/option><option value=\"Lietuva\">Lietuva<\/option><option value=\"Luksemburga\">Luksemburga<\/option><option value=\"Malta\">Malta<\/option><option value=\"Moldova\">Moldova<\/option><option value=\"Monako\">Monako<\/option><option value=\"Melnkalne\">Melnkalne<\/option><option value=\"N\u012bderlande\">N\u012bderlande<\/option><option value=\"Zieme\u013cma\u0137edonija\">Zieme\u013cma\u0137edonija<\/option><option value=\"Norv\u0113\u0123ija\">Norv\u0113\u0123ija<\/option><option value=\"Polija\">Polija<\/option><option value=\"Portug\u0101le\">Portug\u0101le<\/option><option value=\"Rum\u0101nija\">Rum\u0101nija<\/option><option value=\"Krievija\">Krievija<\/option><option value=\"Sanmar\u012bno\">Sanmar\u012bno<\/option><option value=\"Serbija\">Serbija<\/option><option value=\"Slov\u0101kija\">Slov\u0101kija<\/option><option value=\"Slov\u0113nija\">Slov\u0113nija<\/option><option value=\"Sp\u0101nija\">Sp\u0101nija<\/option><option value=\"Zviedrija\">Zviedrija<\/option><option value=\"\u0160veice\">\u0160veice<\/option><option value=\"Turcija\">Turcija<\/option><option value=\"Ukraina\">Ukraina<\/option><option value=\"Apvienot\u0101 Karaliste (AK)\">Apvienot\u0101 Karaliste (AK)<\/option><\/select><\/div>\n\n<\/div>\n<\/div>\n\n<div class=\"row\">\n<div class=\"col-xs-12 col-md-6\">\n<div class=\"form-group Telefonnummer\"><label class=\"\">Telefona numurs<\/label><input class=\"wpcf7-form-control wpcf7-text wpcf7-tel wpcf7-validates-as-tel form-control\" name=\"Telefonnummer\" type=\"tel\" value=\"\" placeholder=\"Telefona numurs\" aria-invalid=\"false\"><\/div>\n<\/div>\n<div class=\"col-xs-12 col-md-6\">\n<div class=\"form-group Mobilnummer\"><label class=\"\">Mobil\u0101 telefona numurs<\/label><input class=\"wpcf7-form-control wpcf7-text wpcf7-tel wpcf7-validates-as-tel form-control\" name=\"Mobilnummer\" type=\"tel\" value=\"\" placeholder=\"Mobil\u0101 telefona numurs\" aria-invalid=\"false\"><\/div>\n\n<\/div>\n<\/div>\n<p>\n<div class=\"form-group Emailadresse\"><label class=\"\">E-pasta adrese <span class=\"required\">*<\/span><\/label><input class=\"wpcf7-form-control wpcf7-text wpcf7-email wpcf7-validates-as-required wpcf7-validates-as-email form-control\" name=\"Emailadresse\" type=\"email\" value=\"\" placeholder=\"E-pasta adrese*\" aria-invalid=\"false\" aria-required=\"true\" required><\/div>\n<\/p>\n<p>\nWi\u0119cej informacji na temat przetwarzania Twoich danych znajdziesz w polityce prywatno\u015bci.<a href=\"\/lv\/konfidencialitates-politika\/\" target=\"_blank\" class=\"btn btn-default btn-xs\">Skat\u012bt konfidencialit\u0101tes politiku<\/a>\n\n<\/p>\n<p>\nL\u016bdzu, aizpildiet laukus, kas atz\u012bm\u0113ti ar *. Mums ir nepiecie\u0161ama pilna J\u016bsu adrese un telefona numuri, lai sniegtu lab\u0101ku atbalstu gad\u012bjum\u0101, ja rodas k\u0101di jaut\u0101jumi.\n<\/p>\n<h3>Zi\u0146a<\/h3>\n<p>\n<div class=\"form-group Betreff\"><label class=\"\">Temats <span class=\"required\">*<\/span><\/label><input class=\"wpcf7-form-control wpcf7-text wpcf7-validates-as-required form-control\" name=\"Betreff\" type=\"text\" value=\"\" placeholder=\"Temats*\" aria-invalid=\"false\" aria-required=\"true\" required><\/div>\n<\/p>\n<div class=\"form-group Nachricht\"><label class=\"\">J\u016bsu v\u0113stule <span class=\"required\">*<\/span><\/label><textarea class=\"wpcf7-form-control wpcf7-textarea wpcf7-validates-as-required form-control\" name=\"Nachricht\" rows=\"4\" placeholder=\"J\u016bsu v\u0113stule *\" aria-invalid=\"false\" aria-required=\"true\" required><\/textarea><\/div>\n\n\n<span id=\"wpcf7-69e5d209c0c90-wrapper\" class=\"wpcf7-form-control-wrap Website-wrap\" ><label for=\"wpcf7-69e5d209c0c90-field\" class=\"hp-message\">Please leave this field empty.<\/label><input id=\"wpcf7-69e5d209c0c90-field\"  class=\"wpcf7-form-control wpcf7-text\" type=\"text\" name=\"Website\" value=\"\" size=\"40\" tabindex=\"-1\" autocomplete=\"new-password\" \/><\/span>\n<div class=\"form-group\"><div><input class=\"wpcf7-form-control wpcf7-submit btn btn-primary\" type=\"submit\" value=\"s\u016bt\u012bt\"><\/div><\/div><div class=\"wpcf7-response-output alert alert-warning\"><\/div><\/form><\/div><\/p>\n<p><\/div><\/p>\n<p><div class=\"col-lg-1 col-md-1 col-xs-12 col-sm-1\"><\/div><\/p>\n<p><div class=\"col-lg-6 col-md-6 col-xs-12 col-sm-6\"><\/p>\n<p><img loading=\"lazy\" class=\"alignnone size-medium wp-image-3767\" src=\"https:\/\/www.ambrosia.eu\/wp-content\/uploads\/2022\/08\/220818_ambrosia_goering-225x300.jpg\" alt=\"\" width=\"225\" height=\"300\" srcset=\"https:\/\/www.ambrosia.eu\/wp-content\/uploads\/2022\/08\/220818_ambrosia_goering-225x300.jpg 225w, https:\/\/www.ambrosia.eu\/wp-content\/uploads\/2022\/08\/220818_ambrosia_goering-768x1024.jpg 768w, https:\/\/www.ambrosia.eu\/wp-content\/uploads\/2022\/08\/220818_ambrosia_goering-1152x1536.jpg 1152w, https:\/\/www.ambrosia.eu\/wp-content\/uploads\/2022\/08\/220818_ambrosia_goering-1536x2048.jpg 1536w, https:\/\/www.ambrosia.eu\/wp-content\/uploads\/2022\/08\/220818_ambrosia_goering.jpg 1772w\" sizes=\"(max-width: 225px) 100vw, 225px\" \/><\/p>\n<p>Maikls Gerlings (Michael Gerling)<br \/>\nRe\u0123. Galveno klientu vad\u012bt\u0101js<\/p>\n<p><\/div>\n<\/div>\n","protected":false},"excerpt":{"rendered":"","protected":false},"author":3,"featured_media":0,"parent":0,"menu_order":0,"comment_status":"closed","ping_status":"closed","template":"","meta":[],"acf":[],"_links":{"self":[{"href":"https:\/\/www.ambrosia.eu\/lv\/wp-json\/wp\/v2\/pages\/1626"}],"collection":[{"href":"https:\/\/www.ambrosia.eu\/lv\/wp-json\/wp\/v2\/pages"}],"about":[{"href":"https:\/\/www.ambrosia.eu\/lv\/wp-json\/wp\/v2\/types\/page"}],"author":[{"embeddable":true,"href":"https:\/\/www.ambrosia.eu\/lv\/wp-json\/wp\/v2\/users\/3"}],"replies":[{"embeddable":true,"href":"https:\/\/www.ambrosia.eu\/lv\/wp-json\/wp\/v2\/comments?post=1626"}],"version-history":[{"count":8,"href":"https:\/\/www.ambrosia.eu\/lv\/wp-json\/wp\/v2\/pages\/1626\/revisions"}],"predecessor-version":[{"id":4232,"href":"https:\/\/www.ambrosia.eu\/lv\/wp-json\/wp\/v2\/pages\/1626\/revisions\/4232"}],"wp:attachment":[{"href":"https:\/\/www.ambrosia.eu\/lv\/wp-json\/wp\/v2\/media?parent=1626"}],"curies":[{"name":"wp","href":"https:\/\/api.w.org\/{rel}","templated":true}]}}