{"id":1611,"date":"2017-10-30T12:24:06","date_gmt":"2017-10-30T11:24:06","guid":{"rendered":"https:\/\/www.ambrosia.eu\/?page_id=1611"},"modified":"2017-11-03T13:50:49","modified_gmt":"2017-11-03T12:50:49","slug":"barosanas-iemesli","status":"publish","type":"page","link":"https:\/\/www.ambrosia.eu\/lv\/barosanas-iemesli\/","title":{"rendered":"Baro\u0161anas iemesli"},"content":{"rendered":"<div class=\"row \"><div class=\"col-lg-6 col-md-6 col-xs-12 col-sm-6\"><\/p>\n<h3>Piebaro\u0161ana<\/h3>\n<p>Pavasar\u012b saules gaisma, temperat\u016bras paaugstin\u0101\u0161an\u0101s un ziedputek\u0161\u0146u par\u0101d\u012b\u0161an\u0101s ir stimuls un dzin\u0113js straujai bi\u0161u saimju att\u012bst\u012bbai. Bar\u012bbai j\u0101b\u016bt v\u0113l bag\u0101t\u012bgi pieejamai no ziemas bar\u012bbas rezerv\u0113m. Agr\u0101 pavasar\u012b daba parasti v\u0113l nenodro\u0161ina nekt\u0101ra ienesumu. Ja bar\u012bba vairs nav pieejama liel\u0101 daudzum\u0101, dro\u0161\u012bbas labad ieteicams bites piebarot ar ambrosia\u00ae s\u012brupu.<\/p>\n<h3>Bada st\u0101vok\u013ca nov\u0113r\u0161ana<\/h3>\n<p>Ja bites cie\u0161 badu, t\u0101s k\u013c\u016bst gurdenas un sakr\u012bt r\u0101m\u012b\u0161u spraug\u0101s. K\u0101 t\u016bl\u012bt\u0113ju pas\u0101kumu bi\u0161u ligzdas tuvum\u0101 var novietot 0,5 l ambrosia\u00ae s\u012brupa, kas uzsild\u012bts l\u012bdz \u0137erme\u0146a temperat\u016brai. P\u0113c 2 stund\u0101m bites atkal k\u013c\u016bst kust\u012bgas. \u0100rk\u0101rtas situ\u0101cija vienm\u0113r izraisa bi\u0161u att\u012bst\u012bbas kav\u0113\u0161anos, t\u0101p\u0113c iesp\u0113jami pat ekonomiski zaud\u0113jumi. Ja ziemas beig\u0101s da\u017e\u0101s bi\u0161u saim\u0113s tiek nov\u0113rots bar\u012bbas tr\u016bkums, tuk\u0161ie mal\u0113jie r\u0101m\u012b\u0161i l\u012bdz pat bi\u0161u ligzdai j\u0101iz\u0146em un j\u0101ievieto r\u0101m\u012b\u0161i ar bar\u012bbu no lab\u0101k apg\u0101d\u0101t\u0101m t\u0101s pa\u0161as dravas saim\u0113m. Alternat\u012bvi j\u0101piebaro ar siltu ambrosia\u00ae s\u012brupu (saite), ko vakar\u0101 iepilda barotav\u0101s. Svar\u012bgi, lai bar\u012bbas kr\u0101jumi b\u016btu vismaz 5 kg (kas atbilst trim pilniem medus r\u0101m\u012b\u0161iem).<\/p>\n<p>Agr\u0101 pavasar\u012b, pirms medus r\u0101m\u012b\u0161u ievieto\u0161anas, labv\u0113l\u012bgos laika apst\u0101k\u013cos ir nepiecie\u0161ama papildu piebaro\u0161ana ar 2-3 litriem ambrosia\u00ae s\u012brupa (saite).<\/p>\n<h3>Baro\u0161ana ienesuma tr\u016bkuma gad\u012bjum\u0101<\/h3>\n<p>\u0160eit var izl\u012bdz\u0113ties ar ambrosia\u00ae kandiju praktiskajos 2,5 kg iepakojumos, lai p\u0101rvar\u0113tu kritisko posmu l\u012bdz jauna ienesuma s\u0101kumam.<\/p>\n<h3>Baro\u0161ana nukleusos<\/h3>\n<p>Nukleusi ir n\u0101kam\u0101s sezonas garants un rezerve. Nukleusus ar peru r\u0101m\u012b\u0161iem veido rap\u0161u vai piene\u0146u zied\u0113\u0161anas s\u0101kum\u0101, kad daba pal\u012bdz nodro\u0161in\u0101t labus bar\u012bbas un ziedputek\u0161\u0146u kr\u0101jumus. Tom\u0113r bie\u017ei vien laika apst\u0101k\u013ci nav bit\u0113m labv\u0113l\u012bgi, un lietus vai aukstuma periodi ietekm\u0113 bi\u0161u ienesumu un lido\u0161anas iesp\u0113jas.<\/p>\n<p>Ienesuma esam\u012bbas gad\u012bjum\u0101 barot nav nepiecie\u0161ams. Bet pret\u0113j\u0101 gad\u012bjum\u0101 bites ik p\u0113c 8-10 dien\u0101m j\u0101piebaro ar vienu ambrosia\u00ae kandija iepakojumu. Tas aiztaupa darbu, un jauno bi\u0161u saimju att\u012bst\u012bba strauji progres\u0113, pateicoties nemain\u012bgai bar\u012bbas pl\u016bsmai. Ar atbilsto\u0161u kop\u0161anu un stropu papla\u0161in\u0101\u0161anu j\u016blija beig\u0101s ir piepild\u012bti divi korpusi ar 20 \u201cDN\u201d vai \u201cZander\u201d tipa r\u0101m\u012b\u0161iem. Baro\u0161anu j\u0101uzs\u0101k j\u016blija beig\u0101s ar ambrosia\u00ae kandiju. Tikai labi barotas jaun\u0101s bites ar sp\u0113c\u012bgu bi\u0161u m\u0101ti garant\u0113 sekm\u012bgu p\u0101rziemo\u0161anu un pilnv\u0113rt\u012bgas darbsp\u0113jas n\u0101kamaj\u0101 sezon\u0101.<\/p>\n<h3>Bi\u0161u m\u0101\u0161u audz\u0113\u0161ana<\/h3>\n<p>3 l\u012bdz 6 ned\u0113\u013cas pirms bi\u0161u m\u0101\u0161u audz\u0113\u0161anas tiek rad\u012btas un audz\u0113tas bites-kop\u0113jas. Pirms tam piene\u0146u, rap\u0161a vai taml. ziedputek\u0161\u0146u labam ienesumam b\u016btu j\u0101g\u0101d\u0101 par apjom\u012bgiem d\u0113jumiem. Optim\u0101la bi\u0161u-kop\u0113ju audz\u0113\u0161ana ir viens no vissvar\u012bg\u0101kajiem priek\u0161noteikumiem, lai nodro\u0161in\u0101tu labu cirme\u0146u pie\u0146em\u0161anu un apr\u016bpi.<\/p>\n<p><\/div>\n<div class=\"col-lg-6 col-md-6 col-xs-12 col-sm-6\"><\/p>\n<h2>Baro\u0161ana ziemas kr\u0101jumu veido\u0161anai \u2013 3 varianti<\/h2>\n<p>Atkar\u012bb\u0101 no darb\u012bbas re\u017e\u012bma un bi\u0161kopja pras\u012bb\u0101m ir iesp\u0113jami \u0161\u0101di varianti:<\/p>\n<h3>1. variants: ar ambrosia\u00ae kandiju<\/h3>\n<p>Tiek izbarots viens 15 kg iepakojums ambrosia\u00ae kandija. No\u0146emiet iepakojuma v\u0101ku kop\u0101 ar pl\u0113vi un novietojiet aug\u0161pusi uz leju t\u0101, lai bar\u012bba atrodas tie\u0161i uz r\u0101mja virs bi\u0161u ligzdas. P\u0101rsedziet ar tuk\u0161u korpusu un v\u0101ku. Ja p\u0113c 10-14 dien\u0101m kandijs ir ap\u0113sts, uzst\u0101diet v\u0113l pusi iepakojuma. Kop\u0101 ar atst\u0101taj\u0101m 3 kg medus rezerv\u0113m bites b\u016bs piln\u012bb\u0101 uz\u0146\u0113mu\u0161as nepiecie\u0161amo bar\u012bbu un ap 20. augustu b\u016bs gatavas ziemai. Turpm\u0101kai piebaro\u0161anai j\u0101izmanto vien\u012bgi ambrosia\u00ae s\u012brups. \u0160\u012b varianta liel\u0101k\u0101 priek\u0161roc\u012bba ir past\u0101v\u012bg\u0101 bar\u012bbas pl\u016bsma un darba ekonomija bit\u0113m. Bar\u012bba netiek iz\u0161\u013cakst\u012bta, kas ar\u012b samazina laup\u012b\u0161an\u0101s risku. (Rezult\u0101ts ir optim\u0101li koptas, nenoslogotas un labi att\u012bst\u012btas ziemas bites.)<\/p>\n<h3>2. variants: ar ambrosia\u00ae kandiju un s\u012brupu<\/h3>\n<p>Tiek izbarots viss iepakojums, k\u0101 aprakst\u012bts iepriek\u0161; kandijs uz topo\u0161\u0101s ziemas bi\u0161u saimes kvalit\u0101ti fiziolo\u0123iski iedarbojas efekt\u012bv\u0101k, nek\u0101 \u0161\u0137idrums. No augusta beig\u0101m l\u012bdz septembra s\u0101kumam atliku\u0161ais tr\u016bksto\u0161ais bar\u012bbas daudzums tiek papildin\u0101ts ar 8 l\u012bdz 10 litriem ambrosia\u00ae s\u012brupa.<\/p>\n<h3>3. variants: tikai ar ambrosia\u00ae s\u012brupu<\/h3>\n<p>L\u016bdzu, \u0146emiet v\u0113r\u0101: lielas saimes \u2013 lielas porcijas, mazas saimes \u2013 mazas porcijas. S\u012brups sniedz savas priek\u0161roc\u012bbas t\u0101 optim\u0101l\u0101 sast\u0101va d\u0113\u013c, un bit\u0113m ir viegli to p\u0101rstr\u0101d\u0101t, ja tiek piebarots v\u0113lu, jo tiek izmantots vir\u0161u vai eg\u013cu ienesums.<\/p>\n<p>&nbsp;<\/p>\n<p>V\u0113l\u0101 piebaro\u0161ana ziemai tiek veikta laikposm\u0101 no 20. septembra l\u012bdz oktobra vidum. Ar 17 litriem izbarota s\u012brupa ir viegli sagaid\u012bt agr\u012bn\u0101 ienesuma s\u0101kumu. Eksperimenti ar cukur\u016bdeni un ambrosia\u00ae s\u012brupu ir pier\u0101d\u012bju\u0161i, ka saimes, kas barotas ar s\u012brupu, ziemas bar\u012bbas sagatavo\u0161anu un aizv\u0101ko\u0161anu sp\u0113j pabeigt 3 l\u012bdz 6 dienas agr\u0101k.<\/p>\n<p><a href=\"https:\/\/www.ambrosia.eu\/wp-content\/uploads\/2017\/10\/ambrosia-beefeed-matrix-LV.jpg\"><img loading=\"lazy\" class=\"alignleft size-full wp-image-1888\" src=\"https:\/\/www.ambrosia.eu\/wp-content\/uploads\/2017\/10\/ambrosia-beefeed-matrix-LV.jpg\" alt=\"\" width=\"1299\" height=\"589\" srcset=\"https:\/\/www.ambrosia.eu\/wp-content\/uploads\/2017\/10\/ambrosia-beefeed-matrix-LV.jpg 1299w, https:\/\/www.ambrosia.eu\/wp-content\/uploads\/2017\/10\/ambrosia-beefeed-matrix-LV-300x136.jpg 300w, https:\/\/www.ambrosia.eu\/wp-content\/uploads\/2017\/10\/ambrosia-beefeed-matrix-LV-768x348.jpg 768w, https:\/\/www.ambrosia.eu\/wp-content\/uploads\/2017\/10\/ambrosia-beefeed-matrix-LV-1024x464.jpg 1024w\" sizes=\"(max-width: 1299px) 100vw, 1299px\" \/><\/a><\/p>\n<p><a href=\"https:\/\/www.ambrosia.eu\/lv\/kontakti\/\" target=\"_blank\" rel=\"noopener\">M\u0113s labpr\u0101t atbild\u0113sim uz J\u016bsu jaut\u0101jumiem un sniegsim inform\u0101ciju par Jums tuv\u0101ko izplat\u012bt\u0101ju<\/a><\/p>\n<p><a class=\"btn btn-primary btn-xs  \" href=\"https:\/\/www.ambrosia.eu\/de\/kontakti\/\"  rel=\"\"  target=\"_self\">kontakti <i class=\"glyphicon glyphicon-menu-right\" ><\/i><\/a>\n<\/div>\n<\/div>\n","protected":false},"excerpt":{"rendered":"","protected":false},"author":3,"featured_media":0,"parent":0,"menu_order":0,"comment_status":"closed","ping_status":"closed","template":"","meta":[],"acf":[],"_links":{"self":[{"href":"https:\/\/www.ambrosia.eu\/lv\/wp-json\/wp\/v2\/pages\/1611"}],"collection":[{"href":"https:\/\/www.ambrosia.eu\/lv\/wp-json\/wp\/v2\/pages"}],"about":[{"href":"https:\/\/www.ambrosia.eu\/lv\/wp-json\/wp\/v2\/types\/page"}],"author":[{"embeddable":true,"href":"https:\/\/www.ambrosia.eu\/lv\/wp-json\/wp\/v2\/users\/3"}],"replies":[{"embeddable":true,"href":"https:\/\/www.ambrosia.eu\/lv\/wp-json\/wp\/v2\/comments?post=1611"}],"version-history":[{"count":6,"href":"https:\/\/www.ambrosia.eu\/lv\/wp-json\/wp\/v2\/pages\/1611\/revisions"}],"predecessor-version":[{"id":1892,"href":"https:\/\/www.ambrosia.eu\/lv\/wp-json\/wp\/v2\/pages\/1611\/revisions\/1892"}],"wp:attachment":[{"href":"https:\/\/www.ambrosia.eu\/lv\/wp-json\/wp\/v2\/media?parent=1611"}],"curies":[{"name":"wp","href":"https:\/\/api.w.org\/{rel}","templated":true}]}}