{"id":1599,"date":"2017-10-30T11:55:33","date_gmt":"2017-10-30T10:55:33","guid":{"rendered":"https:\/\/www.ambrosia.eu\/?page_id=1599"},"modified":"2017-11-06T17:54:38","modified_gmt":"2017-11-06T16:54:38","slug":"padomi-kapec-barot","status":"publish","type":"page","link":"https:\/\/www.ambrosia.eu\/lv\/padomi-kapec-barot\/","title":{"rendered":"Padomi &#8211; K\u0101p\u0113c barot?"},"content":{"rendered":"<div class=\"row \"><div class=\"col-lg-6 col-md-6 col-xs-12 col-sm-6\"><\/p>\n<p>Bads nodara kait\u0113jumu bi\u0161u saimei, turpret\u012b bag\u0101t\u012bgs bar\u012bbas pied\u0101v\u0101jums, kas ir optim\u0101li piel\u0101gots bi\u0161u vajadz\u012bb\u0101m, veicina un nodro\u0161ina bi\u0161u dz\u012bvotsp\u0113ju.<br \/>\nBites nevien\u0101 br\u012bd\u012b nedr\u012bkst pak\u013caut bar\u012bbas tr\u016bkumam. Ja kr\u0101jumi bi\u0161u saim\u0113 tuvojas 5 kg robe\u017eai (divi pilni \u201cDN\u201d vai \u201cZander\u201d tipa r\u0101m\u012b\u0161i) un ja bar\u012bbas pl\u016bsma no \u0101rpuses aps\u012bkst, jau iest\u0101jas bar\u012bbas tr\u016bkums. V\u0113l pirms p\u0113d\u0113jo bar\u012bbas rezervju izbeig\u0161an\u0101s bites jau p\u0101riet uz \u201c\u0101rk\u0101rtas re\u017e\u012bmu\u201d.<\/p>\n<p>Sekas ir ierobe\u017eota vairo\u0161an\u0101s, putek\u0161\u0146u v\u0101k\u0161anas un t\u012br\u012b\u0161anas aktivit\u0101te, s\u0101kas peru kanib\u0101lisms. Bi\u0161u saime cen\u0161as izdz\u012bvot ar laup\u012b\u0161anos. Kad kr\u0101jumi ir piln\u012bgi izs\u012bku\u0161i, bites drebo\u0161as vai nekust\u012bgas s\u0113\u017e uz r\u0101m\u012b\u0161iem. Tad s\u0101k mirt pirm\u0101s bites, un p\u0113c da\u017e\u0101m stund\u0101m ir mirusi jau visa saime. Tipiska bada n\u0101ves aina:<\/p>\n<ul>\n<li>bites ar \u0161\u016bn\u0101s ieb\u0101ztu galvu,<\/li>\n<li>stropa pamatne ir nos\u0113ta ar t\u016bksto\u0161iem miru\u0161o bi\u0161u.<\/li>\n<\/ul>\n<p>Bi\u0161kopja pirmais pien\u0101kums ir savlaic\u012bgi paman\u012bt bar\u012bbas tr\u016bkumu un to nov\u0113rst. Starp citu, V\u0101cij\u0101 daudz vair\u0101k bi\u0161u saimju mirst no bada, nek\u0101 no bi\u0161u slim\u012bb\u0101m, no kur\u0101m visi tik \u013coti baid\u0101s.<\/p>\n<p><\/div>\n<div class=\"col-lg-6 col-md-6 col-xs-12 col-sm-6\"><\/p>\n<h2>Bar\u012bbas kr\u0101jumu nov\u0113rt\u0113\u0161ana p\u0113c L\u012bbefeldera metodes<\/h2>\n<p>Lai noteiktu bar\u012bbas kr\u0101jumus, tuk\u0161u r\u0101m\u012bti ar saimniec\u012bbas gumij\u0101m sadala asto\u0146os vien\u0101dos laukumos. Ja konstrukciju tur virs p\u0101rbaud\u0101m\u0101 r\u0101m\u012b\u0161a, ieg\u016bst \u0161\u0101dus rezult\u0101tus:<\/p>\n<p>Viena astot\u0101 da\u013ca no aizv\u0101kot\u0101 bar\u012bbas r\u0101m\u012b\u0161a puses satur:<\/p>\n<p><div class=\"table-responsive\"><table width=\"100%\" class=\"table \" style=\"table-striped\">\n<thead><tr>\n<th>R\u0101m\u012b\u0161a tips<\/th>\n<th>Bar\u012bba<\/th>\n<\/tr><\/thead>\n<tbody>\n<tr>\n<td>DN <\/td>\n<td>111 g<\/td>\n<\/tr>\n<tr>\n<td>Zander <\/td>\n<td>125 g<\/td>\n<\/tr>\n<tr>\n<td>Langstroth <\/td>\n<td>140 g<\/td>\n<\/tr>\n<tr>\n<td>Dadant <\/td>\n<td>175 g<\/td>\n<\/tr>\n<\/tbody>\n<\/table><\/div><\/p>\n<h3>Piem\u0113rs:<\/h3>\n<p>\u201cZander\u201d tipa r\u0101m\u012btis, no vienas puses 8 piln\u012bb\u0101 aizv\u0101koti bar\u012bbas kvadranti, no otras puses 4 aizv\u0101koti bar\u012bbas kvadranti.<\/p>\n<p>Rezult\u0101ts: (8 + 4) x 125 g = 1500 g bar\u012bbas \u0161aj\u0101 r\u0101m\u012bt\u012b. Tiek \u0146emtas v\u0113r\u0101 ar\u012b astotda\u013cu puses.<\/p>\n<p>Piln\u012bb\u0101 aizv\u0101kot\u0101 r\u0101m\u012bt\u012b ir 16 kvadranti = 2000 g bar\u012bbas.<\/p>\n<p>K\u0101 bi\u0161u baro\u0161anas speci\u0101listi m\u0113s no \u201cambrosia\u201d grib\u0113tu Jums sniegt padomu un atbalstu visos bi\u0161u bar\u012bbas jaut\u0101jumos.<\/p>\n<p>Uzziniet vair\u0101k par:<\/p>\n<p><a class=\"btn btn-primary btn-xs\" href=\"https:\/\/www.ambrosia.eu\/lv\/Bi\u0161u-gada-cikls\" target=\"_blank\" rel=\"noopener\">Bi\u0161u gada cikls<\/a><\/p>\n<p><a class=\"btn btn-primary btn-xs\" href=\"https:\/\/www.ambrosia.eu\/lv\/Baro\u0161anas-iemesli\" target=\"_blank\" rel=\"noopener\">Baro\u0161anas iemesli<\/a><\/p>\n<p><a  class=\"btn btn-primary btn-xs\" href=\"https:\/\/www.ambrosia.eu\/lv\/Bar\u012bbas-alternat\u012bvas\/\" target=\"_blank\" rel=\"noopener\">Bar\u012bbas alternat\u012bvas<\/a><\/p>\n<p>&nbsp;<\/p>\n<p><a href=\"https:\/\/www.ambrosia.eu\/lv\/kontakti\/\" target=\"_blank\" rel=\"noopener\">M\u0113s labpr\u0101t atbild\u0113sim uz J\u016bsu jaut\u0101jumiem un sniegsim inform\u0101ciju par Jums tuv\u0101ko izplat\u012bt\u0101ju<\/a><\/p>\n<p><a class=\"btn btn-primary btn-xs  \" href=\"\/kontakti\"  rel=\"\"  target=\"_self\">kontakti <i class=\"glyphicon glyphicon-menu-right\" ><\/i><\/a><\/p>\n<p>&nbsp;<\/p>\n<p><\/div>\n<\/div>\n","protected":false},"excerpt":{"rendered":"","protected":false},"author":3,"featured_media":0,"parent":0,"menu_order":0,"comment_status":"closed","ping_status":"closed","template":"","meta":[],"acf":[],"_links":{"self":[{"href":"https:\/\/www.ambrosia.eu\/lv\/wp-json\/wp\/v2\/pages\/1599"}],"collection":[{"href":"https:\/\/www.ambrosia.eu\/lv\/wp-json\/wp\/v2\/pages"}],"about":[{"href":"https:\/\/www.ambrosia.eu\/lv\/wp-json\/wp\/v2\/types\/page"}],"author":[{"embeddable":true,"href":"https:\/\/www.ambrosia.eu\/lv\/wp-json\/wp\/v2\/users\/3"}],"replies":[{"embeddable":true,"href":"https:\/\/www.ambrosia.eu\/lv\/wp-json\/wp\/v2\/comments?post=1599"}],"version-history":[{"count":10,"href":"https:\/\/www.ambrosia.eu\/lv\/wp-json\/wp\/v2\/pages\/1599\/revisions"}],"predecessor-version":[{"id":1915,"href":"https:\/\/www.ambrosia.eu\/lv\/wp-json\/wp\/v2\/pages\/1599\/revisions\/1915"}],"wp:attachment":[{"href":"https:\/\/www.ambrosia.eu\/lv\/wp-json\/wp\/v2\/media?parent=1599"}],"curies":[{"name":"wp","href":"https:\/\/api.w.org\/{rel}","templated":true}]}}