{"id":1595,"date":"2017-10-30T11:34:51","date_gmt":"2017-10-30T10:34:51","guid":{"rendered":"https:\/\/www.ambrosia.eu\/?page_id=1595"},"modified":"2017-11-03T13:56:37","modified_gmt":"2017-11-03T12:56:37","slug":"labaka-bariba","status":"publish","type":"page","link":"https:\/\/www.ambrosia.eu\/lv\/labaka-bariba\/","title":{"rendered":"Lab\u0101k\u0101 bar\u012bba"},"content":{"rendered":"<div class=\"row \"><div class=\"col-lg-6 col-md-6 col-xs-12 col-sm-6\"><\/p>\n<h3>Lab\u0101k\u0101 bar\u012bba<\/h3>\n<p>K\u0101, piem\u0113ram, ambrosia\u00ae s\u012brups un kandijs, kas ir bi\u0161u bar\u012bba uz cukura b\u0101zes un tiek veiksm\u012bgi izmantota vair\u0101k nek\u0101 25 gadus, lai papildin\u0101tu vai aizst\u0101tu bi\u0161u dab\u012bg\u0101s bar\u012bbas avotus un<br \/>\nkalpotu par ener\u0123ijas avotu sekm\u012bgai p\u0101rziemo\u0161anai.<\/p>\n<h3>Labas bi\u0161u bar\u012bbas raksturojums:<\/h3>\n<ul>\n<li>Optim\u0101la standarta kvalit\u0101tes recepte,<\/li>\n<li>Zems ener\u0123ijas pat\u0113ri\u0146\u0161, uz\u0146emot bar\u012bbu, un t\u0101s optim\u0101la sagremojam\u012bba,<\/li>\n<li>Bar\u012bbas uzturvielu maksim\u0101ls izmantojums,<\/li>\n<li>Nemain\u012bga kvalit\u0101te,<\/li>\n<li>Der\u012bguma termi\u0146\u0161 (ilgsto\u0161s uzglab\u0101\u0161anas laiks, biolo\u0123isk\u0101 stabilit\u0101te),<\/li>\n<li>\u0112rta lieto\u0161ana (uzglab\u0101\u0161ana, doz\u0113\u0161ana, gatav\u012bba lieto\u0161anai),<\/li>\n<li>Bez smar\u017eas, lai nov\u0113rstu laup\u012b\u0161an\u0101s.<\/li>\n<\/ul>\n<p><\/div>\n<div class=\"col-lg-6 col-md-6 col-xs-12 col-sm-6\"><\/p>\n<p>Nekt\u0101rs, ziedputek\u0161\u0146i un \u016bdens bit\u0113m jau miljoniem gadu ir nodro\u0161in\u0101jis sugas turpin\u0101\u0161anu. Vides ietekmes, bi\u0161kopja k\u013c\u016bdaina nov\u0113rt\u0113juma, slim\u012bbu un kait\u0113k\u013cu ietekmes d\u0113\u013c vair\u0101k nek\u0101 jebkad agr\u0101k ir nepiecie\u0161ama kontrole un optim\u0101las kvalit\u0101tes bar\u012bbas nodro\u0161in\u0101jums, ja dab\u012bg\u0101s bar\u012bbas pied\u0101v\u0101jums nav pietiekams.<\/p>\n<p>Bi\u0161u tur\u0113\u0161ana noz\u012bm\u0113 daudz vair\u0101k, nek\u0101 nodro\u0161in\u0101t t\u0101s ar m\u0101jvietu un apkarot bi\u0161u \u0113rces. Bites ir \u013coti pras\u012bgas attiec\u012bb\u0101 uz bar\u012bbas kvalit\u0101ti. Uz jebk\u0101da veida bar\u012bbas tr\u016bkumu, kad nav pieejams optim\u0101ls cukura spektrs un bar\u012bbai ir nepietiekams sast\u0101vs, bites rea\u0123\u0113 ar samazin\u0101tu dz\u012bvotsp\u0113ju. Sekas ir bi\u0161u caureja vai nozematoze.<\/p>\n<p>Izmantojot ambrosia\u00ae bi\u0161u bar\u012bbu, J\u016bs varat b\u016bt p\u0101rliecin\u0101ti, ka izv\u0113laties lab\u0101ko savu bi\u0161u uzturam.<\/p>\n<p><a href=\"https:\/\/www.ambrosia.eu\/lv\/kontakti\/\" target=\"_blank\" rel=\"noopener\">M\u0113s labpr\u0101t atbild\u0113sim uz J\u016bsu jaut\u0101jumiem un sniegsim inform\u0101ciju par Jums tuv\u0101ko izplat\u012bt\u0101ju<\/a><\/p>\n<p><a class=\"btn btn-primary btn-xs  \" href=\"https:\/\/www.ambrosia.eu\/de\/kontakti\/\"  rel=\"\"  target=\"_self\">kontakti <i class=\"glyphicon glyphicon-menu-right\" ><\/i><\/a><\/p>\n<p>&nbsp;<\/p>\n<p>&nbsp;<\/p>\n<p><\/div>\n<\/div>\n","protected":false},"excerpt":{"rendered":"","protected":false},"author":3,"featured_media":0,"parent":0,"menu_order":0,"comment_status":"closed","ping_status":"closed","template":"","meta":[],"acf":[],"_links":{"self":[{"href":"https:\/\/www.ambrosia.eu\/lv\/wp-json\/wp\/v2\/pages\/1595"}],"collection":[{"href":"https:\/\/www.ambrosia.eu\/lv\/wp-json\/wp\/v2\/pages"}],"about":[{"href":"https:\/\/www.ambrosia.eu\/lv\/wp-json\/wp\/v2\/types\/page"}],"author":[{"embeddable":true,"href":"https:\/\/www.ambrosia.eu\/lv\/wp-json\/wp\/v2\/users\/3"}],"replies":[{"embeddable":true,"href":"https:\/\/www.ambrosia.eu\/lv\/wp-json\/wp\/v2\/comments?post=1595"}],"version-history":[{"count":3,"href":"https:\/\/www.ambrosia.eu\/lv\/wp-json\/wp\/v2\/pages\/1595\/revisions"}],"predecessor-version":[{"id":1900,"href":"https:\/\/www.ambrosia.eu\/lv\/wp-json\/wp\/v2\/pages\/1595\/revisions\/1900"}],"wp:attachment":[{"href":"https:\/\/www.ambrosia.eu\/lv\/wp-json\/wp\/v2\/media?parent=1595"}],"curies":[{"name":"wp","href":"https:\/\/api.w.org\/{rel}","templated":true}]}}