{"id":1568,"date":"2017-10-30T09:48:51","date_gmt":"2017-10-30T08:48:51","guid":{"rendered":"https:\/\/www.ambrosia.eu\/?page_id=1568"},"modified":"2023-12-01T12:07:31","modified_gmt":"2023-12-01T11:07:31","slug":"ambrosia-kandijs","status":"publish","type":"page","link":"https:\/\/www.ambrosia.eu\/lv\/ambrosia-kandijs\/","title":{"rendered":"ambrosia\u00ae kandijs"},"content":{"rendered":"<div class=\"row \"><div class=\"col-lg-6 col-md-6 col-xs-12 col-sm-6\"><\/p>\n<p>ambrosia\u00ae kandijs ir no mikrosmalka cukura pagatavota pastveida masa, p\u0101rkl\u0101ta ar iz\u0161\u0137\u012bdin\u0101tu da\u017e\u0101du veidu cukuru s\u012brupa k\u0101rti\u0146u. S\u012brups nov\u0113r\u0161 krist\u0101lu saciet\u0113\u0161anu un \u013cauj bit\u0113m viegli uz\u0146emt bar\u012bbu. \u0145emot v\u0113r\u0101 zemo \u016bdens saturu, ambrozia\u00ae kandija uzglab\u0101\u0161anas laiks ir vismaz 24 m\u0113ne\u0161i, uzglab\u0101jot to optim\u0101los apst\u0101k\u013cos.<\/p>\n<p>Produkts ir pieejams \u0161\u0101dos iepakojuma variantos:<\/p>\n<ul>\n<li>15 kg kartona k\u0101rba ar pl\u0113vi iek\u0161pus\u0113,<\/li>\n<li>2,5 kg porciju iepakojums (5 porcijas PE pl\u0113ves iepakojum\u0101, kartona kast\u0113)<\/li>\n<\/ul>\n<p><\/div>\n<div class=\"col-lg-6 col-md-6 col-xs-12 col-sm-6\"><\/p>\n<p>Praktisk\u0101s lieto\u0161anas priek\u0161roc\u012bbu d\u0113\u013c \u012bpa\u0161i ieteicams ir porciju iepakojums. Kandija izbaro\u0161ana ir \u013coti vienk\u0101r\u0161a: 15 kg iepakojumu iz\u0146em no kartona k\u0101rbas kop\u0101 ar pl\u0113vi un novieto ar atv\u0113rto pusi uz r\u0101m\u012b\u0161a vai porcion\u0113, atbilsto\u0161i vajadz\u012bb\u0101m grie\u017eot no bloka. Pl\u0113ve ne\u013cauj kandijam sakalst.<\/p>\n<p>2,5 kg iepakojuma gareniskaj\u0101 pus\u0113 ar nazi iegrie\u017e apm. 2 cm platu joslu. T\u0101d\u0113j\u0101di n\u0101kamo 7 dienu laik\u0101 katru dienu bites var uz\u0146emt apm. 400 g bar\u012bbas. Kandiju ieteicams izmantot, audz\u0113jot bi\u0161u m\u0101tes un jaun\u0101s bites nukleusos.<\/p>\n<p><\/div>\n<\/div>\n<p><div class=\"row \"><div class=\"col-lg-6 col-md-6 col-xs-12 col-sm-6\">\n<img loading=\"lazy\" class=\"alignnone wp-image-4314 size-medium\" src=\"https:\/\/www.ambrosia.eu\/wp-content\/uploads\/2023\/12\/ambrosia_Teig_15kg_Karton-300x205.png\" alt=\"\" width=\"300\" height=\"205\" srcset=\"https:\/\/www.ambrosia.eu\/wp-content\/uploads\/2023\/12\/ambrosia_Teig_15kg_Karton-300x205.png 300w, https:\/\/www.ambrosia.eu\/wp-content\/uploads\/2023\/12\/ambrosia_Teig_15kg_Karton-1024x699.png 1024w, https:\/\/www.ambrosia.eu\/wp-content\/uploads\/2023\/12\/ambrosia_Teig_15kg_Karton-768x524.png 768w, https:\/\/www.ambrosia.eu\/wp-content\/uploads\/2023\/12\/ambrosia_Teig_15kg_Karton-1536x1048.png 1536w, https:\/\/www.ambrosia.eu\/wp-content\/uploads\/2023\/12\/ambrosia_Teig_15kg_Karton.png 1662w\" sizes=\"(max-width: 300px) 100vw, 300px\" \/><\/p>\n<h3>kartons<\/h3>\n<p><strong>15 kg<br \/>\n<\/strong>Art.-Nr.: 37237<br \/>\nDaudzums uz paletes: 50 gabali<\/p>\n<div class=\"clearfix\"><\/div>\n<p><img loading=\"lazy\" class=\"alignnone wp-image-4303 size-medium\" src=\"https:\/\/www.ambrosia.eu\/wp-content\/uploads\/2023\/12\/ambrosia_Teig_5x2_5kg_Kombi_v1-300x221.jpg\" alt=\"\" width=\"300\" height=\"221\" srcset=\"https:\/\/www.ambrosia.eu\/wp-content\/uploads\/2023\/12\/ambrosia_Teig_5x2_5kg_Kombi_v1-300x221.jpg 300w, https:\/\/www.ambrosia.eu\/wp-content\/uploads\/2023\/12\/ambrosia_Teig_5x2_5kg_Kombi_v1-1024x753.jpg 1024w, https:\/\/www.ambrosia.eu\/wp-content\/uploads\/2023\/12\/ambrosia_Teig_5x2_5kg_Kombi_v1-768x565.jpg 768w, https:\/\/www.ambrosia.eu\/wp-content\/uploads\/2023\/12\/ambrosia_Teig_5x2_5kg_Kombi_v1-1536x1129.jpg 1536w, https:\/\/www.ambrosia.eu\/wp-content\/uploads\/2023\/12\/ambrosia_Teig_5x2_5kg_Kombi_v1-2048x1506.jpg 2048w\" sizes=\"(max-width: 300px) 100vw, 300px\" \/><\/p>\n<h3>vienreiz\u0113js pakalpojums<\/h3>\n<p><strong>5 x 2,5 kg<br \/>\n<\/strong>Art.-Nr.: 372998<br \/>\nDaudzums uz paletes: 64 gabali<\/p>\n<div class=\"clearfix\"><\/div>\n<h2>Uzglab\u0101\u0161ana un der\u012bguma termi\u0146\u0161<\/h2>\n<p>Produkts uzglab\u0101jams saus\u0101s telp\u0101s temperat\u016br\u0101 no 10 \u00b0C l\u012bdz 17 \u00b0C. Sarg\u0101t no sala.<\/p>\n<h3>Der\u012bguma termi\u0146\u0161 (MHD):<\/h3>\n<p>Bi\u0161u bar\u012bbas kandijs: 24 m\u0113ne\u0161i.<br \/>\nAr nosac\u012bjumu, ka iepakojums nav atv\u0113rts.<br \/>\nAtv\u0113rtie iepakojumi j\u0101izmanto tuv\u0101kaj\u0101 laik\u0101.<\/p>\n<p><a href=\"https:\/\/www.ambrosia.eu\/en\/kontakti\/\" target=\"_blank\" rel=\"noopener\">M\u0113s labpr\u0101t sniegsim inform\u0101ciju par Jums tuv\u0101ko izplat\u012bt\u0101ju<\/a><\/p>\n<p><a class=\"btn btn-primary btn-xs  \" href=\"\/kontakti\"  rel=\"\"  target=\"_self\">kontakti <i class=\"glyphicon glyphicon-menu-right\" ><\/i><\/a>\n<\/div>\n<div class=\"col-lg-6 col-md-6 col-xs-12 col-sm-6\"><img loading=\"lazy\" class=\"alignnone size-large wp-image-905\" src=\"https:\/\/www.ambrosia.eu\/wp-content\/uploads\/2017\/01\/ambrosia-beefeed-dough-application-1-1024x493.jpg\" alt=\"ambrosia-beefeed-dough-application-1\" width=\"1024\" height=\"493\" srcset=\"https:\/\/www.ambrosia.eu\/wp-content\/uploads\/2017\/01\/ambrosia-beefeed-dough-application-1-1024x493.jpg 1024w, https:\/\/www.ambrosia.eu\/wp-content\/uploads\/2017\/01\/ambrosia-beefeed-dough-application-1-300x145.jpg 300w, https:\/\/www.ambrosia.eu\/wp-content\/uploads\/2017\/01\/ambrosia-beefeed-dough-application-1-768x370.jpg 768w, https:\/\/www.ambrosia.eu\/wp-content\/uploads\/2017\/01\/ambrosia-beefeed-dough-application-1.jpg 1299w\" sizes=\"(max-width: 1024px) 100vw, 1024px\" \/><\/p>\n<div class=\"clearfix\"><\/div>\n<p><img loading=\"lazy\" class=\"alignnone size-large wp-image-906\" src=\"https:\/\/www.ambrosia.eu\/wp-content\/uploads\/2017\/01\/ambrosia-beefeed-dough-application-2-1024x689.jpg\" alt=\"ambrosia-beefeed-dough-application-2\" width=\"1024\" height=\"689\" srcset=\"https:\/\/www.ambrosia.eu\/wp-content\/uploads\/2017\/01\/ambrosia-beefeed-dough-application-2-1024x689.jpg 1024w, https:\/\/www.ambrosia.eu\/wp-content\/uploads\/2017\/01\/ambrosia-beefeed-dough-application-2-300x202.jpg 300w, https:\/\/www.ambrosia.eu\/wp-content\/uploads\/2017\/01\/ambrosia-beefeed-dough-application-2-768x517.jpg 768w, https:\/\/www.ambrosia.eu\/wp-content\/uploads\/2017\/01\/ambrosia-beefeed-dough-application-2.jpg 1299w\" sizes=\"(max-width: 1024px) 100vw, 1024px\" \/><\/div>\n<\/div><br \/>\n<div class=\"row \"><div class=\"col-lg-6 col-md-6 col-xs-12 col-sm-6\"><\/p>\n<p><\/div><div class=\"col-lg-6 col-md-6 col-xs-12 col-sm-6\"> <\/div>\n<\/div><\/p>\n","protected":false},"excerpt":{"rendered":"","protected":false},"author":3,"featured_media":0,"parent":0,"menu_order":0,"comment_status":"closed","ping_status":"closed","template":"","meta":[],"acf":[],"_links":{"self":[{"href":"https:\/\/www.ambrosia.eu\/lv\/wp-json\/wp\/v2\/pages\/1568"}],"collection":[{"href":"https:\/\/www.ambrosia.eu\/lv\/wp-json\/wp\/v2\/pages"}],"about":[{"href":"https:\/\/www.ambrosia.eu\/lv\/wp-json\/wp\/v2\/types\/page"}],"author":[{"embeddable":true,"href":"https:\/\/www.ambrosia.eu\/lv\/wp-json\/wp\/v2\/users\/3"}],"replies":[{"embeddable":true,"href":"https:\/\/www.ambrosia.eu\/lv\/wp-json\/wp\/v2\/comments?post=1568"}],"version-history":[{"count":9,"href":"https:\/\/www.ambrosia.eu\/lv\/wp-json\/wp\/v2\/pages\/1568\/revisions"}],"predecessor-version":[{"id":4324,"href":"https:\/\/www.ambrosia.eu\/lv\/wp-json\/wp\/v2\/pages\/1568\/revisions\/4324"}],"wp:attachment":[{"href":"https:\/\/www.ambrosia.eu\/lv\/wp-json\/wp\/v2\/media?parent=1568"}],"curies":[{"name":"wp","href":"https:\/\/api.w.org\/{rel}","templated":true}]}}