{"id":1555,"date":"2017-10-28T10:11:18","date_gmt":"2017-10-28T08:11:18","guid":{"rendered":"https:\/\/www.ambrosia.eu\/?page_id=1555"},"modified":"2018-07-10T15:32:06","modified_gmt":"2018-07-10T13:32:06","slug":"__trashed","status":"publish","type":"page","link":"https:\/\/www.ambrosia.eu\/lv\/","title":{"rendered":"ambrosia\u00ae \u2013 Bi\u0161u bar\u012bba ar p\u0101rliecino\u0161\u0101m priek\u0161roc\u012bb\u0101m par izdev\u012bgu cenu"},"content":{"rendered":"<h2>Bi\u0161u bar\u012bba ar p\u0101rliecino\u0161\u0101m priek\u0161roc\u012bb\u0101m par izdev\u012bgu cenu<\/h2>\n<h2>Sp\u0113cino\u0161a bar\u012bba J\u016bsu \u010daklajiem darbiniekiem:<\/h2>\n<p>Ar ambrosia\u00ae J\u016bs sniedzat sav\u0101m bit\u0113m augst\u0101k\u0101s t\u012br\u012bbas un pilnv\u0113rt\u012bbas pak\u0101pes bar\u012bbu, jo ambrosia\u00ae ir gatav\u0101 bar\u012bba uz saharozes b\u0101zes un ir piel\u0101gota bi\u0161u \u012bpa\u0161aj\u0101m vajadz\u012bb\u0101m, vadoties p\u0113c to dab\u012bg\u0101s bar\u012bbas. ambrosia\u00ae bi\u0161u bar\u012bba ir viegli uz\u0146emama, viegli sagremojama un ar maksim\u0101li izmantojamu uzturv\u0113rt\u012bbu. Recepte veidota t\u0101, lai bit\u0113m b\u016btu j\u0101pat\u0113r\u0113 iesp\u0113jami maz\u0101k ener\u0123ijas bar\u012bbas p\u0101rstr\u0101d\u0113. ambrosia\u00ae bi\u0161u bar\u012bba ir \u0113rti lietojama, t\u0101 ir jau gatava lieto\u0161anai un pieejama pat\u0113ri\u0146am nepiecie\u0161amajos iepakojumos. Sertific\u0113t\u0101 ra\u017eo\u0161ana garant\u0113 nemain\u012bgi augstu produktu kvalit\u0101ti. ambrosia\u00ae bi\u0161u bar\u012bba ir higi\u0113niska un ilgsto\u0161i uzglab\u0101jama.<br \/>\nPraks\u0113 t\u0101 sevi ir pier\u0101d\u012bjusi jau vair\u0101k nek\u0101 35 gadus.<br \/>\n<div class=\"row \"><div class=\"col-lg-6 col-md-6 col-xs-12 col-sm-6\"><\/p>\n<h3><a href=\"https:\/\/www.ambrosia.eu\/lv\/ambrosia\u00ae s\u012brups\" target=\"_blank\" rel=\"noopener\">ambrosia\u00ae s\u012brups<\/a> <i class=\" glyphicon glyphicon-menu-right \" style=\" font-size:12px;\"><\/i><\/h3>\n<ul>\n<li>Visvair\u0101k pietuvin\u0101ts bi\u0161u dab\u012bgajai bar\u012bbai;<\/li>\n<li>Nodro\u0161ina bit\u0113m vieglu bar\u012bbas uz\u0146em\u0161anas veidu;<\/li>\n<li>Ide\u0101ls agrai un v\u0113lai bi\u0161u piebaro\u0161anai, lai sagatavotos ziemai.<\/li>\n<\/ul>\n<p><\/div>\n<div class=\"col-lg-6 col-md-6 col-xs-12 col-sm-6\"><\/p>\n<h3><a href=\"https:\/\/www.ambrosia.eu\/lv\/ambrosia\u00ae kandijs\/\" target=\"_blank\" rel=\"noopener\">ambrosia\u00ae kandijs<\/a> <i class=\" glyphicon glyphicon-menu-right \" style=\" font-size:12px;\"><\/i><\/h3>\n<ul>\n<li>Bit\u0113m ir \u012bpa\u0161i viegli uz\u0146emt mikrosmalkos cukura krist\u0101lus;<\/li>\n<li>Ide\u0101li piem\u0113rots bar\u012bbas tr\u016bkuma nov\u0113r\u0161anai;<\/li>\n<li>Piem\u0113rots bi\u0161u m\u0101\u0161u audz\u0113\u0161anai viena r\u0101m\u012b\u0161a un vair\u0101ku r\u0101m\u012b\u0161u stropos.<\/li>\n<\/ul>\n<p><\/div>\n<\/div><div class=\"row \"><div class=\"col-lg-6 col-md-6 col-xs-12 col-sm-6\"><\/p>\n<p>Bro\u0161\u016bra lejupiel\u0101dei pdf<br \/>\n<a href=\"https:\/\/www.ambrosia.eu\/wp-content\/uploads\/2018\/07\/Ambrosia_Brosch_let_kor3.pdf\" target=\"_blank\" rel=\"noopener\">Ambrosia_Bro\u0161\u016bra<\/a><\/p>\n<p><\/div>\n<div class=\"col-lg-6 col-md-6 col-xs-12 col-sm-6\"><\/p>\n<p><a href=\"https:\/\/www.ambrosia.eu\/lv\/kontakti\/\" target=\"_blank\" rel=\"noopener\">M\u0113s labpr\u0101t atbild\u0113sim uz J\u016bsu jaut\u0101jumiem un sniegsim inform\u0101ciju par Jums tuv\u0101ko izplat\u012bt\u0101ju.<\/a><\/p>\n<a class=\"btn btn-primary btn-xs  \" href=\"\/kontakti\"  rel=\"\"  target=\"_self\">kontakti <i class=\"glyphicon glyphicon-menu-right\" ><\/i><\/a>\n<p><\/div>\n<\/div><\/p>\n","protected":false},"excerpt":{"rendered":"<p>Bi\u0161u bar\u012bba ar p\u0101rliecino\u0161\u0101m priek\u0161roc\u012bb\u0101m par izdev\u012bgu cenu Sp\u0113cino\u0161a bar\u012bba J\u016bsu \u010daklajiem darbiniekiem: Ar ambrosia\u00ae J\u016bs sniedzat sav\u0101m bit\u0113m augst\u0101k\u0101s t\u012br\u012bbas un pilnv\u0113rt\u012bbas pak\u0101pes bar\u012bbu, jo ambrosia\u00ae ir gatav\u0101 bar\u012bba uz saharozes b\u0101zes un ir piel\u0101gota bi\u0161u \u012bpa\u0161aj\u0101m vajadz\u012bb\u0101m, vadoties p\u0113c to dab\u012bg\u0101s bar\u012bbas. ambrosia\u00ae bi\u0161u bar\u012bba ir viegli uz\u0146emama, viegli sagremojama un ar maksim\u0101li izmantojamu uzturv\u0113rt\u012bbu. Recepte veidota t\u0101, lai bit\u0113m b\u016btu j\u0101pat\u0113r\u0113 iesp\u0113jami maz\u0101k ener\u0123ijas bar\u012bbas p\u0101rstr\u0101d\u0113. ambrosia\u00ae bi\u0161u bar\u012bba ir \u0113rti lietojama, t\u0101 ir jau gatava lieto\u0161anai un pieejama pat\u0113ri\u0146am nepiecie\u0161amajos iepakojumos. Sertific\u0113t\u0101 ra\u017eo\u0161ana garant\u0113 nemain\u012bgi augstu produktu kvalit\u0101ti. ambrosia\u00ae bi\u0161u bar\u012bba ir higi\u0113niska un ilgsto\u0161i uzglab\u0101jama. Praks\u0113 t\u0101 sevi ir pier\u0101d\u012bjusi jau vair\u0101k nek\u0101 35 gadus.<\/p>\n","protected":false},"author":3,"featured_media":0,"parent":0,"menu_order":0,"comment_status":"closed","ping_status":"open","template":"","meta":[],"acf":[],"_links":{"self":[{"href":"https:\/\/www.ambrosia.eu\/lv\/wp-json\/wp\/v2\/pages\/1555"}],"collection":[{"href":"https:\/\/www.ambrosia.eu\/lv\/wp-json\/wp\/v2\/pages"}],"about":[{"href":"https:\/\/www.ambrosia.eu\/lv\/wp-json\/wp\/v2\/types\/page"}],"author":[{"embeddable":true,"href":"https:\/\/www.ambrosia.eu\/lv\/wp-json\/wp\/v2\/users\/3"}],"replies":[{"embeddable":true,"href":"https:\/\/www.ambrosia.eu\/lv\/wp-json\/wp\/v2\/comments?post=1555"}],"version-history":[{"count":7,"href":"https:\/\/www.ambrosia.eu\/lv\/wp-json\/wp\/v2\/pages\/1555\/revisions"}],"predecessor-version":[{"id":2247,"href":"https:\/\/www.ambrosia.eu\/lv\/wp-json\/wp\/v2\/pages\/1555\/revisions\/2247"}],"wp:attachment":[{"href":"https:\/\/www.ambrosia.eu\/lv\/wp-json\/wp\/v2\/media?parent=1555"}],"curies":[{"name":"wp","href":"https:\/\/api.w.org\/{rel}","templated":true}]}}