{"id":1551,"date":"2017-10-30T09:21:49","date_gmt":"2017-10-30T08:21:49","guid":{"rendered":"https:\/\/www.ambrosia.eu\/?page_id=1551"},"modified":"2023-12-01T11:59:27","modified_gmt":"2023-12-01T10:59:27","slug":"ambrosia-sirups","status":"publish","type":"page","link":"https:\/\/www.ambrosia.eu\/lv\/ambrosia-sirups\/","title":{"rendered":"ambrosia\u00ae s\u012brups"},"content":{"rendered":"<div class=\"row \"><div class=\"col-lg-6 col-md-6 col-xs-12 col-sm-6\">ambrosia\u00ae s\u012brups ir \u0161\u0137idra gatav\u0101 bar\u012bba ar sabalans\u0113tu da\u017e\u0101du veidu cukuru spektru (fruktoze, glikoze, saharoze) uz vislab\u0101k\u0101s kvalit\u0101tes cukurbie\u0161u cukura b\u0101zes. Lielais fruktozes daudzums nov\u0113r\u0161 krist\u0101lu veido\u0161anos r\u0101m\u012b\u0161os. Augst\u0101 cukura koncentr\u0101cija padara s\u012brupu notur\u012bgu pret mikrobiolo\u0123isko boj\u0101\u0161anos. Ide\u0101lais cukuru spektra sast\u0101vs nodro\u0161ina optim\u0101lu bar\u012bbas vielu izmantojumu. Bar\u012bbas vielu koncentr\u0101cija \/ bar\u012bbas v\u0113rt\u012bba ir aptuveni 72,7 %. 1 kg (vai 1 litrs) ambrosia\u00ae s\u012brupa atbilst 0,73 kg smalk\u0101 cukura.<\/p>\n<h3>ambrosia\u00ae s\u012brups ir izdev\u012bgs bi\u0161u agrai un v\u0113lai piebaro\u0161anai, lai sagatavotos ziemai:<\/h3>\n<ul>\n<li>s\u012brupa recepte vistuv\u0101k atbilst bi\u0161u dab\u012bgajai bar\u012bbai;<\/li>\n<li>bar\u012bbas uz\u0146em\u0161ana, sagremo\u0161ana un izmanto\u0161ana norit bez piep\u016bles<\/li>\n<li>\u00a0maz\u0101k invert\u0113\u0161anas darba, kas taupa bi\u0161u ener\u0123iju. Eksperimenti ir pier\u0101d\u012bju\u0161i ener\u0123\u0113tisk\u0101s priek\u0161roc\u012bbas 15% apm\u0113r\u0101;<\/li>\n<li>Augsta notur\u012bba pret mikrobiolo\u0123isko boj\u0101\u0161anos nodro\u0161ina ilgu uzglab\u0101jam\u012bbu;<\/li>\n<li>Higi\u0113niska, laika zi\u0146\u0101 ekonomiska un praktiska lieto\u0161ana.<\/li>\n<\/ul>\n<p>Lai izvair\u012btos no laup\u012b\u0161an\u0101s, \u0161\u0137idr\u0101 bar\u012bba j\u0101novieto vien\u012bgi stropa iek\u0161ien\u0113 \u2013 t\u0101 nedr\u012bkst nopil\u0113t stropa tuvum\u0101. Ja iesp\u0113jams, baro\u0161ana j\u0101veic vakar\u0101. Nukleusu stropiem skrejas ir j\u0101sa\u0161aurina l\u012bdz da\u017eiem centimetriem.<\/p>\n<p><\/div>\n<div class=\"col-lg-6 col-md-6 col-xs-12 col-sm-6\">\n<img loading=\"lazy\" class=\"alignnone size-medium wp-image-228\" src=\"https:\/\/www.ambrosia.eu\/wp-content\/uploads\/2016\/03\/Ambrosia-Bienenfutter-Sirup-Anwendung1-1-300x217.jpg\" alt=\"Ambrosia-Bienenfutter-Sirup-Anwendung1\" width=\"300\" height=\"217\" srcset=\"https:\/\/www.ambrosia.eu\/wp-content\/uploads\/2016\/03\/Ambrosia-Bienenfutter-Sirup-Anwendung1-1-300x217.jpg 300w, https:\/\/www.ambrosia.eu\/wp-content\/uploads\/2016\/03\/Ambrosia-Bienenfutter-Sirup-Anwendung1-1-768x556.jpg 768w, https:\/\/www.ambrosia.eu\/wp-content\/uploads\/2016\/03\/Ambrosia-Bienenfutter-Sirup-Anwendung1-1-1024x741.jpg 1024w, https:\/\/www.ambrosia.eu\/wp-content\/uploads\/2016\/03\/Ambrosia-Bienenfutter-Sirup-Anwendung1-1.jpg 1299w\" sizes=\"(max-width: 300px) 100vw, 300px\" \/><\/p>\n<p><img loading=\"lazy\" class=\"alignnone size-medium wp-image-900\" src=\"https:\/\/www.ambrosia.eu\/wp-content\/uploads\/2017\/01\/ambrosia-beefeed-syrup-application2-300x147.jpg\" alt=\"ambrosia-beefeed-syrup-application2\" width=\"300\" height=\"147\" srcset=\"https:\/\/www.ambrosia.eu\/wp-content\/uploads\/2017\/01\/ambrosia-beefeed-syrup-application2-300x147.jpg 300w, https:\/\/www.ambrosia.eu\/wp-content\/uploads\/2017\/01\/ambrosia-beefeed-syrup-application2-768x377.jpg 768w, https:\/\/www.ambrosia.eu\/wp-content\/uploads\/2017\/01\/ambrosia-beefeed-syrup-application2-1024x503.jpg 1024w, https:\/\/www.ambrosia.eu\/wp-content\/uploads\/2017\/01\/ambrosia-beefeed-syrup-application2.jpg 1299w\" sizes=\"(max-width: 300px) 100vw, 300px\" \/><\/p>\n<p><\/div>\n<\/div>\n<h3>Atbilsto\u0161i bi\u0161kopju da\u017e\u0101daj\u0101m vajadz\u012bb\u0101m tiek pied\u0101v\u0101ts pla\u0161s s\u012brupa iepakojumu kl\u0101sts. ambrosia\u00ae s\u012brups ir pieejams:<\/h3>\n<p>&#8211; bez iepakojuma, autocistern\u0101s; \u0161\u0101dos vienreizlietojamos konteineros:<br \/>\n<div class=\"row \"><div class=\"col-lg-6 col-md-6 col-xs-12 col-sm-6\"><\/p>\n<div class=\"row\">\n<div class=\"col-xs-6\"><img loading=\"lazy\" class=\"alignnone wp-image-4261 size-medium\" src=\"https:\/\/www.ambrosia.eu\/wp-content\/uploads\/2023\/12\/ambrosia_Sirup_Container_1360kg-297x300.jpg\" alt=\"\" width=\"297\" height=\"300\" srcset=\"https:\/\/www.ambrosia.eu\/wp-content\/uploads\/2023\/12\/ambrosia_Sirup_Container_1360kg-297x300.jpg 297w, https:\/\/www.ambrosia.eu\/wp-content\/uploads\/2023\/12\/ambrosia_Sirup_Container_1360kg-1013x1024.jpg 1013w, https:\/\/www.ambrosia.eu\/wp-content\/uploads\/2023\/12\/ambrosia_Sirup_Container_1360kg-768x776.jpg 768w, https:\/\/www.ambrosia.eu\/wp-content\/uploads\/2023\/12\/ambrosia_Sirup_Container_1360kg.jpg 1343w\" sizes=\"(max-width: 297px) 100vw, 297px\" \/><\/div>\n<div class=\"col-xs-6\">\n<h3>pale\u0161u konteineros (IBC)<\/h3>\n<p><strong>870 kg<\/strong><br \/>\nArt.-Nr.: 17001384<\/p>\n<p><strong>1360 kg<\/strong><br \/>\nArt.-Nr.: 17001005<\/p>\n<\/div>\n<\/div>\n<p><\/div><\/p>\n<div class=\"col-lg-6 col-md-6 col-xs-12 col-sm-6\">\n<div class=\"row\">\n<div class=\"col-xs-6\"><img loading=\"lazy\" class=\"alignnone size-medium wp-image-901\" src=\"https:\/\/www.ambrosia.eu\/wp-content\/uploads\/2017\/01\/ambrosia-beefeed-syrup-bucket-14kg-300x292.jpg\" alt=\"ambrosia-beefeed-syrup-bucket-14kg\" width=\"300\" height=\"292\" srcset=\"https:\/\/www.ambrosia.eu\/wp-content\/uploads\/2017\/01\/ambrosia-beefeed-syrup-bucket-14kg-300x292.jpg 300w, https:\/\/www.ambrosia.eu\/wp-content\/uploads\/2017\/01\/ambrosia-beefeed-syrup-bucket-14kg-768x747.jpg 768w, https:\/\/www.ambrosia.eu\/wp-content\/uploads\/2017\/01\/ambrosia-beefeed-syrup-bucket-14kg-1024x996.jpg 1024w, https:\/\/www.ambrosia.eu\/wp-content\/uploads\/2017\/01\/ambrosia-beefeed-syrup-bucket-14kg.jpg 1299w\" sizes=\"(max-width: 300px) 100vw, 300px\" \/><\/div>\n<div class=\"col-xs-6\">\n<h3>spai\u0146os<\/h3>\n<p><strong>14 kg<\/strong><br \/>\nArt.-Nr.: 31407<br \/>\nDaudzums uz paletes: 44 gabali<\/p>\n<\/div>\n<\/div>\n<p><\/div>\n<\/div><\/p>\n<div class=\"row \"><div class=\"col-lg-6 col-md-6 col-xs-12 col-sm-6\"><\/p>\n<div class=\"row\">\n<div class=\"col-xs-6\"><img loading=\"lazy\" class=\"alignnone wp-image-4283 size-medium\" src=\"https:\/\/www.ambrosia.eu\/wp-content\/uploads\/2023\/12\/ambrosia_Sirup_16kg_Cubitainer-300x252.png\" alt=\"\" width=\"300\" height=\"252\" srcset=\"https:\/\/www.ambrosia.eu\/wp-content\/uploads\/2023\/12\/ambrosia_Sirup_16kg_Cubitainer-300x252.png 300w, https:\/\/www.ambrosia.eu\/wp-content\/uploads\/2023\/12\/ambrosia_Sirup_16kg_Cubitainer-1024x859.png 1024w, https:\/\/www.ambrosia.eu\/wp-content\/uploads\/2023\/12\/ambrosia_Sirup_16kg_Cubitainer-768x644.png 768w, https:\/\/www.ambrosia.eu\/wp-content\/uploads\/2023\/12\/ambrosia_Sirup_16kg_Cubitainer.png 1352w\" sizes=\"(max-width: 300px) 100vw, 300px\" \/><\/div>\n<div class=\"col-xs-6\">\n<h3>\u201cCubitainer\u201d konteineros (atk\u0101rtoti uzpild\u0101mi iepakojumi)*<\/h3>\n<p><strong>16 kg<br \/>\n<\/strong>Art.-Nr.: 31414<br \/>\nDaudzums uz paletes: 44 gabali<\/p>\n<p><strong>28 kg<br \/>\n<\/strong>Art.-Nr.: 31409<br \/>\nDaudzums uz paletes: 25 gabali<\/p>\n<p>*Cubitainer\u201d uzs\u016bk\u0161anas caurules J\u016bs varat ieg\u0101d\u0101ties no sava izplat\u012bt\u0101ja.<\/p>\n<\/div>\n<\/div>\n<p><\/div>\n<div class=\"col-lg-6 col-md-6 col-xs-12 col-sm-6\"><\/p>\n<div class=\"row\">\n<div class=\"col-xs-6\"><img loading=\"lazy\" class=\"alignnone wp-image-4272 size-medium\" src=\"https:\/\/www.ambrosia.eu\/wp-content\/uploads\/2023\/12\/ambrosia_Sirup_10L_Kanister-250x300.png\" alt=\"\" width=\"250\" height=\"300\" srcset=\"https:\/\/www.ambrosia.eu\/wp-content\/uploads\/2023\/12\/ambrosia_Sirup_10L_Kanister-250x300.png 250w, https:\/\/www.ambrosia.eu\/wp-content\/uploads\/2023\/12\/ambrosia_Sirup_10L_Kanister-852x1024.png 852w, https:\/\/www.ambrosia.eu\/wp-content\/uploads\/2023\/12\/ambrosia_Sirup_10L_Kanister-768x923.png 768w, https:\/\/www.ambrosia.eu\/wp-content\/uploads\/2023\/12\/ambrosia_Sirup_10L_Kanister.png 944w\" sizes=\"(max-width: 250px) 100vw, 250px\" \/><\/div>\n<div class=\"col-xs-6\">\n<h3>kann\u0101s<\/h3>\n<p><strong>12,5 kg<br \/>\n<\/strong>Art.-Nr.: 17001072<br \/>\nDaudzums uz paletes: 40 gabali<\/p>\n<\/div>\n<\/div>\n<p><\/div>\n<\/div>\n<div class=\"row \"><div class=\"col-lg-6 col-md-6 col-xs-12 col-sm-6\"><\/p>\n<h3>Uzglab\u0101\u0161ana un der\u012bguma termi\u0146\u0161<\/h3>\n<p>Produkts uzglab\u0101jams saus\u0101s telp\u0101s temperat\u016br\u0101 no 10 \u00b0C l\u012bdz 17 \u00b0C. Sarg\u0101t no sala.<\/p>\n<p><\/div>\n<div class=\"col-lg-6 col-md-6 col-xs-12 col-sm-6\"><\/p>\n<h3>Der\u012bguma termi\u0146\u0161 (MHD)<\/h3>\n<p>Bi\u0161u bar\u012bbas s\u012brups ori\u0123in\u0101laj\u0101 iepakojum\u0101: 18 m\u0113ne\u0161i.<\/p>\n<p>Izlejamais bi\u0161u bar\u012bbas s\u012brups: 12 ned\u0113\u013cas.<br \/>\nAr nosac\u012bjumu, ka iepakojums nav atv\u0113rts.<br \/>\nAtv\u0113rtie iepakojumi j\u0101izmanto tuv\u0101kaj\u0101 laik\u0101.<\/p>\n<p><a href=\"https:\/\/www.ambrosia.eu\/lv\/kontakti\/\" target=\"_blank\" rel=\"noopener\">M\u0113s labpr\u0101t sniegsim inform\u0101ciju par Jums tuv\u0101ko izplat\u012bt\u0101ju<\/a><\/p>\n<p><a class=\"btn btn-primary btn-xs  \" href=\"\/kontakti\"  rel=\"\"  target=\"_self\">kontakti <i class=\"glyphicon glyphicon-menu-right\" ><\/i><\/a><\/p>\n<p><\/div><\/p>\n<p><\/div>\n","protected":false},"excerpt":{"rendered":"<p>Atbilsto\u0161i bi\u0161kopju da\u017e\u0101daj\u0101m vajadz\u012bb\u0101m tiek pied\u0101v\u0101ts pla\u0161s s\u012brupa iepakojumu kl\u0101sts. ambrosia\u00ae s\u012brups ir pieejams: &#8211; bez iepakojuma, autocistern\u0101s; \u0161\u0101dos vienreizlietojamos konteineros:<\/p>\n","protected":false},"author":3,"featured_media":0,"parent":0,"menu_order":0,"comment_status":"closed","ping_status":"closed","template":"","meta":[],"acf":[],"_links":{"self":[{"href":"https:\/\/www.ambrosia.eu\/lv\/wp-json\/wp\/v2\/pages\/1551"}],"collection":[{"href":"https:\/\/www.ambrosia.eu\/lv\/wp-json\/wp\/v2\/pages"}],"about":[{"href":"https:\/\/www.ambrosia.eu\/lv\/wp-json\/wp\/v2\/types\/page"}],"author":[{"embeddable":true,"href":"https:\/\/www.ambrosia.eu\/lv\/wp-json\/wp\/v2\/users\/3"}],"replies":[{"embeddable":true,"href":"https:\/\/www.ambrosia.eu\/lv\/wp-json\/wp\/v2\/comments?post=1551"}],"version-history":[{"count":14,"href":"https:\/\/www.ambrosia.eu\/lv\/wp-json\/wp\/v2\/pages\/1551\/revisions"}],"predecessor-version":[{"id":4293,"href":"https:\/\/www.ambrosia.eu\/lv\/wp-json\/wp\/v2\/pages\/1551\/revisions\/4293"}],"wp:attachment":[{"href":"https:\/\/www.ambrosia.eu\/lv\/wp-json\/wp\/v2\/media?parent=1551"}],"curies":[{"name":"wp","href":"https:\/\/api.w.org\/{rel}","templated":true}]}}