{"id":2037,"date":"2017-11-07T15:05:29","date_gmt":"2017-11-07T14:05:29","guid":{"rendered":"https:\/\/www.ambrosia.eu\/?page_id=2037"},"modified":"2018-07-10T15:28:12","modified_gmt":"2018-07-10T13:28:12","slug":"2037-2","status":"publish","type":"page","link":"https:\/\/www.ambrosia.eu\/lt\/","title":{"rendered":"Prieinamas bi\u010di\u0173 maitinimas"},"content":{"rendered":"<h2>Prieinamas bi\u010di\u0173 maitinimas su patraukliais privalumais<\/h2>\n<p>J\u0117g\u0173 suteikiantis maistas s\u0105\u017einingiausioms j\u016bs\u0173 darbinink\u0117ms:<\/p>\n<p>\u201eambrosia\u00ae\u201c si\u016blo did\u017eiausio \u0161varumo ir vir\u0161kinamumo maist\u0105 j\u016bs\u0173 bit\u0117ms. Paruo\u0161tas naudoti \u201eambrosia\u00ae\u201c maistas yra sacharoz\u0117s pagrindo maistas, pritaikytas pagal bi\u010di\u0173 poreikius ir maksimaliai artimas j\u0173 nat\u016braliai dietai. \u201eambrosia\u00ae\u201c yra paprastas ir paruo\u0161tas naudoti. Maisto receptas i\u0161siskiria ypatingu suteikiamu bit\u0117ms energijos kiekiu. Maisto galima \u012fsigyti \u012fvairaus dyd\u017eio pakuot\u0117mis. Sertifikuota gamyba u\u017etikrina auk\u0161t\u0105 ir nuolatin\u0119 produkt\u0173 kokyb\u0119. \u201eambrosia\u00ae\u201c yra higieni\u0161kas maistas, j\u012f galima saugoti ilg\u0105 laik\u0105.<br \/>\nMes s\u0117kmingai j\u012f naudojame jau daugiau nei 35 metus.<br \/>\n<div class=\"row \"><div class=\"col-lg-6 col-md-6 col-xs-12 col-sm-6\"><\/p>\n<h3><a href=\"https:\/\/www.ambrosia.eu\/lt\/ambrosia-sirupas\/\" target=\"_blank\" rel=\"noopener\">ambrosia\u00ae sirupas:<\/a> <i class=\" glyphicon glyphicon-menu-right \" style=\" font-size:12px;\"><\/i><\/h3>\n<ul>\n<li>specialus receptas, maksimaliai artimas nat\u016braliai bi\u010di\u0173 mitybai<\/li>\n<li>paprastas vartojimas, apr\u016bpinantis bit\u0119 ir saugantis jos energijos i\u0161teklius<\/li>\n<li>idealiai tinka maitinti \u017eiemos metu<\/li>\n<\/ul>\n<p><\/div>\n<div class=\"col-lg-6 col-md-6 col-xs-12 col-sm-6\"><\/p>\n<h3><a href=\"https:\/\/www.ambrosia.eu\/lt\/ambrosia-te\u0161la\/\" target=\"_blank\" rel=\"noopener\">ambrosia\u00ae te\u0161la<\/a> <i class=\" glyphicon glyphicon-menu-right \" style=\" font-size:12px;\"><\/i><\/h3>\n<ul>\n<li>lengvai bi\u010di\u0173 vir\u0161kinami smulk\u016bs cukraus kristalai<\/li>\n<li>optimaliai pritaikyta kori\u0173 gamybai<\/li>\n<li>rekomenduojama maitinti motin\u0117les MWK ir EWK<\/li>\n<\/ul>\n<p><\/div>\n<\/div><div class=\"row \"><div class=\"col-lg-6 col-md-6 col-xs-12 col-sm-6\"><\/p>\n<p>Atsisi\u0173skite bro\u0161i\u016br\u0105 pdf formatu:<br \/>\n<a href=\"https:\/\/www.ambrosia.eu\/wp-content\/uploads\/2018\/07\/Ambrosia_Brosch_lit_kor.pdf\" target=\"_blank\" rel=\"noopener\">Ambrosia_bro\u0161i\u016br\u0105<\/a><\/p>\n<p><\/div>\n<div class=\"col-lg-6 col-md-6 col-xs-12 col-sm-6\"><\/p>\n<p><a href=\"https:\/\/www.ambrosia.eu\/lt\/contact\/\" target=\"_blank\" rel=\"noopener\">Mes mielai atsakysime \u012f j\u016bs\u0173 klausimus ir rekomenduosime netoli j\u016bs\u0173 esant\u012f pardav\u0117j\u0105.<\/a><\/p>\n<a class=\"btn btn-primary btn-xs  \" href=\"\/susisiekti\"  rel=\"\"  target=\"_self\">susisiekti <i class=\"glyphicon glyphicon-menu-right\" ><\/i><\/a>\n<p><\/div>\n<\/div><\/p>\n","protected":false},"excerpt":{"rendered":"<p>Prieinamas bi\u010di\u0173 maitinimas su patraukliais privalumais J\u0117g\u0173 suteikiantis maistas s\u0105\u017einingiausioms j\u016bs\u0173 darbinink\u0117ms: \u201eambrosia\u00ae\u201c si\u016blo did\u017eiausio \u0161varumo ir vir\u0161kinamumo maist\u0105 j\u016bs\u0173 bit\u0117ms. Paruo\u0161tas naudoti \u201eambrosia\u00ae\u201c maistas yra sacharoz\u0117s pagrindo maistas, pritaikytas pagal bi\u010di\u0173 poreikius ir maksimaliai artimas j\u0173 nat\u016braliai dietai. \u201eambrosia\u00ae\u201c yra paprastas ir paruo\u0161tas naudoti. Maisto receptas i\u0161siskiria ypatingu suteikiamu bit\u0117ms energijos kiekiu. Maisto galima \u012fsigyti \u012fvairaus dyd\u017eio pakuot\u0117mis. Sertifikuota gamyba u\u017etikrina auk\u0161t\u0105 ir nuolatin\u0119 produkt\u0173 kokyb\u0119. \u201eambrosia\u00ae\u201c yra higieni\u0161kas maistas, j\u012f galima saugoti ilg\u0105 laik\u0105. Mes s\u0117kmingai j\u012f naudojame jau daugiau nei 35 metus.<\/p>\n","protected":false},"author":3,"featured_media":0,"parent":0,"menu_order":0,"comment_status":"closed","ping_status":"open","template":"","meta":[],"acf":[],"_links":{"self":[{"href":"https:\/\/www.ambrosia.eu\/lt\/wp-json\/wp\/v2\/pages\/2037"}],"collection":[{"href":"https:\/\/www.ambrosia.eu\/lt\/wp-json\/wp\/v2\/pages"}],"about":[{"href":"https:\/\/www.ambrosia.eu\/lt\/wp-json\/wp\/v2\/types\/page"}],"author":[{"embeddable":true,"href":"https:\/\/www.ambrosia.eu\/lt\/wp-json\/wp\/v2\/users\/3"}],"replies":[{"embeddable":true,"href":"https:\/\/www.ambrosia.eu\/lt\/wp-json\/wp\/v2\/comments?post=2037"}],"version-history":[{"count":6,"href":"https:\/\/www.ambrosia.eu\/lt\/wp-json\/wp\/v2\/pages\/2037\/revisions"}],"predecessor-version":[{"id":2243,"href":"https:\/\/www.ambrosia.eu\/lt\/wp-json\/wp\/v2\/pages\/2037\/revisions\/2243"}],"wp:attachment":[{"href":"https:\/\/www.ambrosia.eu\/lt\/wp-json\/wp\/v2\/media?parent=2037"}],"curies":[{"name":"wp","href":"https:\/\/api.w.org\/{rel}","templated":true}]}}