{"id":1834,"date":"2017-10-31T09:31:56","date_gmt":"2017-10-31T08:31:56","guid":{"rendered":"https:\/\/www.ambrosia.eu\/?page_id=1834"},"modified":"2017-10-31T09:31:56","modified_gmt":"2017-10-31T08:31:56","slug":"duomenu-apsauga","status":"publish","type":"page","link":"https:\/\/www.ambrosia.eu\/lt\/duomenu-apsauga\/","title":{"rendered":"Duomen\u0173 apsauga"},"content":{"rendered":"<p>D\u017eiaugiam\u0117s, kad lankot\u0117s m\u016bs\u0173 svetain\u0117je ir domit\u0117s m\u016bs\u0173 preki\u0173 \u017eenklais ir produktais. Mes rimtai \u017ei\u016brime \u012f j\u016bs\u0173 asmenini\u0173 duomen\u0173 apsaug\u0105, nes asmens duomen\u0173 apsaugai ir apdorojimui skiriame didel\u012f d\u0117mes\u012f. \u201eNordzucker AG\u201c bet kokius asmeninius duomenis, surinktus i\u0161 naudotoj\u0173, kurie lankosi m\u016bs\u0173 svetain\u0117se, apdoroja pagal tos \u0161alies, kurioje yra apdorojami tokie duomenys, galiojan\u010dius duomen\u0173 apsaugos \u012fstatymus. \u201eNordzucker\u201c \u201eambrosia\u201c maisto bit\u0117ms svetain\u0117je gali b\u016bti nuorod\u0173 \u012f kit\u0173 tiek\u0117j\u0173 svetaines, kurioms \u0161is duomen\u0173 apsaugos parei\u0161kimas negalioja.<\/p>\n<p><strong>Asmenini\u0173 duomen\u0173 rinkimas ir apdorojimas<\/strong><br \/>\nVisada, kai lankot\u0117s m\u016bs\u0173 svetain\u0117se, m\u016bs\u0173 serveriuose \u012fra\u0161oma tokia informacija: j\u016bs\u0173 interneto tiek\u0117jo jums priskirtas IP adresas, svetain\u0117, i\u0161 kurios pas mus apsilank\u0117te, kuriose i\u0161 m\u016bs\u0173 svetaini\u0173 apsilank\u0117te, kokio tipo nar\u0161ykle naudojat\u0117s, data ir trukm\u0117, kuri\u0105 praleidote m\u016bs\u0173 svetain\u0117se. Asmeniniai duomenys \u012fra\u0161omi tik tokiu atveju, jei juos pateik\u0117te patys, pvz., registruodamiesi gauti m\u016bs\u0173 naujienlai\u0161k\u012f ar dalyvaujate apklausoje.<br \/>\n<strong><br \/>\nAsmenini\u0173 duomen\u0173 naudojimas, atskleidimas ir naudojamas konkretiems tikslams<\/strong><br \/>\n\u201eNordzucker\u201c asmeninius j\u016bs\u0173 duomenis naudoja tik savo svetaini\u0173 techniniam administravimui, klient\u0173 administravimui, produkt\u0173 apklausoms ir rinkodaros veiklai, kiekvienu atveju tik iki tokios apimties, kiek tai reikalinga konkre\u010diam tikslui ir leid\u017eiama pagal \u012fstatymus. Asmeniniai duomenys gali b\u016bti persiun\u010diami valstybin\u0117ms institucijoms ir atsakingoms \u012fstaigoms tik iki \u012fstatym\u0173 leid\u017eiamos apimties. M\u016bs\u0173 darbuotojai yra pasira\u0161\u0119 konfidencialumo sutartis. Asmeniniai duomenys gali b\u016bti perduodami tik asmenims, kurie pri\u017ei\u016bri m\u016bs\u0173 serverius arba teikia kitas konkre\u010dias paslaugas. Tai atliekama konkre\u010diu tikslu apdorojant duomenis pagal \u012fstatymais numatyt\u0105 tvark\u0105 ir apribojimus. Tokie asmenys gali b\u016bti Vokietijoje ir kitose ES \u0161alyse, ir \u201eNordzucker\u201c \u012fpareigoja tokius asmenis i\u0161laikyti gaut\u0173 asmenini\u0173 duomen\u0173 apsaug\u0105 pagal \u012fstatymus ir sutartinius \u012fsipareigojimus.<\/p>\n<h2>Cookies\/Slapukai<\/h2>\n<p>Slapukai yra nedideli tekstiniai failai, naudojami \u201eambrosia\u201c svetain\u0117se. \u201eGoogle Analytics\u201c slapukai automati\u0161kai \u012fra\u0161o, kaip yra naudojama konkreti svetain\u0117. Slapukai i\u0161saugomi tame prietaise, i\u0161 kurio lankot\u0117s m\u016bs\u0173 svetain\u0117je (kompiuteryje, i\u0161maniajame telefone ir pan.).<\/p>\n<p>Susij\u0119 duomenys yra i\u0161saugomi tiktai siekiant gerinti svetain\u0117s kokyb\u0119, turinio ir paslaug\u0173 prieinamum\u0105 bei teikti klient\u0173 palaikym\u0105 m\u016bs\u0173 svetain\u0117je besilaikantiems asmenims. Nors laikas nuo laiko \u0161ie duomenys gali b\u016bti skelbiami, toks skelbimas yra grynai statistiniai duomenys, kurie n\u0117ra asmeniniai ir negali b\u016bti atsekami iki konkretaus asmens, pvz., gali b\u016bti skelbiamas bendrasis lankytoj\u0173 skai\u010dius m\u016bs\u0173 svetain\u0117se.<\/p>\n<p>Maloniai pra\u0161ome \u012fjungti slapuk\u0173 naudojim\u0105 m\u016bs\u0173 svetain\u0117se. Tai pad\u0117s pagerinti naudotojo patirt\u012f visiems m\u016bs\u0173 svetain\u0117je besilankantiems asmenims.<\/p>\n<h3>Daugiau informacijos apie slapukus ir \u201eGoogle Analytics\u201c<\/h3>\n<p><strong>Slapuk\u0173 \u012fjungimas ir i\u0161jungimas<\/strong>Jei nebenorite naudoti \u0161ios svetain\u0117s slapuk\u0173 savo kompiuteryje arba nenor\u0117site ateityje, gal\u0117site tiesiog patys pakeisti savo nar\u0161ykl\u0117s nustatymus (\u0161i\u0105 funkcij\u0105 rasite prie parinkties \u201ePrivatumas\u201c &#8211; \u201eNustatymai &#8211; Slapukai\u201c ar pana\u0161ioje vietoje, priklausomai nuo naudojamos nar\u0161ykl\u0117s). Tai p pat galite nuspr\u0119sti, ar nenorite \u012fjungti slapuk\u0173 niekur, ar tik tre\u010di\u0173j\u0173 \u0161ali\u0173 svetain\u0117se.<\/p>\n<p>Jei nusprend\u017eiate ne\u012fjungti slapuk\u0173 savo kompiuteryje ar kitame prietaise, tai netur\u0117s \u012ftakos j\u016bs\u0173 naudojimuisi \u201eambrosia\u201c svetaine. Vienintelis dalykas, kuriam tur\u0117s \u012ftakos slapuk\u0173 i\u0161jungimas, yra ma\u017eesnis vidinis duomen\u0173 tikslumas vidinei statistika ir kita \u201eNordzucker\u201c prieinama statistin\u0117 informacija, kuri ilgainiui gal\u0117t\u0173 b\u016bti jums naudinga.<\/p>\n<p><strong>Google Analytics<\/strong><\/p>\n<p>\u0160ioje svetain\u0117je naudojama \u201eGoogle Inc.\u201c (\u201eGoogle\u201c) \u012fmon\u0117s paslauga \u201eGoogle Analytics\u201c. \u201eGoogle\u201c slapukais surinkta informacija apie j\u016bs\u0173 naudojim\u0105si \u0161ia svetaine yra laikoma \u201eGoogle\u201c serveryje JAV. Jei \u0161ioje svetain\u0117je yra \u012fjungiama IP anonimi\u0161kumo parinktis, j\u016bs\u0173 sutrumpintas IP adresas \u201eGoogle\u201c bus saugomas Europos S\u0105jungos \u0161alyse nar\u0117se arba kitose Europos ekonomin\u0117s zonos sutart\u012f pasira\u0161iusiose \u0161alyse. Tik i\u0161skirtiniais atvejais \u012f \u201eGoogle\u201c server\u012f JAV bus persiun\u010diamas pilnas j\u016bs\u0173 IP adresas, ten jis bus sutrumpintas. I\u0161 j\u016bs\u0173 nar\u0161ykl\u0117s persi\u0173stas \u012f \u201eGoogle Analytics\u201c IP adresas nebus pateikiamas kartu su kitais duomenimis i\u0161 \u201eGoogle\u201c. Atitinkamai nustatydami savo svetain\u0117s nuostatas galite neleisti laikyti savo kompiuteryje slapuk\u0173; ta\u010diau tokiu atveju \u012fsp\u0117jame, kad galite i\u0161naudoti ne visas toki\u0173 svetaini\u0173 teikiamas funkcines galimybes. Slapukai ne tik padeda nustatyti prisijungus\u012f vartotoj\u0105, bet ir padeda prieiti prie j\u016bs\u0173 svetain\u0117je naudojam\u0173 duomen\u0173 (\u012fskaitant j\u016bs\u0173 IP adres\u0105) \u201eGoogle\u201c bei apdoroti \u0161iuos duomenis \u201eGoogle\u201c, atsisiuntus ir \u012fsidiegus nar\u0161yklei skirt\u0105 pried\u0105. Pried\u0105 galite rasti sekdami \u0161ia nuoroda: <a href=\"http:\/\/tools.google.com\/dlpage\/gaoptout?hl=de\">http:\/\/tools.google.com\/dlpage\/gaoptout?hl=de<\/a>.<\/p>\n<p>Kad b\u016bt\u0173 galima apdoroti j\u016bs\u0173 duomenis pagal \u201eGoogle Analytics\u201c slapuk\u0105, galite spustel\u0117ti \u0161i\u0105 nuorod\u0105 ir pasirinkti, ar norite, ar nenorite naudoti slapuk\u0173. Tokiu atveju \u201eGoogle\u201c daugiau nebeapdoros duomen\u0173, gaut\u0173 per \u201eGoogle Analytics\u201c slapukus.<\/p>\n<p>Atkreipkite d\u0117mes\u012f, kad nar\u0161ykl\u0117s nustatymai, kuriais numatomas slapuk\u0173 i\u0161trynimas, taip pat pa\u0161alins ir nesirenkamus slapukus. Tokiu atveju v\u0117l reik\u0117s i\u0161 naujo nustatyti nesirenkamus slapukus.<\/p>\n<h2>Saugumas<\/h2>\n<p>\u201eNordzucker\u201c imasi technini\u0173 ir organizacini\u0173 saugumo priemoni\u0173, skirt\u0173 saugoti nuo atsitiktinio ar s\u0105moningo duomen\u0173 manipuliavimo, praradimo, sunaikinimo ar ne\u012fgaliot\u0173j\u0173 asmen\u0173 prieigos. Jei asmeniniai duomenys renkami ir apdorojami, prie\u0161 informacijos persiuntim\u0105 ji yra u\u017ekoduojama, kad ja negal\u0117t\u0173 naudotis tre\u010diosios \u0161alys. Mes nuolat tobuliname savo saugos priemones tobul\u0117jant technologijoms.<\/p>\n<p><strong>Teis\u0117 \u012f informacij\u0105 \/ teis\u0117 at\u0161aukti duot\u0105 sutikim\u0105<\/strong><\/p>\n<p>Turite teis\u0119 bet kada pareikalauti informacijos apie j\u016bs\u0173 kaip asmens duomenis, j\u0173 kilm\u0119, turin\u012f bei duomen\u0173 apdorojimo tiksl\u0105. Duomen\u0173 apdorojimo kontrolierius (\u017er. \u017eemiau) gali suteikti daugiau informacijos apie duomenis. Jis taip pat atsako \u012f pretenzijas d\u0117l duomen\u0173 apsaugos. J\u016bs turite teis\u0119 bet kada at\u0161aukti duot\u0105 sutikim\u0105 naudoti j\u016bs\u0173 asmeninius duomenis, i\u0161si\u0173sdami el. lai\u0161k\u0105 nurodyti el. pa\u0161to adresu kontrolieriui.<\/p>\n<h2>Susisiekti<\/h2>\n<p>Jei turite klausim\u0173, pasi\u016blym\u0173 ar kit\u0173 min\u010di\u0173 d\u0117l duomen\u0173 apsaugos, kreipkit\u0117s \u012f \u201eNordzucker AG\u201c duomen\u0173 apsaugos kontrolieri\u0173 telefonu 0531 2411 0 arba el. pa\u0161tu Datenschutz{@}nordzucker[.]de.<\/p>\n","protected":false},"excerpt":{"rendered":"<p>D\u017eiaugiam\u0117s, kad lankot\u0117s m\u016bs\u0173 svetain\u0117je ir domit\u0117s m\u016bs\u0173 preki\u0173 \u017eenklais ir produktais. Mes rimtai \u017ei\u016brime \u012f j\u016bs\u0173 asmenini\u0173 duomen\u0173 apsaug\u0105, nes asmens duomen\u0173 apsaugai ir apdorojimui skiriame didel\u012f d\u0117mes\u012f. \u201eNordzucker AG\u201c bet kokius asmeninius duomenis, surinktus i\u0161 naudotoj\u0173, kurie lankosi m\u016bs\u0173 svetain\u0117se, apdoroja pagal tos \u0161alies, kurioje yra apdorojami tokie duomenys, galiojan\u010dius duomen\u0173 apsaugos \u012fstatymus. \u201eNordzucker\u201c \u201eambrosia\u201c maisto bit\u0117ms svetain\u0117je gali b\u016bti nuorod\u0173 \u012f kit\u0173 tiek\u0117j\u0173 svetaines, kurioms \u0161is duomen\u0173 apsaugos parei\u0161kimas negalioja. Asmenini\u0173 duomen\u0173 rinkimas ir apdorojimas Visada, kai lankot\u0117s m\u016bs\u0173 svetain\u0117se, m\u016bs\u0173 serveriuose \u012fra\u0161oma tokia informacija: j\u016bs\u0173 interneto tiek\u0117jo jums priskirtas IP adresas, svetain\u0117, i\u0161 kurios pas mus apsilank\u0117te, kuriose i\u0161 m\u016bs\u0173 svetaini\u0173 apsilank\u0117te, kokio tipo nar\u0161ykle naudojat\u0117s, data ir trukm\u0117, kuri\u0105 praleidote m\u016bs\u0173 svetain\u0117se. Asmeniniai duomenys \u012fra\u0161omi tik tokiu atveju, jei juos pateik\u0117te patys, pvz., registruodamiesi gauti m\u016bs\u0173 naujienlai\u0161k\u012f ar dalyvaujate apklausoje. Asmenini\u0173 duomen\u0173 naudojimas, atskleidimas ir naudojamas konkretiems tikslams \u201eNordzucker\u201c asmeninius j\u016bs\u0173 duomenis naudoja tik savo svetaini\u0173 techniniam administravimui, klient\u0173 administravimui, produkt\u0173 apklausoms ir rinkodaros veiklai, kiekvienu atveju tik iki tokios apimties, kiek tai reikalinga konkre\u010diam tikslui ir leid\u017eiama pagal \u012fstatymus. Asmeniniai duomenys gali b\u016bti persiun\u010diami valstybin\u0117ms institucijoms ir atsakingoms \u012fstaigoms tik iki \u012fstatym\u0173 leid\u017eiamos apimties. M\u016bs\u0173 darbuotojai yra pasira\u0161\u0119 konfidencialumo sutartis. Asmeniniai duomenys gali b\u016bti perduodami tik asmenims, kurie pri\u017ei\u016bri m\u016bs\u0173 serverius arba teikia kitas konkre\u010dias paslaugas. Tai atliekama konkre\u010diu tikslu apdorojant duomenis pagal \u012fstatymais numatyt\u0105 tvark\u0105 ir apribojimus. Tokie asmenys gali b\u016bti Vokietijoje ir kitose ES \u0161alyse, ir \u201eNordzucker\u201c \u012fpareigoja tokius asmenis i\u0161laikyti gaut\u0173 asmenini\u0173 duomen\u0173 apsaug\u0105 pagal \u012fstatymus ir sutartinius \u012fsipareigojimus. Cookies\/Slapukai Slapukai yra nedideli tekstiniai failai, naudojami \u201eambrosia\u201c svetain\u0117se. \u201eGoogle Analytics\u201c slapukai automati\u0161kai \u012fra\u0161o, kaip yra naudojama konkreti svetain\u0117. Slapukai i\u0161saugomi tame prietaise, i\u0161 kurio lankot\u0117s m\u016bs\u0173 svetain\u0117je (kompiuteryje, i\u0161maniajame telefone ir pan.). Susij\u0119 duomenys yra i\u0161saugomi tiktai siekiant gerinti svetain\u0117s kokyb\u0119, turinio ir paslaug\u0173 prieinamum\u0105 bei teikti klient\u0173 palaikym\u0105 m\u016bs\u0173 svetain\u0117je besilaikantiems asmenims. Nors laikas nuo laiko \u0161ie duomenys gali b\u016bti skelbiami, toks skelbimas yra grynai statistiniai duomenys, kurie n\u0117ra asmeniniai ir negali b\u016bti atsekami iki konkretaus asmens, pvz., gali b\u016bti skelbiamas bendrasis lankytoj\u0173 skai\u010dius m\u016bs\u0173 svetain\u0117se. Maloniai pra\u0161ome \u012fjungti slapuk\u0173 naudojim\u0105 m\u016bs\u0173 svetain\u0117se. Tai pad\u0117s pagerinti naudotojo patirt\u012f visiems m\u016bs\u0173 svetain\u0117je besilankantiems asmenims. Daugiau informacijos apie slapukus ir \u201eGoogle Analytics\u201c Slapuk\u0173 \u012fjungimas ir i\u0161jungimasJei nebenorite naudoti \u0161ios svetain\u0117s slapuk\u0173 savo kompiuteryje arba nenor\u0117site ateityje, gal\u0117site tiesiog patys pakeisti savo nar\u0161ykl\u0117s nustatymus (\u0161i\u0105 funkcij\u0105 rasite prie parinkties \u201ePrivatumas\u201c &#8211; \u201eNustatymai &#8211; Slapukai\u201c ar pana\u0161ioje vietoje, priklausomai nuo naudojamos nar\u0161ykl\u0117s). Tai p pat galite nuspr\u0119sti, ar nenorite \u012fjungti slapuk\u0173 niekur, ar tik tre\u010di\u0173j\u0173 \u0161ali\u0173 svetain\u0117se. Jei nusprend\u017eiate ne\u012fjungti slapuk\u0173 savo kompiuteryje ar kitame prietaise, tai netur\u0117s \u012ftakos j\u016bs\u0173 naudojimuisi \u201eambrosia\u201c svetaine. Vienintelis dalykas, kuriam tur\u0117s \u012ftakos slapuk\u0173 i\u0161jungimas, yra ma\u017eesnis vidinis duomen\u0173 tikslumas vidinei statistika ir kita \u201eNordzucker\u201c prieinama statistin\u0117 informacija, kuri ilgainiui gal\u0117t\u0173 b\u016bti jums naudinga. Google Analytics \u0160ioje svetain\u0117je naudojama \u201eGoogle Inc.\u201c (\u201eGoogle\u201c) \u012fmon\u0117s paslauga \u201eGoogle Analytics\u201c. \u201eGoogle\u201c slapukais surinkta informacija apie j\u016bs\u0173 naudojim\u0105si \u0161ia svetaine yra laikoma \u201eGoogle\u201c serveryje JAV. Jei \u0161ioje svetain\u0117je yra \u012fjungiama IP anonimi\u0161kumo parinktis, j\u016bs\u0173 sutrumpintas IP adresas \u201eGoogle\u201c bus saugomas Europos S\u0105jungos \u0161alyse nar\u0117se arba kitose Europos ekonomin\u0117s zonos sutart\u012f pasira\u0161iusiose \u0161alyse. Tik i\u0161skirtiniais atvejais \u012f \u201eGoogle\u201c server\u012f JAV bus persiun\u010diamas pilnas j\u016bs\u0173 IP adresas, ten jis bus sutrumpintas. I\u0161 j\u016bs\u0173 nar\u0161ykl\u0117s persi\u0173stas \u012f \u201eGoogle Analytics\u201c IP adresas nebus pateikiamas kartu su kitais duomenimis i\u0161 \u201eGoogle\u201c. Atitinkamai nustatydami savo svetain\u0117s nuostatas galite neleisti laikyti savo kompiuteryje slapuk\u0173; ta\u010diau tokiu atveju \u012fsp\u0117jame, kad galite i\u0161naudoti ne visas toki\u0173 svetaini\u0173 teikiamas funkcines galimybes. Slapukai ne tik padeda nustatyti prisijungus\u012f vartotoj\u0105, bet ir padeda prieiti prie j\u016bs\u0173 svetain\u0117je naudojam\u0173 duomen\u0173 (\u012fskaitant j\u016bs\u0173 IP adres\u0105) \u201eGoogle\u201c bei apdoroti \u0161iuos duomenis \u201eGoogle\u201c, atsisiuntus ir \u012fsidiegus nar\u0161yklei skirt\u0105 pried\u0105. Pried\u0105 galite rasti sekdami \u0161ia nuoroda: http:\/\/tools.google.com\/dlpage\/gaoptout?hl=de. Kad b\u016bt\u0173 galima apdoroti j\u016bs\u0173 duomenis pagal \u201eGoogle Analytics\u201c slapuk\u0105, galite spustel\u0117ti \u0161i\u0105 nuorod\u0105 ir pasirinkti, ar norite, ar nenorite naudoti slapuk\u0173. Tokiu atveju \u201eGoogle\u201c daugiau nebeapdoros duomen\u0173, gaut\u0173 per \u201eGoogle Analytics\u201c slapukus. Atkreipkite d\u0117mes\u012f, kad nar\u0161ykl\u0117s nustatymai, kuriais numatomas slapuk\u0173 i\u0161trynimas, taip pat pa\u0161alins ir nesirenkamus slapukus. Tokiu atveju v\u0117l reik\u0117s i\u0161 naujo nustatyti nesirenkamus slapukus. Saugumas \u201eNordzucker\u201c imasi technini\u0173 ir organizacini\u0173 saugumo priemoni\u0173, skirt\u0173 saugoti nuo atsitiktinio ar s\u0105moningo duomen\u0173 manipuliavimo, praradimo, sunaikinimo ar ne\u012fgaliot\u0173j\u0173 asmen\u0173 prieigos. Jei asmeniniai duomenys renkami ir apdorojami, prie\u0161 informacijos persiuntim\u0105 ji yra u\u017ekoduojama, kad ja negal\u0117t\u0173 naudotis tre\u010diosios \u0161alys. Mes nuolat tobuliname savo saugos priemones tobul\u0117jant technologijoms. Teis\u0117 \u012f informacij\u0105 \/ teis\u0117 at\u0161aukti duot\u0105 sutikim\u0105 Turite teis\u0119 bet kada pareikalauti informacijos apie j\u016bs\u0173 kaip asmens duomenis, j\u0173 kilm\u0119, turin\u012f bei duomen\u0173 apdorojimo tiksl\u0105. Duomen\u0173 apdorojimo kontrolierius (\u017er. \u017eemiau) gali suteikti daugiau informacijos apie duomenis. Jis taip pat atsako \u012f pretenzijas d\u0117l duomen\u0173 apsaugos. J\u016bs turite teis\u0119 bet kada at\u0161aukti duot\u0105 sutikim\u0105 naudoti j\u016bs\u0173 asmeninius duomenis, i\u0161si\u0173sdami el. lai\u0161k\u0105 nurodyti el. pa\u0161to adresu kontrolieriui. Susisiekti Jei turite klausim\u0173, pasi\u016blym\u0173 ar kit\u0173 min\u010di\u0173 d\u0117l duomen\u0173 apsaugos, kreipkit\u0117s \u012f \u201eNordzucker AG\u201c duomen\u0173 apsaugos kontrolieri\u0173 telefonu 0531 2411 0 arba el. pa\u0161tu Datenschutz{@}nordzucker[.]de.<\/p>\n","protected":false},"author":3,"featured_media":0,"parent":0,"menu_order":0,"comment_status":"closed","ping_status":"closed","template":"","meta":[],"acf":[],"_links":{"self":[{"href":"https:\/\/www.ambrosia.eu\/lt\/wp-json\/wp\/v2\/pages\/1834"}],"collection":[{"href":"https:\/\/www.ambrosia.eu\/lt\/wp-json\/wp\/v2\/pages"}],"about":[{"href":"https:\/\/www.ambrosia.eu\/lt\/wp-json\/wp\/v2\/types\/page"}],"author":[{"embeddable":true,"href":"https:\/\/www.ambrosia.eu\/lt\/wp-json\/wp\/v2\/users\/3"}],"replies":[{"embeddable":true,"href":"https:\/\/www.ambrosia.eu\/lt\/wp-json\/wp\/v2\/comments?post=1834"}],"version-history":[{"count":3,"href":"https:\/\/www.ambrosia.eu\/lt\/wp-json\/wp\/v2\/pages\/1834\/revisions"}],"predecessor-version":[{"id":1839,"href":"https:\/\/www.ambrosia.eu\/lt\/wp-json\/wp\/v2\/pages\/1834\/revisions\/1839"}],"wp:attachment":[{"href":"https:\/\/www.ambrosia.eu\/lt\/wp-json\/wp\/v2\/media?parent=1834"}],"curies":[{"name":"wp","href":"https:\/\/api.w.org\/{rel}","templated":true}]}}