{"id":1830,"date":"2017-10-31T08:29:47","date_gmt":"2017-10-31T07:29:47","guid":{"rendered":"https:\/\/www.ambrosia.eu\/?page_id=1830"},"modified":"2018-04-25T13:11:14","modified_gmt":"2018-04-25T11:11:14","slug":"isleidimo-duomenys","status":"publish","type":"page","link":"https:\/\/www.ambrosia.eu\/lt\/isleidimo-duomenys\/","title":{"rendered":"I\u0161leidimo duomenys"},"content":{"rendered":"<h2>I\u0161leidimo duomenys<\/h2>\n<p>Leid\u0117jas<br \/>\nNordzucker AG<br \/>\nK\u00fcchenstra\u00dfe 9<br \/>\n38100 Braunschweig<\/p>\n<p>Tel. +49 531-2411-0<br \/>\nTelefaxas +49 531-2411-100<\/p>\n<p>info@nordzucker.de<\/p>\n<p>\u012emoni\u0173 registras: Braun\u0161veigo prekybos \u012fmoni\u0173 registras, Nr. HRB 2936<br \/>\n\u012emon\u0117s b\u016bstin\u0117: Braun\u0161veigas<br \/>\nPVM mok\u0117tojo kodas: DE 114883609<\/p>\n<p>Direkcin\u0117s tarybos pirmininkas<br \/>\nHans-Christian Koehler<\/p>\n<p>Vadovas<br \/>\nDr. Lars Gorissen(Valdybos pirmininkas)<br \/>\nAxel Aum\u00fcller<br \/>\nErik Bertelsen<br \/>\nDr. Michael Noth<\/p>\n<h2>Atsakomyb\u0117s atsisakymas ir teisin\u0117s pastabos<\/h2>\n<p>\u00a7 1 Atsakomyb\u0117s apribojimas<br \/>\n\u0160ios svetain\u0117s turinys buvo parengtas labai kruop\u0161\u010diai ir atid\u017eiai, ta\u010diau ne\u012fmanoma visi\u0161kai u\u017etikrinti informacijos tikslumo, i\u0161samumo ir naujumo.<br \/>\nVisas \u0161ios svetain\u0117s turinys pateikiamas toks, koks yra, ir naudotojas j\u012f naudoja savo atsakomybe. Straipsniai, kuriuose \u012fvardinami j\u0173 autoriai, atspindi toki\u0173 autori\u0173 nuomon\u0119 ir neb\u016btinai visada sutampa su svetain\u0117s savininko nuomone. Tarp naudotojo ir svetain\u0117s savininko n\u0117ra joki\u0173 sutartini\u0173 santyki\u0173.<\/p>\n<p>\u00a7 2 I\u0161orin\u0117s nuorodos<br \/>\n\u0160ioje svetain\u0117je yra nuorod\u0173 \u012f tre\u010di\u0173j\u0173 \u0161ali\u0173 svetaines, vadinam\u0173 i\u0161orin\u0117mis nuorodomis.<br \/>\nU\u017e tokias svetaines atsako atitinkami j\u0173 administratoriai. Nustatydamas i\u0161orin\u0119 nuorod\u0105 pirm\u0105 kart\u0105, tiek\u0117jas patikrino, ar informacija, pateikiama tokiose svetain\u0117se, nepa\u017eeid\u017eia \u012fstatym\u0173. Tuo metu joki\u0173 pa\u017eeidim\u0173 nustatyta nebuvo. Ta\u010diau tiek\u0117jas negali daryti jokios \u012ftakos puslapi\u0173 turiniui ar dizainui. Tai, kad tiek\u0117jas pateikia i\u0161orini\u0173 nuorod\u0173, nerei\u0161kia, kad jis turi koki\u0173 nors teisi\u0173 \u012f turin\u012f, pateikiam\u0105 tokiose i\u0161orin\u0117se svetain\u0117se. Tiek\u0117jas neprivalo nuolat tikrinti i\u0161orini\u0173 nuorod\u0173 svetaini\u0173 turinio, jei n\u0117ra konkre\u010di\u0173 \u012fstatym\u0173 pa\u017eeidimo. Jei b\u016bt\u0173 nustatyta, kad svetain\u0117s turinys pa\u017eeid\u017eia \u012fstatymus, tokia i\u0161orin\u0117 nuoroda bus nedelsiant pa\u0161alinta.<\/p>\n<p>\u00a7 3 Autori\u0173 teis\u0117s ir susijusios teis\u0117s<br \/>\nSvetain\u0117je pateiktas turinys yra saugomas pagal Vokietijos autori\u0173 teisi\u0173 ir susijusius apsaugos \u012fstatymus. Turinio naudojimui, kuris n\u0117ra leistinas pagal Vokietijoje galiojan\u010dius autori\u0173 teisi\u0173 ir susijusius \u012fstatymus be i\u0161ankstinio ra\u0161ti\u0161ko savininko sutikimo, b\u016btinas toks sutikimas. Tai ypa\u010d galioja duomen\u0173 baz\u0117se ar kitose elektronin\u0117se priemon\u0117se ar kitose laikmenose saugom\u0173 duomen\u0173 kopijavimui, apdorojimui, vertimui, atk\u016brimui ir platinimui. Tokiu atveju prie tre\u010di\u0173j\u0173 \u0161ali\u0173 turinio pa\u017eymima, kad tai yra tre\u010di\u0173j\u0173 \u0161ali\u0173 turinys. Jei n\u0117ra gautas konkretus leidimas, \u0161io turinio negalima atkurti ar perduoti nei viso, nei dalimis, nei privatiems, nei komerciniams tikslams.<br \/>\nTurin\u012f galima kopijuoti ir atsisi\u0173sti tik asmeniniam nekomerciniam naudojimui. Norint naudoti \u0161ios svetain\u0117s atvaizdus tre\u010diosiose svetain\u0117se b\u016btinas atskiras sutikimas.<\/p>\n<p>\u00a7 4 Gin\u010d\u0173 sprendimas<br \/>\nMes nesame pasiruo\u0161\u0119 ir nesame \u012fsipareigoj\u0119 dalyvauti kokiose nors gin\u010d\u0173 sprendim\u0173 proced\u016brose arbitra\u017einiuose teismuose.<\/p>\n<p>\u00a7 5 Specialiosios naudojimo s\u0105lygos<br \/>\nJei konkre\u010diais atvejais tam tikr\u0173 \u0161ios svetain\u0117s dali\u0173 naudojimo s\u0105lygos skiriasi nuo apib\u016bdint\u0173 paragrafuose auk\u0161\u010diau, tokios vietos yra atitinkamai i\u0161skirtos ir pa\u017eym\u0117tos. Tokiais atvejais galioja atskirai suderintos specifin\u0117s s\u0105lygos ir nuostatos.<\/p>\n","protected":false},"excerpt":{"rendered":"<p>I\u0161leidimo duomenys Leid\u0117jas Nordzucker AG K\u00fcchenstra\u00dfe 9 38100 Braunschweig Tel. +49 531-2411-0 Telefaxas +49 531-2411-100 info@nordzucker.de \u012emoni\u0173 registras: Braun\u0161veigo prekybos \u012fmoni\u0173 registras, Nr. HRB 2936 \u012emon\u0117s b\u016bstin\u0117: Braun\u0161veigas PVM mok\u0117tojo kodas: DE 114883609 Direkcin\u0117s tarybos pirmininkas Hans-Christian Koehler Vadovas Dr. Lars Gorissen(Valdybos pirmininkas) Axel Aum\u00fcller Erik Bertelsen Dr. Michael Noth Atsakomyb\u0117s atsisakymas ir teisin\u0117s pastabos \u00a7 1 Atsakomyb\u0117s apribojimas \u0160ios svetain\u0117s turinys buvo parengtas labai kruop\u0161\u010diai ir atid\u017eiai, ta\u010diau ne\u012fmanoma visi\u0161kai u\u017etikrinti informacijos tikslumo, i\u0161samumo ir naujumo. Visas \u0161ios svetain\u0117s turinys pateikiamas toks, koks yra, ir naudotojas j\u012f naudoja savo atsakomybe. Straipsniai, kuriuose \u012fvardinami j\u0173 autoriai, atspindi toki\u0173 autori\u0173 nuomon\u0119 ir neb\u016btinai visada sutampa su svetain\u0117s savininko nuomone. Tarp naudotojo ir svetain\u0117s savininko n\u0117ra joki\u0173 sutartini\u0173 santyki\u0173. \u00a7 2 I\u0161orin\u0117s nuorodos \u0160ioje svetain\u0117je yra nuorod\u0173 \u012f tre\u010di\u0173j\u0173 \u0161ali\u0173 svetaines, vadinam\u0173 i\u0161orin\u0117mis nuorodomis. U\u017e tokias svetaines atsako atitinkami j\u0173 administratoriai. Nustatydamas i\u0161orin\u0119 nuorod\u0105 pirm\u0105 kart\u0105, tiek\u0117jas patikrino, ar informacija, pateikiama tokiose svetain\u0117se, nepa\u017eeid\u017eia \u012fstatym\u0173. Tuo metu joki\u0173 pa\u017eeidim\u0173 nustatyta nebuvo. Ta\u010diau tiek\u0117jas negali daryti jokios \u012ftakos puslapi\u0173 turiniui ar dizainui. Tai, kad tiek\u0117jas pateikia i\u0161orini\u0173 nuorod\u0173, nerei\u0161kia, kad jis turi koki\u0173 nors teisi\u0173 \u012f turin\u012f, pateikiam\u0105 tokiose i\u0161orin\u0117se svetain\u0117se. Tiek\u0117jas neprivalo nuolat tikrinti i\u0161orini\u0173 nuorod\u0173 svetaini\u0173 turinio, jei n\u0117ra konkre\u010di\u0173 \u012fstatym\u0173 pa\u017eeidimo. Jei b\u016bt\u0173 nustatyta, kad svetain\u0117s turinys pa\u017eeid\u017eia \u012fstatymus, tokia i\u0161orin\u0117 nuoroda bus nedelsiant pa\u0161alinta. \u00a7 3 Autori\u0173 teis\u0117s ir susijusios teis\u0117s Svetain\u0117je pateiktas turinys yra saugomas pagal Vokietijos autori\u0173 teisi\u0173 ir susijusius apsaugos \u012fstatymus. Turinio naudojimui, kuris n\u0117ra leistinas pagal Vokietijoje galiojan\u010dius autori\u0173 teisi\u0173 ir susijusius \u012fstatymus be i\u0161ankstinio ra\u0161ti\u0161ko savininko sutikimo, b\u016btinas toks sutikimas. Tai ypa\u010d galioja duomen\u0173 baz\u0117se ar kitose elektronin\u0117se priemon\u0117se ar kitose laikmenose saugom\u0173 duomen\u0173 kopijavimui, apdorojimui, vertimui, atk\u016brimui ir platinimui. Tokiu atveju prie tre\u010di\u0173j\u0173 \u0161ali\u0173 turinio pa\u017eymima, kad tai yra tre\u010di\u0173j\u0173 \u0161ali\u0173 turinys. Jei n\u0117ra gautas konkretus leidimas, \u0161io turinio negalima atkurti ar perduoti nei viso, nei dalimis, nei privatiems, nei komerciniams tikslams. Turin\u012f galima kopijuoti ir atsisi\u0173sti tik asmeniniam nekomerciniam naudojimui. Norint naudoti \u0161ios svetain\u0117s atvaizdus tre\u010diosiose svetain\u0117se b\u016btinas atskiras sutikimas. \u00a7 4 Gin\u010d\u0173 sprendimas Mes nesame pasiruo\u0161\u0119 ir nesame \u012fsipareigoj\u0119 dalyvauti kokiose nors gin\u010d\u0173 sprendim\u0173 proced\u016brose arbitra\u017einiuose teismuose. \u00a7 5 Specialiosios naudojimo s\u0105lygos Jei konkre\u010diais atvejais tam tikr\u0173 \u0161ios svetain\u0117s dali\u0173 naudojimo s\u0105lygos skiriasi nuo apib\u016bdint\u0173 paragrafuose auk\u0161\u010diau, tokios vietos yra atitinkamai i\u0161skirtos ir pa\u017eym\u0117tos. Tokiais atvejais galioja atskirai suderintos specifin\u0117s s\u0105lygos ir nuostatos.<\/p>\n","protected":false},"author":3,"featured_media":0,"parent":0,"menu_order":0,"comment_status":"closed","ping_status":"closed","template":"","meta":[],"acf":[],"_links":{"self":[{"href":"https:\/\/www.ambrosia.eu\/lt\/wp-json\/wp\/v2\/pages\/1830"}],"collection":[{"href":"https:\/\/www.ambrosia.eu\/lt\/wp-json\/wp\/v2\/pages"}],"about":[{"href":"https:\/\/www.ambrosia.eu\/lt\/wp-json\/wp\/v2\/types\/page"}],"author":[{"embeddable":true,"href":"https:\/\/www.ambrosia.eu\/lt\/wp-json\/wp\/v2\/users\/3"}],"replies":[{"embeddable":true,"href":"https:\/\/www.ambrosia.eu\/lt\/wp-json\/wp\/v2\/comments?post=1830"}],"version-history":[{"count":5,"href":"https:\/\/www.ambrosia.eu\/lt\/wp-json\/wp\/v2\/pages\/1830\/revisions"}],"predecessor-version":[{"id":2141,"href":"https:\/\/www.ambrosia.eu\/lt\/wp-json\/wp\/v2\/pages\/1830\/revisions\/2141"}],"wp:attachment":[{"href":"https:\/\/www.ambrosia.eu\/lt\/wp-json\/wp\/v2\/media?parent=1830"}],"curies":[{"name":"wp","href":"https:\/\/api.w.org\/{rel}","templated":true}]}}