{"id":1819,"date":"2017-10-31T07:42:16","date_gmt":"2017-10-31T06:42:16","guid":{"rendered":"https:\/\/www.ambrosia.eu\/?page_id=1819"},"modified":"2023-11-08T14:01:02","modified_gmt":"2023-11-08T13:01:02","slug":"susisiekti","status":"publish","type":"page","link":"https:\/\/www.ambrosia.eu\/lt\/susisiekti\/","title":{"rendered":"susisiekti"},"content":{"rendered":"<div class=\"row \"><div class=\"col-lg-5 col-md-5 col-xs-12 col-sm-5\"><\/p>\n<p><div role=\"form\" class=\"wpcf7\" id=\"wpcf7-f1825-o1\" lang=\"en-US\" dir=\"ltr\">\n<div class=\"screen-reader-response\"><p role=\"status\" aria-live=\"polite\" aria-atomic=\"true\"><\/p> <ul><\/ul><\/div>\n<form action=\"\/lt\/wp-json\/wp\/v2\/pages\/1819#wpcf7-f1825-o1\" method=\"post\" class=\"wpcf7-form init\" novalidate=\"novalidate\" data-status=\"init\">\n<div style=\"display: none;\">\n<input type=\"hidden\" name=\"_wpcf7\" value=\"1825\" \/>\n<input type=\"hidden\" name=\"_wpcf7_version\" value=\"5.6.1\" \/>\n<input type=\"hidden\" name=\"_wpcf7_locale\" value=\"en_US\" \/>\n<input type=\"hidden\" name=\"_wpcf7_unit_tag\" value=\"wpcf7-f1825-o1\" \/>\n<input type=\"hidden\" name=\"_wpcf7_container_post\" value=\"0\" \/>\n<input type=\"hidden\" name=\"_wpcf7_posted_data_hash\" value=\"\" \/>\n<\/div>\n<h2>J\u016bs\u0173 prane\u0161imas<\/h2>\n\n<div class=\"row\">\n<div class=\"col-xs-12 col-md-6\">\nKreipinys*\n<\/div>\n<div class=\"col-xs-12 col-md-6\">\n<div class=\"form-group wpcf7-form-control wpcf7-radio Anrede\"><div class=\"radio\"><label><input name=\"Anrede\" type=\"radio\" value=\"Ponia\" checked aria-invalid=\"false\" aria-required=\"true\" required>Ponia<\/label><\/div><div class=\"radio\"><label><input name=\"Anrede\" type=\"radio\" value=\"Ponas\" aria-invalid=\"false\" aria-required=\"true\" required>Ponas<\/label><\/div><\/div>\n\n<\/div>\n<\/div>\n\n<div class=\"row\">\n<div class=\"col-xs-12 col-md-6\">\n<div class=\"form-group Vorname\"><label class=\"\">Vardas <span class=\"required\">*<\/span><\/label><input class=\"wpcf7-form-control wpcf7-text wpcf7-validates-as-required form-control\" name=\"Vorname\" type=\"text\" value=\"\" placeholder=\"Vardas*\" aria-invalid=\"false\" aria-required=\"true\" required><\/div>\n<\/div>\n<div class=\"col-xs-12 col-md-6\">\n<div class=\"form-group Nachname\"><label class=\"\">Pavard\u0117 <span class=\"required\">*<\/span><\/label><input class=\"wpcf7-form-control wpcf7-text wpcf7-validates-as-required form-control\" name=\"Nachname\" type=\"text\" value=\"\" placeholder=\"Pavard\u0117*\" aria-invalid=\"false\" aria-required=\"true\" required><\/div>\n\n<\/div>\n<\/div>\n<div class=\"form-group StrasseundHausnummer\"><label class=\"\">Gatv\u0117 ir namo numeris<\/label><input class=\"wpcf7-form-control wpcf7-text form-control\" name=\"StrasseundHausnummer\" type=\"text\" value=\"\" placeholder=\"Gatv\u0117 ir namo numeris\" aria-invalid=\"false\"><\/div>\n\n<div class=\"row\">\n<div class=\"col-xs-12 col-md-6\">\n<div class=\"form-group PLZ\"><label class=\"\">Pa\u0161to indeksas<\/label><input class=\"wpcf7-form-control wpcf7-text form-control\" name=\"PLZ\" type=\"text\" value=\"\" placeholder=\"Pa\u0161to indeksas\" aria-invalid=\"false\"><\/div>\n<\/div>\n<div class=\"col-xs-12 col-md-6\">\n<div class=\"form-group Ort\"><label class=\"\">Vietov\u0117<\/label><input class=\"wpcf7-form-control wpcf7-text form-control\" name=\"Ort\" type=\"text\" value=\"\" placeholder=\"Vietov\u0117\" aria-invalid=\"false\"><\/div>\n\n<\/div>\n<\/div>\n\n<div class=\"row\">\n<div class=\"col-xs-12 col-md-6\">\n<div class=\"form-group Firma\"><label class=\"\">Bendrov\u0117<\/label><input class=\"wpcf7-form-control wpcf7-text form-control\" name=\"Firma\" type=\"text\" value=\"\" placeholder=\"Bendrov\u0117\" aria-invalid=\"false\"><\/div>\n<\/div>\n<div class=\"col-xs-12 col-md-6\">\n<div class=\"form-group Land\"><label class=\"\">\u0160alis<\/label><select class=\"wpcf7-form-control wpcf7-select form-control\" name=\"Land\" aria-invalid=\"false\"><option value=\"\" selected>---<\/option><option value=\"Albanija\">Albanija<\/option><option value=\"Andora\">Andora<\/option><option value=\"Arm\u0117nija\">Arm\u0117nija<\/option><option value=\"Austrija\">Austrija<\/option><option value=\"Azerbaid\u017eanas\">Azerbaid\u017eanas<\/option><option value=\"Baltarusija\">Baltarusija<\/option><option value=\"Belgija\">Belgija<\/option><option value=\"Bosnija ir Hercegovina\">Bosnija ir Hercegovina<\/option><option value=\"Bulgarija\">Bulgarija<\/option><option value=\"Kroatija\">Kroatija<\/option><option value=\"Kipras\">Kipras<\/option><option value=\"\u010cekija\">\u010cekija<\/option><option value=\"Danija\">Danija<\/option><option value=\"Estija\">Estija<\/option><option value=\"Suomija\">Suomija<\/option><option value=\"Pranc\u016bzija\">Pranc\u016bzija<\/option><option value=\"Gruzija\">Gruzija<\/option><option value=\"Vokietija\">Vokietija<\/option><option value=\"Graikija\">Graikija<\/option><option value=\"Vengrija\">Vengrija<\/option><option value=\"Islandija\">Islandija<\/option><option value=\"Airija\">Airija<\/option><option value=\"Italija\">Italija<\/option><option value=\"Kazachstanas\">Kazachstanas<\/option><option value=\"Kosovas\">Kosovas<\/option><option value=\"Latvija\">Latvija<\/option><option value=\"Lichten\u0161teinas\">Lichten\u0161teinas<\/option><option value=\"Lietuva\">Lietuva<\/option><option value=\"Liuksemburgas\">Liuksemburgas<\/option><option value=\"Malta\">Malta<\/option><option value=\"Moldova\">Moldova<\/option><option value=\"Monakas\">Monakas<\/option><option value=\"Juodkalnija\">Juodkalnija<\/option><option value=\"Nyderlandai\">Nyderlandai<\/option><option value=\"\u0160iaur\u0117s Makedonija\">\u0160iaur\u0117s Makedonija<\/option><option value=\"Norvegija\">Norvegija<\/option><option value=\"Lenkija\">Lenkija<\/option><option value=\"Portugalija\">Portugalija<\/option><option value=\"Rumunija\">Rumunija<\/option><option value=\"Rusija\">Rusija<\/option><option value=\"San Marinas\">San Marinas<\/option><option value=\"Serbija\">Serbija<\/option><option value=\"Slovakija\">Slovakija<\/option><option value=\"Slov\u0117nija\">Slov\u0117nija<\/option><option value=\"Ispanija\">Ispanija<\/option><option value=\"\u0160vedija\">\u0160vedija<\/option><option value=\"\u0160veicarija\">\u0160veicarija<\/option><option value=\"Turkija\">Turkija<\/option><option value=\"Ukraina\">Ukraina<\/option><option value=\"Jungtin\u0117 Karalyst\u0117 (JK)\">Jungtin\u0117 Karalyst\u0117 (JK)<\/option><\/select><\/div>\n<\/div>\n<\/div>\n\n<div class=\"row\">\n<div class=\"col-xs-12 col-md-6\">\n<div class=\"form-group Telefonnummer\"><label class=\"\">Telefono Nr<\/label><input class=\"wpcf7-form-control wpcf7-text wpcf7-tel wpcf7-validates-as-tel form-control\" name=\"Telefonnummer\" type=\"tel\" value=\"\" placeholder=\"Telefono Nr\" aria-invalid=\"false\"><\/div>\n<\/div>\n<div class=\"col-xs-12 col-md-6\">\n<div class=\"form-group Mobilnummer\"><label class=\"\">Mobilusis tel<\/label><input class=\"wpcf7-form-control wpcf7-text wpcf7-tel wpcf7-validates-as-tel form-control\" name=\"Mobilnummer\" type=\"tel\" value=\"\" placeholder=\"Mobilusis tel\" aria-invalid=\"false\"><\/div>\n\n<\/div>\n<\/div>\n<p>\n<div class=\"form-group Emailadresse\"><label class=\"\">El. pa\u0161to adresas <span class=\"required\">*<\/span><\/label><input class=\"wpcf7-form-control wpcf7-text wpcf7-email wpcf7-validates-as-required wpcf7-validates-as-email form-control\" name=\"Emailadresse\" type=\"email\" value=\"\" placeholder=\"El. pa\u0161to adresas*\" aria-invalid=\"false\" aria-required=\"true\" required><\/div>\n<\/p>\n<p>\nPer ulteriori informazioni sul trattamento dei vostri dati, consultate l'informativa sulla privacy.<a href=\"\/el\/\u03b1\u03c0\u03cc\u03c1\u03c1\u03b7\u03c4\u03bf\/\" target=\"_blank\" class=\"btn btn-default btn-xs\">Rodyti duomen\u0173 apsaugos s\u0105lyga<\/a>\n\n<\/p>\n<p>\n\u017dvaig\u017edut\u0117mis* pa\u017eym\u0117ti laukeliai yra privalomi. Kad grei\u010diau susisiektum\u0117me su jumis, jei reik\u0117t\u0173 papildomai patikslinti j\u016bs\u0173 klausim\u0105, nurodykite galiojant\u012f telefono numer\u012f ir piln\u0105 adres\u0105.\n<\/p>\n<h3>Prane\u0161imas<\/h3>\n<p>\n<div class=\"form-group Betreff\"><label class=\"\">Tema <span class=\"required\">*<\/span><\/label><input class=\"wpcf7-form-control wpcf7-text wpcf7-validates-as-required form-control\" name=\"Betreff\" type=\"text\" value=\"\" placeholder=\"Tema*\" aria-invalid=\"false\" aria-required=\"true\" required><\/div>\n<\/p>\n<div class=\"form-group Nachricht\"><label class=\"\">J\u016bs\u0173 tekstas <span class=\"required\">*<\/span><\/label><textarea class=\"wpcf7-form-control wpcf7-textarea wpcf7-validates-as-required form-control\" name=\"Nachricht\" rows=\"4\" placeholder=\"J\u016bs\u0173 tekstas\n*\" aria-invalid=\"false\" aria-required=\"true\" required><\/textarea><\/div>\n\n<span id=\"wpcf7-69f166228bc4c-wrapper\" class=\"wpcf7-form-control-wrap Website-wrap\" ><label for=\"wpcf7-69f166228bc4c-field\" class=\"hp-message\">Palikite \u0161\u012f lauk\u0105 tu\u0161\u010di\u0105.<\/label><input id=\"wpcf7-69f166228bc4c-field\"  class=\"wpcf7-form-control wpcf7-text\" type=\"text\" name=\"Website\" value=\"\" size=\"40\" tabindex=\"-1\" autocomplete=\"new-password\" \/><\/span>\n<div class=\"form-group\"><div><input class=\"wpcf7-form-control wpcf7-submit btn btn-primary\" type=\"submit\" value=\"si\u0173sti\"><\/div><\/div><div class=\"wpcf7-response-output alert alert-warning\"><\/div><\/form><\/div><\/p>\n<p><\/div><\/p>\n<p><div class=\"col-lg-1 col-md-1 col-xs-12 col-sm-1\"><\/div><\/p>\n<p><div class=\"col-lg-6 col-md-6 col-xs-12 col-sm-6\"><\/p>\n<p><img loading=\"lazy\" class=\"alignnone size-medium wp-image-3768\" src=\"https:\/\/www.ambrosia.eu\/wp-content\/uploads\/2022\/08\/220818_ambrosia_goering-225x300.jpg\" alt=\"\" width=\"225\" height=\"300\" srcset=\"https:\/\/www.ambrosia.eu\/wp-content\/uploads\/2022\/08\/220818_ambrosia_goering-225x300.jpg 225w, https:\/\/www.ambrosia.eu\/wp-content\/uploads\/2022\/08\/220818_ambrosia_goering-768x1024.jpg 768w, https:\/\/www.ambrosia.eu\/wp-content\/uploads\/2022\/08\/220818_ambrosia_goering-1152x1536.jpg 1152w, https:\/\/www.ambrosia.eu\/wp-content\/uploads\/2022\/08\/220818_ambrosia_goering-1536x2048.jpg 1536w, https:\/\/www.ambrosia.eu\/wp-content\/uploads\/2022\/08\/220818_ambrosia_goering.jpg 1772w\" sizes=\"(max-width: 225px) 100vw, 225px\" \/><\/p>\n<p>Michael Gerling<br \/>\nReg. Key Account Manager<\/p>\n<p><\/div>\n<\/div>\n","protected":false},"excerpt":{"rendered":"","protected":false},"author":3,"featured_media":0,"parent":0,"menu_order":0,"comment_status":"closed","ping_status":"closed","template":"","meta":[],"acf":[],"_links":{"self":[{"href":"https:\/\/www.ambrosia.eu\/lt\/wp-json\/wp\/v2\/pages\/1819"}],"collection":[{"href":"https:\/\/www.ambrosia.eu\/lt\/wp-json\/wp\/v2\/pages"}],"about":[{"href":"https:\/\/www.ambrosia.eu\/lt\/wp-json\/wp\/v2\/types\/page"}],"author":[{"embeddable":true,"href":"https:\/\/www.ambrosia.eu\/lt\/wp-json\/wp\/v2\/users\/3"}],"replies":[{"embeddable":true,"href":"https:\/\/www.ambrosia.eu\/lt\/wp-json\/wp\/v2\/comments?post=1819"}],"version-history":[{"count":10,"href":"https:\/\/www.ambrosia.eu\/lt\/wp-json\/wp\/v2\/pages\/1819\/revisions"}],"predecessor-version":[{"id":4233,"href":"https:\/\/www.ambrosia.eu\/lt\/wp-json\/wp\/v2\/pages\/1819\/revisions\/4233"}],"wp:attachment":[{"href":"https:\/\/www.ambrosia.eu\/lt\/wp-json\/wp\/v2\/media?parent=1819"}],"curies":[{"name":"wp","href":"https:\/\/api.w.org\/{rel}","templated":true}]}}