{"id":1811,"date":"2017-10-30T22:58:43","date_gmt":"2017-10-30T21:58:43","guid":{"rendered":"https:\/\/www.ambrosia.eu\/?page_id=1811"},"modified":"2017-11-12T17:41:15","modified_gmt":"2017-11-12T16:41:15","slug":"biciu-metu-ciklas","status":"publish","type":"page","link":"https:\/\/www.ambrosia.eu\/lt\/biciu-metu-ciklas\/","title":{"rendered":"Bi\u010di\u0173 met\u0173 ciklas"},"content":{"rendered":"<div class=\"row \"><div class=\"col-lg-6 col-md-6 col-xs-12 col-sm-6\"><\/p>\n<h2>Kovas:<\/h2>\n<p>Spar\u010diam bi\u010di\u0173 populiacijos augimui reikia kuo daugiau ilgaam\u017ei\u0173 ir nauj\u0173 bi\u010di\u0173. Kad \u0161eima vystyt\u0173si gerai, reikia pakankam\u0173 maisto atsarg\u0173, tam naudojamas subalansuotas \u017eiemos maitinimas, b\u016btinos auk\u0161tos kokyb\u0117s \u017eiedadulk\u0117s i\u0161 \u012fvairi\u0173 \u0161altini\u0173, kylanti dienos laiko temperat\u016bra ir higieni\u0161ka medaus kori\u0173 strukt\u016bra su daugybe laisv\u0173 nareli\u0173 kiau\u0161in\u0117liams d\u0117ti. Jei maisto tr\u016bksta, jo atsargas galima papildyti koriais arba paprastai maitinti bites \u201eambrosia\u00ae\u201c invertuotu cukraus sirupu. Pavasar\u012f bi\u010di\u0173 populiacijai svarbu harmoningai ir optimaliai augti. Reik\u0117t\u0173 stengtis i\u0161vengti bet koki\u0173 augimo trikd\u017ei\u0173, kadangi bet koks sustojimas rei\u0161kia l\u0117t\u0117jant\u012f bi\u010di\u0173 pasiruo\u0161im\u0105 vasaros sezonui.<\/p>\n<h2>Balandis:<\/h2>\n<p>\u0160iuo metu maisto atsargos spar\u010diai ma\u017e\u0117ja. Deja, turim\u0173 atsarg\u0173 ne\u012fmanoma i\u0161matuoti pasveriant avil\u012f, nes ma\u017e\u0117jant maisto svoriui per\u0173 svoris atitinkamai did\u0117ja. Labai svarbu reguliariai ap\u017ei\u016br\u0117ti avil\u012f, iki kol pradeda \u017eyd\u0117ti med\u017eiai, kad b\u016bt\u0173 galima i\u0161 karto imtis priemoni\u0173, jei maisto prad\u0117t\u0173 tr\u016bkti. Taip pat tai yra puikus laikas prad\u0117ti erku\u010di\u0173 ma\u017einim\u0105, i\u0161pjaunant tran\u0173 akeles.<\/p>\n<h2>Gegu\u017e\u0117:<\/h2>\n<p>Jei bitininkas visk\u0105 padar\u0117 tinkamai, \u0161\u012f m\u0117nes\u012f bit\u0117s \u012frodys, kiek daug jos sugeba, kai jomis tinkamai yra r\u016bpinamasi. Svarbiausias u\u017edavinys \u0161\u012f m\u0117nes\u012f yra suvaldyti bi\u010di\u0173 spietimo instinkt\u0105. Dabar laikas kurti jaunas populiacijas kitam sezonui, taip u\u017etikrinant sveik\u0105 ir stipri\u0105 pakaitin\u0119 bi\u010di\u0173 kart\u0105. Ir toliau ma\u017einkite tran\u0173 aku\u010di\u0173, kad tarp bi\u010di\u0173 nesklist\u0173 erkut\u0117s.<\/p>\n<h2>Bir\u017eelis:<\/h2>\n<p>Kai i\u0161imamas ankstyvojo medune\u0161io paskutinis medus, b\u016btina palikti gausias atsargas populiacijai, kad ji neprad\u0117t\u0173 badauti, jei tarp medune\u0161i\u0173 atsirast\u0173 tarp\u0173. Jei medune\u0161is sustoja, reik\u0117s pasir\u016bpinti savaitin\u0117mis doz\u0117mis 2,5 kg \u201eambrosia\u00ae\u201c kand\u017eios te\u0161los pakuot\u0117mis per keturias ar penkias dienas tarpui u\u017epildyti. Svarbu pasir\u016bpinti, kad su medumi neb\u016bt\u0173 perne\u0161amas u\u017ekratas.<\/p>\n<h2>Liepa:<\/h2>\n<p>Bi\u010di\u0173 met\u0173 ciklo aktyvumo vir\u0161\u016bn\u0117 jau pra\u0117jo, ir populiacija pama\u017eu pradeda ruo\u0161tis \u017eiemai. Bi\u010di\u0173 teb\u0117ra daug, ta\u010diau medune\u0161is ma\u017e\u0117ja. Po to,<br \/>\nkai apie m\u0117nesio vidur\u012f medune\u0161is sustoja, reikia i\u0161kart prad\u0117ti maitinim\u0105 \u201eambrosia\u00ae\u201c kand\u017eia te\u0161la (rekomenduojame naudoti 15 kg pakuotes), kad bit\u0117s ir toliau r\u016bpint\u0173si perais ir b\u016bt\u0173 apsaugotos nuo pl\u0117\u0161ikavimo. Te\u0161la i\u0161laikys bi\u010di\u0173 u\u017eimtum\u0105 ir neleis vaikyti vasarini\u0173 bi\u010di\u0173, kurios daugiau neb\u0117ra reikalingos. Apdorodamos te\u0161l\u0105 vasarin\u0117s bit\u0117s skatinamos rinkti \u017eiedadulkes ir vanden\u012f,<br \/>\ntai padeda i\u0161laikyti populiacij\u0105 sveik\u0105 ir saugo \u017eiemines bites, kurios tokios svarbios populiacijos atei\u010diai. Tai paskatins ir pagerins bi\u010di\u0173 augim\u0105 ir vystym\u0105si ateinant\u012f pavasar\u012f. Pasibaigus medune\u0161iui ateina laikas patikrinti, ar bi\u010di\u0173 neapniko zooparazitai, ir prireikus imtis atitinkam\u0173 priemoni\u0173 nuo erku\u010di\u0173.<\/p>\n<h2>Rugpj\u016btis:<\/h2>\n<p>Tai tas m\u0117nuo, kur\u012f atsiskleid\u017eia visi tran\u0173 aku\u010di\u0173 ma\u017einimo privalumai. Bitininkai, kuriems pavyksta pa\u0161alinti visus tranus i\u0161 populiacijos, d\u017eiaugiasi rezultatu dar labiau. Jei visk\u0105 padar\u0117te teisingai, erku\u010di\u0173 turi b\u016bti nedaug (ma\u017eiau nei 1-2 erkut\u0117s<br \/>\nper dien\u0105), bit\u0117s bus sveikesn\u0117s ir gyvybingesn\u0117s. Populiacija toliau ma\u017e\u0117ja iki idealaus dyd\u017eio \u017eiemai.<br \/>\nPopuliacijos dydis iki spalio pabaigos suma\u017e\u0117s iki 10-12 t\u016bkstan\u010di\u0173 (arba 9-10 u\u017eimt\u0173 kori\u0173). Silpnesnes populiacijas, kurias sudaro ma\u017eiau nei 5000 bi\u010di\u0173 (4 DN, Zander koriai), reik\u0117t\u0173 sujungti, neie\u0161kant motin\u0117li\u0173.<\/p>\n<p><\/div>\n<div class=\"col-lg-6 col-md-6 col-xs-12 col-sm-6\"><\/p>\n<h2>Rugs\u0117jis:<\/h2>\n<p>Jei maisto atsargos teb\u0117ra ma\u017eesn\u0117s u\u017e 20 kg, jas galima papildyti \u201eambrosia\u00ae\u201c invertuotu cukraus sirupu. Jei \u017eiemojama vienoje vietoje, maitinimui reikia 1 litro sirupo vienam standartinio dyd\u017eio koriui.<\/p>\n<p>M\u0117nesio pabaigoje ir spalio prad\u017eioje i\u0161sirita paskutin\u0117s \u017eiemin\u0117s bit\u0117s.<\/p>\n<p>Per ribotus savo i\u0161skridimus \u012f lauk\u0105 joms reik\u0117s rasti \u0161vie\u017ei\u0173 \u017eiedadulki\u0173, kurios leist\u0173 sukaupti reikalingas riebal\u0173 ir baltym\u0173 atsargas. \u017diemin\u0117s bit\u0117s nebeturi r\u016bpintis perais, nes tai gerokai sutrumpint\u0173 j\u0173 gyvenimo trukm\u0119. Populiacijos, kurios ir toliau r\u016bpinasi perais, retai i\u0161gyvena laikotarp\u012f tarp miego ir med\u017ei\u0173 su\u017eyd\u0117jimo.<\/p>\n<p>&nbsp;<\/p>\n<p>Vaistus nuo erku\u010di\u0173 (oksalo r\u016bg\u0161t\u012f) paskutin\u012f kart\u0105 reikia panaudoti lapkri\u010dio pabaigoje &#8211; gruod\u017eio prad\u017eioje). Ap\u017ei\u016br\u0117dami avilio dugn\u0105 \u012fsitikinkite, ar j\u0173 taikymas buvo s\u0117kmingas. Nuolatinis erku\u010di\u0173 naikinimas yra b\u016btinas. Nesiimant priemoni\u0173 prie\u0161 erkutes, j\u0173 populiacijos kas tris savaites i\u0161auga dvigubai. Praleidus optimal\u0173 vaist\u0173 panaudojimo laik\u0105 (\u017er. vaist\u0173 instrukcij\u0173 lapel\u012f), nuostoli\u0173 nei\u0161vengsite.<\/p>\n<p>Kai vaistai naudojami po paskutinio medune\u0161io, b\u016btina atid\u017eiai patikrinti j\u0173 doz\u0119. U\u017etikrinant pakankam\u0105 kiek\u012f maisto tuo laikotarpiu, kai bit\u0117s nene\u0161a medaus ir maitinasi prie\u0161 \u017eiem\u0105, suformuoja sveika ir gyvybinga bi\u010di\u0173 populiacija, kuri garantuoja s\u0117kming\u0105 medune\u0161\u012f ateinan\u010diais metais.<\/p>\n<p>\u012evair\u016bs \u201eambrosia\u00ae\u201c produktai bitininkams teikia daug galimybi\u0173 rinktis maist\u0105 taip, kad populiacijos b\u016bt\u0173 sveikos, o bitininkai tur\u0117t\u0173 daugiau laiko r\u016bpintis kitais svarbiais bi\u010di\u0173 prie\u017ei\u016bros dalykais. Vis svarbiau yra gerai i\u0161manyti, kaip bi\u010di\u0173 populiacijos priklauso nuo i\u0161orini\u0173 faktori\u0173. \u0160ie patarimai tur\u0117t\u0173 tam b\u016bti naudingi.<\/p>\n<h2>10 svarbi\u0173 dalyk\u0173, kuriuos reikia \u017einoti apie<br \/>\nbi\u010di\u0173 met\u0173 cikl\u0105<\/h2>\n<ol>\n<li>Naujas bi\u010di\u0173 met\u0173 ciklas pradedamas skai\u010diuoti nuo tada, kai pasibaigia medune\u0161io sezonas (daugelyje viet\u0173 tai yra liepos vidurys) ir sune\u0161amas paskutinis vasarinis medus: populiacijai reikia sukaupti atsargas \u017eiemai. Tam ypa\u010d gerai tinka \u201eambrosia\u00ae\u201c invertuotas cukraus sirupas ir \u201eambrosia\u00ae\u201c kandi te\u0161la. D\u0117l savo formul\u0117s tikslumo ir gero vir\u0161kinamumo \u0161ie produktai padeda i\u0161laikyti didel\u012f bi\u010di\u0173 aktyvum\u0105.<\/li>\n<li>Tikrinti, ar n\u0117ra infestacijos, ir ma\u017einti erku\u010di\u0173 populiacij\u0105 reikia vadovaujantis Vokietijos bitininkyst\u0117s instituto darbo grup\u0117s rekomendacijomis. \u012esitikinkite, ar gydymas buvo s\u0117kmingas, ir steb\u0117kite, ar invazija nepasikartoja.<\/li>\n<li>Vasarin\u0117s bit\u0117s turi ir toliau ruo\u0161ti ir kaupti maist\u0105.<\/li>\n<li>Kai \u017eiedadulki\u0173 ir \u201eambrosia\u00ae\u201c bi\u010di\u0173 maisto atsargos yra pakankamos, lervos turi plaukioti savo<br \/>\nskystyje.<\/li>\n<li>Nuo rugs\u0117jo per maitinim\u0105 lizdo didinti nebegalima.<\/li>\n<li>\u017diemin\u0117s bit\u0117s turi gal\u0117ti ir toliau i\u0161skristi i\u0161 avilio, kad sukaupt\u0173 reikalingas riebal\u0173 ir baltym\u0173 atsargas \u017eiemai.<\/li>\n<li>\u017diemin\u0117s bit\u0117s pradeda senti i\u0161 karto, kai prasideda maisto ruo\u0161imas \u017eiemai ir kiti parengiamieji procesai.<\/li>\n<li>Pasistenkite kiek \u012fmanoma labiau atid\u0117ti \u017eiemini\u0173 bi\u010di\u0173 sen\u0117jim\u0105. Leiskite bit\u0117ms spiestis \u012f kamuol\u012f ant atvir\u0173 groteli\u0173 dugno.<\/li>\n<li>Tikrinkite maisto atsarg\u0173 ma\u017e\u0117jim\u0105 sverdami avilius.Net ir met\u0173 pabaigoje maisto tr\u016bkum\u0105 galima kompensuoti \u201eambrosia\u00ae\u201c invertuotu cukraus sirupu. Jo geras pasisavinimas ir invertavimas yra puikiai pritaikytas pagal bi\u010di\u0173 poreikius.<\/li>\n<li>Kad stipri ir sveika bi\u010di\u0173 populiacija i\u0161likt\u0173 per \u017eiem\u0105, priklausomai nuo kolonijos dyd\u017eio, \u017eiemai reik\u0117s<br \/>\nne ma\u017eiau nei 15-20 kg maisto, kuris turi b\u016bti tiekiamas spalio prad\u017eioje..<\/li>\n<\/ol>\n<p><a href=\"https:\/\/www.ambrosia.eu\/en\/contact\/\">We gladly answer your questions and recommend a specialized local retailer.<\/a><\/p>\n<p><a class=\"btn btn-primary btn-xs  \" href=\"\/contact\"  rel=\"\"  target=\"_self\">contact <i class=\"glyphicon glyphicon-menu-right\" ><\/i><\/a><\/p>\n<p><\/div>\n<\/div>\n","protected":false},"excerpt":{"rendered":"","protected":false},"author":3,"featured_media":0,"parent":0,"menu_order":0,"comment_status":"closed","ping_status":"closed","template":"","meta":[],"acf":[],"_links":{"self":[{"href":"https:\/\/www.ambrosia.eu\/lt\/wp-json\/wp\/v2\/pages\/1811"}],"collection":[{"href":"https:\/\/www.ambrosia.eu\/lt\/wp-json\/wp\/v2\/pages"}],"about":[{"href":"https:\/\/www.ambrosia.eu\/lt\/wp-json\/wp\/v2\/types\/page"}],"author":[{"embeddable":true,"href":"https:\/\/www.ambrosia.eu\/lt\/wp-json\/wp\/v2\/users\/3"}],"replies":[{"embeddable":true,"href":"https:\/\/www.ambrosia.eu\/lt\/wp-json\/wp\/v2\/comments?post=1811"}],"version-history":[{"count":7,"href":"https:\/\/www.ambrosia.eu\/lt\/wp-json\/wp\/v2\/pages\/1811\/revisions"}],"predecessor-version":[{"id":2083,"href":"https:\/\/www.ambrosia.eu\/lt\/wp-json\/wp\/v2\/pages\/1811\/revisions\/2083"}],"wp:attachment":[{"href":"https:\/\/www.ambrosia.eu\/lt\/wp-json\/wp\/v2\/media?parent=1811"}],"curies":[{"name":"wp","href":"https:\/\/api.w.org\/{rel}","templated":true}]}}