{"id":1801,"date":"2017-10-30T22:11:40","date_gmt":"2017-10-30T21:11:40","guid":{"rendered":"https:\/\/www.ambrosia.eu\/?page_id=1801"},"modified":"2021-11-19T11:57:28","modified_gmt":"2021-11-19T10:57:28","slug":"ambrosia-kandi-tesla","status":"publish","type":"page","link":"https:\/\/www.ambrosia.eu\/lt\/ambrosia-kandi-tesla\/","title":{"rendered":"ambrosia\u00ae\u201c kandi te\u0161la"},"content":{"rendered":"<div class=\"row \"><div class=\"col-lg-6 col-md-6 col-xs-12 col-sm-6\"><\/p>\n<p>\u201e\u201eambrosia\u00ae\u201c kandi te\u0161la bit\u0117ms yra glaisto tir\u0161tumo mas\u0117, sudaryta i\u0161 smulki\u0173 cukraus mikrokristal\u0173, plaukiojan\u010di\u0173 \u012fvairi\u0173 tip\u0173 tirpinto cukraus sirupe. Sirupas neleid\u017eia kristalams sulipti ir u\u017etikrina patog\u0173 maisto patekim\u0105 \u012f bit\u0117s vir\u0161kinimo sistem\u0105. Produkte yra labai ma\u017eai dr\u0117gm\u0117s, tod\u0117l tinkamai laikom\u0105 \u201eambrosia\u00ae\u201c kand\u017ei\u0105 te\u0161l\u0105 bit\u0117ms galima laikyti ne ma\u017eiau nei 24 m\u0117nesius.<\/p>\n<p>Produkt\u0105 galima \u012fsigyti tokio tipo pakuot\u0117mis:<\/p>\n<ul>\n<li>15 kg d\u0117\u017e\u0117 su vidine pl\u0117vele<\/li>\n<li>2,5 kg porcijos pakuot\u0117 (PE pl\u0117vel\u0117, 5 vnt. d\u0117\u017e\u0117je)<\/li>\n<\/ul>\n<p><\/div>\n<div class=\"col-lg-6 col-md-6 col-xs-12 col-sm-6\"><\/p>\n<p>Ypa\u010d rekomenduojame atkreipti d\u0117mes\u012f \u012f vienos porcijos pakuotes. Maitinti bites te\u0161la labai paprasta: 15 kg pakuot\u0119 su visa pl\u0117vele i\u0161imkite i\u0161 d\u0117\u017e\u0117s ir atsuk\u0119 atvir\u0105ja puse \u012fd\u0117kite \u012f r\u0117m\u0105. Te\u0161l\u0105 taip pat galima pjaustyti reikalingo dyd\u017eio porcijomis. Pl\u0117vel\u0117 neleid\u017eia te\u0161lai i\u0161d\u017ei\u016bti.<br \/>\n2,5 kg pakuot\u0117je palei ilg\u0105j\u0105 pakuot\u0117s si\u016bl\u0119 prapjaunamas apie 2 cm ply\u0161elis. Per j\u012f bit\u0117s gal\u0117s pasiimti apie 400 g per dien\u0105, ir pakuot\u0117s turinio u\u017eteks 7 dienoms. Te\u0161l\u0105 ypa\u010d rekomenduojama naudoti kolonijoms didinti ir motin\u0117lei maitinti.<\/p>\n<p><\/div>\n<\/div>\n<p><div class=\"row \"><div class=\"col-lg-6 col-md-6 col-xs-12 col-sm-6\">\n<img loading=\"lazy\" class=\"alignnone size-medium wp-image-907\" src=\"https:\/\/www.ambrosia.eu\/wp-content\/uploads\/2017\/01\/ambrosia-beefeed-dough-carton-15kg-300x181.jpg\" alt=\"ambrosia-beefeed-dough-carton-15kg\" width=\"300\" height=\"181\" srcset=\"https:\/\/www.ambrosia.eu\/wp-content\/uploads\/2017\/01\/ambrosia-beefeed-dough-carton-15kg-300x181.jpg 300w, https:\/\/www.ambrosia.eu\/wp-content\/uploads\/2017\/01\/ambrosia-beefeed-dough-carton-15kg-768x464.jpg 768w, https:\/\/www.ambrosia.eu\/wp-content\/uploads\/2017\/01\/ambrosia-beefeed-dough-carton-15kg-1024x618.jpg 1024w, https:\/\/www.ambrosia.eu\/wp-content\/uploads\/2017\/01\/ambrosia-beefeed-dough-carton-15kg.jpg 1299w\" sizes=\"(max-width: 300px) 100vw, 300px\" \/><\/p>\n<h3>carton<\/h3>\n<p><strong>15 kg<br \/>\n<\/strong>Art.-Nr.: 37237<br \/>\nVienos palet\u0117s kiekis: 50 vienet\u0173<\/p>\n<div class=\"clearfix\"><\/div>\n<p><img loading=\"lazy\" class=\"alignnone size-medium wp-image-908\" src=\"https:\/\/www.ambrosia.eu\/wp-content\/uploads\/2017\/01\/ambrosia-beefeed-dough-portion-pack-300x252.jpg\" alt=\"ambrosia-beefeed-dough-portion-pack\" width=\"300\" height=\"252\" srcset=\"https:\/\/www.ambrosia.eu\/wp-content\/uploads\/2017\/01\/ambrosia-beefeed-dough-portion-pack-300x252.jpg 300w, https:\/\/www.ambrosia.eu\/wp-content\/uploads\/2017\/01\/ambrosia-beefeed-dough-portion-pack-768x645.jpg 768w, https:\/\/www.ambrosia.eu\/wp-content\/uploads\/2017\/01\/ambrosia-beefeed-dough-portion-pack-1024x860.jpg 1024w, https:\/\/www.ambrosia.eu\/wp-content\/uploads\/2017\/01\/ambrosia-beefeed-dough-portion-pack.jpg 1299w\" sizes=\"(max-width: 300px) 100vw, 300px\" \/><\/p>\n<h3>single serving package<\/h3>\n<p><strong>5 x 2,5 kg<br \/>\n<\/strong>Art.-Nr.: 372998<br \/>\nVienos palet\u0117s kiekis: 64 vienet\u0173<\/p>\n<div class=\"clearfix\"><\/div>\n<h2>Laikymas ir galiojimas<\/h2>\n<p>Produktus galima laikyti 10-17 \u00b0C temperat\u016broje, sausoje patalpoje. Neleiskite u\u017e\u0161alti.<\/p>\n<h3>Galiojimo trukm\u0117:<\/h3>\n<p>Kandi te\u0161la bit\u0117ms 24 m\u0117nesiai.<br \/>\nPasir\u016bpinkite, kad pakuot\u0117s neb\u016bt\u0173 pa\u017eeistos, ir produktai b\u016bt\u0173 laikomi laikantis geros higienos reikalavim\u0173.<br \/>\nProduktus atidarykite tik prie\u0161 pat naudojim\u0105.<\/p>\n<p>&nbsp;<\/p>\n<p><a href=\"https:\/\/www.ambrosia.eu\/lt\/susisiekti\/\" target=\"_blank\" rel=\"noopener\">Mielai atsakysime \u012f j\u016bs\u0173 klausimus ir rekomenduosime netoli j\u016bs\u0173 esant\u012f pardav\u0117j\u0105<\/a><\/p>\n<a class=\"btn btn-primary btn-xs  \" href=\"\/susisiekti\"  rel=\"\"  target=\"_self\">susisiekti <i class=\"glyphicon glyphicon-menu-right\" ><\/i><\/a>\n<p><\/div>\n<div class=\"col-lg-6 col-md-6 col-xs-12 col-sm-6\"><img loading=\"lazy\" class=\"alignnone size-large wp-image-905\" src=\"https:\/\/www.ambrosia.eu\/wp-content\/uploads\/2017\/01\/ambrosia-beefeed-dough-application-1-1024x493.jpg\" alt=\"ambrosia-beefeed-dough-application-1\" width=\"1024\" height=\"493\" srcset=\"https:\/\/www.ambrosia.eu\/wp-content\/uploads\/2017\/01\/ambrosia-beefeed-dough-application-1-1024x493.jpg 1024w, https:\/\/www.ambrosia.eu\/wp-content\/uploads\/2017\/01\/ambrosia-beefeed-dough-application-1-300x145.jpg 300w, https:\/\/www.ambrosia.eu\/wp-content\/uploads\/2017\/01\/ambrosia-beefeed-dough-application-1-768x370.jpg 768w, https:\/\/www.ambrosia.eu\/wp-content\/uploads\/2017\/01\/ambrosia-beefeed-dough-application-1.jpg 1299w\" sizes=\"(max-width: 1024px) 100vw, 1024px\" \/><\/p>\n<div class=\"clearfix\"><\/div>\n<p><img loading=\"lazy\" class=\"alignnone size-large wp-image-906\" src=\"https:\/\/www.ambrosia.eu\/wp-content\/uploads\/2017\/01\/ambrosia-beefeed-dough-application-2-1024x689.jpg\" alt=\"ambrosia-beefeed-dough-application-2\" width=\"1024\" height=\"689\" srcset=\"https:\/\/www.ambrosia.eu\/wp-content\/uploads\/2017\/01\/ambrosia-beefeed-dough-application-2-1024x689.jpg 1024w, https:\/\/www.ambrosia.eu\/wp-content\/uploads\/2017\/01\/ambrosia-beefeed-dough-application-2-300x202.jpg 300w, https:\/\/www.ambrosia.eu\/wp-content\/uploads\/2017\/01\/ambrosia-beefeed-dough-application-2-768x517.jpg 768w, https:\/\/www.ambrosia.eu\/wp-content\/uploads\/2017\/01\/ambrosia-beefeed-dough-application-2.jpg 1299w\" sizes=\"(max-width: 1024px) 100vw, 1024px\" \/><\/div>\n<\/div><br \/>\n<div class=\"row \"><div class=\"col-lg-6 col-md-6 col-xs-12 col-sm-6\"><\/p>\n<p><\/div><div class=\"col-lg-6 col-md-6 col-xs-12 col-sm-6\"> <\/div>\n<\/div><\/p>\n","protected":false},"excerpt":{"rendered":"","protected":false},"author":3,"featured_media":0,"parent":0,"menu_order":0,"comment_status":"closed","ping_status":"closed","template":"","meta":[],"acf":[],"_links":{"self":[{"href":"https:\/\/www.ambrosia.eu\/lt\/wp-json\/wp\/v2\/pages\/1801"}],"collection":[{"href":"https:\/\/www.ambrosia.eu\/lt\/wp-json\/wp\/v2\/pages"}],"about":[{"href":"https:\/\/www.ambrosia.eu\/lt\/wp-json\/wp\/v2\/types\/page"}],"author":[{"embeddable":true,"href":"https:\/\/www.ambrosia.eu\/lt\/wp-json\/wp\/v2\/users\/3"}],"replies":[{"embeddable":true,"href":"https:\/\/www.ambrosia.eu\/lt\/wp-json\/wp\/v2\/comments?post=1801"}],"version-history":[{"count":6,"href":"https:\/\/www.ambrosia.eu\/lt\/wp-json\/wp\/v2\/pages\/1801\/revisions"}],"predecessor-version":[{"id":3211,"href":"https:\/\/www.ambrosia.eu\/lt\/wp-json\/wp\/v2\/pages\/1801\/revisions\/3211"}],"wp:attachment":[{"href":"https:\/\/www.ambrosia.eu\/lt\/wp-json\/wp\/v2\/media?parent=1801"}],"curies":[{"name":"wp","href":"https:\/\/api.w.org\/{rel}","templated":true}]}}