{"id":1774,"date":"2017-10-30T20:40:21","date_gmt":"2017-10-30T19:40:21","guid":{"rendered":"https:\/\/www.ambrosia.eu\/?page_id=1774"},"modified":"2017-11-03T13:25:16","modified_gmt":"2017-11-03T12:25:16","slug":"geriausias-maistas","status":"publish","type":"page","link":"https:\/\/www.ambrosia.eu\/lt\/geriausias-maistas\/","title":{"rendered":"Geriausias maistas"},"content":{"rendered":"<div class=\"row \"><div class=\"col-lg-6 col-md-6 col-xs-12 col-sm-6\"><\/p>\n<p>Cukraus pagrindo maistas bit\u0117ms, toks kaip \u201eambrosia\u00ae\u201c sirupai ir kand\u017eios te\u0161los, s\u0117kmingai naudojamos jau daugiau nei 25 metai kaip s\u0117kmingai papildan\u010dios ar net pakei\u010dian\u010dios nat\u016bralius maisto \u0161altinius.<br \/>\nTai puikus energijos \u0161altinis, leid\u017eiantis saugiai per\u017eiemoti, gaminti korius ir maitintis motin\u0117lei.<\/p>\n<h3>Gero maisto bit\u0117ms ypatyb\u0117s<\/h3>\n<ul>\n<li>optimalus receptas, standartizuota auk\u0161ta kokyb\u0117<\/li>\n<li>ma\u017eai energijos s\u0105naud\u0173 ir idealiai lengvas suvir\u0161kinimas<\/li>\n<li>maksimalus maistingosios vert\u0117s i\u0161naudojimas<\/li>\n<li>pastovi kokyb\u0117<\/li>\n<li>ilgas saugojimo laikotarpis ir biologinis stabilumas<\/li>\n<li>patogus saugojimas, dozavimas ir paruo\u0161imas naudoti<\/li>\n<li>bekvapis, tod\u0117l nepritraukia vabzd\u017ei\u0173-pl\u0117\u0161ik\u0173<\/li>\n<\/ul>\n<p><\/div>\n<div class=\"col-lg-6 col-md-6 col-xs-12 col-sm-6\"><\/p>\n<p>Milijonus met\u0173 nektaras, \u017eiedadulk\u0117s ir vanduo u\u017etikrino bi\u010di\u0173 i\u0161gyvenim\u0105. D\u0117l sud\u0117ting\u0173 \u0161iuolaikini\u0173 aplinkos s\u0105lyg\u0173 ir netinkam\u0173 bitinink\u0173 sprendim\u0173 \u0161iandien vis didesn\u012f susir\u016bpinim\u0105 kelia ligos ir kenk\u0117jai, o optimali maisto kokyb\u0117 yra dar svarbesn\u0117, nat\u016bralaus maisto pasi\u016blai ir kokybei tampant vis labiau ribota.<\/p>\n<p>Laikyti bites rei\u0161kia daugiau nei tiesiog pasir\u016bpinti j\u0173 b\u016bstu ir gydyti nuo erki\u0173. Bit\u0117s labai jautrios tam, k\u0105 valgo. Jos i\u0161kart sureaguoja \u012f maisto pakitimus ar tr\u016bkumus, pavyzd\u017eiui, jei cukrus tampa ne optimalios ar netinkamos sud\u0117ties, \u2013 suma\u017e\u0117ja j\u0173 gyvybingumas. Tai gali baigtis dezinterija ir kitomis ligomis.<\/p>\n<p>Maitindami savo bites ambrosia\u00ae b\u016bsite u\u017etikrinti, kad j\u016bs\u0173 bit\u0117s gauna geriausi\u0105 maist\u0105.<\/p>\n<p><a href=\"https:\/\/www.ambrosia.eu\/lt\/susisiekti\/\" target=\"_blank\" rel=\"noopener\">Mielai atsakysime \u012f j\u016bs\u0173 klausimus ir rekomenduosime netoli j\u016bs\u0173 esant\u012f pardav\u0117j\u0105<\/a><\/p>\n<p><a class=\"btn btn-primary btn-xs  \" href=\"\/susisiekti\"  rel=\"\"  target=\"_self\">susisiekti <i class=\"glyphicon glyphicon-menu-right\" ><\/i><\/a><\/p>\n<p><\/div>\n<\/div>\n","protected":false},"excerpt":{"rendered":"","protected":false},"author":3,"featured_media":0,"parent":0,"menu_order":0,"comment_status":"closed","ping_status":"closed","template":"","meta":[],"acf":[],"_links":{"self":[{"href":"https:\/\/www.ambrosia.eu\/lt\/wp-json\/wp\/v2\/pages\/1774"}],"collection":[{"href":"https:\/\/www.ambrosia.eu\/lt\/wp-json\/wp\/v2\/pages"}],"about":[{"href":"https:\/\/www.ambrosia.eu\/lt\/wp-json\/wp\/v2\/types\/page"}],"author":[{"embeddable":true,"href":"https:\/\/www.ambrosia.eu\/lt\/wp-json\/wp\/v2\/users\/3"}],"replies":[{"embeddable":true,"href":"https:\/\/www.ambrosia.eu\/lt\/wp-json\/wp\/v2\/comments?post=1774"}],"version-history":[{"count":6,"href":"https:\/\/www.ambrosia.eu\/lt\/wp-json\/wp\/v2\/pages\/1774\/revisions"}],"predecessor-version":[{"id":1864,"href":"https:\/\/www.ambrosia.eu\/lt\/wp-json\/wp\/v2\/pages\/1774\/revisions\/1864"}],"wp:attachment":[{"href":"https:\/\/www.ambrosia.eu\/lt\/wp-json\/wp\/v2\/media?parent=1774"}],"curies":[{"name":"wp","href":"https:\/\/api.w.org\/{rel}","templated":true}]}}