{"id":4433,"date":"2025-07-21T10:44:11","date_gmt":"2025-07-21T08:44:11","guid":{"rendered":"https:\/\/www.ambrosia.eu\/?page_id=4433"},"modified":"2025-07-23T09:30:59","modified_gmt":"2025-07-23T07:30:59","slug":"note-legali","status":"publish","type":"page","link":"https:\/\/www.ambrosia.eu\/it\/note-legali\/","title":{"rendered":"Note legali"},"content":{"rendered":"\n<p>Editore<br>Nordzucker AG<br>K\u00fcchenstra\u00dfe 9<br>38100 Braunschweig<br>Germania<\/p>\n\n\n\n<p>Telefono +49 531-2411-0<br>Fax +49 531-2411-100<\/p>\n\n\n\n<p>info@nordzucker.de<\/p>\n\n\n\n<p>Registro delle Imprese: Tribunale di Braunschweig, HRB 2936<br>Sede legale: Braunschweig<br>Partita IVA: DE 114883609<\/p>\n\n\n\n<p>Presidente del Consiglio di Sorveglianza<br>Jochen Johannes Juister<\/p>\n\n\n\n<p>Consiglio di Amministrazione<br>Dr. Lars Gorissen (Presidente), Alexander Bott, Alexander Godow<\/p>\n\n\n\n<p>Responsabile ai sensi del \u00a718 comma 2 MStV<br>Michael Gerling<br>Vendite al dettaglio Europa occidentale \/ Responsabile clienti chiave nazionali<br>K\u00fcchenstra\u00dfe 9<br>38100 Braunschweig<br>Germania<\/p>\n\n\n\n<h2><strong>Disclaimer \u2013 Note legali<\/strong><\/h2>\n\n\n\n<h3>\u00a7 1 Limitazione di responsabilit\u00e0<\/h3>\n\n\n\n<p>I contenuti di questo sito web sono stati redatti con la massima cura. Tuttavia, il fornitore non si assume alcuna responsabilit\u00e0 per la correttezza, la completezza e l&#8217;attualit\u00e0 dei contenuti forniti. L&#8217;utilizzo dei contenuti del sito web \u00e8 a rischio dell&#8217;utente. I contributi contrassegnati con il nome riflettono l&#8217;opinione dell&#8217;autore e non sempre quella del fornitore. Il semplice utilizzo del sito web del fornitore non crea alcun rapporto contrattuale tra l&#8217;utente e il fornitore.<\/p>\n\n\n\n<h3>\u00a7 2 Link esterni<\/h3>\n\n\n\n<p>Questo sito web contiene collegamenti a siti web di terzi (\u201clink esterni\u201d).<br>Questi siti web sono sotto la responsabilit\u00e0 di chi li gestisce. Quando ha inserito i link esterni per la prima volta, il fornitore ha controllato i contenuti esterni per verificare che non vi fossero violazioni della legge. In quel momento non erano evidenti violazioni della legge. Il fornitore non ha alcuna influenza sulla struttura attuale e futura n\u00e9 sui contenuti delle pagine collegate. L&#8217;inserimento di link esterni non significa che il fornitore si assuma la responsabilit\u00e0 dei contenuti. Non \u00e8 possibile per il fornitore controllare costantemente i link esterni senza concrete indicazioni di violazioni della legge. Tuttavia, se veniamo a conoscenza di violazioni della legge, tali link esterni saranno immediatamente cancellati.<\/p>\n\n\n\n<h3>\u00a7 3 Diritti d&#8217;autore e diritti di protezione delle prestazioni<\/h3>\n\n\n\n<p>I contenuti pubblicati su questo sito web sono soggetti al diritto d&#8217;autore tedesco e ai diritti di protezione delle prestazioni. Qualsiasi utilizzo non consentito dalla legge tedesca sul diritto d&#8217;autore e sui diritti di protezione delle prestazioni richiede il previo consenso scritto del fornitore o del rispettivo titolare dei diritti. Ci\u00f2 vale in particolare per la riproduzione, l&#8217;elaborazione, la traduzione, la memorizzazione, l&#8217;elaborazione o la riproduzione di contenuti in banche dati o altri media e sistemi elettronici. I contenuti e i diritti di terzi sono contrassegnati come tali. La riproduzione o la diffusione non autorizzata di singoli contenuti o di pagine complete non \u00e8 consentita ed \u00e8 punibile. \u00c8 consentita solo la produzione di copie e download per uso personale, privato e non commerciale.<\/p>\n\n\n\n<p>La rappresentazione di questo sito web in frame esterni \u00e8 consentita solo previa autorizzazione scritta.<\/p>\n\n\n\n<h3>\u00a7 4 Procedura di risoluzione delle controversie<\/h3>\n\n\n\n<p>Non siamo disposti n\u00e9 obbligati a partecipare a una procedura di risoluzione delle controversie davanti a un&#8217;autorit\u00e0 di conciliazione dei consumatori.<\/p>\n\n\n\n<h3>\u00a7 5 Condizioni d&#8217;uso speciali<\/h3>\n\n\n\n<p>Se ci sono condizioni speciali per l&#8217;uso di questo sito web che sono diverse da quelle sopra indicate, lo diremo chiaramente nel posto giusto. In questo caso, si applicano le condizioni d&#8217;uso speciali per il singolo caso.<\/p>\n","protected":false},"excerpt":{"rendered":"<p>EditoreNordzucker AGK\u00fcchenstra\u00dfe 938100 BraunschweigGermania Telefono +49 531-2411-0Fax +49 531-2411-100 info@nordzucker.de Registro delle Imprese: Tribunale di Braunschweig, HRB 2936Sede legale: BraunschweigPartita IVA: DE 114883609 Presidente del Consiglio di SorveglianzaJochen Johannes Juister Consiglio di AmministrazioneDr. Lars Gorissen (Presidente), Alexander Bott, Alexander Godow Responsabile ai sensi del \u00a718 comma 2 MStVMichael GerlingVendite al dettaglio Europa occidentale \/ Responsabile clienti chiave nazionaliK\u00fcchenstra\u00dfe 938100 BraunschweigGermania Disclaimer \u2013 Note legali \u00a7 1 Limitazione di responsabilit\u00e0 I contenuti di questo sito web sono stati redatti con la massima cura. Tuttavia, il fornitore non si assume alcuna responsabilit\u00e0 per la correttezza, la completezza e l&#8217;attualit\u00e0 dei contenuti forniti. L&#8217;utilizzo dei contenuti del sito web \u00e8 a rischio dell&#8217;utente. I contributi contrassegnati con il nome riflettono l&#8217;opinione dell&#8217;autore e non sempre quella del fornitore. Il semplice utilizzo del sito web del fornitore non crea alcun rapporto contrattuale tra l&#8217;utente e il fornitore. \u00a7 2 Link esterni Questo sito web contiene collegamenti a siti web di terzi (\u201clink esterni\u201d).Questi siti web sono sotto la responsabilit\u00e0 di chi li gestisce. Quando ha inserito i link esterni per la prima volta, il fornitore ha controllato i contenuti esterni per verificare che non vi fossero violazioni della legge. In quel momento non erano evidenti violazioni della legge. Il fornitore non ha alcuna influenza sulla struttura attuale e futura n\u00e9 sui contenuti delle pagine collegate. L&#8217;inserimento di link esterni non significa che il fornitore si assuma la responsabilit\u00e0 dei contenuti. Non \u00e8 possibile per il fornitore controllare costantemente i link esterni senza concrete indicazioni di violazioni della legge. Tuttavia, se veniamo a conoscenza di violazioni della legge, tali link esterni saranno immediatamente cancellati. \u00a7 3 Diritti d&#8217;autore e diritti di protezione delle prestazioni I contenuti pubblicati su questo sito web sono soggetti al diritto d&#8217;autore tedesco e ai diritti di protezione delle prestazioni. Qualsiasi utilizzo non consentito dalla legge tedesca sul diritto d&#8217;autore e sui diritti di protezione delle prestazioni richiede il previo consenso scritto del fornitore o del rispettivo titolare dei diritti. Ci\u00f2 vale in particolare per la riproduzione, l&#8217;elaborazione, la traduzione, la memorizzazione, l&#8217;elaborazione o la riproduzione di contenuti in banche dati o altri media e sistemi elettronici. I contenuti e i diritti di terzi sono contrassegnati come tali. La riproduzione o la diffusione non autorizzata di singoli contenuti o di pagine complete non \u00e8 consentita ed \u00e8 punibile. \u00c8 consentita solo la produzione di copie e download per uso personale, privato e non commerciale. La rappresentazione di questo sito web in frame esterni \u00e8 consentita solo previa autorizzazione scritta. \u00a7 4 Procedura di risoluzione delle controversie Non siamo disposti n\u00e9 obbligati a partecipare a una procedura di risoluzione delle controversie davanti a un&#8217;autorit\u00e0 di conciliazione dei consumatori. \u00a7 5 Condizioni d&#8217;uso speciali Se ci sono condizioni speciali per l&#8217;uso di questo sito web che sono diverse da quelle sopra indicate, lo diremo chiaramente nel posto giusto. In questo caso, si applicano le condizioni d&#8217;uso speciali per il singolo caso.<\/p>\n","protected":false},"author":3,"featured_media":0,"parent":0,"menu_order":0,"comment_status":"closed","ping_status":"closed","template":"","meta":[],"acf":[],"_links":{"self":[{"href":"https:\/\/www.ambrosia.eu\/it\/wp-json\/wp\/v2\/pages\/4433"}],"collection":[{"href":"https:\/\/www.ambrosia.eu\/it\/wp-json\/wp\/v2\/pages"}],"about":[{"href":"https:\/\/www.ambrosia.eu\/it\/wp-json\/wp\/v2\/types\/page"}],"author":[{"embeddable":true,"href":"https:\/\/www.ambrosia.eu\/it\/wp-json\/wp\/v2\/users\/3"}],"replies":[{"embeddable":true,"href":"https:\/\/www.ambrosia.eu\/it\/wp-json\/wp\/v2\/comments?post=4433"}],"version-history":[{"count":5,"href":"https:\/\/www.ambrosia.eu\/it\/wp-json\/wp\/v2\/pages\/4433\/revisions"}],"predecessor-version":[{"id":4810,"href":"https:\/\/www.ambrosia.eu\/it\/wp-json\/wp\/v2\/pages\/4433\/revisions\/4810"}],"wp:attachment":[{"href":"https:\/\/www.ambrosia.eu\/it\/wp-json\/wp\/v2\/media?parent=4433"}],"curies":[{"name":"wp","href":"https:\/\/api.w.org\/{rel}","templated":true}]}}