{"id":3636,"date":"2025-07-21T14:39:35","date_gmt":"2025-07-21T12:39:35","guid":{"rendered":"https:\/\/www.ambrosia.eu\/?page_id=3636"},"modified":"2025-07-21T14:39:36","modified_gmt":"2025-07-21T12:39:36","slug":"guida-perche-nutrire-le-api","status":"publish","type":"page","link":"https:\/\/www.ambrosia.eu\/it\/guida-perche-nutrire-le-api\/","title":{"rendered":"Guida: Perch\u00e9 nutrire le api?"},"content":{"rendered":"<div class=\"row \"><div class=\"col-lg-6 col-md-6 col-xs-12 col-sm-6\"><\/p>\n<p>La fame danneggia le colonie di api, ma una ricca offerta di cibo adattata in modo ottimale alle esigenze delle api promuove e assicura una colonia di api vitale.<br \/>\nIn nessun momento una colonia di api dovrebbe essere esposta a una carenza di cibo. Se la scorta di cibo della colonia si avvicina ai 5 kg (due pettini DN o Zander pieni) e il flusso di cibo dall&#8217;esterno si prosciuga, la colonia \u00e8 gi\u00e0 sottoalimentata. La colonia passa al funzionamento di emergenza anche prima di finire le ultime scorte.<br \/>\nLa limitazione dell&#8217;attivit\u00e0 della covata, della pulizia e della raccolta del polline, cos\u00ec come il cannibalismo della covata ne sono il risultato. La colonia cerca di sopravvivere con la predazione.<\/p>\n<p>Quando le scorte sono completamente esaurite, le api rimangono tremanti o immobili sui favi, poi le prime cominciano a morire, dopo poche ore la colonia \u00e8 morta. Un&#8217;immagine tipica della fame:<\/p>\n<ul>\n<li>api con la testa incastrata nelle celle<\/li>\n<li>la tavola inferiore \u00e8 disseminata di api morte.<\/li>\n<\/ul>\n<p>Il primo dovere dell&#8217;apicoltore \u00e8 quello di riconoscere la scarsit\u00e0 dell&#8217;offerta e prendere le contromisure in tempo utile. Per inciso, in Germania muoiono molte pi\u00f9 colonie di api per fame che per le temute malattie delle api.<\/p>\n<p><\/div>\n<div class=\"col-lg-6 col-md-6 col-xs-12 col-sm-6\"><\/p>\n<h2>Stima degli stock di mangime con il metodo Liebefeld<\/h2>\n<p>Per determinare le scorte di mangime, dividete un telaio vuoto in otto quadrati uguali usando degli elastici domestici. Se la costruzione viene tenuta su un pettine da testare, si ottengono i seguenti risultati:<\/p>\n<p>Un ottavo di un lato di pettine da foraggio tappato contiene:<\/p>\n<p><div class=\"table-responsive\"><table width=\"100%\" class=\"table \" style=\"table-striped\">\n<thead><tr>\n<th>Fodera a nido d&#8217;ape<\/th>\n<th>Mangime<\/th>\n<\/tr><\/thead>\n<tbody>\n<tr>\n<td>DN <\/td>\n<td>111 g<\/td>\n<\/tr>\n<tr>\n<td>Zander <\/td>\n<td>125 g<\/td>\n<\/tr>\n<tr>\n<td>Langstroth <\/td>\n<td>140 g<\/td>\n<\/tr>\n<tr>\n<td>Dadant <\/td>\n<td>175 g<\/td>\n<\/tr>\n<\/tbody>\n<\/table><\/div><\/p>\n<h3>Esempio:<\/h3>\n<p>Un favo su un lato con 8 quadranti completamente ricoperti e sull&#8217;altro lato 4 quadranti ricoperti.<\/p>\n<p>Risultato complessivo: (8 + 4) x 125 g = 1500 g di nutrimento su questo favo. Vengono considerati anche gli ottavi.<\/p>\n<p>Un favo completamente ricoperto corrisponde a 16 quadrati = 2000 g di mangime.<\/p>\n<p>In qualit\u00e0 di esperti nell&#8217;alimentazione delle api, noi di ambrosia siamo a vostra disposizione per fornirvi consulenza e assistenza su tutte le questioni relative all&#8217;alimentazione.<\/p>\n<p><\/div>\n<\/div>\n","protected":false},"excerpt":{"rendered":"","protected":false},"author":6,"featured_media":0,"parent":0,"menu_order":0,"comment_status":"closed","ping_status":"closed","template":"","meta":[],"acf":[],"_links":{"self":[{"href":"https:\/\/www.ambrosia.eu\/it\/wp-json\/wp\/v2\/pages\/3636"}],"collection":[{"href":"https:\/\/www.ambrosia.eu\/it\/wp-json\/wp\/v2\/pages"}],"about":[{"href":"https:\/\/www.ambrosia.eu\/it\/wp-json\/wp\/v2\/types\/page"}],"author":[{"embeddable":true,"href":"https:\/\/www.ambrosia.eu\/it\/wp-json\/wp\/v2\/users\/6"}],"replies":[{"embeddable":true,"href":"https:\/\/www.ambrosia.eu\/it\/wp-json\/wp\/v2\/comments?post=3636"}],"version-history":[{"count":5,"href":"https:\/\/www.ambrosia.eu\/it\/wp-json\/wp\/v2\/pages\/3636\/revisions"}],"predecessor-version":[{"id":4607,"href":"https:\/\/www.ambrosia.eu\/it\/wp-json\/wp\/v2\/pages\/3636\/revisions\/4607"}],"wp:attachment":[{"href":"https:\/\/www.ambrosia.eu\/it\/wp-json\/wp\/v2\/media?parent=3636"}],"curies":[{"name":"wp","href":"https:\/\/api.w.org\/{rel}","templated":true}]}}