{"id":1140,"date":"2017-05-23T12:53:16","date_gmt":"2017-05-23T10:53:16","guid":{"rendered":"https:\/\/www.ambrosia.eu\/?page_id=1140\/"},"modified":"2017-08-10T12:29:15","modified_gmt":"2017-08-10T10:29:15","slug":"guia","status":"publish","type":"page","link":"https:\/\/www.ambrosia.eu\/es\/guia\/","title":{"rendered":"Gu\u00eda"},"content":{"rendered":"<div class=\"row \"><div class=\"col-lg-6 col-md-6 col-xs-12 col-sm-6\"><\/p>\n<h3>\u00bfPor qu\u00e9 esta alimentaci\u00f3n?<\/h3>\n<p>El hambre da\u00f1a a las poblaciones de abejas, mientras que una oferta de alimentos de calidad optimizada sus necesidades, promueve y asegura una colonia vital de abejas.<\/p>\n<p>La poblaci\u00f3n de abejas nunca debe estar expuesta a la falta de alimentos. Si las provisiones de la colmena se acercan a 5 kg y se agota el flujo de alimento del exterior, comienza entonces el desabastecimiento. Antes de llegar a los \u00faltimos alimentos, la colonia activa el modo de emergencia:<\/p>\n<p>Las consecuencias son una limitaci\u00f3n de la actividad de la cria, la limpieza y la recolecci\u00f3n de polen, as\u00ed como canibalismo con las cr\u00edas. La colonia intenta sobrevivir mediante el pillaje. Cuando las existencias se acaban por completo, las abejas se quedan temblando inm\u00f3viles sobre el panal, las primeras comienzan a morir, y tras pocas horas la colonia muere. Una imagen t\u00edpica de la hambruna es:<\/p>\n<ul>\n<li>Las abejas tienen la cabeza metida en las celdillas<\/li>\n<li>El suelo est\u00e1 cubierto con miles de cong\u00e9neres muertas<\/li>\n<\/ul>\n<p>Detectar la falta de alimento y actuar a tiempo es la primera obligaci\u00f3n del apicultor, para salvar sus colmenas.<\/p>\n<p><\/div>\n<div class=\"col-lg-6 col-md-6 col-xs-12 col-sm-6\"><\/p>\n<h2><strong>Estimaci\u00f3n de las existencias de alimento conforme al m\u00e9todo Lieberfelder<\/strong><\/h2>\n<p>Para averiguar las existencias de alimento, se divide un marco vac\u00edo en ocho cuadrados iguales con gomas el\u00e1sticas. Si se mantiene la estructura sobre un panal de prueba, se obtienen los siguientes resultados:<\/p>\n<p>Un octavo de un lado de panal de alimento cubierto contiene:<\/p>\n<p><div class=\"table-responsive\"><table width=\"100%\" class=\"table \" style=\"table-striped\">\n<thead><tr>\n<th>Panal <\/th>\n<th>Alimento<\/th>\n<\/tr><\/thead>\n<tbody>\n<tr>\n<td>DN <\/td>\n<td>111 g<\/td>\n<\/tr>\n<tr>\n<td>Zander <\/td>\n<td>125 g<\/td>\n<\/tr>\n<tr>\n<td>Langstroth <\/td>\n<td>140 g<\/td>\n<\/tr>\n<tr>\n<td>Dadant <\/td>\n<td>175 g<\/td>\n<\/tr>\n<\/tbody>\n<\/table><\/div><\/p>\n<h3>Ejemplo:<\/h3>\n<p>Panal Zander con 8 cuadrados de alimento totalmente operculados por un lado, y 4 cuadrados de alimento operculados por el otro. Resultado total: (8 + 4) x 125 g = 1.500 g de alimento en este panal. Tambi\u00e9n se tienen en cuenta mitades de octavos. Un panal totalmente operculado da lugar a 16 cuadrados = 2.000 g de alimento.<\/p>\n<p>Como expertos en alimentos para abejas, queremos ayudarle con cualquier pregunta sobre la alimentaci\u00f3n.<\/p>\n<p>&nbsp;<\/p>\n<p>Inf\u00f3rmese aqu\u00ed sobre:<\/p>\n<p><a class=\"btn btn-primary btn-xs\" href=\"https:\/\/www.ambrosia.eu\/es\/guia\/el-ciclo-anual-de-las-abejas\/\">El ciclo anual de las abejas <\/a><\/p>\n<p><a class=\"btn btn-primary btn-xs\" href=\"https:\/\/www.ambrosia.eu\/es\/guia\/situaciones-para-la-alimentacion\/\">Ocasiones para la alimentaci\u00f3n <\/a><\/p>\n<p><a class=\"btn btn-primary btn-xs\" href=\"https:\/\/www.ambrosia.eu\/es\/guia\/alimentos-abejas-alternativos\/\">Alimentos alternativos <\/a><\/p>\n<p>&nbsp;<\/p>\n<p>Estaremos encantados de responder a sus preguntas y de indicarle cu\u00e1l es su distribuidor m\u00e1s pr\u00f3ximo<\/p>\n<p><a class=\"btn btn-primary btn-xs  \" href=\"http:\/\/dev.ambrosia.de\/es\/contacto\/\"  rel=\"\"  target=\"_self\">Contacto <i class=\"glyphicon glyphicon-menu-right\" ><\/i><\/a><\/p>\n<p>&nbsp;<\/p>\n<p><\/div>\n<\/div>\n","protected":false},"excerpt":{"rendered":"<p>Hunger sch\u00e4digt Bienenv\u00f6lker, ein reichhaltiges Futterangebot optimal an die Bed\u00fcrfnisse der Bienen angepasst hingegen f\u00f6rdert und sichert ein vitales Bienenvolk.<\/p>\n<p>Zu keiner Zeit darf ein Bienenvolk einem Futtermangel ausgesetzt sein. N\u00e4hern sich die Vorr\u00e4te im Bienenvolk der 5 kg-Marke (zwei volle DN oder Zanderwaben) und versiegt der Futterstrom von au\u00dfen, beginnt bereits die Unterversorgung. Schon vor dem letzten Futterrest  schaltet das Volk auf Notbetrieb:<\/p>\n","protected":false},"author":3,"featured_media":0,"parent":0,"menu_order":0,"comment_status":"closed","ping_status":"closed","template":"","meta":[],"acf":[],"_links":{"self":[{"href":"https:\/\/www.ambrosia.eu\/es\/wp-json\/wp\/v2\/pages\/1140"}],"collection":[{"href":"https:\/\/www.ambrosia.eu\/es\/wp-json\/wp\/v2\/pages"}],"about":[{"href":"https:\/\/www.ambrosia.eu\/es\/wp-json\/wp\/v2\/types\/page"}],"author":[{"embeddable":true,"href":"https:\/\/www.ambrosia.eu\/es\/wp-json\/wp\/v2\/users\/3"}],"replies":[{"embeddable":true,"href":"https:\/\/www.ambrosia.eu\/es\/wp-json\/wp\/v2\/comments?post=1140"}],"version-history":[{"count":22,"href":"https:\/\/www.ambrosia.eu\/es\/wp-json\/wp\/v2\/pages\/1140\/revisions"}],"predecessor-version":[{"id":1534,"href":"https:\/\/www.ambrosia.eu\/es\/wp-json\/wp\/v2\/pages\/1140\/revisions\/1534"}],"wp:attachment":[{"href":"https:\/\/www.ambrosia.eu\/es\/wp-json\/wp\/v2\/media?parent=1140"}],"curies":[{"name":"wp","href":"https:\/\/api.w.org\/{rel}","templated":true}]}}