{"id":1136,"date":"2017-05-23T15:57:43","date_gmt":"2017-05-23T13:57:43","guid":{"rendered":"https:\/\/www.ambrosia.eu\/?page_id=1136\/"},"modified":"2025-07-21T09:57:39","modified_gmt":"2025-07-21T07:57:39","slug":"aviso-legal","status":"publish","type":"page","link":"https:\/\/www.ambrosia.eu\/es\/aviso-legal\/","title":{"rendered":"Aviso legal"},"content":{"rendered":"<p>Editor<br \/>\nNordzucker AG<br \/>\nK\u00fcchenstra\u00dfe 9<br \/>\n38100 Braunschweig<br \/>\nAlemania<\/p>\n<p>Tel\u00e9fono +49 531-2411-0<br \/>\nFax +49 531-2411-100<\/p>\n<p>info@nordzucker.de<\/p>\n<p>Registro Mercantil: Juzgado Local de Braunschweig, HRB 2936<br \/>\nDomicilio social: Braunschweig<br \/>\nN\u00famero de identificaci\u00f3n fiscal: DE 114883609<\/p>\n<p>Presidente del Consejo de Supervisi\u00f3n<br \/>\nJochen Johannes Juister<\/p>\n<p>Consejo de Administraci\u00f3n<br \/>\nDr. Lars Gorissen (presidente), Alexander Bott, Alexander Godow<\/p>\n<p>Responsable seg\u00fan el art\u00edculo 18, apartado 2, del MStV:<br \/>\nMichael Gerling<br \/>\nVentas minoristas Europa Occidental \/ Gerente nacional de cuentas clave<br \/>\nK\u00fcchenstra\u00dfe 9<br \/>\n38100 Braunschweig<br \/>\nAlemania<\/p>\n<h2>Descargo de responsabilidad &#8211; informaci\u00f3n legal<\/h2>\n<p>\u00a7 1 Limitaci\u00f3n de responsabilidad<br \/>\nLos contenidos del presente sitio web se han generado con el m\u00e1ximo esmero. No obstante, el oferente no garantiza la exactitud, integridad y actualidad de los contenidos ofrecidos. El usuario asume el riesgo de la utilizaci\u00f3n de los contenidos presentados. El contenido de los textos en los que se especifica el nombre del autor refleja la opini\u00f3n del correspondiente autor, y no necesariamente la opini\u00f3n del oferente. La mera utilizaci\u00f3n del sitio web del oferente no establece en ning\u00fan caso relaci\u00f3n contractual alguna entre el usuario y el oferente.<\/p>\n<p>\u00a7 2 Enlaces externos<\/p>\n<p>Este sitio web contiene v\u00ednculos a sitios web externos terceros (\u00abenlaces externos\u00bb).<\/p>\n<p>Estos sitios web se encuentran bajo la responsabilidad de los oferentes correspondientes. El oferente ha realizado una primera conexi\u00f3n con estos enlaces externos para verificar si el contenido viola las leyes vigentes. En el momento de la revisi\u00f3n, no se ha constatado ninguna infracci\u00f3n. El oferente no tiene influencia en el dise\u00f1o actual o futuro ni en el contenido de las p\u00e1ginas vinculadas. La instalaci\u00f3n de enlaces externos no implica que el oferente controle el contenido de aquellas o asuma la responsabilidad de sus contenidos. Para el oferente, no es practicable ni razonable mantener un control permanente de los enlaces externos sin tener indicaciones concretas de violaciones de la ley. Sin embargo, los enlaces externos ser\u00e1n eliminados inmediatamente en caso de conocimiento de infracciones.<\/p>\n<p>\u00a7 3 Derechos de autor y derechos afines<br \/>\nEl contenido ofrecido por este sitio web est\u00e1 sujeto a los derechos de autor y derechos afines por la ley alemana. Cada uso no autorizado por los derechos de autor alem\u00e1n y derechos afines requerir\u00e1 el consentimiento previo por escrito del oferente o del titular del derecho. Esto afecta especialmente a la duplicaci\u00f3n, edici\u00f3n, traducci\u00f3n, memorizaci\u00f3n, procesamiento y reproducci\u00f3n de los contenidos en bases de datos u otros sistemas y medios electr\u00f3nicos. Los contenidos y derechos de terceros est\u00e1n identificados como tales. La duplicaci\u00f3n o reproducci\u00f3n no permitida de contenidos particulares o p\u00e1ginas enteras est\u00e1 prohibida y puede constituir un delito punible. Solo se permite la creaci\u00f3n de copias y descargas para el uso privado, personal y no comercial. La presentaci\u00f3n de este sitio web en otros entornos de terceros solo est\u00e1 permitida con una autorizaci\u00f3n previa por escrito.<\/p>\n<p>\u00a7 4 Resoluci\u00f3n de litigios<br \/>\nNo estamos dispuestos ni obligados a participar en una resoluci\u00f3n de litigios ante un organismo de conciliaci\u00f3n de consumidores.<br \/>\n\u00a7 5 Condiciones especiales de uso<br \/>\nSi las condiciones especiales para usos concretos de este sitio web difieren de los p\u00e1rrafos previos, se se\u00f1alar\u00e1 expresamente en el lugar pertinente. En este caso, se aplican en cada caso las condiciones especiales de uso.<\/p>\n","protected":false},"excerpt":{"rendered":"<p>Editor Nordzucker AG K\u00fcchenstra\u00dfe 9 38100 Braunschweig Alemania Tel\u00e9fono +49 531-2411-0 Fax +49 531-2411-100 info@nordzucker.de Registro Mercantil: Juzgado Local de Braunschweig, HRB 2936 Domicilio social: Braunschweig N\u00famero de identificaci\u00f3n fiscal: DE 114883609 Presidente del Consejo de Supervisi\u00f3n Jochen Johannes Juister Consejo de Administraci\u00f3n Dr. Lars Gorissen (presidente), Alexander Bott, Alexander Godow Responsable seg\u00fan el art\u00edculo 18, apartado 2, del MStV: Michael Gerling Ventas minoristas Europa Occidental \/ Gerente nacional de cuentas clave K\u00fcchenstra\u00dfe 9 38100 Braunschweig Alemania Descargo de responsabilidad &#8211; informaci\u00f3n legal \u00a7 1 Limitaci\u00f3n de responsabilidad Los contenidos del presente sitio web se han generado con el m\u00e1ximo esmero. No obstante, el oferente no garantiza la exactitud, integridad y actualidad de los contenidos ofrecidos. El usuario asume el riesgo de la utilizaci\u00f3n de los contenidos presentados. El contenido de los textos en los que se especifica el nombre del autor refleja la opini\u00f3n del correspondiente autor, y no necesariamente la opini\u00f3n del oferente. La mera utilizaci\u00f3n del sitio web del oferente no establece en ning\u00fan caso relaci\u00f3n contractual alguna entre el usuario y el oferente. \u00a7 2 Enlaces externos Este sitio web contiene v\u00ednculos a sitios web externos terceros (\u00abenlaces externos\u00bb). Estos sitios web se encuentran bajo la responsabilidad de los oferentes correspondientes. El oferente ha realizado una primera conexi\u00f3n con estos enlaces externos para verificar si el contenido viola las leyes vigentes. En el momento de la revisi\u00f3n, no se ha constatado ninguna infracci\u00f3n. El oferente no tiene influencia en el dise\u00f1o actual o futuro ni en el contenido de las p\u00e1ginas vinculadas. La instalaci\u00f3n de enlaces externos no implica que el oferente controle el contenido de aquellas o asuma la responsabilidad de sus contenidos. Para el oferente, no es practicable ni razonable mantener un control permanente de los enlaces externos sin tener indicaciones concretas de violaciones de la ley. Sin embargo, los enlaces externos ser\u00e1n eliminados inmediatamente en caso de conocimiento de infracciones. \u00a7 3 Derechos de autor y derechos afines El contenido ofrecido por este sitio web est\u00e1 sujeto a los derechos de autor y derechos afines por la ley alemana. Cada uso no autorizado por los derechos de autor alem\u00e1n y derechos afines requerir\u00e1 el consentimiento previo por escrito del oferente o del titular del derecho. Esto afecta especialmente a la duplicaci\u00f3n, edici\u00f3n, traducci\u00f3n, memorizaci\u00f3n, procesamiento y reproducci\u00f3n de los contenidos en bases de datos u otros sistemas y medios electr\u00f3nicos. Los contenidos y derechos de terceros est\u00e1n identificados como tales. La duplicaci\u00f3n o reproducci\u00f3n no permitida de contenidos particulares o p\u00e1ginas enteras est\u00e1 prohibida y puede constituir un delito punible. Solo se permite la creaci\u00f3n de copias y descargas para el uso privado, personal y no comercial. La presentaci\u00f3n de este sitio web en otros entornos de terceros solo est\u00e1 permitida con una autorizaci\u00f3n previa por escrito. \u00a7 4 Resoluci\u00f3n de litigios No estamos dispuestos ni obligados a participar en una resoluci\u00f3n de litigios ante un organismo de conciliaci\u00f3n de consumidores. \u00a7 5 Condiciones especiales de uso Si las condiciones especiales para usos concretos de este sitio web difieren de los p\u00e1rrafos previos, se se\u00f1alar\u00e1 expresamente en el lugar pertinente. En este caso, se aplican en cada caso las condiciones especiales de uso.<\/p>\n","protected":false},"author":3,"featured_media":0,"parent":0,"menu_order":0,"comment_status":"closed","ping_status":"closed","template":"","meta":[],"acf":[],"_links":{"self":[{"href":"https:\/\/www.ambrosia.eu\/es\/wp-json\/wp\/v2\/pages\/1136"}],"collection":[{"href":"https:\/\/www.ambrosia.eu\/es\/wp-json\/wp\/v2\/pages"}],"about":[{"href":"https:\/\/www.ambrosia.eu\/es\/wp-json\/wp\/v2\/types\/page"}],"author":[{"embeddable":true,"href":"https:\/\/www.ambrosia.eu\/es\/wp-json\/wp\/v2\/users\/3"}],"replies":[{"embeddable":true,"href":"https:\/\/www.ambrosia.eu\/es\/wp-json\/wp\/v2\/comments?post=1136"}],"version-history":[{"count":9,"href":"https:\/\/www.ambrosia.eu\/es\/wp-json\/wp\/v2\/pages\/1136\/revisions"}],"predecessor-version":[{"id":4419,"href":"https:\/\/www.ambrosia.eu\/es\/wp-json\/wp\/v2\/pages\/1136\/revisions\/4419"}],"wp:attachment":[{"href":"https:\/\/www.ambrosia.eu\/es\/wp-json\/wp\/v2\/media?parent=1136"}],"curies":[{"name":"wp","href":"https:\/\/api.w.org\/{rel}","templated":true}]}}