{"id":1132,"date":"2017-05-23T12:44:13","date_gmt":"2017-05-23T10:44:13","guid":{"rendered":"https:\/\/www.ambrosia.eu\/?page_id=1132\/"},"modified":"2025-07-21T11:02:21","modified_gmt":"2025-07-21T09:02:21","slug":"el-mejor-alimento","status":"publish","type":"page","link":"https:\/\/www.ambrosia.eu\/es\/el-mejor-alimento\/","title":{"rendered":"El mejor alimento"},"content":{"rendered":"<div class=\"row \"><div class=\"col-lg-6 col-md-6 col-xs-12 col-sm-6\"><\/p>\n<p>ambrosia\u00ae en pasta y sirope son alimentos para abejas a base de az\u00facar, que se usa desde hace m\u00e1s de 25 a\u00f1os como complemento y nunca sustituye las fuentes de alimentaci\u00f3n natural, cuando no hay campo para que la abeja lo aprovechen, el alimento Ambrosia aporta la energ\u00eda para superar ese periodo de carencia y llegue de nuevo el buen tiempo.<\/p>\n<h3><strong>Caracter\u00edsticas de un buen alimento para abejas<\/strong><\/h3>\n<ul>\n<li>F\u00f3rmula \u00f3ptima con una calidad estandarizada<\/li>\n<li>Ingesta de bajo consumo energ\u00e9tico y saludable<\/li>\n<li>Aprovechamiento m\u00e1ximo del alimento<\/li>\n<li>Calidad uniforme y homogenea grantizada<\/li>\n<li>Capacidad de almacenamiento (larga vida \u00fatil, estabilidad biol\u00f3gica), no so descompone<\/li>\n<li>Manejo sencillo (almacenaje, dosificaci\u00f3n, disponibilidad de uso)<\/li>\n<li>Sin olor para proteger del pillaje<\/li>\n<\/ul>\n<p><\/div>\n<div class=\"col-lg-6 col-md-6 col-xs-12 col-sm-6\"><\/p>\n<p>El polen de las flores, el nectar y el agua garantizaron la conservaci\u00f3n de las abejas como especie durante millones de a\u00f1os. Seg\u00fan las nuevas condiciones medioambientales extremas en las que pasan nuestras abejas los oto\u00f1os y los inviernos, los errores en el manejo, las repercusiones de las enfermedades y los par\u00e1sitos, ahora se precisa m\u00e1s que nunca controlar y suministrar alimentos de calidad \u00f3ptima cuando la alimentaci\u00f3n natural resulta insuficiente o simplemente no existe.<\/p>\n<p>Conservar las abejas es m\u00e1s que proporcionar un hogar donde habitar y combatir los \u00e1caros. En relaci\u00f3n con la calidad de los alimentos, las abejas son muy exigentes. Cualquier limitaci\u00f3n del alimento en forma de un espectro de az\u00facar que no sea \u00f3ptimo y una composici\u00f3n insuficiente, se traduce en una peor vitalidad. Alteraciones digestivas o nosemosis son las consecuencias.<\/p>\n<p>Con el alimento para abejas de ambrosia\u00ae, puede estar seguro de que est\u00e1 haciendo lo mejor para la alimentaci\u00f3n de sus abejas.<\/p>\n<p><a href=\"https:\/\/www.ambrosia.eu\/es\/contacto\/\">Estaremos encantados de responder a sus preguntas y de indicarle un distribuidor especializado en su zona.<\/a><\/p>\n<p><a class=\"btn btn-primary btn-xs  \" href=\"https:\/\/www.ambrosia.eu\/es\/contacto\/\"  rel=\"\"  target=\"_self\">Contacto <i class=\"glyphicon glyphicon-menu-right\" ><\/i><\/a><\/p>\n<p><\/div>\n<\/div>\n","protected":false},"excerpt":{"rendered":"<p>Ambrosia\u00ae Sirup- und Teigprodukte sind zuckerbasierte Bienenfutter und werden seit \u00fcber 40 Jahren erfolgreich eingesetzt, zur Erg\u00e4nzung oder auch als Ersatz nat\u00fcrlicher Futterquellen, als Energiequelle zur sicheren \u00dcberwinterung sowie zur F\u00fctterung von Ablegern und zur K\u00f6niginnenzucht.<\/p>\n","protected":false},"author":3,"featured_media":0,"parent":0,"menu_order":0,"comment_status":"closed","ping_status":"closed","template":"","meta":[],"acf":[],"_links":{"self":[{"href":"https:\/\/www.ambrosia.eu\/es\/wp-json\/wp\/v2\/pages\/1132"}],"collection":[{"href":"https:\/\/www.ambrosia.eu\/es\/wp-json\/wp\/v2\/pages"}],"about":[{"href":"https:\/\/www.ambrosia.eu\/es\/wp-json\/wp\/v2\/types\/page"}],"author":[{"embeddable":true,"href":"https:\/\/www.ambrosia.eu\/es\/wp-json\/wp\/v2\/users\/3"}],"replies":[{"embeddable":true,"href":"https:\/\/www.ambrosia.eu\/es\/wp-json\/wp\/v2\/comments?post=1132"}],"version-history":[{"count":14,"href":"https:\/\/www.ambrosia.eu\/es\/wp-json\/wp\/v2\/pages\/1132\/revisions"}],"predecessor-version":[{"id":4436,"href":"https:\/\/www.ambrosia.eu\/es\/wp-json\/wp\/v2\/pages\/1132\/revisions\/4436"}],"wp:attachment":[{"href":"https:\/\/www.ambrosia.eu\/es\/wp-json\/wp\/v2\/media?parent=1132"}],"curies":[{"name":"wp","href":"https:\/\/api.w.org\/{rel}","templated":true}]}}