{"id":1130,"date":"2017-05-23T13:45:58","date_gmt":"2017-05-23T11:45:58","guid":{"rendered":"https:\/\/www.ambrosia.eu\/?page_id=1130\/"},"modified":"2025-07-21T11:15:33","modified_gmt":"2025-07-21T09:15:33","slug":"ambrosia-en-pasta","status":"publish","type":"page","link":"https:\/\/www.ambrosia.eu\/es\/ambrosia-en-pasta\/","title":{"rendered":"ambrosia\u00ae en pasta"},"content":{"rendered":"<div class=\"row \"><div class=\"col-lg-6 col-md-6 col-xs-12 col-sm-6\"><\/p>\n<p><strong>La pasta alimentaria para abejas de ambrosia\u00ae <\/strong>es una masa pastosa de cristales microfinos de az\u00facar envueltos por una pel\u00edcula de sirope de tipos de az\u00facares disueltos. El sirope evita que los cristales formen una costra, y facilita la aceptaci\u00f3n por parte de las abejas. Por su bajo contenido de agua, la pasta alimentaria para abejas de ambrosia\u00ae puede durar 24 meses como m\u00ednimo en lugar optimo de almacenamiento.<\/p>\n<p>El producto est\u00e1 disponible en los siguientes envases:<\/p>\n<ul>\n<li><strong>Caja de cart\u00f3n <\/strong>de 15kg con revestimiento interno<\/li>\n<li><strong>Envase en bolsa\u00a0<\/strong>de 2,5 kg (bolsa de pl\u00e1stico en caja de 5 bolsas)<\/li>\n<\/ul>\n<p><\/div>\n<div class=\"col-lg-6 col-md-6 col-xs-12 col-sm-6\"><\/p>\n<p>Recomendamos especialmente los envases en bolsas de 2,5kg por las ventajas de su pr\u00e1ctica manipulaci\u00f3n. La caja de 15 kg est\u00e1 orientada a otro tipo de apicultura con colmenas con alzas.<\/p>\n<p>Para la alimentaci\u00f3n con la bolsa de 2,5 kg, se corta con un cuchillo una abertura de unos 2 cm de ancho a lo largo del pack. As\u00ed se posibilita una ingesta diaria de unos 400 g durante 7 d\u00edas. La pasta tambi\u00e9n se recomienda para la creaci\u00f3n y mantenimiento de n\u00facleos, y para la cr\u00eda de reinas.<\/p>\n<p><\/div>\n<\/div>\n<p><div class=\"row \"><div class=\"col-lg-6 col-md-6 col-xs-12 col-sm-6\"><\/p>\n<h2>Informaci\u00f3n sobre la pasta alimenticia para abejas ambrosia\u00ae<\/h2>\n<p><img loading=\"lazy\" class=\"alignnone wp-image-4318 size-medium\" src=\"https:\/\/www.ambrosia.eu\/wp-content\/uploads\/2023\/12\/ambrosia_Teig_15kg_Karton-300x205.png\" alt=\"\" width=\"300\" height=\"205\" srcset=\"https:\/\/www.ambrosia.eu\/wp-content\/uploads\/2023\/12\/ambrosia_Teig_15kg_Karton-300x205.png 300w, https:\/\/www.ambrosia.eu\/wp-content\/uploads\/2023\/12\/ambrosia_Teig_15kg_Karton-1024x699.png 1024w, https:\/\/www.ambrosia.eu\/wp-content\/uploads\/2023\/12\/ambrosia_Teig_15kg_Karton-768x524.png 768w, https:\/\/www.ambrosia.eu\/wp-content\/uploads\/2023\/12\/ambrosia_Teig_15kg_Karton-1536x1048.png 1536w, https:\/\/www.ambrosia.eu\/wp-content\/uploads\/2023\/12\/ambrosia_Teig_15kg_Karton.png 1662w\" sizes=\"(max-width: 300px) 100vw, 300px\" \/><\/p>\n<h3><strong>Caja de cart\u00f3n<\/strong><\/h3>\n<p><strong>15 kg<\/strong><\/p>\n<p>N.\u00ba Art.: 37237<br \/>\nCantidad por pal\u00e9: 50 unidades<\/p>\n<div class=\"clearfix\"><\/div>\n<p><img loading=\"lazy\" class=\"alignnone wp-image-4307 size-medium\" src=\"https:\/\/www.ambrosia.eu\/wp-content\/uploads\/2023\/12\/ambrosia_Teig_5x2_5kg_Kombi_v1-300x221.jpg\" alt=\"\" width=\"300\" height=\"221\" srcset=\"https:\/\/www.ambrosia.eu\/wp-content\/uploads\/2023\/12\/ambrosia_Teig_5x2_5kg_Kombi_v1-300x221.jpg 300w, https:\/\/www.ambrosia.eu\/wp-content\/uploads\/2023\/12\/ambrosia_Teig_5x2_5kg_Kombi_v1-1024x753.jpg 1024w, https:\/\/www.ambrosia.eu\/wp-content\/uploads\/2023\/12\/ambrosia_Teig_5x2_5kg_Kombi_v1-768x565.jpg 768w, https:\/\/www.ambrosia.eu\/wp-content\/uploads\/2023\/12\/ambrosia_Teig_5x2_5kg_Kombi_v1-1536x1129.jpg 1536w, https:\/\/www.ambrosia.eu\/wp-content\/uploads\/2023\/12\/ambrosia_Teig_5x2_5kg_Kombi_v1-2048x1506.jpg 2048w\" sizes=\"(max-width: 300px) 100vw, 300px\" \/><\/p>\n<h3><strong>Envase en porcione <\/strong><\/h3>\n<p><strong>5 x 2,5 kg<br \/>\n<\/strong>N.\u00ba Art.: 372998<br \/>\nCantidad por pal\u00e9: 64 unidades<\/p>\n<div class=\"clearfix\"><\/div>\n<h2><strong>Almacenamiento y durabilidad<\/strong><\/h2>\n<p>El almacenamiento deber\u00e1 hacerse en lugares secos y con temperaturas entre 10 y 17 \u00b0C. Deben evitarse las heladas.<\/p>\n<h3><strong>Durabilidad <\/strong>(fecha de caducidad):<\/h3>\n<p>Pasta alimentaria para abejas: 24 meses.<\/p>\n<p>Para ello, es necesario que el envase est\u00e9 intacto.<\/p>\n<p>Los envases ya empezados deben terminarse cuanto antes.<\/p>\n<p>Le podemos informar sobre distribuidores cercanos<\/p>\n<p><a class=\"btn btn-primary btn-xs  \" href=\"https:\/\/www.ambrosia.eu\/es\/contacto\/\"  rel=\"\"  target=\"_self\">Contacto <i class=\"glyphicon glyphicon-menu-right\" ><\/i><\/a>\n<\/div>\n<div class=\"col-lg-6 col-md-6 col-xs-12 col-sm-6\"><a href=\"https:\/\/www.ambrosia.eu\/wp-content\/uploads\/2016\/03\/Ambrosia-Bienenfutter-Teig-Anwendung1-1.jpg\" rel=\"attachment wp-att-88\"><img loading=\"lazy\" class=\"alignleft wp-image-218 size-large\" src=\"https:\/\/www.ambrosia.eu\/wp-content\/uploads\/2016\/03\/Ambrosia-Bienenfutter-Teig-Anwendung1-1-1024x493.jpg\" alt=\"\" width=\"1024\" height=\"493\" srcset=\"https:\/\/www.ambrosia.eu\/wp-content\/uploads\/2016\/03\/Ambrosia-Bienenfutter-Teig-Anwendung1-1-1024x493.jpg 1024w, https:\/\/www.ambrosia.eu\/wp-content\/uploads\/2016\/03\/Ambrosia-Bienenfutter-Teig-Anwendung1-1-300x145.jpg 300w, https:\/\/www.ambrosia.eu\/wp-content\/uploads\/2016\/03\/Ambrosia-Bienenfutter-Teig-Anwendung1-1-768x370.jpg 768w, https:\/\/www.ambrosia.eu\/wp-content\/uploads\/2016\/03\/Ambrosia-Bienenfutter-Teig-Anwendung1-1.jpg 1299w\" sizes=\"(max-width: 1024px) 100vw, 1024px\" \/><\/a><\/p>\n<div class=\"clearfix\"><\/div>\n<p><a href=\"https:\/\/www.ambrosia.eu\/wp-content\/uploads\/2016\/03\/Ambrosia-Bienenfutter-Teig-Anwendung2.jpg\" rel=\"attachment wp-att-220\"><img loading=\"lazy\" class=\"alignleft wp-image-220 size-large\" src=\"https:\/\/www.ambrosia.eu\/wp-content\/uploads\/2016\/03\/Ambrosia-Bienenfutter-Teig-Anwendung2-1024x689.jpg\" alt=\"Ambrosia-Bienenfutter-Teig-Anwendung2\" width=\"1024\" height=\"689\" srcset=\"https:\/\/www.ambrosia.eu\/wp-content\/uploads\/2016\/03\/Ambrosia-Bienenfutter-Teig-Anwendung2-1024x689.jpg 1024w, https:\/\/www.ambrosia.eu\/wp-content\/uploads\/2016\/03\/Ambrosia-Bienenfutter-Teig-Anwendung2-300x202.jpg 300w, https:\/\/www.ambrosia.eu\/wp-content\/uploads\/2016\/03\/Ambrosia-Bienenfutter-Teig-Anwendung2-768x517.jpg 768w, https:\/\/www.ambrosia.eu\/wp-content\/uploads\/2016\/03\/Ambrosia-Bienenfutter-Teig-Anwendung2.jpg 1299w\" sizes=\"(max-width: 1024px) 100vw, 1024px\" \/><\/a><\/div>\n<\/div><br \/>\n<div class=\"row \"><div class=\"col-lg-6 col-md-6 col-xs-12 col-sm-6\"><\/p>\n<p><\/div><div class=\"col-lg-6 col-md-6 col-xs-12 col-sm-6\"> <\/div>\n<\/div><\/p>\n","protected":false},"excerpt":{"rendered":"<p>ambrosia\u00ae Bienenfutterteig ist eine past\u00f6se Masse aus mikrofeinen Zuckerkristallen, die von einem Sirupfilm aus gel\u00f6sten Zuckerarten umgeben sind. Der Sirup verhindert ein Verkrusten der Kristalle und erm\u00f6glicht eine leichte Aufnahme durch die Bienen. Wegen seines geringen Wassergehalts weist ambrosia\u00ae Bienenfutterteig bei optimaler Lagerung eine Haltbarkeit von mindestens 24 Monaten auf.<\/p>\n","protected":false},"author":3,"featured_media":0,"parent":0,"menu_order":0,"comment_status":"closed","ping_status":"closed","template":"","meta":[],"acf":[],"_links":{"self":[{"href":"https:\/\/www.ambrosia.eu\/es\/wp-json\/wp\/v2\/pages\/1130"}],"collection":[{"href":"https:\/\/www.ambrosia.eu\/es\/wp-json\/wp\/v2\/pages"}],"about":[{"href":"https:\/\/www.ambrosia.eu\/es\/wp-json\/wp\/v2\/types\/page"}],"author":[{"embeddable":true,"href":"https:\/\/www.ambrosia.eu\/es\/wp-json\/wp\/v2\/users\/3"}],"replies":[{"embeddable":true,"href":"https:\/\/www.ambrosia.eu\/es\/wp-json\/wp\/v2\/comments?post=1130"}],"version-history":[{"count":17,"href":"https:\/\/www.ambrosia.eu\/es\/wp-json\/wp\/v2\/pages\/1130\/revisions"}],"predecessor-version":[{"id":4463,"href":"https:\/\/www.ambrosia.eu\/es\/wp-json\/wp\/v2\/pages\/1130\/revisions\/4463"}],"wp:attachment":[{"href":"https:\/\/www.ambrosia.eu\/es\/wp-json\/wp\/v2\/media?parent=1130"}],"curies":[{"name":"wp","href":"https:\/\/api.w.org\/{rel}","templated":true}]}}