{"id":1128,"date":"2017-05-23T13:25:07","date_gmt":"2017-05-23T11:25:07","guid":{"rendered":"https:\/\/www.ambrosia.eu\/?page_id=1128\/"},"modified":"2025-07-21T11:10:06","modified_gmt":"2025-07-21T09:10:06","slug":"sirope-alimentario-para-abejas-de-ambrosia","status":"publish","type":"page","link":"https:\/\/www.ambrosia.eu\/es\/sirope-alimentario-para-abejas-de-ambrosia\/","title":{"rendered":"ambrosia\u00ae en sirope"},"content":{"rendered":"<div class=\"row \"><div class=\"col-lg-6 col-md-6 col-xs-12 col-sm-6\">El sirope alimentario para abejas de ambrosia\u00ae es un alimento l\u00edquido preparado con un espectro equilibrado de az\u00facares (fructosa, dextrosa y sacarosa) basado en sacarosa de m\u00e1xima pureza. El elevado porcentaje de fructosa evita la formaci\u00f3n de cristales en los cuadros. Gracias a la alta concentraci\u00f3n de az\u00facar, el sirope resiste la contaminaci\u00f3n microbiol\u00f3gica. La composici\u00f3n ideal de tipos de az\u00facares garantiza un aprovechamiento \u00f3ptimo de los nutrientes por parte de las abejas. La concentraci\u00f3n de nutrientes\/valor nutritivo asciende a 80% aprox. 1 kg (o 1 l), al sirope alimentario para abejas de ambrosia\u00ae le corresponde 0,80 kg de az\u00facar refinado.<\/p>\n<h3>El sirope alimentario para abejas de ambrosia\u00ae resulta muy ventajoso para la alimentaci\u00f3n a principios y finales de la invernada:<\/h3>\n<ul>\n<li>Con su f\u00f3rmula equilibrada, el alimento se aproxima al m\u00e1ximo a la alimentaci\u00f3n natural de las abejas<\/li>\n<li>Tolerancia y aprovechamiento sin problemas; menos trabajo de digesti\u00f3n implica cuidar el equilibrio energ\u00e9tico de las abejas. Los ensayos pusieron de relieve beneficios energ\u00e9ticos del orden del 15 %<\/li>\n<li>La elevada resistencia frente a contaminaci\u00f3n microbiol\u00f3gica permite una mayor vida \u00fatil<\/li>\n<li>Manipulaci\u00f3n limpia, r\u00e1pida y pr\u00e1ctica<\/li>\n<\/ul>\n<p>Para evitar el pillaje, el alimento l\u00edquido se debe suministrar solo dentro de la colmena; y se debe evitar derramar el alimento en el colmenar. Si es posible, el alimento se deber\u00eda suministrar por la tarde. En n\u00facleos de 6 cuadros, recomendamos reducir las piquera a unos pocos centimetros.<\/p>\n<p><\/div>\n<div class=\"col-lg-6 col-md-6 col-xs-12 col-sm-6\">\n<img loading=\"lazy\" class=\"alignnone size-medium wp-image-228\" src=\"https:\/\/www.ambrosia.eu\/wp-content\/uploads\/2016\/03\/Ambrosia-Bienenfutter-Sirup-Anwendung1-1-300x217.jpg\" alt=\"Ambrosia-Bienenfutter-Sirup-Anwendung1\" width=\"300\" height=\"217\" srcset=\"https:\/\/www.ambrosia.eu\/wp-content\/uploads\/2016\/03\/Ambrosia-Bienenfutter-Sirup-Anwendung1-1-300x217.jpg 300w, https:\/\/www.ambrosia.eu\/wp-content\/uploads\/2016\/03\/Ambrosia-Bienenfutter-Sirup-Anwendung1-1-768x556.jpg 768w, https:\/\/www.ambrosia.eu\/wp-content\/uploads\/2016\/03\/Ambrosia-Bienenfutter-Sirup-Anwendung1-1-1024x741.jpg 1024w, https:\/\/www.ambrosia.eu\/wp-content\/uploads\/2016\/03\/Ambrosia-Bienenfutter-Sirup-Anwendung1-1.jpg 1299w\" sizes=\"(max-width: 300px) 100vw, 300px\" \/><\/p>\n<p><img loading=\"lazy\" class=\"alignnone size-medium wp-image-900\" src=\"https:\/\/www.ambrosia.eu\/wp-content\/uploads\/2017\/01\/ambrosia-beefeed-syrup-application2-300x147.jpg\" alt=\"ambrosia-beefeed-syrup-application2\" width=\"300\" height=\"147\" srcset=\"https:\/\/www.ambrosia.eu\/wp-content\/uploads\/2017\/01\/ambrosia-beefeed-syrup-application2-300x147.jpg 300w, https:\/\/www.ambrosia.eu\/wp-content\/uploads\/2017\/01\/ambrosia-beefeed-syrup-application2-768x377.jpg 768w, https:\/\/www.ambrosia.eu\/wp-content\/uploads\/2017\/01\/ambrosia-beefeed-syrup-application2-1024x503.jpg 1024w, https:\/\/www.ambrosia.eu\/wp-content\/uploads\/2017\/01\/ambrosia-beefeed-syrup-application2.jpg 1299w\" sizes=\"(max-width: 300px) 100vw, 300px\" \/><\/p>\n<p><\/div>\n<\/div>\n<h3>Con una amplia gama de envases, se responde a las diferentes necesidades de los apicultores.<\/h3>\n<p>El sirope alimentario para abejas de ambrosia\u00ae est\u00e1 disponible:<\/p>\n<ul>\n<li>a granel en cami\u00f3n cisterna<\/li>\n<\/ul>\n<p>en los siguientes envases desechables<br \/>\n<div class=\"row \"><div class=\"col-lg-6 col-md-6 col-xs-12 col-sm-6\"><\/p>\n<div class=\"row\">\n<div class=\"col-xs-6\"><img loading=\"lazy\" class=\"alignnone wp-image-4265 size-medium\" src=\"https:\/\/www.ambrosia.eu\/wp-content\/uploads\/2023\/12\/ambrosia_Sirup_Container_1360kg-297x300.jpg\" alt=\"\" width=\"297\" height=\"300\" srcset=\"https:\/\/www.ambrosia.eu\/wp-content\/uploads\/2023\/12\/ambrosia_Sirup_Container_1360kg-297x300.jpg 297w, https:\/\/www.ambrosia.eu\/wp-content\/uploads\/2023\/12\/ambrosia_Sirup_Container_1360kg-1013x1024.jpg 1013w, https:\/\/www.ambrosia.eu\/wp-content\/uploads\/2023\/12\/ambrosia_Sirup_Container_1360kg-768x776.jpg 768w, https:\/\/www.ambrosia.eu\/wp-content\/uploads\/2023\/12\/ambrosia_Sirup_Container_1360kg.jpg 1343w\" sizes=\"(max-width: 297px) 100vw, 297px\" \/><\/div>\n<div class=\"col-xs-6\">\n<h3><strong>Contenedores de pal\u00e9s (IBC)<\/strong><\/h3>\n<p><strong>870 kg<\/strong><br \/>\nN.\u00ba Art.: 17001384<\/p>\n<p><strong>1360 kg<\/strong><br \/>\nN.\u00ba Art.: 17001005<\/p>\n<\/div>\n<\/div>\n<p><\/div><\/p>\n<div class=\"col-lg-6 col-md-6 col-xs-12 col-sm-6\">\n<div class=\"row\">\n<div class=\"col-xs-6\"><a href=\"https:\/\/www.ambrosia.eu\/wp-content\/uploads\/2016\/03\/Ambrosia-Bienenfutter-Sirup-Eimer-14kg-1.jpg\" rel=\"attachment wp-att-75\"><img loading=\"lazy\" class=\"alignleft wp-image-224 size-medium\" src=\"https:\/\/www.ambrosia.eu\/wp-content\/uploads\/2016\/03\/Ambrosia-Bienenfutter-Sirup-Eimer-14kg-1-300x292.jpg\" alt=\"\" width=\"300\" height=\"292\" srcset=\"https:\/\/www.ambrosia.eu\/wp-content\/uploads\/2016\/03\/Ambrosia-Bienenfutter-Sirup-Eimer-14kg-1-300x292.jpg 300w, https:\/\/www.ambrosia.eu\/wp-content\/uploads\/2016\/03\/Ambrosia-Bienenfutter-Sirup-Eimer-14kg-1-768x747.jpg 768w, https:\/\/www.ambrosia.eu\/wp-content\/uploads\/2016\/03\/Ambrosia-Bienenfutter-Sirup-Eimer-14kg-1-1024x996.jpg 1024w, https:\/\/www.ambrosia.eu\/wp-content\/uploads\/2016\/03\/Ambrosia-Bienenfutter-Sirup-Eimer-14kg-1.jpg 1299w\" sizes=\"(max-width: 300px) 100vw, 300px\" \/><\/a><\/div>\n<div class=\"col-xs-6\">\n<h3><strong>Cubos <\/strong>de<\/h3>\n<p><strong>14 kg<\/strong><br \/>\nN.\u00ba Art.: 31407<br \/>\nCantidad por pal\u00e9: 44 unidades<\/p>\n<\/div>\n<\/div>\n<p><\/div>\n<\/div><\/p>\n<div class=\"row \"><div class=\"col-lg-6 col-md-6 col-xs-12 col-sm-6\"><\/p>\n<div class=\"row\">\n<div class=\"col-xs-6\"><img loading=\"lazy\" class=\"alignnone wp-image-4287 size-medium\" src=\"https:\/\/www.ambrosia.eu\/wp-content\/uploads\/2023\/12\/ambrosia_Sirup_16kg_Cubitainer-300x252.png\" alt=\"\" width=\"300\" height=\"252\" srcset=\"https:\/\/www.ambrosia.eu\/wp-content\/uploads\/2023\/12\/ambrosia_Sirup_16kg_Cubitainer-300x252.png 300w, https:\/\/www.ambrosia.eu\/wp-content\/uploads\/2023\/12\/ambrosia_Sirup_16kg_Cubitainer-1024x859.png 1024w, https:\/\/www.ambrosia.eu\/wp-content\/uploads\/2023\/12\/ambrosia_Sirup_16kg_Cubitainer-768x644.png 768w, https:\/\/www.ambrosia.eu\/wp-content\/uploads\/2023\/12\/ambrosia_Sirup_16kg_Cubitainer.png 1352w\" sizes=\"(max-width: 300px) 100vw, 300px\" \/><\/div>\n<div class=\"col-xs-6\">\n<h3><strong>Cubitainers <\/strong>(envases de relleno) de 28kg o 16 kg*<\/h3>\n<p><strong>16 kg<br \/>\n<\/strong> N.\u00ba Art.:31414<br \/>\nCantidad por pal\u00e9: 44 unidades<\/p>\n<p><strong>28 kg<br \/>\n<\/strong>N.\u00ba Art.:\u00a031409<br \/>\nCantidad por pal\u00e9: 25 unidades<\/p>\n<p>*) En su comercio especializado tiene los tubos ascendentes para los cubitainers de 16 kg<\/p>\n<\/div>\n<\/div>\n<p><\/div>\n<div class=\"col-lg-6 col-md-6 col-xs-12 col-sm-6\"><\/p>\n<div class=\"row\">\n<div class=\"col-xs-6\"><img loading=\"lazy\" class=\"alignnone wp-image-4276 size-medium\" src=\"https:\/\/www.ambrosia.eu\/wp-content\/uploads\/2023\/12\/ambrosia_Sirup_10L_Kanister-250x300.png\" alt=\"\" width=\"250\" height=\"300\" srcset=\"https:\/\/www.ambrosia.eu\/wp-content\/uploads\/2023\/12\/ambrosia_Sirup_10L_Kanister-250x300.png 250w, https:\/\/www.ambrosia.eu\/wp-content\/uploads\/2023\/12\/ambrosia_Sirup_10L_Kanister-852x1024.png 852w, https:\/\/www.ambrosia.eu\/wp-content\/uploads\/2023\/12\/ambrosia_Sirup_10L_Kanister-768x923.png 768w, https:\/\/www.ambrosia.eu\/wp-content\/uploads\/2023\/12\/ambrosia_Sirup_10L_Kanister.png 944w\" sizes=\"(max-width: 250px) 100vw, 250px\" \/><\/div>\n<div class=\"col-xs-6\">\n<h3><strong>Bidones<\/strong> de<\/h3>\n<p><strong>12,5 kg<br \/>\n<\/strong>N.\u00ba Art.:\u00a0 17001072<br \/>\nCantidad por pal\u00e9: 40 unidades<\/p>\n<\/div>\n<\/div>\n<p><\/div>\n<\/div>\n<div class=\"row \"><div class=\"col-lg-6 col-md-6 col-xs-12 col-sm-6\"><\/p>\n<h3><strong>Almacenamiento y durabilidad<\/strong><\/h3>\n<p>El almacenamiento deber\u00e1 hacerse en lugares secos y con temperaturas entre 10 y 17 \u00b0C. Deben evitarse las heladas.<\/p>\n<p><\/div>\n<div class=\"col-lg-6 col-md-6 col-xs-12 col-sm-6\"><\/p>\n<h3><strong>Durabilidad<\/strong> (fecha de caducidad):<\/h3>\n<p>Sirope alimentario para abejas en envase original: 18 meses.<br \/>\nSirope alimentario para abejas a granel: 12 semanas.<\/p>\n<p>Para ello, es necesario que el envase est\u00e9 intacto.<\/p>\n<p>Los envases ya empezados deben terminarse cuanto antes.<\/p>\n<p>Le podemos informar sobre distribuidores cercanos<\/p>\n<p><a class=\"btn btn-primary btn-xs  \" href=\"https:\/\/www.ambrosia.eu\/es\/contacto\/\"  rel=\"\"  target=\"_self\">Contacto <i class=\"glyphicon glyphicon-menu-right\" ><\/i><\/a><\/p>\n<p><\/div><\/p>\n<p><\/div>\n","protected":false},"excerpt":{"rendered":"<p>Con una amplia gama de envases, se responde a las diferentes necesidades de los apicultores. El sirope alimentario para abejas de ambrosia\u00ae est\u00e1 disponible: a granel en cami\u00f3n cisterna en los siguientes envases desechables<\/p>\n","protected":false},"author":3,"featured_media":0,"parent":0,"menu_order":0,"comment_status":"closed","ping_status":"closed","template":"","meta":[],"acf":[],"_links":{"self":[{"href":"https:\/\/www.ambrosia.eu\/es\/wp-json\/wp\/v2\/pages\/1128"}],"collection":[{"href":"https:\/\/www.ambrosia.eu\/es\/wp-json\/wp\/v2\/pages"}],"about":[{"href":"https:\/\/www.ambrosia.eu\/es\/wp-json\/wp\/v2\/types\/page"}],"author":[{"embeddable":true,"href":"https:\/\/www.ambrosia.eu\/es\/wp-json\/wp\/v2\/users\/3"}],"replies":[{"embeddable":true,"href":"https:\/\/www.ambrosia.eu\/es\/wp-json\/wp\/v2\/comments?post=1128"}],"version-history":[{"count":17,"href":"https:\/\/www.ambrosia.eu\/es\/wp-json\/wp\/v2\/pages\/1128\/revisions"}],"predecessor-version":[{"id":4462,"href":"https:\/\/www.ambrosia.eu\/es\/wp-json\/wp\/v2\/pages\/1128\/revisions\/4462"}],"wp:attachment":[{"href":"https:\/\/www.ambrosia.eu\/es\/wp-json\/wp\/v2\/media?parent=1128"}],"curies":[{"name":"wp","href":"https:\/\/api.w.org\/{rel}","templated":true}]}}