{"id":1124,"date":"2017-05-23T12:32:59","date_gmt":"2017-05-23T10:32:59","guid":{"rendered":"https:\/\/www.ambrosia.eu\/?page_id=1124\/"},"modified":"2017-08-10T12:05:38","modified_gmt":"2017-08-10T10:05:38","slug":"ambrosia-alimentacion-economica-para-abejas-con-ventajas-convincentes","status":"publish","type":"page","link":"https:\/\/www.ambrosia.eu\/es\/","title":{"rendered":"Alimentaci\u00f3n econ\u00f3mica para abejas"},"content":{"rendered":"<h2><strong>Alimentaci\u00f3n potente para sus trabajadoras m\u00e1s aplicadas<\/strong>:<\/h2>\n<p>Con Ambrosia, proporcionar\u00e1 a sus abejas un alimento de la m\u00e1xima pureza y garant\u00eda de composici\u00f3n para todos los lotes fabricados. Ambrosia es un alimento con base de sacarosa, preparada a medida para los requisitos especiales de las abejas, y orientada a su alimentaci\u00f3n natural. Ambrosia es absorbida por la abeja sin problema, se digiere bien y se aprovecha al m\u00e1ximo. Su formulaci\u00f3n cuida la gesti\u00f3n energ\u00e9tica de las abejas. Ambrosia se manipula con facilidad, est\u00e1 lista para usar y viene en diferentes envases seg\u00fan las necesidades de uso. La producci\u00f3n certificada garantiza una calidad del producto optima y homog\u00e9nea. Ambrosia es un alimento con registro sanitario y tiene larga duraci\u00f3n. En la pr\u00e1ctica, dura m\u00e1s de 25 a\u00f1os.<br \/>\n<div class=\"row \"><div class=\"col-lg-6 col-md-6 col-xs-12 col-sm-6\"><\/p>\n<h3><a href=\"https:\/\/www.ambrosia.eu\/es\/sirope-alimentario-para-abejas-de-ambrosia\/\">ambrosia\u00ae <strong>en sirope<\/strong><\/a> <i class=\" glyphicon glyphicon-menu-right \" style=\" font-size:12px;\"><\/i><\/h3>\n<ul>\n<li>es lo m\u00e1s parecido a la alimentaci\u00f3n natural de las abejas<\/li>\n<li>garantiza una ingesta sin problema por parte de las abejas<\/li>\n<li>ideal para la alimentaci\u00f3n a principios del oto\u00f1o y finales del invierno-inicio de primavera.<\/li>\n<\/ul>\n<p><\/div>\n<div class=\"col-lg-6 col-md-6 col-xs-12 col-sm-6\"><\/p>\n<h3><a href=\"https:\/\/www.ambrosia.eu\/es\/ambrosia-en-pasta\/\" target=\"_blank\" rel=\"noopener noreferrer\">ambrosia\u00ae <strong>en pasta<\/strong><\/a> <i class=\" glyphicon glyphicon-menu-right \" style=\" font-size:12px;\"><\/i><\/h3>\n<ul>\n<li>las abejas pueden ingerir f\u00e1cilmente los cristales microfinos de az\u00facar<\/li>\n<li>id\u00f3neo como alimentaci\u00f3n para periodos de escasez<\/li>\n<li>apto para la cr\u00eda de reinas en n\u00facleos de fecundaci\u00f3n<\/li>\n<\/ul>\n<p><\/div>\n<\/div><div class=\"row \"><div class=\"col-lg-6 col-md-6 col-xs-12 col-sm-6\"><\/p>\n<p>Descarga de folleto en PDF:<br \/>\n<a href=\"\/wp-content\/uploads\/2016\/03\/ambrosia_Broschuere_2016dt.pdf\" target=\"_blank\" rel=\"noopener noreferrer\">ambrosia folleto<\/a><\/p>\n<p>&nbsp;<\/p>\n<p><\/div>\n<div class=\"col-lg-6 col-md-6 col-xs-12 col-sm-6\"><\/p>\n<p>Estaremos encantados de responder a sus preguntas y de indicarle es su distribuidor m\u00e1s pr\u00f3ximo<\/p>\n<a class=\"btn btn-primary btn-xs  \" href=\"\/es\/Contacto\"  rel=\"\"  target=\"_self\">Contacto <i class=\"glyphicon glyphicon-menu-right\" ><\/i><\/a>\n<p>&nbsp;<\/p>\n<p><\/div>\n<\/div><\/p>\n","protected":false},"excerpt":{"rendered":"<p>Alimentaci\u00f3n potente para sus trabajadoras m\u00e1s aplicadas: Con Ambrosia, proporcionar\u00e1 a sus abejas un alimento de la m\u00e1xima pureza y garant\u00eda de composici\u00f3n para todos los lotes fabricados. Ambrosia es un alimento con base de sacarosa, preparada a medida para los requisitos especiales de las abejas, y orientada a su alimentaci\u00f3n natural. Ambrosia es absorbida por la abeja sin problema, se digiere bien y se aprovecha al m\u00e1ximo. Su formulaci\u00f3n cuida la gesti\u00f3n energ\u00e9tica de las abejas. Ambrosia se manipula con facilidad, est\u00e1 lista para usar y viene en diferentes envases seg\u00fan las necesidades de uso. La producci\u00f3n certificada garantiza una calidad del producto optima y homog\u00e9nea. Ambrosia es un alimento con registro sanitario y tiene larga duraci\u00f3n. En la pr\u00e1ctica, dura m\u00e1s de 25 a\u00f1os.<\/p>\n","protected":false},"author":3,"featured_media":0,"parent":0,"menu_order":0,"comment_status":"closed","ping_status":"open","template":"","meta":[],"acf":[],"_links":{"self":[{"href":"https:\/\/www.ambrosia.eu\/es\/wp-json\/wp\/v2\/pages\/1124"}],"collection":[{"href":"https:\/\/www.ambrosia.eu\/es\/wp-json\/wp\/v2\/pages"}],"about":[{"href":"https:\/\/www.ambrosia.eu\/es\/wp-json\/wp\/v2\/types\/page"}],"author":[{"embeddable":true,"href":"https:\/\/www.ambrosia.eu\/es\/wp-json\/wp\/v2\/users\/3"}],"replies":[{"embeddable":true,"href":"https:\/\/www.ambrosia.eu\/es\/wp-json\/wp\/v2\/comments?post=1124"}],"version-history":[{"count":14,"href":"https:\/\/www.ambrosia.eu\/es\/wp-json\/wp\/v2\/pages\/1124\/revisions"}],"predecessor-version":[{"id":1529,"href":"https:\/\/www.ambrosia.eu\/es\/wp-json\/wp\/v2\/pages\/1124\/revisions\/1529"}],"wp:attachment":[{"href":"https:\/\/www.ambrosia.eu\/es\/wp-json\/wp\/v2\/media?parent=1124"}],"curies":[{"name":"wp","href":"https:\/\/api.w.org\/{rel}","templated":true}]}}