{"id":1122,"date":"2017-05-23T16:52:50","date_gmt":"2017-05-23T14:52:50","guid":{"rendered":"https:\/\/www.ambrosia.eu\/?page_id=1122\/"},"modified":"2017-08-10T12:23:56","modified_gmt":"2017-08-10T10:23:56","slug":"terminos-y-condiciones-generales","status":"publish","type":"page","link":"https:\/\/www.ambrosia.eu\/es\/terminos-y-condiciones-generales\/","title":{"rendered":"T\u00e9rminos y condiciones generales"},"content":{"rendered":"<p>T\u00e9rminos y condiciones generales de uso<br \/>\n1. \u00c1mbito de uso<br \/>\n1.1 Solo se permite el uso de los sitios web (en adelante: \u00absitio web\u00bb) ofrecidos por Nordzucker AG conforme a los presentes t\u00e9rminos y condiciones. Estos t\u00e9rminos y condiciones generales de uso se pueden complementar, modificar o sustituir en cada caso con otras condiciones, p. ej. para la adquisici\u00f3n de productos y\/o servicios. Con el inicio de sesi\u00f3n o, si no es necesario un inicio de sesi\u00f3n especial, al comienzo del uso, se acepta la validez de los presentes t\u00e9rminos y condiciones de uso en la versi\u00f3n correspondiente.<\/p>\n<p>1.2 Siempre que el usuario act\u00fae como empresa o para una empresa al usar el sitio web, es decir en el ejercicio de una actividad profesional comercial o aut\u00f3noma, o act\u00fae para un ente p\u00fablico, no se aplicar\u00e1 el art. 312e, apdo. 1, p\u00e1r. 1, n.\u00ba 1 \u2013 3 del C\u00f3digo Civil alem\u00e1n.<\/p>\n<p>2. Servicios<br \/>\n2.1 Nordzucker ofrece informaci\u00f3n y software determinados, a veces junto con la documentaci\u00f3n, para consultas o descargas en el sitio web, as\u00ed como opciones de comunicaci\u00f3n.<\/p>\n<p>2.2 Nordzucker est\u00e1 autorizada a detener en cualquier momento la actividad del sitio web de forma total o parcial. Debido al estado de Internet y de los sistemas inform\u00e1ticos, Nordzucker no garantiza la disponibilidad ininterrumpida del sitio web.<\/p>\n<p>3. Registro\/contrase\u00f1a<\/p>\n<p>3.1 Algunas p\u00e1ginas del sitio web pueden estar protegidas por contrase\u00f1a. El acceso a estas p\u00e1ginas solo es posible a usuarios registrados en aras de la seguridad del tr\u00e1fico comercial. En cada uso, se puede proceder al registro. No existe derecho a un registro por parte de Nordzucker; estos sitios web est\u00e1n disponibles solo a determinados usuarios. Nordzucker se reserva el derecho, concretamente, de poder imponer un registro para los sitios web de libre acceso hasta entonces. Nordzucker est\u00e1 siempre autorizada a revocar el derecho de acceso mediante el bloqueo de datos de acceso sin tener que indicar el motivo, especialmente si el usuario<\/p>\n<p>ha facilitado datos falsos al registrarse,<\/p>\n<p>ha infringido los presentes t\u00e9rminos y condiciones o la obligaci\u00f3n de diligencia al manipular los datos de acceso,<\/p>\n<p>ha incumplido el derecho aplicable (dado el caso, los acuerdos especiales durante el registro) al acceder o usar el sitio web, o<\/p>\n<p>no ha usado el sitio web durante un largo periodo.<\/p>\n<p>3.2 Si se contempla un registro, el usuario est\u00e1 obligado a facilitar datos veraces al registrarse y a notificar de inmediato a Nordzucker cualquier cambio posterior (en la medida de lo posible, online). El usuario se preocupar\u00e1 por que los mensajes de e-mail lleguen a la direcci\u00f3n de e-mail indicada.<\/p>\n<p>3.3 Tras registrarse, el usuario recibe un nombre de usuario y una contrase\u00f1a. Los datos de usuario le permiten ver y modificar sus datos, y ampliar o rescindir determinados consentimientos en el acuerdo de los datos.<\/p>\n<p>3.4 El usuario se asegurar\u00e1 de no permitir el acceso de los datos de usuario a terceros, y se responsabilizar\u00e1 de todos los pedidos y dem\u00e1s actividades efectuadas con los datos de usuario. Tras cada uso, se debe salir del \u00e1rea protegida por contrase\u00f1a. Siempre que el usuario tenga conocimiento de que terceros est\u00e9n usando indebidamente los datos de usuario, estar\u00e1 obligado a informar de inmediato por escrito a Nordzucker, y dado el caso antes por correo electr\u00f3nico.<\/p>\n<p>3.5 Tras acusar recibo conforme al punto 3.4, Nordzucker bloquear\u00e1 el acceso al \u00e1rea protegida por contrase\u00f1a con estos datos de usuario. El bloqueo se puede suprimir tras solicitarlo expresamente el usuario a Nordzucker o registr\u00e1ndose de nuevo.<\/p>\n<p>3.6 El usuario puede solicitar por escrito en cualquier momento la eliminaci\u00f3n de su registro siempre que esto no se contraponga a la ejecuci\u00f3n de relaciones contractuales en curso. En este caso, Nordzucker borrar\u00e1 todos los datos de usuario y dem\u00e1s datos personales guardados del usuario siempre que no se necesiten m\u00e1s.<\/p>\n<p>4. Derecho de utilizaci\u00f3n de informaci\u00f3n, software y documentaci\u00f3n<\/p>\n<p>4.1 La utilizaci\u00f3n de la informaci\u00f3n, software y documentaci\u00f3n disponible en el sitio web se rige por los presentes t\u00e9rminos y condiciones o, en caso de actualizaci\u00f3n de la informaci\u00f3n, software o documentaci\u00f3n, por los t\u00e9rminos de licencia pertinentes y acordados ya antes con Nordzucker. Los t\u00e9rminos de licencia acordados expresamente tienen prioridad frente a los presentes t\u00e9rminos y condiciones generales.<\/p>\n<p>4.2 Nordzucker reconoce al usuario un derecho no exclusivo ni transferible de usar la documentaci\u00f3n, software e informaci\u00f3n facilitada en el sitio web en la medida acordada o, en caso que no se haya acordado expresamente, conforme corresponda al final perseguido por Nordzucker con su disposici\u00f3n y cesi\u00f3n.<\/p>\n<p>4.3 El software se cede gratuitamente en formato de lectura mec\u00e1nica. No se reconoce ning\u00fan derecho para la publicaci\u00f3n del c\u00f3digo fuente. Se excluyen los c\u00f3digos fuente de software de c\u00f3digo abierto, cuyas condiciones de licencia, que tienen prioridad frente a los presentes t\u00e9rminos y condiciones en la cesi\u00f3n de software de c\u00f3digo abierto, prescriben la publicaci\u00f3n del c\u00f3digo fuente. En tal caso, Nordzucker facilitar\u00e1 el c\u00f3digo fuente si se le resarcen los costes.<\/p>\n<p>4.4 El usuario nunca podr\u00e1 distribuir, alquilar o ceder de otro modo a terceros la informaci\u00f3n, software o documentaci\u00f3n. A menos que disposiciones legales de obligado cumplimiento lo permitan de otro modo, el usuario no podr\u00e1 modificar el software ni su documentaci\u00f3n, aplicar ingenier\u00eda inversa, ni traducir o extraer partes. El usuario puede crear una copia de seguridad del software si esta copia es necesaria para garantizar un uso futuro en virtud de los presentes t\u00e9rminos y condiciones de uso.<\/p>\n<p>4.5 La informaci\u00f3n, el software y la documentaci\u00f3n est\u00e1n protegidos por las leyes de derecho de autor, as\u00ed como por los contratos internacionales de derecho de autor, y por otras leyes y acuerdos sobre la propiedad intelectual. El usuario respetar\u00e1 estos derechos, sobre todo las identificaciones alfanum\u00e9ricas, las marcas y las anotaciones sobre los derechos de autor, y no las eliminar\u00e1 de la informaci\u00f3n, del software, de la documentaci\u00f3n ni de las copias de las mismas.<\/p>\n<p>4.6 Por lo dem\u00e1s, los art. 69a y siguientes de la ley alemana sobre derecho de autor no se ver\u00e1n afectados.<\/p>\n<p>5. Propiedad intelectual<\/p>\n<p>5.1 A pesar de las disposiciones particulares del punto 4 de los presentes t\u00e9rminos y condiciones de utilizaci\u00f3n, la informaci\u00f3n, nombres de marcas y dem\u00e1s contenidos del sitio web no podr\u00e1n cambiarse, copiarse, reproducirse, venderse, alquilarse, utilizarse, complementarse ni utilizarse de cualquier otro modo sin el permiso previo por escrito de Nordzucker.<\/p>\n<p>5.2 Excepto los derechos de uso u otros derechos expresamente acordados, no se otorgar\u00e1 al usuario ning\u00fan otro derecho de ninguna clase, especialmente respecto al nombre de la empresa y a los derechos de protecci\u00f3n industrial, tales como patentes, modelos de utilidad o marcas, ni deber\u00e1 considerarse que existe ninguna obligaci\u00f3n impl\u00edcita por parte de Nordzucker de conceder derechos de este tipo.<\/p>\n<p>6. Obligaciones del usuario<br \/>\n6.1 Al usar el sitio web, el usuario no puede:<\/p>\n<p>causar da\u00f1os a las personas, sobre todo a menores de edad, o infringir sus derechos personales;<\/p>\n<p>infringir las buenas costumbres con su conducta de uso;<\/p>\n<p>violar derechos de autor y de protecci\u00f3n industrial, o dem\u00e1s derechos de propiedad;<\/p>\n<p>transmitir contenidos con virus, los conocidos troyanos, o dem\u00e1s programas que puedan da\u00f1ar el software;<\/p>\n<p>introducir, guardar o enviar hiperv\u00ednculos o contenidos para los que no est\u00e9 autorizado, sobre todo si estos hiperv\u00ednculos o contenidos infringen obligaciones de confidencialidad o son ilegales; o<\/p>\n<p>difundir publicidad o e-mails no solicitados (\u00abspam\u00bb) o avisos err\u00f3neos de virus, fallos o similares, o invitar a participar en concursos, sistemas piramidales, cadenas de mensajes y acciones comparables.<\/p>\n<p>6.2 Nordzucker est\u00e1 autorizada a bloquear el acceso al sitio web en cualquier momento, sobre todo si el usuario incumple sus obligaciones derivadas de los presentes t\u00e9rminos y condiciones.<\/p>\n<p>7. Hiperv\u00ednculos<br \/>\nEl sitio web puede contener hiperv\u00ednculos a sitios web de terceros. Nordzucker no asume ninguna responsabilidad por el contenido de estos sitios web ni se apropia de estos sitios web o su contenido, pues Nordzucker no controla los contenidos vinculados ni es responsable de la informaci\u00f3n y los contenidos ofrecidos ah\u00ed. El usuario asume el riesgo de su uso, sobre todo con respecto a los t\u00e9rminos y condiciones de uso existentes ah\u00ed.<\/p>\n<p>8. Responsabilidad por defectos legales y materiales<br \/>\n8.1 Siempre que la informaci\u00f3n, el software o la documentaci\u00f3n se cedan gratuitamente, queda excluida cualquier responsabilidad por defectos materiales o legales de la informaci\u00f3n, el software o la documentaci\u00f3n, en especial respecto a su exactitud, ausencia de error, ausencia de derechos de protecci\u00f3n o de autor por parte de terceros, integridad y\/o utilidad, excepto en caso de dolo o mala fe.<\/p>\n<p>8.2 La informaci\u00f3n del sitio web puede contener especificaciones o descripciones generales de opciones t\u00e9cnicas de productos que, en casos determinados (p. ej. por modificaciones del producto), no siempre existen. Por eso, es importante acordar las propiedades de rendimiento de los productos deseados en la compra.<\/p>\n<p>9. Otras responsabilidades\/virus<br \/>\n9.1 La responsabilidad de Nordzucker para defectos legales y materiales se ajusta a las disposiciones del punto 8 de los presentes t\u00e9rminos y condiciones de uso. Por lo dem\u00e1s, queda excluida toda responsabilidad de Nordzucker a menos que sea responsable obligatoriamente, p. ej. conforme a la ley de responsabilidad de productos, por dolo o negligencia grave, por atentados contra la vida, la integridad f\u00edsica o la salud, por la aceptaci\u00f3n de una garant\u00eda de calidad, por ocultaci\u00f3n dolosa de un defecto o por el incumplimiento de obligaciones contractuales esenciales. Sin embargo, la indemnizaci\u00f3n por infracci\u00f3n de obligaciones contractuales esenciales est\u00e1 limitada aqu\u00ed a los da\u00f1os previsibles t\u00edpicos del contrato. Nordzucker no asume responsabilidad por exceso de da\u00f1os.<\/p>\n<p>9.2 Nordzucker no puede garantizar la ausencia de virus, pero har\u00e1 todo lo posible para mantener este sitio web libre de virus. Antes de descargar informaci\u00f3n, software y documentaci\u00f3n, el usuario deber\u00e1 disponer de mecanismos de seguridad y esc\u00e1neres de virus adecuados por protecci\u00f3n propia y para evitar el acceso de virus al sitio web.<\/p>\n<p>9.3 A las anteriores reglamentaciones de los puntos 9.1 y 9.2 no se vincula ninguna modificaci\u00f3n de las cargas probatorias en perjuicio del usuario.<\/p>\n<p>10. Protecci\u00f3n de datos<br \/>\nEn la recopilaci\u00f3n, el uso y el procesamiento de datos personales del usuario del sitio web, Nordzucker respeta las disposiciones legales aplicables sobre protecci\u00f3n de datos y la pol\u00edtica de privacidad de Nordzucker, que se puede consultar en www.das-bienefutter.de\/datenschutz.html.<\/p>\n<p>11. Cl\u00e1usulas complementarias, tribunal competente, legislaci\u00f3n aplicable<br \/>\n11.1 Las ampliaciones y modificaciones de los presentes t\u00e9rminos y condiciones requieren el acuerdo por escrito.<\/p>\n<p>11.2 El tribunal competente es Braunschweig cuando el usuario sea un comerciante de acuerdo con el C\u00f3digo de Comercio alem\u00e1n. Para los dem\u00e1s usuarios se aplican las disposiciones de los art. 12 y siguientes del c\u00f3digo de procedimiento civil alem\u00e1n.<\/p>\n<p>11.3 No estamos dispuestos ni obligados a participar en una resoluci\u00f3n de litigios ante un organismo de conciliaci\u00f3n de consumidores.<\/p>\n<p>11.4 Se aplica exclusivamente la legislaci\u00f3n alemana con exclusi\u00f3n del derecho de compraventa de la ONU.<\/p>\n","protected":false},"excerpt":{"rendered":"<p>T\u00e9rminos y condiciones generales de uso 1. \u00c1mbito de uso 1.1 Solo se permite el uso de los sitios web (en adelante: \u00absitio web\u00bb) ofrecidos por Nordzucker AG conforme a los presentes t\u00e9rminos y condiciones. Estos t\u00e9rminos y condiciones generales de uso se pueden complementar, modificar o sustituir en cada caso con otras condiciones, p. ej. para la adquisici\u00f3n de productos y\/o servicios. Con el inicio de sesi\u00f3n o, si no es necesario un inicio de sesi\u00f3n especial, al comienzo del uso, se acepta la validez de los presentes t\u00e9rminos y condiciones de uso en la versi\u00f3n correspondiente. 1.2 Siempre que el usuario act\u00fae como empresa o para una empresa al usar el sitio web, es decir en el ejercicio de una actividad profesional comercial o aut\u00f3noma, o act\u00fae para un ente p\u00fablico, no se aplicar\u00e1 el art. 312e, apdo. 1, p\u00e1r. 1, n.\u00ba 1 \u2013 3 del C\u00f3digo Civil alem\u00e1n. 2. Servicios 2.1 Nordzucker ofrece informaci\u00f3n y software determinados, a veces junto con la documentaci\u00f3n, para consultas o descargas en el sitio web, as\u00ed como opciones de comunicaci\u00f3n. 2.2 Nordzucker est\u00e1 autorizada a detener en cualquier momento la actividad del sitio web de forma total o parcial. Debido al estado de Internet y de los sistemas inform\u00e1ticos, Nordzucker no garantiza la disponibilidad ininterrumpida del sitio web. 3. Registro\/contrase\u00f1a 3.1 Algunas p\u00e1ginas del sitio web pueden estar protegidas por contrase\u00f1a. El acceso a estas p\u00e1ginas solo es posible a usuarios registrados en aras de la seguridad del tr\u00e1fico comercial. En cada uso, se puede proceder al registro. No existe derecho a un registro por parte de Nordzucker; estos sitios web est\u00e1n disponibles solo a determinados usuarios. Nordzucker se reserva el derecho, concretamente, de poder imponer un registro para los sitios web de libre acceso hasta entonces. Nordzucker est\u00e1 siempre autorizada a revocar el derecho de acceso mediante el bloqueo de datos de acceso sin tener que indicar el motivo, especialmente si el usuario ha facilitado datos falsos al registrarse, ha infringido los presentes t\u00e9rminos y condiciones o la obligaci\u00f3n de diligencia al manipular los datos de acceso, ha incumplido el derecho aplicable (dado el caso, los acuerdos especiales durante el registro) al acceder o usar el sitio web, o no ha usado el sitio web durante un largo periodo. 3.2 Si se contempla un registro, el usuario est\u00e1 obligado a facilitar datos veraces al registrarse y a notificar de inmediato a Nordzucker cualquier cambio posterior (en la medida de lo posible, online). El usuario se preocupar\u00e1 por que los mensajes de e-mail lleguen a la direcci\u00f3n de e-mail indicada. 3.3 Tras registrarse, el usuario recibe un nombre de usuario y una contrase\u00f1a. Los datos de usuario le permiten ver y modificar sus datos, y ampliar o rescindir determinados consentimientos en el acuerdo de los datos. 3.4 El usuario se asegurar\u00e1 de no permitir el acceso de los datos de usuario a terceros, y se responsabilizar\u00e1 de todos los pedidos y dem\u00e1s actividades efectuadas con los datos de usuario. Tras cada uso, se debe salir del \u00e1rea protegida por contrase\u00f1a. Siempre que el usuario tenga conocimiento de que terceros est\u00e9n usando indebidamente los datos de usuario, estar\u00e1 obligado a informar de inmediato por escrito a Nordzucker, y dado el caso antes por correo electr\u00f3nico. 3.5 Tras acusar recibo conforme al punto 3.4, Nordzucker bloquear\u00e1 el acceso al \u00e1rea protegida por contrase\u00f1a con estos datos de usuario. El bloqueo se puede suprimir tras solicitarlo expresamente el usuario a Nordzucker o registr\u00e1ndose de nuevo. 3.6 El usuario puede solicitar por escrito en cualquier momento la eliminaci\u00f3n de su registro siempre que esto no se contraponga a la ejecuci\u00f3n de relaciones contractuales en curso. En este caso, Nordzucker borrar\u00e1 todos los datos de usuario y dem\u00e1s datos personales guardados del usuario siempre que no se necesiten m\u00e1s. 4. Derecho de utilizaci\u00f3n de informaci\u00f3n, software y documentaci\u00f3n 4.1 La utilizaci\u00f3n de la informaci\u00f3n, software y documentaci\u00f3n disponible en el sitio web se rige por los presentes t\u00e9rminos y condiciones o, en caso de actualizaci\u00f3n de la informaci\u00f3n, software o documentaci\u00f3n, por los t\u00e9rminos de licencia pertinentes y acordados ya antes con Nordzucker. Los t\u00e9rminos de licencia acordados expresamente tienen prioridad frente a los presentes t\u00e9rminos y condiciones generales. 4.2 Nordzucker reconoce al usuario un derecho no exclusivo ni transferible de usar la documentaci\u00f3n, software e informaci\u00f3n facilitada en el sitio web en la medida acordada o, en caso que no se haya acordado expresamente, conforme corresponda al final perseguido por Nordzucker con su disposici\u00f3n y cesi\u00f3n. 4.3 El software se cede gratuitamente en formato de lectura mec\u00e1nica. No se reconoce ning\u00fan derecho para la publicaci\u00f3n del c\u00f3digo fuente. Se excluyen los c\u00f3digos fuente de software de c\u00f3digo abierto, cuyas condiciones de licencia, que tienen prioridad frente a los presentes t\u00e9rminos y condiciones en la cesi\u00f3n de software de c\u00f3digo abierto, prescriben la publicaci\u00f3n del c\u00f3digo fuente. En tal caso, Nordzucker facilitar\u00e1 el c\u00f3digo fuente si se le resarcen los costes. 4.4 El usuario nunca podr\u00e1 distribuir, alquilar o ceder de otro modo a terceros la informaci\u00f3n, software o documentaci\u00f3n. A menos que disposiciones legales de obligado cumplimiento lo permitan de otro modo, el usuario no podr\u00e1 modificar el software ni su documentaci\u00f3n, aplicar ingenier\u00eda inversa, ni traducir o extraer partes. El usuario puede crear una copia de seguridad del software si esta copia es necesaria para garantizar un uso futuro en virtud de los presentes t\u00e9rminos y condiciones de uso. 4.5 La informaci\u00f3n, el software y la documentaci\u00f3n est\u00e1n protegidos por las leyes de derecho de autor, as\u00ed como por los contratos internacionales de derecho de autor, y por otras leyes y acuerdos sobre la propiedad intelectual. El usuario respetar\u00e1 estos derechos, sobre todo las identificaciones alfanum\u00e9ricas, las marcas y las anotaciones sobre los derechos de autor, y no las eliminar\u00e1 de la informaci\u00f3n, del software, de la documentaci\u00f3n ni de las copias de las mismas. 4.6 Por lo dem\u00e1s, los art. 69a y siguientes de la ley alemana sobre derecho de autor no [&hellip;]<\/p>\n","protected":false},"author":3,"featured_media":0,"parent":0,"menu_order":0,"comment_status":"closed","ping_status":"closed","template":"","meta":[],"acf":[],"_links":{"self":[{"href":"https:\/\/www.ambrosia.eu\/es\/wp-json\/wp\/v2\/pages\/1122"}],"collection":[{"href":"https:\/\/www.ambrosia.eu\/es\/wp-json\/wp\/v2\/pages"}],"about":[{"href":"https:\/\/www.ambrosia.eu\/es\/wp-json\/wp\/v2\/types\/page"}],"author":[{"embeddable":true,"href":"https:\/\/www.ambrosia.eu\/es\/wp-json\/wp\/v2\/users\/3"}],"replies":[{"embeddable":true,"href":"https:\/\/www.ambrosia.eu\/es\/wp-json\/wp\/v2\/comments?post=1122"}],"version-history":[{"count":6,"href":"https:\/\/www.ambrosia.eu\/es\/wp-json\/wp\/v2\/pages\/1122\/revisions"}],"predecessor-version":[{"id":1532,"href":"https:\/\/www.ambrosia.eu\/es\/wp-json\/wp\/v2\/pages\/1122\/revisions\/1532"}],"wp:attachment":[{"href":"https:\/\/www.ambrosia.eu\/es\/wp-json\/wp\/v2\/media?parent=1122"}],"curies":[{"name":"wp","href":"https:\/\/api.w.org\/{rel}","templated":true}]}}