{"id":1066,"date":"2017-05-23T15:28:26","date_gmt":"2017-05-23T13:28:26","guid":{"rendered":"https:\/\/www.ambrosia.eu\/?page_id=1066\/"},"modified":"2026-03-26T10:17:05","modified_gmt":"2026-03-26T09:17:05","slug":"el-ciclo-anual-de-las-abejas","status":"publish","type":"page","link":"https:\/\/www.ambrosia.eu\/es\/guia\/el-ciclo-anual-de-las-abejas\/","title":{"rendered":"El ciclo anual de las abejas"},"content":{"rendered":"<div class=\"row \"><br>\n<div class=\"col-lg-6 col-md-6 col-xs-12 col-sm-6\"><\/p>\n<h2><strong>Marzo<\/strong>:<\/h2>\n<p>Determinante para un desarrollo r\u00e1pido de la colmena es tener una elevada cantidad de abejas fuertes y con buena salud al finalizar el invierno. Un aprovisionamiento de alimento abundante mediante una alimentaci\u00f3n invernal bien calculada, un rico suministro de polen, variado y de calidad, temperaturas diurnas al alza y la construcci\u00f3n de cuadros higi\u00e9nicamente perfectos con suficientes celdas libres para las cr\u00edas, son las mejores condiciones para un desarrollo \u00f3ptimo. En caso de emergencia en alimentaci\u00f3n, resultan \u00fatiles los cuadros de alimentaci\u00f3n o una alimentaci\u00f3n que precise poco procesamiento para las abejas con <a href=\"https:\/\/www.ambrosia.eu\/es\/sirope-alimentario-para-abejas-de-ambrosia\/\" target=\"_blank\" rel=\"noopener noreferrer\">sirope alimentario para abejas de ambrosia\u00ae<\/a>. La poblaci\u00f3n de abejas busca alcanzar un crecimiento \u00f3ptimo y arm\u00f3nico a buen precio en primavera. Se debe evitar cualquier perturbaci\u00f3n en esta \u00e9poca del a\u00f1o; toda anomal\u00eda supone un d\u00eda de p\u00e9rdida en su evoluci\u00f3n.<\/p>\n<h2><strong>Abri<\/strong>l:<\/h2>\n<p>En esta \u00e9poca, las reservas de alimento se consumen muy r\u00e1pido. Sin embargo, no se puede atender solo al peso de la colmena, pues la baja de las reservas de alimento se ve compensado por el mayor peso de la cr\u00eda. Por eso es imprescindible un control visual peri\u00f3dico hasta las primeras floraciones para poder tratar a tiempo las posibles carencias. Tambi\u00e9n se debe revisar la infectaci\u00f3n de varroa y reducir la cr\u00eda de z\u00e1nganos.<\/p>\n<h2><strong>May<\/strong>o:<\/h2>\n<p>Si el apicultor ha hecho todo bien, las abejas muestran este mes el enorme rendimiento que pueden ofrecer gracias a su buen cuidado. Lo principal es el control oportuno de la actividad de los nuevos enjembres. Para la siguiente temporada, se deben crear ahora lo nuevos enjambres para garantizar una sustituci\u00f3n sana y fuerte. Se debe continuar controlando la cr\u00eda de z\u00e1nganos para inhibir la proliferaci\u00f3n del \u00e1caro varroa.<\/p>\n<h2>Junio:<\/h2>\n<p>En la primera cosecha de miel de primavera, se deben dejar grandes reservas de alimento en la colmena para evitar posibles carencias en periodos de escasez. Si se agota la miel, tras 4-5 d\u00edas se debe aportar semanalmente un envase en formato de 2,5 kg de <a href=\"https:\/\/www.ambrosia.eu\/es\/ambrosia-en-pasta\/\" target=\"_blank\" rel=\"noopener noreferrer\">pasta alimentaria para abejas de ambrosia\u00ae<\/a> alimentaria para abejas de ambrosia\u00ae durante el periodo de transici\u00f3n. Se debe evitar cualquier adulteraci\u00f3n de la miel.<\/p>\n<h2>Julio:<\/h2>\n<p>El ciclo anual de las abejas ha superado el ecuador de la producci\u00f3n, y las poblaciones comienzan a prepararse poco a poco para el invierno. A\u00fan quedan muchas abejas, pero cada vez menos miel. Tras la \u00faltima extracci\u00f3n de miel a mediados de mes, se debe empezar la alimentaci\u00f3n con <a href=\"https:\/\/www.ambrosia.eu\/es\/ambrosia-en-pasta\/\" target=\"_blank\" rel=\"noopener noreferrer\">pasta alimentaria para abejas de ambrosia\u00ae<\/a> para asegurar que las abejas cuiden a las cr\u00edas y que no haya peligro de robo. El consumo de alimento dura unos 14 d\u00edas. La pasta alimentaria ocupa a las abejas, y las distrae de la expulsi\u00f3n de las abejas de verano que ya no se necesitan m\u00e1s. Mientras estas procesan la pasta, se animan a recoger polen y buscan agua, siguen contribuyendo a la salud de la poblaci\u00f3n y se cuida a las abejas que van a pasar el inverno, tan importante para el futuro de la poblaci\u00f3n. Y esto, a su vez, beneficia al desarrollo en primavera.<\/p>\n<h2>Agosto:<\/h2>\n<p>Ahora se nota el recorte de la cr\u00eda de z\u00e1nganos. Mejor a\u00fan le va al apicultor que ha retirado todas las cr\u00edas operculadas de la poblaci\u00f3n. Si todo se ha hecho bien, la infestaci\u00f3n por \u00e1caro varroa es baja (menos de 1-2 \u00e1caro\/d\u00eda) y las abejas est\u00e1n m\u00e1s sanas y vitales. Las acompa\u00f1antes que est\u00e1n sanas y sin cargas, pueden criar a las abejas de invierno con unas buenas reservas de grasa y prote\u00edna.<\/p>\n<p>El proceso de reducci\u00f3n de la poblaci\u00f3n en la colmena avanza hasta llegar a su tama\u00f1o \u00f3ptimo para el invierno, y a finales de octubre hay entre 10 y 12 mil abejas, lo que equivale a 4 o 5 cuadros ocupados. Las colmenas m\u00e1s d\u00e9biles con menos de 5.000 abejas (2 cuadros), no atienden bien a su reina, y es una colmena no viable, y no sobrevivir\u00e1 a la invernada.<\/p>\n<p>&nbsp;<\/p>\n<h2>Septiembre:<\/h2>\n<p>Si las existencias de alimento (en caso de pasar el invierno en dos espacios) est\u00e1n por debajo de 20 kg, la adici\u00f3n del <a href=\"https:\/\/www.ambrosia.eu\/es\/sirope-alimentario-para-abejas-de-ambrosia\/\" target=\"_blank\" rel=\"noopener noreferrer\">sirope alimentario para abejas de ambrosia\u00ae<\/a><\/p>\n<p><\/div><br>\n<div class=\"col-lg-6 col-md-6 col-xs-12 col-sm-6\"><\/p>\n<p>Tras la \u00faltima cosecha de miel, tambi\u00e9n se deber\u00eda usar siempre la dosificaci\u00f3n correcta de medicamentos. Al garantizar un suministro abundante de alimento durante el periodo de escasez y la alimentaci\u00f3n de invierno, se perfilan los requisitos determinantes para obtener poblaciones de abejas sanas y vitales que generen buenas cosechas de miel el pr\u00f3ximo a\u00f1o.<\/p>\n<p>Con la variedad de productos de ambrosia\u00ae, los apicultores disponen de variedades de alimento para abejas econ\u00f3micos, de buenos resultados y de f\u00e1cil manejo que conferir\u00e1n al usuario m\u00e1s tiempo para dedicar a otras tareas importantes en la cr\u00eda de abejas. Los conocimientos s\u00f3lidos de las conexiones en la poblaci\u00f3n de abejas y la influencia de los factores externos son cada vez m\u00e1s importantes. Esta gu\u00eda deber\u00eda ser de ayuda en este sentido.<\/p>\n<h2><strong>10 puntos importantes para empezar el ciclo anual de las abejas<\/strong><\/h2>\n<ol>\n<li>Al final de la \u00faltima cosecha, comienza el nuevo ciclo anual de las abejas: se deben generar las reservas de alimento para la invernada de las colmenas. Para ello, resulta especialmente recomendado el sirope alimentario para abejas de ambrosia\u00ae y la pasta alimentaria para abejas de ambrosia\u00ae. Estos alimentos tienen una muy buena aceptaci\u00f3n y salubridad durante la cr\u00eda.<\/li>\n<li>SSe debe aplicar asi mismo un control de infestaci\u00f3n por varroa y la reducci\u00f3n de la poblaci\u00f3n de la varroa. Supervise los resultados del tratamiento y que no se produzca la reinfestaci\u00f3n con varroa procedente de colmenares cercanos sin tratar.<\/li>\n<li>Las abejas de verano deben completar tambi\u00e9n el trabajo de preparaci\u00f3n y almacenamiento de alimento.<\/li>\n<li>Con buenas condiciones generales (polen y alimento para abejas de ambrosia\u00ae), las larvas nadan en su propia jalea.<\/li>\n<li>A partir de septiembre, ya no se puede expandir el nido de cr\u00eda mediante la alimentaci\u00f3n.<\/li>\n<li>Las abejas de invierno deben poder volar para poder obtener las reservas necesarias de grasas y prote\u00ednas.<\/li>\n<li>Las abejas de invierno comienzan a envejecer en cuanto se realizan las tareas de cuidado de cr\u00edas y otro trabajo glandular como la preparaci\u00f3n del alimento.<\/li>\n<li>Se deber\u00eda retrasar el proceso de envejecimiento de las abejas de invierno mediante una pausa lo m\u00e1s larga posible de la cr\u00eda.<\/li>\n<li>Controle el consumo pesando las colmenas. A finales de a\u00f1o, se puede responder a\u00fan a la falta de alimento con el <a href=\"https:\/\/www.ambrosia.eu\/es\/sirope-alimentario-para-abejas-de-ambrosia\/\" target=\"_blank\" rel=\"noopener noreferrer\">sirope alimentario para abejas de ambrosia\u00ae<\/a>. El buen consumo y la inversi\u00f3n est\u00e1n optimizados a las necesidades de las abejas.<\/li>\n<li>El aprovisionamiento de una poblaci\u00f3n fuerte y sana de abejas con alimento para invierno no deber\u00eda superar los 15-20 kg., seg\u00fan el tama\u00f1o de la colonia.<\/li>\n<\/ol>\n<p>&nbsp;<\/p>\n<p>Estaremos encantados de responder a sus preguntas y de indicarle cu\u00e1l es su distribuidor m\u00e1s pr\u00f3ximo<\/p>\n<p><a class=\"btn btn-primary btn-xs  \" href=\"https:\/\/www.ambrosia.eu\/es\/contacto\/\"  rel=\"\"  target=\"_self\">Contacto <i class=\"glyphicon glyphicon-menu-right\" ><\/i><\/a><br>\n<\/div><br>\n<\/div>\n\n\n<p class=\"has-cyan-bluish-gray-color has-text-color has-small-font-size\"><br> Image by Freesurf, licensed from Adobe Stock<\/p>\n","protected":false},"excerpt":{"rendered":"<p>M\u00e4rz:<\/p>\n<p>Entscheidend f\u00fcr die rasante Aufw\u00e4rtsentwicklung der Bienenv\u00f6lker ist ein m\u00f6glichst hoher Bestand an langlebigen und unverbrauchten Winterbienen. Eine \u00fcppige Futterbevorratung durch eine gut bemessene Wintereinf\u00fctterung, ein hochwertiger und reichhaltiger Polleneintrag, ansteigende Tagestemperaturen und ein hygienisch einwandfreier Wabenbau mit ausreichend freien Zellen zum Br\u00fcten sind beste Voraussetzungen f\u00fcr eine optimale Entwicklung. Bei Futternot helfen Futterwaben oder eine f\u00fcr die Bienen wenig arbeitsintensive F\u00fctterung mit ambrosia\u00ae Bienenfuttersirup. Das Bienenvolk will im Fr\u00fchjahr um jeden Preis eine harmonische und optimale Aufw\u00e4rtsentwicklung erreichen. Jede St\u00f6rung zu dieser Jahreszeit gilt es zu vermeiden \u2013 jeder Eingriff bringt einen Tag Verlust in der Entwicklung.<\/p>\n","protected":false},"author":3,"featured_media":0,"parent":1140,"menu_order":0,"comment_status":"closed","ping_status":"closed","template":"","meta":[],"acf":[],"_links":{"self":[{"href":"https:\/\/www.ambrosia.eu\/es\/wp-json\/wp\/v2\/pages\/1066"}],"collection":[{"href":"https:\/\/www.ambrosia.eu\/es\/wp-json\/wp\/v2\/pages"}],"about":[{"href":"https:\/\/www.ambrosia.eu\/es\/wp-json\/wp\/v2\/types\/page"}],"author":[{"embeddable":true,"href":"https:\/\/www.ambrosia.eu\/es\/wp-json\/wp\/v2\/users\/3"}],"replies":[{"embeddable":true,"href":"https:\/\/www.ambrosia.eu\/es\/wp-json\/wp\/v2\/comments?post=1066"}],"version-history":[{"count":15,"href":"https:\/\/www.ambrosia.eu\/es\/wp-json\/wp\/v2\/pages\/1066\/revisions"}],"predecessor-version":[{"id":5232,"href":"https:\/\/www.ambrosia.eu\/es\/wp-json\/wp\/v2\/pages\/1066\/revisions\/5232"}],"up":[{"embeddable":true,"href":"https:\/\/www.ambrosia.eu\/es\/wp-json\/wp\/v2\/pages\/1140"}],"wp:attachment":[{"href":"https:\/\/www.ambrosia.eu\/es\/wp-json\/wp\/v2\/media?parent=1066"}],"curies":[{"name":"wp","href":"https:\/\/api.w.org\/{rel}","templated":true}]}}