{"id":803,"date":"2017-01-05T10:08:41","date_gmt":"2017-01-05T09:08:41","guid":{"rendered":"https:\/\/www.ambrosia.eu\/en\/?page_id=803"},"modified":"2026-03-26T10:30:16","modified_gmt":"2026-03-26T09:30:16","slug":"reasons-for-feeding","status":"publish","type":"page","link":"https:\/\/www.ambrosia.eu\/en\/advise-why-feed\/reasons-for-feeding\/","title":{"rendered":"Reasons for feeding"},"content":{"rendered":"<div class=\"row \"><br>\n<div class=\"col-lg-6 col-md-6 col-xs-12 col-sm-6\"><\/p>\n<h3>Maintenance feeding<\/h3>\n<p>In the spring, the increasing day length, rising temperatures and available pollen provide stimulus and drive for rapid growth in bee populations. An abundance of food is needed in order to stock up for the winter. If food is not abundant, it is a good measure to provide ambrosia\u00ae bee feed syrup as a precaution.<\/p>\n<h3>Emergency feeding<\/h3>\n<p>If the colony&nbsp; is suffering from hunger, little food is available, the bees move very sluggishly and some are already falling through the frame spaces to the hive bottom. An immediate measure is to provide 0,5 litres of&nbsp;<a href=\"https:\/\/www.ambrosia.eu\/en\/ambrosia-bee-food-syrup\/\">&nbsp;ambrosia\u00ae bee food syrup<\/a> at body temperature near the hive. The bees will be mobile again after just 2 hours. An emergency situation always results in a developmental setback, so an economic impact cannot be ruled out. If you notice food shortages among individual populations in late winter, remove the empty honeycombs around the borders up to where the bees are hibernating and fill the gaps with foodcombs or honeycombs from better-stocked populations in the same location. Alternatively, you will need to feed them with warmed <a href=\"https:\/\/www.ambrosia.eu\/en\/ambrosia-bee-food-syrup\/\">ambrosia\u00ae bee feed syrup<\/a> overnight in feed bags. It is important to provide a food supply of at least 5 kg (corresponds to three full honeycombs).<\/p>\n<p>If there is a risk that the feeder will not be visited, the syrup should be filled in a clean twist-off jar with small holes in the lid. An empty super should be placed on the upper super of the colony and the jar with syrup should be placed upside down directly on the frames above the winter cluster.<\/p>\n<p>In the early spring, before preparing the honey is attached and in favorable&nbsp;weather, it is essential to supplement the feed with 2-3 liters of <a href=\"https:\/\/www.ambrosia.eu\/en\/ambrosia-bee-food-syrup\/\">ambrosia\u00ae bee food syrup<\/a>.<\/p>\n<h3>Harvest-gap feeding<\/h3>\n<p>Providing ambrosia\u00ae bee feed fondant in the practical 2,5-kg single-serving packages can help bees through the critical phase until harvest time.<\/p>\n<p>If you can assume that the nectar flow will start again soon, it is better to feed with honey to avoid transferring feed to the new honey. This honey should be from your own beekeeping to avoid transfer of germs.<\/p>\n<h3>Feeding nucleus colonies<\/h3>\n<p>Nucs provide a guarantee and back up for the coming season. Brood comb colonies are formed at the start of the rape seed or dandelion blossoming season so Mother Nature can help provide them with plenty of nectar and pollen. However, the weather often does not play along, for instance if rainy or cold periods reduce harvesting and flying opportunities.<\/p>\n<p>If there is a yield, you do not need to feed the nucs. Otherwise, they should be provided with a single-serving package of <a href=\"https:\/\/www.ambrosia.eu\/en\/ambrosia-bee-food-fondant\/\">ambrosia\u00ae bee feed fondant<\/a> every 8 to 10 days. It is less work, and the steady flow of feed helps the young population develop quickly. With appropriate care and growth, the nucs should have two 20-DN frames or Zander combs by the end of July. Supplemental feeding with ambrosia\u00ae bee feed fondant takes place starting at the end of July. Only well-stocked nucs with a vital queen can guarantee successful hibernation and full capacity in the next season.<\/p>\n<h3>Breeding queen bees<\/h3>\n<p>3 to 6 weeks before the start of breeding, the attendants are bred and hatched. First, a good pollen yield from dandelion, oilseed rape or similar plants must have given the bee populations a large breeding area. The optimal breeding of nurse bees is one of the most important requirements to ensure good acceptance of queen cells and care of the breeding material.<\/p>\n<p><\/div><br>\n<div class=\"col-lg-6 col-md-6 col-xs-12 col-sm-6\"><\/p>\n<h2>Stocking up the winter supply \u2013 3 options<\/h2>\n<p>Depending on the type of operation and the beekeeper\u2019s needs, the following options are available:<\/p>\n<h3>Option 1: ambrosia\u00ae bee feed fondant<\/h3>\n<p>Provide an entire package of 15 kg Pakets <a href=\"https:\/\/www.ambrosia.eu\/en\/ambrosia-bee-food-fondant\/\">ambrosia\u00ae bee feed fondant<\/a>. To do so, remove the cover of the package and place it upside down so the removal surface is directly on the frame over the bee cluster. Cover with an empty super and hive cover. After 10 to 14 days, when the fondant is consumed, add another half package. Together with the 3 kg honey supply left behind, that gives the colony their full ration, so they are ready for winter by mid-August. Any later supplemental feedings should only use <a href=\"https:\/\/www.ambrosia.eu\/en\/ambrosia-bee-food-syrup\/\">ambrosia\u00ae bee feed syrup<\/a>. The major benefit of this option is the long-lasting food supply for the bees and labour efficiency for you. No feed is spilled, which also reduces the risk of robbing. This results in well-cared-for, uncontaminated and well-developed winter bees.<\/p>\n<h3>Option 2: ambrosia\u00ae bee feed fondant and syrup<\/h3>\n<p>First, a full package is provided as described above; since the forager bees remain active during fondant feeding and the breeding activity is maintained as a result, this has a physiologically more favourable effect on the quality of the emerging winter bees than liquid feeding. In late August to early September, the remaining amount is supplemented with 8 to 10 liters of <a href=\"https:\/\/www.ambrosia.eu\/en\/ambrosia-bee-food-syrup\/\">ambrosia\u00ae bee food syrup<\/a>.<\/p>\n<h3>Option 3: exclusively ambrosia\u00ae bee feed syrup<\/h3>\n<p>The rule of thumb: large servings for large colonies, small servings for small colonies. The syrup\u2019s benefits come from its optimal composition and the ease with which bees can process it when they are fed later due to heather or pine yields.<\/p>\n<p>&nbsp;<\/p>\n<p>Late winter feeding takes place from mid-September to mid \/ end October. Feeding the bees 17 litres of syrup helps easily supply the colony until the next springtime. Tests with sugar water and <a href=\"https:\/\/www.ambrosia.eu\/en\/ambrosia-bee-food-syrup\/\">ambrosia\u00ae bee feed syrup<\/a> showed that colonies fed with syrup were able to finish preparing and capping their winter feed 3 to 6 days sooner.<\/p>\n<p><img loading=\"lazy\" class=\"alignnone wp-image-882 size-large\" src=\"https:\/\/www.ambrosia.eu\/wp-content\/uploads\/2017\/01\/ambrosia-matrix-1024x464.jpg\" width=\"1024\" height=\"464\"><br>\n<a href=\"https:\/\/www.ambrosia.eu\/en\/contact\/\">We gladly answer your questions and recommend a specialized local retailer.<\/a><\/p>\n<p><a class=\"btn btn-primary btn-xs  \" href=\"\/contact\"  rel=\"\"  target=\"_self\">contact <i class=\"glyphicon glyphicon-menu-right\" ><\/i><\/a><br>\n<\/div><br>\n<\/div>\n\n\n<p class=\"has-cyan-bluish-gray-color has-text-color has-small-font-size\"> <br> Image by bernardbodo, licensed from Adobe Stock<\/p>\n","protected":false},"excerpt":{"rendered":"<p>Erhaltungsf\u00fctterung<\/p>\n<p>Im Fr\u00fchjahr sind das Sonnenlicht, steigende Temperaturen und das Angebot an Bl\u00fctenpollen Impuls und Motor f\u00fcr das rasante Wachstum der Bienenv\u00f6lker. Futter muss als reichliche Wintereinf\u00fctterung im \u00dcberfluss vorhanden sein. Die Natur bietet im zeitigen Fr\u00fchjahr in der Regel keine Nektartracht. Ist Futter nicht im \u00dcberfluss vorhanden, sollte vorsichtshalber eine F\u00fctterung mit ambrosia\u00ae Bienenfuttersirup vorgenommen werden.<\/p>\n","protected":false},"author":3,"featured_media":0,"parent":781,"menu_order":0,"comment_status":"closed","ping_status":"closed","template":"","meta":[],"acf":[],"_links":{"self":[{"href":"https:\/\/www.ambrosia.eu\/en\/wp-json\/wp\/v2\/pages\/803"}],"collection":[{"href":"https:\/\/www.ambrosia.eu\/en\/wp-json\/wp\/v2\/pages"}],"about":[{"href":"https:\/\/www.ambrosia.eu\/en\/wp-json\/wp\/v2\/types\/page"}],"author":[{"embeddable":true,"href":"https:\/\/www.ambrosia.eu\/en\/wp-json\/wp\/v2\/users\/3"}],"replies":[{"embeddable":true,"href":"https:\/\/www.ambrosia.eu\/en\/wp-json\/wp\/v2\/comments?post=803"}],"version-history":[{"count":24,"href":"https:\/\/www.ambrosia.eu\/en\/wp-json\/wp\/v2\/pages\/803\/revisions"}],"predecessor-version":[{"id":5249,"href":"https:\/\/www.ambrosia.eu\/en\/wp-json\/wp\/v2\/pages\/803\/revisions\/5249"}],"up":[{"embeddable":true,"href":"https:\/\/www.ambrosia.eu\/en\/wp-json\/wp\/v2\/pages\/781"}],"wp:attachment":[{"href":"https:\/\/www.ambrosia.eu\/en\/wp-json\/wp\/v2\/media?parent=803"}],"curies":[{"name":"wp","href":"https:\/\/api.w.org\/{rel}","templated":true}]}}