{"id":783,"date":"2017-01-04T16:12:50","date_gmt":"2017-01-04T15:12:50","guid":{"rendered":"https:\/\/www.ambrosia.eu\/en\/?page_id=783"},"modified":"2022-05-31T14:23:38","modified_gmt":"2022-05-31T12:23:38","slug":"bee-food-feeding-alternatives","status":"publish","type":"page","link":"https:\/\/www.ambrosia.eu\/en\/advise-why-feed\/bee-food-feeding-alternatives\/","title":{"rendered":"Bee food feeding alternatives"},"content":{"rendered":"<div class=\"row \"><div class=\"col-lg-6 col-md-6 col-xs-12 col-sm-6\"><\/p>\n<h2>Pollen<\/h2>\n<p>Bees need different flowering plantsto ensure a great natural pollen diversity, since not every type of pollen contains all of the necessary nutrients. Pollen from a single source may lead to a negative impact on the population\u2019s immunity and vitality. When pollen shortage and varroa infestation are both present, it inevitably causes the death of the affected bee colony. A plentiful pollen supply in the spring is important to help the population grow after its winter hibernation; in the summer, it is essential for building up the winter bees\u2019 fat- and protein-bodiesn order to help them live longer.<\/p>\n<p>A bee population requires between 30 \u2013 50 kg of pollen per year. The effects of a pollen shortage can be seen from the shrinking populations during the honey yield season. A good pollen supply in late summer is essential for developing a well-fed, healthy winter population. Pollen substitutes (e.g. soy pollen, skim milk powder) are never a good alternative to freshly harvested natural flower pollen. The bees\u2019 physiognomy is not adapted to use pollen substitutes. A clearly positive effect of pollen substitutes has not been scientifically proven.<\/p>\n<h2>Water<\/h2>\n<p>In addition to their individual needs, bees need water to prepare their jelly, to feed the brood, to dissolve solid food and to lower the hive temperature on hot summer days. Bees do not store water, so it is important to keep a reliable source of water nearby, especially in the early spring when bees often cannot leave the hive for more than an hour a day. The water source should not be too close to the hive entrance, either. Bees prefer water with a slightly acidic pH value between 5 and 6. Bees will also be happy with a bucket filled with water, peat or even bark mulch, placed in a sunny spot.<\/div>\n<div class=\"col-lg-6 col-md-6 col-xs-12 col-sm-6\"><\/p>\n<h2>Honey<\/h2>\n<p>As a natural source of nutrition, there is no substitute for honey. From April to June, a population needs around 300 \u2013 500 g of honey a day. However, some unifloral honeys are unsuitable as a winter food.<br \/>\nForest and heather honey are too high in minerals, which can create intestinal problems such as dysentery. They cannot be fed honey from other hives, since one can never be sure that this honey is free from germs. Food that has been taken out of the hive should never be used for later feeding in order to prevent disease. This especially applies to feed honeycombs from dead populations \u2013 these should be discarded!<\/p>\n<h2>Honey substitutes<\/h2>\n<p>For many years, sugar water was the traditional way to feed bees. The benefit of being easy to make is counteracted by its very limited shelf life, due to the risk of spoilage from microorganisms (e.g. molds). If a slimy film appears on the sugar water, it can no longer be used for feeding.<\/p>\n<p>Compared to sugar water, it is much less work for bees to process thicker solutions like ambrosia\u00ae bee feed syrup because the inversion takes much less glandular effort. Alternatively, beekeepers also prepare a fondant using powdered sugar and honey, but this is very labor-intensive and expensive.<\/p>\n<h2>Ambrosia<\/h2>\n<p>In the 1970s, in collaboration with beekeepers and scientists, Nordzucker developed special ready-to-use syrup and fondant products based on the ideal sugar spectrum of honey for bees and using the purest beet sugar. Since then, it has been sold throughout Europe under the name ambrosia\u00ae. The use of refined sugar in certified production processes ensures high-quality products. ambrosia\u00ae does not contain any contaminants.<\/p>\n<p>&nbsp;<\/p>\n<p><a href=\"\/contact\">We gladly answer your questions and recommend a specialized local retailer.<\/a><\/p>\n<p><a class=\"btn btn-primary btn-xs  \" href=\"\/contact\"  rel=\"\"  target=\"_self\">contact <i class=\"glyphicon glyphicon-menu-right\" ><\/i><\/a>\n<\/div>\n<\/div>\n","protected":false},"excerpt":{"rendered":"<p>Pollen<\/p>\n<p>Bienen brauchen Bl\u00fchfl\u00e4chen und nat\u00fcrliche Pollenvielfalt, da nicht jede Pollenart alle n\u00f6tigen Nahrungsbestandteile enth\u00e4lt. Eine einseitige Pollentracht hat stets einen negativen Einfluss auf Immunst\u00e4rke und Vitalit\u00e4t der V\u00f6lker. Das Zusammentreffen von Pollenmangel und Varroose bedeutet fr\u00fcher oder sp\u00e4ter den Tod betroffener Bienenv\u00f6lker. Ein reichliches Pollenangebot im Fr\u00fchjahr ist von entscheidender Bedeutung f\u00fcr die Aufw\u00e4rtsentwicklung des Volkes nach der Winterpause, im Sp\u00e4tsommer unerl\u00e4sslich f\u00fcr die Anlage des Fett\/Eiwei\u00df-Polsters und damit der Langlebigkeit der Winterbienen.<\/p>\n","protected":false},"author":3,"featured_media":0,"parent":781,"menu_order":0,"comment_status":"closed","ping_status":"closed","template":"","meta":[],"acf":[],"_links":{"self":[{"href":"https:\/\/www.ambrosia.eu\/en\/wp-json\/wp\/v2\/pages\/783"}],"collection":[{"href":"https:\/\/www.ambrosia.eu\/en\/wp-json\/wp\/v2\/pages"}],"about":[{"href":"https:\/\/www.ambrosia.eu\/en\/wp-json\/wp\/v2\/types\/page"}],"author":[{"embeddable":true,"href":"https:\/\/www.ambrosia.eu\/en\/wp-json\/wp\/v2\/users\/3"}],"replies":[{"embeddable":true,"href":"https:\/\/www.ambrosia.eu\/en\/wp-json\/wp\/v2\/comments?post=783"}],"version-history":[{"count":9,"href":"https:\/\/www.ambrosia.eu\/en\/wp-json\/wp\/v2\/pages\/783\/revisions"}],"predecessor-version":[{"id":3584,"href":"https:\/\/www.ambrosia.eu\/en\/wp-json\/wp\/v2\/pages\/783\/revisions\/3584"}],"up":[{"embeddable":true,"href":"https:\/\/www.ambrosia.eu\/en\/wp-json\/wp\/v2\/pages\/781"}],"wp:attachment":[{"href":"https:\/\/www.ambrosia.eu\/en\/wp-json\/wp\/v2\/media?parent=783"}],"curies":[{"name":"wp","href":"https:\/\/api.w.org\/{rel}","templated":true}]}}