{"id":64,"date":"2016-03-22T12:38:19","date_gmt":"2016-03-22T11:38:19","guid":{"rendered":"https:\/\/www.ambrosia.eu\/?page_id=64"},"modified":"2026-03-26T10:16:17","modified_gmt":"2026-03-26T09:16:17","slug":"das-bienenjahr","status":"publish","type":"page","link":"https:\/\/www.ambrosia.eu\/de\/bio-zucker\/das-bienenjahr\/","title":{"rendered":"Das Bienenjahr"},"content":{"rendered":"<div class=\"row \"><br>\n<div class=\"col-lg-6 col-md-6 col-xs-12 col-sm-6\"><\/p>\n<h2>M\u00e4rz:<\/h2>\n<p>Entscheidend f\u00fcr die rasante Aufw\u00e4rtsentwicklung der Bienenv\u00f6lker ist ein m\u00f6glichst hoher Bestand an langlebigen und unverbrauchten Winterbienen. Eine \u00fcppige Futterbevorratung durch eine gut bemessene Wintereinf\u00fctterung, ein hochwertiger und reichhaltiger Polleneintrag, ansteigende Tagestemperaturen und ein hygienisch einwandfreier Wabenbau mit ausreichend freien Zellen zum Br\u00fcten sind beste Voraussetzungen f\u00fcr eine optimale Entwicklung. Bei Futternot helfen Futterwaben oder eine f\u00fcr die Bienen wenig arbeitsintensive F\u00fctterung mit ambrosia\u00ae Bienenfuttersirup. Das Bienenvolk will im Fr\u00fchjahr um jeden Preis eine harmonische und optimale Aufw\u00e4rtsentwicklung erreichen. Jede unn\u00f6tige St\u00f6rung zu dieser Jahreszeit gilt es zu vermeiden \u2013 jeder Eingriff bringt einen Tag Verlust in der Entwicklung.<\/p>\n<h2>April:<\/h2>\n<p>In dieser Zeit schrumpfen die Vorr\u00e4te an Futter besonders schnell. Im Waagstock l\u00e4sst sich das leider nicht ablesen, da sich steigendes Brutgewicht und abnehmender Futtervorrat die Waage halten. Daher ist eine regelm\u00e4\u00dfige Sichtkontrolle bis zur Obstbl\u00fcte ein Muss, um Mangelerscheinungen rechtzeitig begegnen zu k\u00f6nnen. Andererseits m\u00fcssen mit der Freigabe des Honigraums gef\u00fcllte Futterwaben entnommen werden. Auch mit der Reduzierung der Varroamilben muss dringend begonnen werden, indem von nun an w\u00e4hrend der Bienensaison regelm\u00e4\u00dfig die Drohnenbrut geschnitten wird.<\/p>\n<h2>Mai:<\/h2>\n<p>Hat der Imker alles richtig gemacht, zeigen die Bienen in diesem Monat, zu welchen enormen Leistungen sie bei guter Pflege in der Lage sind. Im Mittelpunkt steht die rechtzeitige Lenkung des Schwarmtriebs. F\u00fcr die n\u00e4chste Saison sind jetzt die Jungv\u00f6lker zu erstellen, um gesundes und starkes Ersatzpotential sicherzustellen. Der Schnitt der Drohnenbrut ist konsequent fortzusetzen, um die Vermehrung der Varroamilbe zu hemmen.<\/p>\n<h2>Juni:<\/h2>\n<p>Bei der letzten Honigentnahme aus der Fr\u00fchtracht sind gro\u00dfz\u00fcgige Honigreserven im Volk zu belassen, um Mangelerscheinungen f\u00fcr den Fall von Trachtl\u00fccken zu vermeiden. Versiegt die Tracht, muss sp\u00e4testens nach vier bis f\u00fcnf Tagen zur \u00dcberbr\u00fcckung mit der w\u00f6chentlichen&nbsp;Gabe einer 2,5 kg-Portionspackung ambrosia\u00ae Bienenfutterteig reagiert werden. Um sicherzustellen, dass kein Futter in den n\u00e4chsten Honig gelangt, sollte ggf. nur Honig, aber nur der aus der eigenen Imkerei, gef\u00fcttert werden.<\/p>\n<h2>Juli:<\/h2>\n<p>Das Bienenjahr hat seinen Zenit \u00fcberschritten, und die V\u00f6lker beginnen, sich langsam auf den Winter vorzubereiten. Noch gibt es viele Bienen, aber immer weniger Tracht. Nachder letzten Honigschleuderung zur Monatsmitte muss umgehend ambrosia\u00ae Bienenfutterteig (empfohlen werden hier die 15 kg Gebinde) gef\u00fcttert werden, um sicherzustellen, dass die Bienen die Brutpflege aufrechterhalten und es nicht zu der Gefahr von R\u00e4uberei kommt. Die Futterabnahme dauert etwa 14 Tage. Der Futterteig besch\u00e4ftigt die Bienen, lenkt sie von der Vertreibung der an sich nicht mehr ben\u00f6tigten Sommerbienen ab. In dem diese den Teig verarbeiten, zum Pollensammeln angeregt werden und Wasser holen, tragen sie noch zur Gesunderhaltung des Volkes bei und die f\u00fcr die Zukunft des Volkes so wichtigen Winterbienen werden geschont. Dies wiederum kommt der \u00dcberwinterung und n\u00e4chsten Fr\u00fchjahrsentwicklung zugute. Mit dem Abschluss der Honigernte sind die Befallskontrollen und entsprechende Varroabehandlungen einzuleiten.<\/p>\n<h2>August:<\/h2>\n<p>Jetzt macht sich der konsequente Schnitt der Drohnenbrut bezahlt. Noch besser f\u00e4hrt der Imker, der aus dem Volk einmal die gesamte verdeckelte Brut entnommen hat. Hat man alles richtig gemacht ist der Befall mit Varroamilben gering (weniger als 1 \u2013 2 Milben\/Tag) und die Bienen sind ges\u00fcnder und vitaler. Pflegebienen, die gesund und unbelastet sind, sind in der Lage, Winterbienen mit einem guten Fett-\/Eiwei\u00dfpolster aufzuziehen. Der Schrumpfungsprozess des Volkes auf seine optimale Wintergr\u00f6\u00dfe schreitet voran und wird Ende Oktober bei 10. \u2013 12.000 Bienen liegen, das sind 9 \u2013 10 besetzte Waben. Schw\u00e4chere V\u00f6lker, mit weniger als 5.000 Bienen (4 Waben DN, Zander) werden zusammengelegt. K\u00f6niginnen muss man dabei nicht suchen.<\/p>\n<h2>September:<\/h2>\n<p>Sollte der Futtervorrat (bei zweir\u00e4umiger \u00dcberwinterung) noch unterhalb von 20 kg betragen, kann dies durch eine Gabe von ambrosia\u00ae Bienenfuttersirup sichergestellt werden. Bei einr\u00e4umiger \u00dcberwinterung sind 1 l Sirup je Normalma\u00df-Wabe zu f\u00fcttern. Gegen Ende des Monats bis hinein in den Oktober schl\u00fcpfen die letzten Winterbienen. Bei ihren wenigen Ausfl\u00fcgen sollten sie sich unbedingt mit frischem Pollen das ben\u00f6tigte Fett- und Eiwei\u00dfpolster schaffen. Winterbienen sollten kleine Brutpflege mehr aus\u00fcben, da diese ihre Lebenszeit betr\u00e4chtlich verk\u00fcrzen w\u00fcrde. Durchbr\u00fctende V\u00f6lker kommen schw\u00e4cher aus dem Winter oder \u00fcberleben diesen oder die Durchlenzung nicht.<\/p>\n<p><\/div><br>\n<div class=\"col-lg-6 col-md-6 col-xs-12 col-sm-6\"><\/p>\n<p>Eine Restentmilbung mit Oxals\u00e4ure ist Ende November Anfang Dezember vorzunehmen. Den Behandlungserfolg unbedingt durch Bodeneinlagen kontrollieren. Die genaue Pr\u00fcfung des Varroabefalls ist eine fortw\u00e4hrende und unverzichtbare Aufgabe. Ohne Gegenma\u00dfnahmen verdoppelt sich die Zahl der Milben alle drei Wochen. Verpasst man den optimalen Zeitpunkt der Behandlung (siehe Beipackzettel des angewendeten Varroazides)&nbsp; ist Varroose die Folge, mit qualitativen und quantitativen Einbu\u00dfen in den V\u00f6lkern.<\/p>\n<p>Auch sollte nach der letzten Honigernte stets auf die richtige Dosierung bei Einsatz von Medikamenten geachtet werden. Mit der Sicherstellung einer reichlichen Futterversorgung w\u00e4hrend der trachtlosen Zeit und der Wintereinf\u00fctterung werden entscheidende Voraussetzungen geschaffen f\u00fcr gesunde, vitale Bienenv\u00f6lker als Garanten f\u00fcr erfolgreiche Honigernten im n\u00e4chsten Jahr.<\/p>\n<p>Mit der Vielfalt der ambrosia\u00ae Produkte werden Imkern\/innen erfolgsbestimmende, handhabungsfreundliche und preiswerte Bienenfuttervarianten an die Hand gegeben, die dem Anwender mehr Zeit f\u00fcr andere wichtige Aufgaben in der Bienenhaltung erm\u00f6glichen. Fundierte Kenntnisse der Zusammenh\u00e4nge Im Bienenvolk und des Einflusses externer Faktoren werden immer wichtiger. Dieser Ratgeber m\u00f6chte hierzu einen Beitrag leisten.<\/p>\n<h2>10 wichtige Punkte zum Start ins Bienenjahr<\/h2>\n<ol>\n<li>Mit dem Trachtende (in den meisten Regionen Mitte Juli) und der letzten Sommerhonigernte startet das neue Bienenjahr: Der Winterfuttervorrat der V\u00f6lker muss aufgebaut werden. Hierzu eignen sich besonders ambrosia\u00ae Bienenfuttersirup und ambrosia\u00ae Bienenfutterteig. Sie halten auch durch sehr gute Futteraufnahme und Bek\u00f6mmlichkeit das Brutgeschehen auf hohem Niveau.<\/li>\n<li>Eine Varroa-Befallskontrolle und die Reduzierung der Milbenpopulation nach den Empfehlungen der Arbeitsgemeinschaft&nbsp; der deutschen Bieneninstitute m\u00fcssen genauso einhergehen. Behandlungserfolg kontrollieren und auf m\u00f6gliche Reinvasion von Milben achten.<\/li>\n<li>Die Sommerbienen sollen noch die Arbeit der Futterbereitung und -einlagerung erledigen.<\/li>\n<li>Bei guter Allgemeinversorgung (Pollen und ambrosia\u00ae Bienenfutter) schwimmen die Larven im eigenen Futtersaft.<\/li>\n<li>Ab September ist \u00fcber eine Brutnesterweiterung \u00fcber die F\u00fctterung nicht mehr m\u00f6glich.<\/li>\n<li>Die Winterbienen m\u00fcssen noch ausfliegen k\u00f6nnen, um sich das n\u00f6tige Fett-Eiwei\u00df- Polster anfressen zu k\u00f6nnen<\/li>\n<li>Winterbienen beginnen zu altern, sobald Brutpflegearbeiten oder andere Dr\u00fcsenarbeit wie Futterbereitung zum Tragen kommen.<\/li>\n<li>Den Alterungsprozess der Winterbienen durch eine m\u00f6glichst lange Brutpause hinausz\u00f6gern. V\u00f6lker auf offenem Gitterboden \u00fcberwintern lassen.<\/li>\n<li>Verbrauchskontrolle durch Wiegen der St\u00f6cke. Noch sp\u00e4t im Jahr kann noch fehlendes Futter durch ambrosia\u00ae Bienenfutter-Sirup erg\u00e4nzt werden. Gute Abnahme und Invertierung sind auf die Bed\u00fcrfnisse der Bienen optimal abgestimmt.<\/li>\n<li>Die Bevorratung eines starken und gesunden Bienenvolks mit Winterfutter sollte Anfang Oktober, je nach Gr\u00f6\u00dfe der Kolonie, 15 \u2013 20 kg nicht unterschreiten.<\/li>\n<\/ol>\n<p>&nbsp;<\/p>\n<p><a href=\"https:\/\/www.ambrosia.eu\/de\/kontakt\/\">Gerne beantworten wir Ihre Fragen und nennen Ihnen einen Fachh\u00e4ndler in Ihrer N\u00e4he<\/a><\/p>\n<p><a class=\"btn btn-primary btn-xs  \" href=\"\/kontakt\"  rel=\"\"  target=\"_self\">Kontakt <i class=\"glyphicon glyphicon-menu-right\" ><\/i><\/a><br>\n<\/div><br>\n<\/div>\n\n\n<p class=\"has-cyan-bluish-gray-color has-text-color has-small-font-size\"><br> Image by Freesurf, licensed from Adobe Stock<\/p>\n","protected":false},"excerpt":{"rendered":"<p>M\u00e4rz:<\/p>\n<p>Entscheidend f\u00fcr die rasante Aufw\u00e4rtsentwicklung der Bienenv\u00f6lker ist ein m\u00f6glichst hoher Bestand an langlebigen und unverbrauchten Winterbienen. Eine \u00fcppige Futterbevorratung durch eine gut bemessene Wintereinf\u00fctterung, ein hochwertiger und reichhaltiger Polleneintrag, ansteigende Tagestemperaturen und ein hygienisch einwandfreier Wabenbau mit ausreichend freien Zellen zum Br\u00fcten sind beste Voraussetzungen f\u00fcr eine optimale Entwicklung. Bei Futternot helfen Futterwaben oder eine f\u00fcr die Bienen wenig arbeitsintensive F\u00fctterung mit ambrosia\u00ae Bienenfuttersirup. Das Bienenvolk will im Fr\u00fchjahr um jeden Preis eine harmonische und optimale Aufw\u00e4rtsentwicklung erreichen. Jede St\u00f6rung zu dieser Jahreszeit gilt es zu vermeiden \u2013 jeder Eingriff bringt einen Tag Verlust in der Entwicklung.<\/p>\n","protected":false},"author":3,"featured_media":0,"parent":91,"menu_order":0,"comment_status":"closed","ping_status":"closed","template":"","meta":[],"acf":[],"_links":{"self":[{"href":"https:\/\/www.ambrosia.eu\/de\/wp-json\/wp\/v2\/pages\/64"}],"collection":[{"href":"https:\/\/www.ambrosia.eu\/de\/wp-json\/wp\/v2\/pages"}],"about":[{"href":"https:\/\/www.ambrosia.eu\/de\/wp-json\/wp\/v2\/types\/page"}],"author":[{"embeddable":true,"href":"https:\/\/www.ambrosia.eu\/de\/wp-json\/wp\/v2\/users\/3"}],"replies":[{"embeddable":true,"href":"https:\/\/www.ambrosia.eu\/de\/wp-json\/wp\/v2\/comments?post=64"}],"version-history":[{"count":18,"href":"https:\/\/www.ambrosia.eu\/de\/wp-json\/wp\/v2\/pages\/64\/revisions"}],"predecessor-version":[{"id":5231,"href":"https:\/\/www.ambrosia.eu\/de\/wp-json\/wp\/v2\/pages\/64\/revisions\/5231"}],"up":[{"embeddable":true,"href":"https:\/\/www.ambrosia.eu\/de\/wp-json\/wp\/v2\/pages\/91"}],"wp:attachment":[{"href":"https:\/\/www.ambrosia.eu\/de\/wp-json\/wp\/v2\/media?parent=64"}],"curies":[{"name":"wp","href":"https:\/\/api.w.org\/{rel}","templated":true}]}}