{"id":58,"date":"2016-03-22T12:36:03","date_gmt":"2016-03-22T11:36:03","guid":{"rendered":"https:\/\/www.ambrosia.eu\/?page_id=58"},"modified":"2026-03-26T10:29:03","modified_gmt":"2026-03-26T09:29:03","slug":"fuetterungsanlaesse","status":"publish","type":"page","link":"https:\/\/www.ambrosia.eu\/de\/bio-zucker\/fuetterungsanlaesse\/","title":{"rendered":"F\u00fctterungsanl\u00e4sse"},"content":{"rendered":"<div class=\"row \"><br>\n<div class=\"col-lg-6 col-md-6 col-xs-12 col-sm-6\"><\/p>\n<h2>Erhaltungsf\u00fctterung<\/h2>\n<p>Im Fr\u00fchjahr sind zunehmende Tages\u00e4nge, steigende Temperaturen und das Angebot von Bl\u00fctenpollen und Nektar Impuls und Motor f\u00fcr das rasante Wachstum der Bienenv\u00f6lker. Futter muss als reichliche Wintereinf\u00fctterung im \u00dcberfluss vorhanden sein. Ist Futter nicht im \u00dcberfluss vorhanden, sollte vorsichtshalber eine F\u00fctterung mit <u><a href=\"https:\/\/www.ambrosia.eu\/de\/ambrosia-bienenfuttersirup\/\">ambrosia\u00ae Bienenfuttersirup<\/a><\/u> vorgenommen werden.<\/p>\n<h2>Notf\u00fctterung<\/h2>\n<p>Leidet das Volk an Hunger, sind wenige Futtervorr\u00e4te vorhanden, bewegen die Bienen sich sehr tr\u00e4ge und fallen in die Wabengassen. Als Sofortma\u00dfnahme kann 0,5 l ambrosia\u00ae Bienenfuttersirup k\u00f6rperwarm temperiert nahe am Bienensitz gegeben werden. Bereits nach 2 Stunden sind die Bienen wieder mobil. Eine Notsituation hat immer einen R\u00fcckschlag in der Entwicklung zur Folge, so dass auch wirtschaftliche Einbu\u00dfen nicht auszuschlie\u00dfen sind. Bemerkt man bei einzelnen V\u00f6lkern Futtermangel im ausgehenden Winter, entfernt man die leeren Randwaben bis an den Bienensitz und f\u00fcllt die L\u00fccken mit Futterwaben von besser versorgten V\u00f6lkern des gleichen Standortes auf. Alternativ muss eine F\u00fctterung mit angew\u00e4rmtem ambrosia\u00ae Bienenfuttersirup \u00fcber Nacht in Futtertaschen eingeleitet werden. Besteht die Gefahr, dass die Futtertasche nicht aufgesucht wird, sollte man den Sirup in saubere Gl\u00e4ser mit Twist-off-Deckel f\u00fcllen, in den Deckel kleine L\u00f6cher stechen, eine Leerzarge auf die obere Zarge setzten und das Glas mit dem Futter umgekehrt direkt \u00fcber dem Bienensitz auf die Obertr\u00e4ger stellen. Wichtig ist, dass ein Futtervorrat von mindestens 5 kg (dies entspricht drei vollen Honigwaben) erreicht wird.<\/p>\n<p>Im zeitigen Fr\u00fchjahr, vor dem Aufsetzen des Honigraumes, ist bei g\u00fcnstiger Witterung eine Nachf\u00fctterung mit 2-3 Litern <u><a href=\"https:\/\/www.ambrosia.eu\/de\/ambrosia-bienenfuttersirup\/\">ambrosia\u00ae Bienenfuttersirup<\/a><\/u> unerl\u00e4sslich.<\/p>\n<h2>Trachtl\u00fcckenf\u00fctterung<\/h2>\n<p>Hier helfen Gaben von <u><a href=\"https:\/\/www.ambrosia.eu\/de\/ambrosia-bienenfuttersirup\/\">ambrosia\u00ae Bienenfutterteig<\/a><\/u> in den praktischen 2,5 kg-Portionspackungen \u00fcber die kritischen Phase bis zum neuerlichen Einsetzen der Tracht. Sofern man davon ausgehen kann dass die Tracht baldwieder einsetzt, sollte besser mit Honig aus der eigenen Imkerei gef\u00fcttert werden, um ein Umtragen des Futters in den neuen Honig zu vermeiden.<\/p>\n<h2>Ablegerf\u00fctterung<\/h2>\n<p>Ableger sind der Garant und die Reserve f\u00fcr die kommende Saison. Man bildet Brutwabenableger zu Beginn der Raps- oder L\u00f6wenzahnbl\u00fcte, hier hilft Mutter Natur, sie gut mit Futter und Pollen zu bevorraten. Oft spielt aber das Wetter nicht mit, wenn Regen oder K\u00e4lteperioden die Tracht- und Fluggelegenheiten beeintr\u00e4chtigen.<\/p>\n<p>Bei Trachtangebot braucht man die Ableger nicht zu f\u00fcttern. Ansonsten sollten sie alle 8 bis 10 Tage mit einer Portionspackung <a href=\"https:\/\/www.ambrosia.eu\/de\/ambrosia-bienenfutterteig\/\">ambrosia\u00ae Bienenfutterteig<\/a> versorgt werden. Das ist arbeitssparend und die Entwicklung der Jungv\u00f6lker geht durch den steten Futterstrom z\u00fcgig voran. Bei entsprechender Pflege und Erweiterung besetzen die Ableger Ende Juli zwei Zargen mit 20 DN oder Zanderwaben. Die Auff\u00fctterung erfolgt ab Ende Juli mit ambrosia\u00ae Bienenfutterteig. Nur gut versorgte Ableger mit vitaler K\u00f6nigin garantieren eine sichere \u00dcberwinterung und volle Leistungsf\u00e4higkeit in der n\u00e4chsten Saison.<\/p>\n<h2>Aufzucht von Bienenk\u00f6niginnen<\/h2>\n<p>3 bis 6 Wochen vor Einleitung der Zucht werden die Pflegebienen erzeugt und erbr\u00fctet. Im Vorfeld muss eine gute Pollentracht von L\u00f6wenzahn, Raps oder \u00c4hnlichem bei den Bienenv\u00f6lkern gro\u00dfe Brutfl\u00e4chen erzeugt haben. Die optimale Aufzucht der Pflegebienen ist eine der wichtigsten Voraussetzungen, um eine gute Annahme und Pflege besten Zuchtstoffs zu gew\u00e4hrleisten.<\/p>\n<p><\/div><br>\n<div class=\"col-lg-6 col-md-6 col-xs-12 col-sm-6\"><\/p>\n<h2>Auff\u00fctterung des Wintervorrats \u2013 3 Varianten<\/h2>\n<p>Hier bieten sich je nach Betriebsweise und Anspruch des Imkers folgende Varianten an:<\/p>\n<h3>Variante 1: mit ambrosia\u00ae Bienenfutterteig<\/h3>\n<p>Es erfolgt die Gabe eines ganzen 15 kg Pakets <a href=\"https:\/\/www.ambrosia.eu\/de\/ambrosia-bienenfutterteig\/\">ambrosia\u00ae Bienenfutterteig<\/a>. Dazu entfernt man den Deckel der Verpackung mitsamt der oben liegenden Folie und legt es auf den Kopf, damit die Abnahmefl\u00e4che direkt \u00fcber dem Bienensitz auf dem Rahmen liegt. Abdecken mit Leerzarge und Deckel. Wenn nach 10 bis 14 Tagen der Teig verzehrt ist, wird ein halbes Paket nachgelegt. Zusammen mit dem belassenen 3 kg-Honigvorrat haben die V\u00f6lker ihr volles Quantum erhalten und sind um den 20. August f\u00fcr den Winter vorbereitet. Eine sp\u00e4tere Nachf\u00fctterung sollte stets nur mit ambrosia\u00ae Bienenfuttersirup erfolgen. Der gro\u00dfe Vorteil dieser Variante liegt in dem f\u00fcr die Bienen lang anhaltenden Futterstrom und in der Arbeits\u00f6konomie. Kein Futter wird verkleckert, das mindert auch die Gefahr von R\u00e4uberei. Das Ergebnis sind optimal gepflegte, unbelastete und gut entwickelte Winterbienen.<\/p>\n<h3>Variante 2: mit ambroisa\u00ae Bienenfutterteig und -sirup<\/h3>\n<p>Wie beschrieben wird zun\u00e4chst ein ganzes Paket gereicht; da bei Teigf\u00fctterung die Sammelbienen weiterhin sehr aktiv bleiben und dadurch auch das Brutgesch\u00e4ft aufrecht erhalten bleibt wirkt diese sich g\u00fcnstiger auf die Qualit\u00e4t des entstehenden Wintervolks aus als eine Fl\u00fcssigf\u00fctterung. Ende August bis Anfang September wird die fehlende Restmenge mit 8 bis 10 Liter ambrosia\u00ae Bienenfuttersirup erg\u00e4nzt.<\/p>\n<h3>Variante 3: ausschlie\u00dflich mit ambrosia\u00ae Bienenfuttersirup bei sp\u00e4ter Einf\u00fctterung<\/h3>\n<p>Dabei ist zu beachten: gro\u00dfe V\u00f6lker gro\u00dfe Portionen, kleine V\u00f6lker kleine Portionen. Der Sirup entfaltet seine Vorteile in Gestalt der optimalen Zusammensetzung und seiner einfachen Umarbeitung durch die Bienen bei der sp\u00e4ten Einf\u00fctterung aufgrund&nbsp; der Nutzung von Heide- oder Tannentracht.<\/p>\n<p>&nbsp;<\/p>\n<p>Die sp\u00e4te Wintereinf\u00fctterung kommt im Zeitraum von Mitte September bis Mitte \/ Ende Oktober zum Tragen. Mit 17 Litern eingef\u00fcttertem Sirup l\u00e4sst sich der Anschluss an die n\u00e4chste Fr\u00fchtracht gut erreichen. Bei Versuchen mit Zuckerwasser und ambrosia\u00ae Bienenfuttersirup zeigte sich, dass die mit Sirup aufgef\u00fctteren V\u00f6lker die Aufbereitung und Verdeckelung des Winterfutters 3 bis 6 Tage fr\u00fcher beenden konnten.<\/p>\n<p><a href=\"https:\/\/www.ambrosia.eu\/wp-content\/uploads\/2016\/03\/Tabelle.jpg\" rel=\"attachment wp-att-211\"><img loading=\"lazy\" class=\"aligncenter wp-image-211 size-full\" src=\"https:\/\/www.ambrosia.eu\/wp-content\/uploads\/2016\/03\/Tabelle.jpg\" alt=\"Bienenfutter Tabelle Futteranl\u00e4sse Bienenfuttersirup und Bienenfutterteig\" width=\"852\" height=\"390\" srcset=\"https:\/\/www.ambrosia.eu\/wp-content\/uploads\/2016\/03\/Tabelle.jpg 852w, https:\/\/www.ambrosia.eu\/wp-content\/uploads\/2016\/03\/Tabelle-300x137.jpg 300w, https:\/\/www.ambrosia.eu\/wp-content\/uploads\/2016\/03\/Tabelle-768x352.jpg 768w\" sizes=\"(max-width: 852px) 100vw, 852px\" \/><\/a><br>\n<a href=\"https:\/\/www.ambrosia.eu\/de\/kontakt\/\">Gerne beantworten wir Ihre Fragen und nennen Ihnen einen Fachh\u00e4ndler in Ihrer N\u00e4he<\/a><\/p>\n<p><a class=\"btn btn-primary btn-xs  \" href=\"https:\/\/www.ambrosia.eu\/de\/kontakt\/\"  rel=\"\"  target=\"_self\">Kontakt <i class=\"glyphicon glyphicon-menu-right\" ><\/i><\/a><br>\n<\/div><br>\n<\/div>\n\n\n<p class=\"has-cyan-bluish-gray-color has-text-color has-small-font-size\"><br>  Image by bernardbodo, licensed from Adobe Stock<\/p>\n","protected":false},"excerpt":{"rendered":"<p>Erhaltungsf\u00fctterung<\/p>\n<p>Im Fr\u00fchjahr sind das Sonnenlicht, steigende Temperaturen und das Angebot an Bl\u00fctenpollen Impuls und Motor f\u00fcr das rasante Wachstum der Bienenv\u00f6lker. Futter muss als reichliche Wintereinf\u00fctterung im \u00dcberfluss vorhanden sein. Die Natur bietet im zeitigen Fr\u00fchjahr in der Regel keine Nektartracht. Ist Futter nicht im \u00dcberfluss vorhanden, sollte vorsichtshalber eine F\u00fctterung mit ambrosia\u00ae Bienenfuttersirup vorgenommen werden.<\/p>\n","protected":false},"author":3,"featured_media":0,"parent":91,"menu_order":0,"comment_status":"closed","ping_status":"closed","template":"","meta":[],"acf":[],"_links":{"self":[{"href":"https:\/\/www.ambrosia.eu\/de\/wp-json\/wp\/v2\/pages\/58"}],"collection":[{"href":"https:\/\/www.ambrosia.eu\/de\/wp-json\/wp\/v2\/pages"}],"about":[{"href":"https:\/\/www.ambrosia.eu\/de\/wp-json\/wp\/v2\/types\/page"}],"author":[{"embeddable":true,"href":"https:\/\/www.ambrosia.eu\/de\/wp-json\/wp\/v2\/users\/3"}],"replies":[{"embeddable":true,"href":"https:\/\/www.ambrosia.eu\/de\/wp-json\/wp\/v2\/comments?post=58"}],"version-history":[{"count":27,"href":"https:\/\/www.ambrosia.eu\/de\/wp-json\/wp\/v2\/pages\/58\/revisions"}],"predecessor-version":[{"id":5247,"href":"https:\/\/www.ambrosia.eu\/de\/wp-json\/wp\/v2\/pages\/58\/revisions\/5247"}],"up":[{"embeddable":true,"href":"https:\/\/www.ambrosia.eu\/de\/wp-json\/wp\/v2\/pages\/91"}],"wp:attachment":[{"href":"https:\/\/www.ambrosia.eu\/de\/wp-json\/wp\/v2\/media?parent=58"}],"curies":[{"name":"wp","href":"https:\/\/api.w.org\/{rel}","templated":true}]}}