{"id":46,"date":"2016-03-22T12:03:34","date_gmt":"2016-03-22T11:03:34","guid":{"rendered":"https:\/\/www.ambrosia.eu\/?page_id=46"},"modified":"2023-12-01T11:56:37","modified_gmt":"2023-12-01T10:56:37","slug":"ambrosia-bienenfuttersirup","status":"publish","type":"page","link":"https:\/\/www.ambrosia.eu\/de\/ambrosia-bienenfuttersirup\/","title":{"rendered":"<p><br><p><\/p>ambrosia\u00ae Bienenfuttersirup"},"content":{"rendered":"\n<p><\/p>\n\n\n<div class=\"row \"><br \/><div class=\"col-lg-6 col-md-6 col-xs-12 col-sm-6\">ambrosia\u00ae Bienenfuttersirup ist ein fl\u00fcssiges, gebrauchsfertiges Fertigfutter mit ausgewogenem Zuckerartenspektrum (Fruchtzucker, Traubenzucker, Saccharose) auf Basis von R\u00fcbenzucker reinster Qualit\u00e4t. Der hohe Anteil an Fruchtzucker verhindert die Bildung von Kristallen in den Waben. Die hohe Zuckerkonzentration macht den Sirup widerstandsf\u00e4hig gegen mikrobiologischen Verderb. Die ideale Zusammensetzung des Zuckerartenspektrums gew\u00e4hrleistet eine optimale Aufnahme und Ausnutzung der Nahrungsbestandteile durch die Bienen. Die N\u00e4hrstoffkonzentration\/Futterwert betr\u00e4gt ca. 72,7 Prozent. 1 kg (bzw. 1 Liter) ambrosia\u00ae Bienenfuttersirup entsprechen 0,73 kg Kristallzucker.<\/p>\n<p>\u00a0<\/p>\n<h3>Besonders bei der fr\u00fchen und sp\u00e4ten Wintereinf\u00fctterung ist ambrosia\u00ae Bienenfuttersirup vorteilhaft:<\/h3>\n<ul>\n<li>Mit seiner Rezeptur kommt das Futter der nat\u00fcrlichen Bienennahrung am n\u00e4chsten und entspricht den von Bienen bevorzugten Zuckerarten<\/li>\n<li>M\u00fchelose Aufnahme und Verwertung \u2013 weniger Invertierungsarbeit leisten zu m\u00fcssen, schont den Energiehaushalt der Biene. Versuche zeigten energetische Vorteile in einer Gr\u00f6\u00dfenordnung von 15 %.<\/li>\n<li>Hohe Widerstandsf\u00e4higkeit gegen mikrobiologischen Verderb f\u00fchrt zu langer Haltbarkeit<\/li>\n<li>Hygienische, zeitsparende und praktische Handhabung<\/li>\n<\/ul>\n<p>Zur Vermeidung von R\u00e4uberei ist fl\u00fcssiges Futter nur innerhalb der Beute anzubieten \u2013 ein Verkleckern des Futters am Bienenstand ist zu vermeiden. Nach M\u00f6glichkeit sollte die Futtergabe abends erfolgen. Bei Ablegern die Flugl\u00f6cher auf wenige Zentimeter einengen.<\/p>\n<p><\/div><div class=\"col-lg-6 col-md-6 col-xs-12 col-sm-6\"><img loading=\"lazy\" class=\"alignnone size-medium wp-image-228\" src=\"https:\/\/www.ambrosia.eu\/wp-content\/uploads\/2016\/03\/Ambrosia-Bienenfutter-Sirup-Anwendung1-1-300x217.jpg\" alt=\"Ambrosia-Bienenfutter-Sirup-Anwendung1\" width=\"300\" height=\"217\" srcset=\"https:\/\/www.ambrosia.eu\/wp-content\/uploads\/2016\/03\/Ambrosia-Bienenfutter-Sirup-Anwendung1-1-300x217.jpg 300w, https:\/\/www.ambrosia.eu\/wp-content\/uploads\/2016\/03\/Ambrosia-Bienenfutter-Sirup-Anwendung1-1-768x556.jpg 768w, https:\/\/www.ambrosia.eu\/wp-content\/uploads\/2016\/03\/Ambrosia-Bienenfutter-Sirup-Anwendung1-1-1024x741.jpg 1024w, https:\/\/www.ambrosia.eu\/wp-content\/uploads\/2016\/03\/Ambrosia-Bienenfutter-Sirup-Anwendung1-1.jpg 1299w\" sizes=\"(max-width: 300px) 100vw, 300px\" \/><\/p>\n<p>\u00a0<\/p>\n<p><img loading=\"lazy\" class=\"alignnone size-medium wp-image-900\" src=\"https:\/\/www.ambrosia.eu\/wp-content\/uploads\/2017\/01\/ambrosia-beefeed-syrup-application2-300x147.jpg\" alt=\"ambrosia-beefeed-syrup-application2\" width=\"300\" height=\"147\" srcset=\"https:\/\/www.ambrosia.eu\/wp-content\/uploads\/2017\/01\/ambrosia-beefeed-syrup-application2-300x147.jpg 300w, https:\/\/www.ambrosia.eu\/wp-content\/uploads\/2017\/01\/ambrosia-beefeed-syrup-application2-768x377.jpg 768w, https:\/\/www.ambrosia.eu\/wp-content\/uploads\/2017\/01\/ambrosia-beefeed-syrup-application2-1024x503.jpg 1024w, https:\/\/www.ambrosia.eu\/wp-content\/uploads\/2017\/01\/ambrosia-beefeed-syrup-application2.jpg 1299w\" sizes=\"(max-width: 300px) 100vw, 300px\" \/><\/p>\n<p><\/div><\/div>\n<h3>Mit einer breiten Palette an Gebindetypen wird den unterschiedlichen Bed\u00fcrfnissen der Imker entsprochen.<\/h3>\n<p>ambrosia\u00ae Bienenfuttersirup ist erh\u00e4ltlich lose in Tankz\u00fcgen und in folgenden Einweggebinden<br \/><div class=\"row \"><br \/><div class=\"col-lg-6 col-md-6 col-xs-12 col-sm-6\"><\/p>\n<div class=\"row\">\n<div class=\"col-xs-6\"><img loading=\"lazy\" class=\"alignnone wp-image-4256 size-medium\" src=\"https:\/\/www.ambrosia.eu\/wp-content\/uploads\/2023\/12\/ambrosia_Sirup_Container_1360kg-297x300.jpg\" alt=\"\" width=\"297\" height=\"300\" srcset=\"https:\/\/www.ambrosia.eu\/wp-content\/uploads\/2023\/12\/ambrosia_Sirup_Container_1360kg-297x300.jpg 297w, https:\/\/www.ambrosia.eu\/wp-content\/uploads\/2023\/12\/ambrosia_Sirup_Container_1360kg-1013x1024.jpg 1013w, https:\/\/www.ambrosia.eu\/wp-content\/uploads\/2023\/12\/ambrosia_Sirup_Container_1360kg-768x776.jpg 768w, https:\/\/www.ambrosia.eu\/wp-content\/uploads\/2023\/12\/ambrosia_Sirup_Container_1360kg.jpg 1343w\" sizes=\"(max-width: 297px) 100vw, 297px\" \/><\/div>\n<div class=\"col-xs-6\">\n<h3>Paletten Container (IBC)<\/h3>\n<p><strong>870 kg<\/strong><br \/>Art.-Nr.: 17001384<\/p>\n<p><strong>1360 kg<\/strong><br \/>Art.-Nr.: 17001005<\/p>\n<\/div>\n<\/div>\n<p><\/div><\/p>\n<div class=\"col-lg-6 col-md-6 col-xs-12 col-sm-6\">\n<div class=\"row\">\n<div class=\"col-xs-6\"><a href=\"https:\/\/www.ambrosia.eu\/wp-content\/uploads\/2016\/03\/Ambrosia-Bienenfutter-Sirup-Eimer-14kg-1.jpg\" rel=\"attachment wp-att-75\"><img loading=\"lazy\" class=\"alignleft wp-image-224 size-medium\" src=\"https:\/\/www.ambrosia.eu\/wp-content\/uploads\/2016\/03\/Ambrosia-Bienenfutter-Sirup-Eimer-14kg-1-300x292.jpg\" alt=\"Bienenfutter Sirup ambrosia\u00ae Eimer\" width=\"300\" height=\"292\" srcset=\"https:\/\/www.ambrosia.eu\/wp-content\/uploads\/2016\/03\/Ambrosia-Bienenfutter-Sirup-Eimer-14kg-1-300x292.jpg 300w, https:\/\/www.ambrosia.eu\/wp-content\/uploads\/2016\/03\/Ambrosia-Bienenfutter-Sirup-Eimer-14kg-1-768x747.jpg 768w, https:\/\/www.ambrosia.eu\/wp-content\/uploads\/2016\/03\/Ambrosia-Bienenfutter-Sirup-Eimer-14kg-1-1024x996.jpg 1024w, https:\/\/www.ambrosia.eu\/wp-content\/uploads\/2016\/03\/Ambrosia-Bienenfutter-Sirup-Eimer-14kg-1.jpg 1299w\" sizes=\"(max-width: 300px) 100vw, 300px\" \/><\/a><\/div>\n<div class=\"col-xs-6\">\n<h3>Eimer<\/h3>\n<p><strong>14 kg<\/strong><br \/>Art.-Nr.: 31407<br \/>Anzahl pro Palette: 44 St\u00fcck<\/p>\n<\/div>\n<\/div>\n<p><\/div><\/div><\/p>\n<div class=\"row \"><br \/><div class=\"col-lg-6 col-md-6 col-xs-12 col-sm-6\"><\/p>\n<div class=\"row\">\n<div class=\"col-xs-6\"><img loading=\"lazy\" class=\"alignnone wp-image-4278 size-medium\" src=\"https:\/\/www.ambrosia.eu\/wp-content\/uploads\/2023\/12\/ambrosia_Sirup_16kg_Cubitainer-300x252.png\" alt=\"\" width=\"300\" height=\"252\" srcset=\"https:\/\/www.ambrosia.eu\/wp-content\/uploads\/2023\/12\/ambrosia_Sirup_16kg_Cubitainer-300x252.png 300w, https:\/\/www.ambrosia.eu\/wp-content\/uploads\/2023\/12\/ambrosia_Sirup_16kg_Cubitainer-1024x859.png 1024w, https:\/\/www.ambrosia.eu\/wp-content\/uploads\/2023\/12\/ambrosia_Sirup_16kg_Cubitainer-768x644.png 768w, https:\/\/www.ambrosia.eu\/wp-content\/uploads\/2023\/12\/ambrosia_Sirup_16kg_Cubitainer.png 1352w\" sizes=\"(max-width: 300px) 100vw, 300px\" \/><\/div>\n<div class=\"col-xs-6\">\n<h3>Cubitainer (Nachf\u00fcllpackungen)*<\/h3>\n<p><strong>16 kg<br \/><\/strong>Art.-Nr.: 31414<br \/>Anzahl pro Palette: 44 St\u00fcck<\/p>\n<p><strong>28 kg<br \/><\/strong>Art.-Nr.: 31409<br \/>Anzahl pro Palette: 25 St\u00fcck<\/p>\n<p>*Steigrohre f\u00fcr die 16 kg Cubitainer erhalten Sie bei Ihrem Fachh\u00e4ndler<\/p>\n<\/div>\n<\/div>\n<p><\/div><div class=\"col-lg-6 col-md-6 col-xs-12 col-sm-6\"><\/p>\n<div class=\"row\">\n<div class=\"col-xs-6\"><img loading=\"lazy\" class=\"alignnone wp-image-4267 size-medium\" src=\"https:\/\/www.ambrosia.eu\/wp-content\/uploads\/2023\/12\/ambrosia_Sirup_10L_Kanister-250x300.png\" alt=\"\" width=\"250\" height=\"300\" srcset=\"https:\/\/www.ambrosia.eu\/wp-content\/uploads\/2023\/12\/ambrosia_Sirup_10L_Kanister-250x300.png 250w, https:\/\/www.ambrosia.eu\/wp-content\/uploads\/2023\/12\/ambrosia_Sirup_10L_Kanister-852x1024.png 852w, https:\/\/www.ambrosia.eu\/wp-content\/uploads\/2023\/12\/ambrosia_Sirup_10L_Kanister-768x923.png 768w, https:\/\/www.ambrosia.eu\/wp-content\/uploads\/2023\/12\/ambrosia_Sirup_10L_Kanister.png 944w\" sizes=\"(max-width: 250px) 100vw, 250px\" \/><\/div>\n<div class=\"col-xs-6\">\n<h3>Kanister<\/h3>\n<p><strong>12,5 kg<br \/><\/strong>Art.-Nr.: 17001072<br \/>Anzahl pro Palette: 40 St\u00fcck<\/p>\n<\/div>\n<\/div>\n<p><\/div><\/div>\n<div class=\"row \"><br \/><div class=\"col-lg-6 col-md-6 col-xs-12 col-sm-6\"><\/p>\n<h3>Lagerung und Haltbarkeit<\/h3>\n<p>Die Lagerung sollte in trockenen R\u00e4umlichkeiten bei Temperaturen im Bereich von 10 und 17 \u00b0C erfolgen. Frost gilt es zu vermeiden.<\/p>\n<p><\/div><div class=\"col-lg-6 col-md-6 col-xs-12 col-sm-6\"><\/p>\n<h3>Haltbarkeit (MHD):<\/h3>\n<p>Sirup: Bienenfuttersirup im Originalgebinde: 18 Monate. Lose: 12 Wochen<\/p>\n<p>Voraussetzung hierf\u00fcr ist die Unversehrtheit der Gebinde bzw. die Hygiene.<\/p>\n<p>Angebrochene Gebinde sind zeitnah aufzubrauchen.<\/p>\n<p><a href=\"https:\/\/www.ambrosia.eu\/de\/kontakt\/\">Gerne beantworten wir Ihre Fragen und nennen Ihnen einen Fachh\u00e4ndler in Ihrer N\u00e4he<\/a><\/p>\n<p><a class=\"btn btn-primary btn-xs  \" href=\"https:\/\/www.ambrosia.eu\/de\/kontakt\/\"  rel=\"\"  target=\"_self\">Kontakt <i class=\"glyphicon glyphicon-menu-right\" ><\/i><\/a><\/p>\n<p><\/div><\/p>\n<p><\/div>","protected":false},"excerpt":{"rendered":"<p>Mit einer breiten Palette an Gebindetypen wird den unterschiedlichen Bed\u00fcrfnissen der Imker entsprochen. ambrosia\u00ae Bienenfuttersirup ist erh\u00e4ltlich lose in Tankz\u00fcgen und in folgenden Einweggebinden<\/p>\n","protected":false},"author":3,"featured_media":3382,"parent":0,"menu_order":0,"comment_status":"closed","ping_status":"closed","template":"","meta":[],"acf":[],"_links":{"self":[{"href":"https:\/\/www.ambrosia.eu\/de\/wp-json\/wp\/v2\/pages\/46"}],"collection":[{"href":"https:\/\/www.ambrosia.eu\/de\/wp-json\/wp\/v2\/pages"}],"about":[{"href":"https:\/\/www.ambrosia.eu\/de\/wp-json\/wp\/v2\/types\/page"}],"author":[{"embeddable":true,"href":"https:\/\/www.ambrosia.eu\/de\/wp-json\/wp\/v2\/users\/3"}],"replies":[{"embeddable":true,"href":"https:\/\/www.ambrosia.eu\/de\/wp-json\/wp\/v2\/comments?post=46"}],"version-history":[{"count":49,"href":"https:\/\/www.ambrosia.eu\/de\/wp-json\/wp\/v2\/pages\/46\/revisions"}],"predecessor-version":[{"id":4468,"href":"https:\/\/www.ambrosia.eu\/de\/wp-json\/wp\/v2\/pages\/46\/revisions\/4468"}],"wp:featuredmedia":[{"embeddable":true,"href":"https:\/\/www.ambrosia.eu\/de\/wp-json\/wp\/v2\/media\/3382"}],"wp:attachment":[{"href":"https:\/\/www.ambrosia.eu\/de\/wp-json\/wp\/v2\/media?parent=46"}],"curies":[{"name":"wp","href":"https:\/\/api.w.org\/{rel}","templated":true}]}}