{"id":4019,"date":"2023-05-05T11:50:12","date_gmt":"2023-05-05T09:50:12","guid":{"rendered":"https:\/\/www.ambrosia.eu\/?page_id=4019"},"modified":"2023-07-13T14:41:53","modified_gmt":"2023-07-13T12:41:53","slug":"4019-2","status":"publish","type":"page","link":"https:\/\/www.ambrosia.eu\/de\/4019-2\/","title":{"rendered":"Ratgeber: Warum das Einf\u00fcttern?"},"content":{"rendered":"<div class=\"row \"><div class=\"col-lg-6 col-md-6 col-xs-12 col-sm-6\"><\/p>\n<p>Hunger sch\u00e4digt Bienenv\u00f6lker, ein reichhaltiges Futterangebot optimal an die Bed\u00fcrfnisse der Bienen angepasst hingegen f\u00f6rdert und sichert ein vitales Bienenvolk.<\/p>\n<p>Zu keiner Zeit darf ein Bienenvolk einem Futtermangel ausgesetzt sein. N\u00e4hern sich die Vorr\u00e4te im Bienenvolk der 5 kg-Marke (zwei volle DN oder Zanderwaben) und versiegt der Futterstrom von au\u00dfen, beginnt bereits die Unterversorgung. Schon vor dem letzten Futterrest&nbsp; schaltet das Volk auf Notbetrieb:<\/p>\n<p>Einschr\u00e4nkung der Brutt\u00e4tigkeit, des Putzbetriebs und des Pollensammelns sowie Brutkannibalismus sind die Folge. Das Volk versucht durch R\u00e4uberei zu \u00fcberleben. Sind die Vorr\u00e4te g\u00e4nzlich aufgebraucht, sitzen die Bienen zitternd oder regungslos auf den Waben, dann beginnen die ersten zu sterben, nach wenigen Stunden ist das Volk verendet. Ein typisches Bild f\u00fcr Verhungern:<\/p>\n<ul>\n<li>mit dem Kopf in den Zellen steckende Bienen<\/li>\n<li>das Bodenbrett ist \u00fcbers\u00e4t mit verendeten Bienen<\/li>\n<\/ul>\n<p>Unterversorgung zu erkennen und rechtzeitig gegenzusteuern, ist erste Pflicht des Imkers. An Hunger sterben in Deutschland \u00fcbrigens weit mehr Bienenv\u00f6lker als an den allseits so gef\u00fcrchteten Bienenkrankheiten.<\/p>\n<p><\/div>\n<div class=\"col-lg-6 col-md-6 col-xs-12 col-sm-6\"><\/p>\n<h2>Futtervorr\u00e4te sch\u00e4tzen nach der Liebefelder Methode<\/h2>\n<p>Zur Ermittlung der Futtervorr\u00e4te&nbsp; teilt man ein leeres R\u00e4hmchen mit Haushaltgummis in acht gleiche Quadrate ein. H\u00e4lt man die Konstruktion auf eine zu testende Wabe, so erh\u00e4lt man folgende Ergebnisse:<\/p>\n<p>Ein Achtel einer gedeckelten Futterwabenseite enth\u00e4lt:<\/p>\n<p><div class=\"table-responsive\"><table width=\"100%\" class=\"table \" style=\"table-striped\">\n<thead><tr>\n<th>Wabentyp <\/th>\n<th>Futter<\/th>\n<\/tr><\/thead>\n<tbody>\n<tr>\n<td>DN <\/td>\n<td>111 g<\/td>\n<\/tr>\n<tr>\n<td>Zander <\/td>\n<td>125 g<\/td>\n<\/tr>\n<tr>\n<td>Langstroth <\/td>\n<td>140 g<\/td>\n<\/tr>\n<tr>\n<td>Dadant <\/td>\n<td>175 g<\/td>\n<\/tr>\n<\/tbody>\n<\/table><\/div><\/p>\n<h3>Beispiel:<\/h3>\n<p>Zanderwabe auf der einen Seite 8 voll verdeckelte auf der anderen Seite 4 gedeckelte Futterquadranten.<\/p>\n<p>Ergebnis zusammenz\u00e4hlen: (8 + 4)x 125 g = 1500 g Futter auf dieser Wabe. Halbe Achtel werden auch ber\u00fccksichtigt.<\/p>\n<p>Eine voll verdeckelte Wabe ergibt 16 Quadrate = 2000g Futter.<\/p>\n<p>Als Experte f\u00fcr Bienenf\u00fctterung m\u00f6chten wir von ambrosia Ihnen in allen Fragen der Ern\u00e4hrung mit Rat und Tat zur Seite stehen.<\/p>\n<p>Informieren Sie sich hier weiter \u00fcber:<\/p>\n<p><a class=\"btn btn-primary btn-xs\" href=\"https:\/\/www.ambrosia.eu\/de\/ratgeber-fuetterung-warum\/das-bienenjahr\/\">Der Kreislauf des Bienenjahres <i class=\"glyphicon glyphicon-menu-right\"><\/i><\/a><\/p>\n<p><a class=\"btn btn-primary btn-xs\" href=\"https:\/\/www.ambrosia.eu\/de\/ratgeber-fuetterung-warum\/fuetterungsanlaesse\/\">F\u00fctterungsanl\u00e4sse <i class=\"glyphicon glyphicon-menu-right\"><\/i><\/a><\/p>\n<p><a class=\"btn btn-primary btn-xs\" href=\"https:\/\/www.ambrosia.eu\/de\/ratgeber-fuetterung-warum\/futteralternativen\/\">Futteralternativen <i class=\"glyphicon glyphicon-menu-right\"><\/i><\/a><\/p>\n<p><a href=\"https:\/\/www.ambrosia.eu\/de\/kontakt\/\">Gerne beantworten wir Ihre Fragen und nennen Ihnen einen Fachh\u00e4ndler in Ihrer N\u00e4he<\/a><\/p>\n<p><a class=\"btn btn-primary btn-xs  \" href=\"https:\/\/www.ambrosia.eu\/de\/kontakt\/\"  rel=\"\"  target=\"_self\">Kontakt <i class=\"glyphicon glyphicon-menu-right\" ><\/i><\/a><\/p>\n<p><\/div>\n<\/div>\n","protected":false},"excerpt":{"rendered":"","protected":false},"author":3,"featured_media":0,"parent":0,"menu_order":0,"comment_status":"closed","ping_status":"closed","template":"","meta":[],"acf":[],"_links":{"self":[{"href":"https:\/\/www.ambrosia.eu\/de\/wp-json\/wp\/v2\/pages\/4019"}],"collection":[{"href":"https:\/\/www.ambrosia.eu\/de\/wp-json\/wp\/v2\/pages"}],"about":[{"href":"https:\/\/www.ambrosia.eu\/de\/wp-json\/wp\/v2\/types\/page"}],"author":[{"embeddable":true,"href":"https:\/\/www.ambrosia.eu\/de\/wp-json\/wp\/v2\/users\/3"}],"replies":[{"embeddable":true,"href":"https:\/\/www.ambrosia.eu\/de\/wp-json\/wp\/v2\/comments?post=4019"}],"version-history":[{"count":16,"href":"https:\/\/www.ambrosia.eu\/de\/wp-json\/wp\/v2\/pages\/4019\/revisions"}],"predecessor-version":[{"id":4187,"href":"https:\/\/www.ambrosia.eu\/de\/wp-json\/wp\/v2\/pages\/4019\/revisions\/4187"}],"wp:attachment":[{"href":"https:\/\/www.ambrosia.eu\/de\/wp-json\/wp\/v2\/media?parent=4019"}],"curies":[{"name":"wp","href":"https:\/\/api.w.org\/{rel}","templated":true}]}}