{"id":40,"date":"2016-03-22T11:49:02","date_gmt":"2016-03-22T10:49:02","guid":{"rendered":"https:\/\/www.ambrosia.eu\/?page_id=40"},"modified":"2024-02-09T12:45:41","modified_gmt":"2024-02-09T11:45:41","slug":"kontakt","status":"publish","type":"page","link":"https:\/\/www.ambrosia.eu\/de\/kontakt\/","title":{"rendered":"Kontakt"},"content":{"rendered":"<p>Wenn Sie sich f\u00fcr die Bestellung unseres qualitativ hochwertigen ambrosia\u00ae Bienenfutter interessieren, dann finden Sie den H\u00e4ndler in Ihrer N\u00e4he in der nachfolgenden \u00dcbersicht: <a href=\"https:\/\/www.ambrosia.eu\/wp-content\/uploads\/2024\/02\/240209_Liste-Groesshaendler__ambrosia-Bienenfutter.pdf\">Liste unserer Gro\u00dfh\u00e4ndler<\/a><\/p>\n<p>Bei Fragen rund um das Bienenfutter-Sortiment wenden Sie sich gerne an Herrn Michael Gerling.<\/p>\n<div class=\"row \"><div class=\"col-lg-5 col-md-5 col-xs-12 col-sm-5\"><\/p>\n<p><div role=\"form\" class=\"wpcf7\" id=\"wpcf7-f6-o1\" lang=\"de-DE\" dir=\"ltr\">\n<div class=\"screen-reader-response\"><p role=\"status\" aria-live=\"polite\" aria-atomic=\"true\"><\/p> <ul><\/ul><\/div>\n<form action=\"\/de\/wp-json\/wp\/v2\/pages\/40#wpcf7-f6-o1\" method=\"post\" class=\"wpcf7-form init\" novalidate=\"novalidate\" data-status=\"init\">\n<div style=\"display: none;\">\n<input type=\"hidden\" name=\"_wpcf7\" value=\"6\" \/>\n<input type=\"hidden\" name=\"_wpcf7_version\" value=\"5.6.1\" \/>\n<input type=\"hidden\" name=\"_wpcf7_locale\" value=\"de_DE\" \/>\n<input type=\"hidden\" name=\"_wpcf7_unit_tag\" value=\"wpcf7-f6-o1\" \/>\n<input type=\"hidden\" name=\"_wpcf7_container_post\" value=\"0\" \/>\n<input type=\"hidden\" name=\"_wpcf7_posted_data_hash\" value=\"\" \/>\n<\/div>\n<h2>Ihre Nachricht<\/h2>\n\n<div class=\"row\">\n<div class=\"col-xs-12 col-md-6\">\n*ANREDE\n<\/div>\n<div class=\"col-xs-12 col-md-6\">\n<div class=\"form-group wpcf7-form-control wpcf7-radio Anrede\"><div class=\"radio\"><label><input name=\"Anrede\" type=\"radio\" value=\"Frau\" checked aria-invalid=\"false\" aria-required=\"true\" required>Frau<\/label><\/div><div class=\"radio\"><label><input name=\"Anrede\" type=\"radio\" value=\"Herr\" aria-invalid=\"false\" aria-required=\"true\" required>Herr<\/label><\/div><\/div>\n\n<\/div>\n<\/div>\n\n<div class=\"row\">\n<div class=\"col-xs-12 col-md-6\">\n<div class=\"form-group Vorname\"><label class=\"\">Vorname <span class=\"required\">*<\/span><\/label><input class=\"wpcf7-form-control wpcf7-text wpcf7-validates-as-required form-control\" name=\"Vorname\" type=\"text\" value=\"\" placeholder=\"Vorname*\" aria-invalid=\"false\" aria-required=\"true\" required><\/div>\n<\/div>\n<div class=\"col-xs-12 col-md-6\">\n<div class=\"form-group Nachname\"><label class=\"\">Nachname <span class=\"required\">*<\/span><\/label><input class=\"wpcf7-form-control wpcf7-text wpcf7-validates-as-required form-control\" name=\"Nachname\" type=\"text\" value=\"\" placeholder=\"Nachname*\" aria-invalid=\"false\" aria-required=\"true\" required><\/div>\n\n<\/div>\n<\/div>\n<div class=\"form-group StrasseundHausnummer\"><label class=\"\">Stra\u00dfe und Hausnummer<\/label><input class=\"wpcf7-form-control wpcf7-text form-control\" name=\"StrasseundHausnummer\" type=\"text\" value=\"\" placeholder=\"Stra\u00dfe und Hausnummer\" aria-invalid=\"false\"><\/div>\n\n<div class=\"row\">\n<div class=\"col-xs-12 col-md-6\">\n<div class=\"form-group PLZ\"><label class=\"\">PLZ<\/label><input class=\"wpcf7-form-control wpcf7-text form-control\" name=\"PLZ\" type=\"text\" value=\"\" placeholder=\"PLZ\" aria-invalid=\"false\"><\/div>\n<\/div>\n<div class=\"col-xs-12 col-md-6\">\n<div class=\"form-group Ort\"><label class=\"\">Ort<\/label><input class=\"wpcf7-form-control wpcf7-text form-control\" name=\"Ort\" type=\"text\" value=\"\" placeholder=\"Ort\" aria-invalid=\"false\"><\/div>\n\n<\/div>\n<\/div>\n\n<div class=\"row\">\n<div class=\"col-xs-12 col-md-6\">\n<div class=\"form-group Firma\"><label class=\"\">Firma<\/label><input class=\"wpcf7-form-control wpcf7-text form-control\" name=\"Firma\" type=\"text\" value=\"\" placeholder=\"Firma\" aria-invalid=\"false\"><\/div>\n<\/div>\n<div class=\"col-xs-12 col-md-6\">\n<div class=\"form-group Land\"><label class=\"\">Land<\/label><select class=\"wpcf7-form-control wpcf7-select form-control\" name=\"Land\" aria-invalid=\"false\"><option value=\"\" selected>---<\/option><option value=\"Albanien\">Albanien<\/option><option value=\"Andorra\">Andorra<\/option><option value=\"Armenien\">Armenien<\/option><option value=\"\u00d6sterreich\">\u00d6sterreich<\/option><option value=\"Aserbaidschan\">Aserbaidschan<\/option><option value=\"Wei\u00dfrussland\">Wei\u00dfrussland<\/option><option value=\"Belgien\">Belgien<\/option><option value=\"Bosnien und Herzegowina\">Bosnien und Herzegowina<\/option><option value=\"Bulgarien\">Bulgarien<\/option><option value=\"Kroatien\">Kroatien<\/option><option value=\"Zypern\">Zypern<\/option><option value=\"Tschechien\">Tschechien<\/option><option value=\"D\u00e4nemark\">D\u00e4nemark<\/option><option value=\"Estland\">Estland<\/option><option value=\"Finnland\">Finnland<\/option><option value=\"Frankreich\">Frankreich<\/option><option value=\"Georgia\">Georgia<\/option><option value=\"Deutschland\">Deutschland<\/option><option value=\"Griechenland\">Griechenland<\/option><option value=\"Ungarn\">Ungarn<\/option><option value=\"Island\">Island<\/option><option value=\"Irland\">Irland<\/option><option value=\"Italien\">Italien<\/option><option value=\"Kasachstan\">Kasachstan<\/option><option value=\"Kosovo\">Kosovo<\/option><option value=\"Lettland\">Lettland<\/option><option value=\"Liechtenstein\">Liechtenstein<\/option><option value=\"Litauen\">Litauen<\/option><option value=\"Luxemburg\">Luxemburg<\/option><option value=\"Malta\">Malta<\/option><option value=\"Moldawien\">Moldawien<\/option><option value=\"Monaco\">Monaco<\/option><option value=\"Montenegro\">Montenegro<\/option><option value=\"Niederlande\">Niederlande<\/option><option value=\"Nordmazedonien\">Nordmazedonien<\/option><option value=\"Norwegen\">Norwegen<\/option><option value=\"Polen\">Polen<\/option><option value=\"Portugal\">Portugal<\/option><option value=\"Rum\u00e4nien\">Rum\u00e4nien<\/option><option value=\"Russland\">Russland<\/option><option value=\"San Marino\">San Marino<\/option><option value=\"Serbien\">Serbien<\/option><option value=\"Slowakei\">Slowakei<\/option><option value=\"Slowenien\">Slowenien<\/option><option value=\"Spanien\">Spanien<\/option><option value=\"Schweden\">Schweden<\/option><option value=\"Schweiz\">Schweiz<\/option><option value=\"Truthahn\">Truthahn<\/option><option value=\"Ukraine\">Ukraine<\/option><option value=\"Vereinigtes K\u00f6nigreich (UK)\">Vereinigtes K\u00f6nigreich (UK)<\/option><\/select><\/div>\n\n<\/div>\n<\/div>\n<p>\n\n<div class=\"row\">\n<div class=\"col-xs-12 col-md-6\">\n<div class=\"form-group Telefonnummer\"><label class=\"\">Telefonnummer<\/label><input class=\"wpcf7-form-control wpcf7-text wpcf7-tel wpcf7-validates-as-tel form-control\" name=\"Telefonnummer\" type=\"tel\" value=\"\" placeholder=\"Telefonnummer\" aria-invalid=\"false\"><\/div>\n<\/div>\n<div class=\"col-xs-12 col-md-6\">\n<div class=\"form-group Mobilnummer\"><label class=\"\">Mobilnummer<\/label><input class=\"wpcf7-form-control wpcf7-text wpcf7-tel wpcf7-validates-as-tel form-control\" name=\"Mobilnummer\" type=\"tel\" value=\"\" placeholder=\"Mobilnummer\" aria-invalid=\"false\"><\/div>\n\n<\/div>\n<\/div>\n<p>\n<div class=\"form-group Emailadresse\"><label class=\"\">Email Adresse <span class=\"required\">*<\/span><\/label><input class=\"wpcf7-form-control wpcf7-text wpcf7-email wpcf7-validates-as-required wpcf7-validates-as-email form-control\" name=\"Emailadresse\" type=\"email\" value=\"\" placeholder=\"Email Adresse*\" aria-invalid=\"false\" aria-required=\"true\" required><\/div>\n<\/p>\n<p>\nWeitere Informationen zur Verarbeitung Ihrer Daten finden Sie in der Datenschutzerkl\u00e4rung.<a href=\"\/de\/datenschutz\/\" target=\"_blank\" class=\"btn btn-default btn-xs\">Datenschutzbestimmungen anzeigen<\/a>\n\n<\/p>\n<p>\nPflichtfelder bitte ausf\u00fcllen*. Damit wir Ihre Anfrage besser beantworten k\u00f6nnen, ben\u00f6tigen wir Ihre vollst\u00e4ndige Adresse und Telefonnummer\n<\/p>\n<h3>Ihre Nachricht<\/h3>\n<p>\n<div class=\"form-group Betreff\"><label class=\"\">Betreff <span class=\"required\">*<\/span><\/label><input class=\"wpcf7-form-control wpcf7-text wpcf7-validates-as-required form-control\" name=\"Betreff\" type=\"text\" value=\"\" placeholder=\"Betreff*\" aria-invalid=\"false\" aria-required=\"true\" required><\/div>\n<\/p>\n<div class=\"form-group Nachricht\"><label class=\"\">Ihre Nachricht <span class=\"required\">*<\/span><\/label><textarea class=\"wpcf7-form-control wpcf7-textarea wpcf7-validates-as-required form-control\" name=\"Nachricht\" rows=\"4\" placeholder=\"Ihre Nachricht*\" aria-invalid=\"false\" aria-required=\"true\" required><\/textarea><\/div>\n\n\n<span id=\"wpcf7-69e1f317e94f9-wrapper\" class=\"wpcf7-form-control-wrap Website-wrap\" ><label for=\"wpcf7-69e1f317e94f9-field\" class=\"hp-message\">Bitte lasse dieses Feld leer.<\/label><input id=\"wpcf7-69e1f317e94f9-field\"  class=\"wpcf7-form-control wpcf7-text\" type=\"text\" name=\"Website\" value=\"\" size=\"40\" tabindex=\"-1\" autocomplete=\"new-password\" \/><\/span>\n<div class=\"form-group\"><div><input class=\"wpcf7-form-control wpcf7-submit btn btn-primary\" type=\"submit\" value=\"Absenden\"><\/div><\/div><div class=\"wpcf7-response-output alert alert-warning\"><\/div><\/form><\/div><\/p>\n<p><\/div><\/p>\n<p><div class=\"col-lg-1 col-md-1 col-xs-12 col-sm-1\"><\/div><\/p>\n<p><div class=\"col-lg-6 col-md-6 col-xs-12 col-sm-6\"><\/p>\n<p><img loading=\"lazy\" class=\"alignnone size-medium wp-image-3762\" src=\"https:\/\/www.ambrosia.eu\/wp-content\/uploads\/2022\/08\/220818_ambrosia_goering-225x300.jpg\" alt=\"\" width=\"225\" height=\"300\" srcset=\"https:\/\/www.ambrosia.eu\/wp-content\/uploads\/2022\/08\/220818_ambrosia_goering-225x300.jpg 225w, https:\/\/www.ambrosia.eu\/wp-content\/uploads\/2022\/08\/220818_ambrosia_goering-768x1024.jpg 768w, https:\/\/www.ambrosia.eu\/wp-content\/uploads\/2022\/08\/220818_ambrosia_goering-1152x1536.jpg 1152w, https:\/\/www.ambrosia.eu\/wp-content\/uploads\/2022\/08\/220818_ambrosia_goering-1536x2048.jpg 1536w, https:\/\/www.ambrosia.eu\/wp-content\/uploads\/2022\/08\/220818_ambrosia_goering.jpg 1772w\" sizes=\"(max-width: 225px) 100vw, 225px\" \/><\/p>\n<p>Michael Gerling<br \/>\nReg. Key Account Manager<\/p>\n<p><\/div>\n<\/div>\n","protected":false},"excerpt":{"rendered":"<p>Wenn Sie sich f\u00fcr die Bestellung unseres qualitativ hochwertigen ambrosia\u00ae Bienenfutter interessieren, dann finden Sie den H\u00e4ndler in Ihrer N\u00e4he in der nachfolgenden \u00dcbersicht: Liste unserer Gro\u00dfh\u00e4ndler Bei Fragen rund um das Bienenfutter-Sortiment wenden Sie sich gerne an Herrn Michael Gerling.<\/p>\n","protected":false},"author":3,"featured_media":0,"parent":0,"menu_order":0,"comment_status":"closed","ping_status":"closed","template":"","meta":[],"acf":[],"_links":{"self":[{"href":"https:\/\/www.ambrosia.eu\/de\/wp-json\/wp\/v2\/pages\/40"}],"collection":[{"href":"https:\/\/www.ambrosia.eu\/de\/wp-json\/wp\/v2\/pages"}],"about":[{"href":"https:\/\/www.ambrosia.eu\/de\/wp-json\/wp\/v2\/types\/page"}],"author":[{"embeddable":true,"href":"https:\/\/www.ambrosia.eu\/de\/wp-json\/wp\/v2\/users\/3"}],"replies":[{"embeddable":true,"href":"https:\/\/www.ambrosia.eu\/de\/wp-json\/wp\/v2\/comments?post=40"}],"version-history":[{"count":38,"href":"https:\/\/www.ambrosia.eu\/de\/wp-json\/wp\/v2\/pages\/40\/revisions"}],"predecessor-version":[{"id":4390,"href":"https:\/\/www.ambrosia.eu\/de\/wp-json\/wp\/v2\/pages\/40\/revisions\/4390"}],"wp:attachment":[{"href":"https:\/\/www.ambrosia.eu\/de\/wp-json\/wp\/v2\/media?parent=40"}],"curies":[{"name":"wp","href":"https:\/\/api.w.org\/{rel}","templated":true}]}}