{"id":26,"date":"2016-03-22T11:37:43","date_gmt":"2016-03-22T10:37:43","guid":{"rendered":"https:\/\/www.ambrosia.eu\/?page_id=26"},"modified":"2023-07-13T14:42:07","modified_gmt":"2023-07-13T12:42:07","slug":"das-beste-futter","status":"publish","type":"page","link":"https:\/\/www.ambrosia.eu\/de\/das-beste-futter\/","title":{"rendered":"Das beste Futter"},"content":{"rendered":"<div class=\"row \"><div class=\"col-lg-6 col-md-6 col-xs-12 col-sm-6\"><\/p>\n<p>Ambrosia\u00ae Sirup- und Teigprodukte sind zuckerbasierte Bienenfutter und werden seit \u00fcber 40 Jahren erfolgreich eingesetzt, zur Erg\u00e4nzung oder auch als Ersatz nat\u00fcrlicher Futterquellen, als Energiequelle zur sicheren \u00dcberwinterung sowie zur F\u00fctterung von Ablegern und zur K\u00f6niginnenzucht.<\/p>\n<h2>Gutes Bienenfutter &#8211; Die Merkmale<\/h2>\n<ul>\n<li>Optimale Rezeptur in standardisierter Qualit\u00e4t<\/li>\n<li>Energiearme Aufnahme und optimale Bek\u00f6mmlichkeit<\/li>\n<li>Maximale Ausnutzung des Futterwerts<\/li>\n<li>Gleichbleibende Qualit\u00e4t<\/li>\n<li>Lagerf\u00e4higkeit (langes Mindesthaltbarkeitsdatum, biologische Stabilit\u00e4t)<\/li>\n<li>Leichtes Handling (Lagerung, Dosierung, Gebrauchsfertigkeit)<\/li>\n<li>Geruchlosigkeit zum Schutz vor R\u00e4uberei<\/li>\n<\/ul>\n<p><\/div>\n<div class=\"col-lg-6 col-md-6 col-xs-12 col-sm-6\"><\/p>\n<p>Nektar, Bl\u00fctenpollen und Wasser sicherten den Bienen \u00fcber Millionen Jahre die Arterhaltung. Bedingt durch Umweltbeeintr\u00e4chtigungen, Fehleinsch\u00e4tzungen des Imkers, Einwirkungen von Krankheiten und Sch\u00e4dlingen bedarf es mehr denn je auch der regelm\u00e4\u00dfigen Futterkontrolle und der Versorgung mit optimalen Futterqualit\u00e4ten, wenn das nat\u00fcrliche Angebot nicht ausreichend ist.<\/p>\n<p>Bienen halten ist mehr als den Tieren eine Behausung zu stellen und Milben zu bek\u00e4mpfen. In Bezug auf die Futterqualit\u00e4t sind Bienen recht anspruchsvoll. Jegliche Einschr\u00e4nkung des Futters in Gestalt eines nicht optimalen Zuckerartenspektrums und unterbrochenem Futterstroms f\u00fchrt zu einer geminderten Vitalit\u00e4t der Bienen und macht sie anf\u00e4lliger gegen\u00fcber Krankheiten.<\/p>\n<p>Mit Bienenfutter von ambrosia\u00ae k\u00f6nnen Sie sicher sein, das Beste f\u00fcr die Ern\u00e4hrung Ihrer Bienen zu tun.<\/p>\n<p><a href=\"https:\/\/www.ambrosia.eu\/de\/kontakt\/\">Gerne beantworten wir Ihre Fragen und nennen Ihnen einen Fachh\u00e4ndler in Ihrer N\u00e4he<\/a><\/p>\n<p><a class=\"btn btn-primary btn-xs  \" href=\"https:\/\/www.ambrosia.eu\/de\/kontakt\/\"  rel=\"\"  target=\"_self\">Kontakt <i class=\"glyphicon glyphicon-menu-right\" ><\/i><\/a><\/p>\n<p>&nbsp;<\/p>\n<p>&nbsp;<\/p>\n<p><\/div>\n<\/div>\n","protected":false},"excerpt":{"rendered":"<p>Ambrosia\u00ae Sirup- und Teigprodukte sind zuckerbasierte Bienenfutter und werden seit \u00fcber 40 Jahren erfolgreich eingesetzt, zur Erg\u00e4nzung oder auch als Ersatz nat\u00fcrlicher Futterquellen, als Energiequelle zur sicheren \u00dcberwinterung sowie zur F\u00fctterung von Ablegern und zur K\u00f6niginnenzucht.<\/p>\n","protected":false},"author":3,"featured_media":3402,"parent":0,"menu_order":0,"comment_status":"closed","ping_status":"closed","template":"","meta":[],"acf":[],"_links":{"self":[{"href":"https:\/\/www.ambrosia.eu\/de\/wp-json\/wp\/v2\/pages\/26"}],"collection":[{"href":"https:\/\/www.ambrosia.eu\/de\/wp-json\/wp\/v2\/pages"}],"about":[{"href":"https:\/\/www.ambrosia.eu\/de\/wp-json\/wp\/v2\/types\/page"}],"author":[{"embeddable":true,"href":"https:\/\/www.ambrosia.eu\/de\/wp-json\/wp\/v2\/users\/3"}],"replies":[{"embeddable":true,"href":"https:\/\/www.ambrosia.eu\/de\/wp-json\/wp\/v2\/comments?post=26"}],"version-history":[{"count":18,"href":"https:\/\/www.ambrosia.eu\/de\/wp-json\/wp\/v2\/pages\/26\/revisions"}],"predecessor-version":[{"id":4188,"href":"https:\/\/www.ambrosia.eu\/de\/wp-json\/wp\/v2\/pages\/26\/revisions\/4188"}],"wp:featuredmedia":[{"embeddable":true,"href":"https:\/\/www.ambrosia.eu\/de\/wp-json\/wp\/v2\/media\/3402"}],"wp:attachment":[{"href":"https:\/\/www.ambrosia.eu\/de\/wp-json\/wp\/v2\/media?parent=26"}],"curies":[{"name":"wp","href":"https:\/\/api.w.org\/{rel}","templated":true}]}}