{"id":2,"date":"2016-03-22T09:55:32","date_gmt":"2016-03-22T08:55:32","guid":{"rendered":"https:\/\/www.ambrosia.eu\/?page_id=2"},"modified":"2026-04-17T14:11:12","modified_gmt":"2026-04-17T12:11:12","slug":"ambrosia-preiswerte-bienenfuetterung-mit-ueberzeugenden-vorteilen","status":"publish","type":"page","link":"https:\/\/www.ambrosia.eu\/de\/","title":{"rendered":"ambrosia \u2013 Preiswertes Bienenfutter mit \u00fcberzeugenden Vorteilen"},"content":{"rendered":"<h2>Kraftnahrung f\u00fcr Ihre flei\u00dfigsten Mitarbeiter:<\/h2>\n<p>Mit ambrosia\u00ae geben Sie Ihren Bienen Futter h\u00f6chster Reinheit und Bek\u00f6mmlichkeit. Denn ambrosia\u00ae Bienenfutter ist Fertignahrung auf Saccharose Basis, ma\u00dfgeschneidert auf die besonderen Anforderungen der Biene, orientiert an ihrer nat\u00fcrlichen Nahrung. Es ist m\u00fchelos aufzunehmen, gut bek\u00f6mmlich und maximal verwertbar. Die Rezeptur schont den Energiehaushalt der Biene. Futter von ambrosia\u00ae ist einfach in der Handhabung, gebrauchsfertig und in bedarfsgerechten Gebinden erh\u00e4ltlich. Die zertifizierte Produktion garantiert gleichbleibend hohe Produktqualit\u00e4t. Ambrosia\u00ae ist hygienisch und lange haltbar. Und in der Praxis bew\u00e4hrt seit \u00fcber 25 Jahren. M\u00f6chten Sie mit dem hochwertigen ambrosia\u00ae Bienenfutter in ihre flei\u00dfigsten Mitarbeiter investieren, finden Sie die Liste unserer Gro\u00dfh\u00e4ndler in dem folgenden PDF: <a href=\"https:\/\/www.ambrosia.eu\/wp-content\/uploads\/2026\/04\/April-26_Liste-Groshandler_ambrosia-Bienenfutter_-1.pdf\">Liste unserer Gro\u00dfh\u00e4ndler<\/a><\/p>\n<p><div class=\"row \"><div class=\"col-lg-6 col-md-6 col-xs-12 col-sm-6\"><\/p>\n<h3><a href=\"https:\/\/www.ambrosia.eu\/de\/ambrosia-bienenfuttersirup\/\">ambrosia\u00ae Bienenfutter-Sirup<\/a> <i class=\" glyphicon glyphicon-menu-right \" style=\" font-size:12px;\"><\/i><\/h3>\n<ul>\n<li>kommt aufgrund der Zuckerzusammensetzung der nat\u00fcrlichen Bienennahrung, dem Honig, am n\u00e4chsten<\/li>\n<li>garantiert m\u00fchelose Aufnahme durch die Bienen<\/li>\n<li>ideal zur fr\u00fchen und sp\u00e4ten Winter-Einf\u00fctterung<\/li>\n<\/ul>\n<p><\/div>\n<div class=\"col-lg-6 col-md-6 col-xs-12 col-sm-6\"><\/p>\n<h3><a href=\"https:\/\/www.ambrosia.eu\/de\/ambrosia-bienenfutterteig\/\">ambrosia\u00ae Bienenfutter-Teig<\/a> <i class=\" glyphicon glyphicon-menu-right \" style=\" font-size:12px;\"><\/i><\/h3>\n<ul>\n<li>Wegen der mikrofeinen Zuckerkristalle kann er von den Bienen besonders leicht aufgenommen werden<\/li>\n<li>Optimal geeignet zur Trachtl\u00fcckenf\u00fctterung<\/li>\n<li>Geeignet zur K\u00f6niginnenzucht in MWK und EWK<\/li>\n<\/ul>\n<p><\/div>\n<\/div><div class=\"row \"><div class=\"col-lg-6 col-md-6 col-xs-12 col-sm-6\"><\/p>\n<p>Ratgeber zum erfolgreichen Imkern hier downloaden:<br \/>\n<a href=\"https:\/\/www.ambrosia.eu\/wp-content\/uploads\/2025\/07\/280728_Ambrosia_Broschuere_2025dt.pdf\">ambrosia Broschuere<\/a><\/p>\n<p><\/div>\n<div class=\"col-lg-6 col-md-6 col-xs-12 col-sm-6\"><\/p>\n<p><a href=\"https:\/\/www.ambrosia.eu\/de\/kontakt\/\">Gerne beantworten wir Ihre Fragen und nennen Ihnen einen Fachh\u00e4ndler in Ihrer N\u00e4he<\/a><\/p>\n<a class=\"btn btn-primary btn-xs  \" href=\"https:\/\/www.ambrosia.eu\/de\/kontakt\/\"  rel=\"\"  target=\"_self\">Kontakt <i class=\"glyphicon glyphicon-menu-right\" ><\/i><\/a>\n<p><\/div>\n<\/div><\/p>\n","protected":false},"excerpt":{"rendered":"<p>Kraftnahrung f\u00fcr Ihre flei\u00dfigsten Mitarbeiter: Mit ambrosia\u00ae geben Sie Ihren Bienen Futter h\u00f6chster Reinheit und Bek\u00f6mmlichkeit. Denn ambrosia\u00ae Bienenfutter ist Fertignahrung auf Saccharose Basis, ma\u00dfgeschneidert auf die besonderen Anforderungen der Biene, orientiert an ihrer nat\u00fcrlichen Nahrung. Es ist m\u00fchelos aufzunehmen, gut bek\u00f6mmlich und maximal verwertbar. Die Rezeptur schont den Energiehaushalt der Biene. Futter von ambrosia\u00ae ist einfach in der Handhabung, gebrauchsfertig und in bedarfsgerechten Gebinden erh\u00e4ltlich. Die zertifizierte Produktion garantiert gleichbleibend hohe Produktqualit\u00e4t. Ambrosia\u00ae ist hygienisch und lange haltbar. Und in der Praxis bew\u00e4hrt seit \u00fcber 25 Jahren. M\u00f6chten Sie mit dem hochwertigen ambrosia\u00ae Bienenfutter in ihre flei\u00dfigsten Mitarbeiter investieren, finden Sie die Liste unserer Gro\u00dfh\u00e4ndler in dem folgenden PDF: Liste unserer Gro\u00dfh\u00e4ndler<\/p>\n","protected":false},"author":3,"featured_media":0,"parent":0,"menu_order":0,"comment_status":"closed","ping_status":"open","template":"","meta":[],"acf":[],"_links":{"self":[{"href":"https:\/\/www.ambrosia.eu\/de\/wp-json\/wp\/v2\/pages\/2"}],"collection":[{"href":"https:\/\/www.ambrosia.eu\/de\/wp-json\/wp\/v2\/pages"}],"about":[{"href":"https:\/\/www.ambrosia.eu\/de\/wp-json\/wp\/v2\/types\/page"}],"author":[{"embeddable":true,"href":"https:\/\/www.ambrosia.eu\/de\/wp-json\/wp\/v2\/users\/3"}],"replies":[{"embeddable":true,"href":"https:\/\/www.ambrosia.eu\/de\/wp-json\/wp\/v2\/comments?post=2"}],"version-history":[{"count":51,"href":"https:\/\/www.ambrosia.eu\/de\/wp-json\/wp\/v2\/pages\/2\/revisions"}],"predecessor-version":[{"id":5285,"href":"https:\/\/www.ambrosia.eu\/de\/wp-json\/wp\/v2\/pages\/2\/revisions\/5285"}],"wp:attachment":[{"href":"https:\/\/www.ambrosia.eu\/de\/wp-json\/wp\/v2\/media?parent=2"}],"curies":[{"name":"wp","href":"https:\/\/api.w.org\/{rel}","templated":true}]}}