{"id":1097,"date":"2017-05-16T21:07:47","date_gmt":"2017-05-16T19:07:47","guid":{"rendered":"https:\/\/www.ambrosia.eu\/?page_id=1097\/"},"modified":"2017-05-16T21:16:39","modified_gmt":"2017-05-16T19:16:39","slug":"betingelser","status":"publish","type":"page","link":"https:\/\/www.ambrosia.eu\/da\/betingelser\/","title":{"rendered":"Betingelser"},"content":{"rendered":"<p>Generelle brugerbetingelser1. Anvendelsesomr\u00e5de<br \/>\n1.1 Brug af disse websider, der er stillet til r\u00e5dighed af Nordzucker AG (efterf\u00f8lgende betegnet \u201dwebsitet\u201d), er udelukkende tilladt i overensstemmelse med disse betingelser. Disse generelle brugerbetingelser kan i enkelte tilf\u00e6lde suppleres med yderligere betingelser, modificeres eller erstattes, f.eks. i forbindelse med k\u00f8b af produkter og\/eller tjenesteydelser. Ved login eller \u2013 hvis et separat login ikke er n\u00f8dvendigt \u2013 p\u00e5begyndelse af brug accepterer brugeren gyldigheden af disse brugerbetingelser i deres aktuelle version.<\/p>\n<p>1.2. Hvis brugeren ved anvendelsen af websitet agerer som eller p\u00e5 vegne af en virksomhed, dvs. under ud\u00f8velse af et erhvervsm\u00e6ssigt eller selvst\u00e6ndigt erhverv, eller et offentligt organ, finder \u00a7 312e afsnit 1 punkt 1 nr. 1 \u2013 3 BGB (tysk privatret) ingen anvendelse.<\/p>\n<p>2. Ydelser<br \/>\n2.1 P\u00e5 websitet stiller Nordzucker bestemte informationer og software samt evt. dokumentation til r\u00e5dighed til \u00e5bning eller download foruden muligheder for kommunikation.<\/p>\n<p>2.2 Nordzucker har ret til p\u00e5 et hvilket som helst tidspunkt at indstille websites drift helt eller delvist. P\u00e5 grund af internettet og computersystemers beskaffenhed yder Nordzucker ingen garanti for websitets uafbrudte tilg\u00e6ngelighed.<\/p>\n<p>3. Registrering\/password<br \/>\n3.1\u00a0 Nogle af websitets sider kan v\u00e6re beskyttet af password. Adgangen til disse sider er af hensyn til forretningsforbindelser kun mulig for registrerede brugere. En registrering er mulig i forbindelse med den enkelte anvendelse. Der kan over for Nordzucker ikke g\u00f8res krav g\u00e6ldende om registrering, og disse websites st\u00e5r kun til r\u00e5dighed for bestemte brugere. Nordzucker forbeholder sig s\u00e6rligt ret til ogs\u00e5 at indf\u00f8re registreringspligt p\u00e5 websider, der hidtil har v\u00e6ret frit tilg\u00e6ngelige. Nordzucker har altid ret til at fortryde adgangstilladelser ved at sp\u00e6rre adgangsoplysninger, uden at der i den forbindelse skal oplyses en grund, is\u00e6r hvis brugeren ved registreringen har opgivet forkerte oplysninger, har overtr\u00e5dt disse betingelser eller sine forpligtelser vedr\u00f8rende h\u00e5ndteringen af adgangsoplysninger, har overtr\u00e5dt g\u00e6ldende ret (evt. s\u00e6rlige aftaler ved registreringen) ved adgangen til eller brugen af websitet eller ikke har benyttet websitet over en l\u00e6ngere periode.<br \/>\n3.2 Hvor en registrering er p\u00e5lagt, er brugeren forpligtet til at opgive korrekte oplysninger ved registreringen samt at informere Nordzucker straks, hvis forholdene evt. \u00e6ndrer sig (online, hvis dette er muligt). Brugeren skal s\u00f8rge for, at e-mails til den e-mailadresse, vedkommende har oplyst, tilg\u00e5r ham eller hende.<\/p>\n<p>3.3 N\u00e5r registreringen er gennemf\u00f8rt, modtager brugeren et brugernavn og et password. Brugeroplysningerne giver brugeren mulighed for at se egne data, \u00e6ndre dem samt fortryde eller udvide eventuelt afgivne accepter i dataaftalen.<\/p>\n<p>3.4 Brugeren sikrer, at brugeroplysningerne ikke g\u00f8res tilg\u00e6ngelige for tredjepart, og han eller hun h\u00e6fter for alle bestillinger og \u00f8vrige aktiviteter, der foretages under brugeroplysningerne. Efter enhver brug skal omr\u00e5det, der er beskyttet af password, forlades. Hvis brugeren bliver opm\u00e6rksom p\u00e5, at tredjepart misbruger brugeroplysningerne, er han eller hun forpligtet til omg\u00e5ende at orientere Nordzucker pr. e-mail, for s\u00e5 vidt muligt allerede p\u00e5 forh\u00e5nd.<\/p>\n<p>3.5 N\u00e5r meddelelsen jf. afsnit 3.4 er modtaget, vil Nordzucker sp\u00e6rre adgangen til det password-beskyttede omr\u00e5de med disse brugeroplysninger. Det er f\u00f8rst muligt at oph\u00e6ve sp\u00e6rringen, n\u00e5r brugeren har anmodet om dette over for Nordzucker eller efter en ny registrering.<\/p>\n<p>3.6 Brugeren kan til enhver tid skriftligt forlange sin registrering slettet, s\u00e5fremt sletningen ikke er i modstrid med et igangv\u00e6rende kontraktforhold. Nordzucker vil i det tilf\u00e6lde slette alle brugeroplysninger og \u00f8vrige gemte personoplysninger fra brugeren, s\u00e5 snart disse ikke beh\u00f8ves mere.<\/p>\n<p>4. Brugsret til informationer, software og dokumentationer<br \/>\n4.1 Brugen af de informationer, software og dokumentationer, der er stillet til r\u00e5dighed p\u00e5 websitet, er underlagt disse betingelser eller, ved opdateringer af informationer, software eller dokumentationer, de g\u00e6ldende licensbetingelser, der tidligere er aftalt med Nordzucker. Separat aftalte licensbetingelser g\u00e5r forud for disse generelle betingelser.<\/p>\n<p>4.2 Nordzucker indr\u00f8mmer brugeren en ikke-eksklusiv og ikke overf\u00f8rbar ret til at benytte informationer, software og dokumentationer, der er overdraget p\u00e5 hjemmesiden, i det omfang, det er aftalt, eller, hvis det ikke er aftalt udtrykkeligt, i det omfang, der svarer til det form\u00e5l, som Nordzucker forf\u00f8lger med leveringen og overdragelsen.<\/p>\n<p>4.3 Software overdrages gratis i en maskinelt l\u00e6sbar form. Der kan ikke g\u00f8res krav g\u00e6ldende om udlevering af kildekoden. Undtaget er kildekoder fra open-source-software, hvis licensbestemmelser, der har forrang over disse betingelser ved videregivelsen af open-source-software, foreskriver, at kildekoden udleveres. I s\u00e5 fald vil Nordzucker stille kildekoden til r\u00e5dighed mod beregning.<\/p>\n<p>4.4 Hverken informationer, software eller dokumentationer m\u00e5 brugeren p\u00e5 noget tidspunkt s\u00e6lge, udleje eller p\u00e5 anden m\u00e5de overdrage til tredjepart. For s\u00e5 vidt som tvingende retlige forskrifter ikke giver tilladelse dertil, m\u00e5 brugeren hverken \u00e6ndre, bagud-udvikle eller overs\u00e6tte softwaren eller dokumentationen til denne og ej heller udtage dele heraf. Brugeren m\u00e5 gerne oprette en sikkerhedskopi af softwaren, hvis denne kopi er n\u00f8dvendig for at sikre fremtidig brug p\u00e5 grundlag af disse brugerbetingelser.<\/p>\n<p>4.5 Informationerne,\u00a0 softwaren og dokumentationerne er beskyttet b\u00e5de af loven om ophavsret og de internationale ophavsretlige aftaler samt af andre love og aftaler om intellektuel ejendom.\u00a0 Brugeren skal f\u00f8lge disse rettigheder, is\u00e6r alfanumeriske m\u00e6rkninger, m\u00e6rkevare- og ophavsretlige p\u00e5tegnelser og m\u00e5 ikke fjerne disse hverken fra informationerne, softwaren eller dokumentationen.<\/p>\n<p>4.6 Ophavsretten jf. \u00a7\u00a7 69a ff. UrhG forbliver i \u00f8vrigt uber\u00f8rt.<\/p>\n<p>5. Intellektuel ejendomsret<br \/>\n5.1 Uagtet de s\u00e6rlige bestemmelser i afsnit 4 i disse brugerbetingelser m\u00e5 informationer, m\u00e6rkenavne og \u00f8vrigt indhold fra websitet hverken \u00e6ndres, kopieres, mangfoldigg\u00f8res, s\u00e6lges, benyttes, suppleres eller p\u00e5 anden m\u00e5de udnyttes uden forh\u00e5ndsgodkendelse fra Nordzucker.<\/p>\n<p>5.2 Ud over de brugerrettigheder eller andre rettigheder, der er udtrykkeligt n\u00e6vnt her, har brugeren ingen rettigheder i \u00f8vrigt, uanset type, herunder rettigheder til firmanavne og til erhvervsm\u00e6ssige ejendomsrettigheder s\u00e5som patenter, brugsmodeller eller varem\u00e6rker, og Nordzucker p\u00e5tager sig heller ikke tilsvarende pligter.<\/p>\n<p>6. Brugerens forpligtelser<br \/>\n6.1 Ved brugen af websitet m\u00e5 brugeren ikke:<\/p>\n<p>P\u00e5f\u00f8re personer skader, is\u00e6r ikke mindre\u00e5rige, og ej heller kr\u00e6nke deres personlige rettigheder;<br \/>\nkr\u00e6nke almindelig s\u00e6delighed med sin brugeradf\u00e6rd;<br \/>\novertr\u00e6de erhvervsm\u00e6ssig ejendomsret og ophavsret eller ejendomsret i \u00f8vrigt;<br \/>\nformidle indhold med vira, f.eks. trojanske heste eller andre programmeringer, der kan beskadige softwaren;<br \/>\nindgive, gemme eller sende hyperlinks eller indhold, han eller hun ikke er bef\u00f8jet til, is\u00e6r hvis disse hyperlinks eller dette indhold overtr\u00e6der fortrolighedsforpligtelser eller er retsstridige; eller<br \/>\nudsende reklame eller uopfordrede e-mails (s\u00e5kaldt \u201dspam\u201d) eller ukorrekte advarsler mod vira, fejlfunktioner og lignende eller opfordre til deltagelse i konkurrencer, pyramidesalg, k\u00e6debreve og lignende kampagner.<br \/>\n6.2 Nordzucker er berettiget til altid at sp\u00e6rre adgangen til websitet, is\u00e6r hvis brugeren overtr\u00e6der sine forpligtelser jf. disse betingelser.<\/p>\n<p>7. Hyperlinks<br \/>\nWebsitet kan indeholde hyperlinks til tredjeparts-websites. Nordzucker p\u00e5tager sig intet ansvar for indholdet p\u00e5 disse websites og g\u00f8r ikke dette indhold til sit eget, eftersom Nordzucker ikke kontrollerer dette indhold og ikke er ansvarlig for indholdet eller informationerne. Brugen af disse sker p\u00e5 brugerens eget ansvar, i s\u00e6rdeleshed i henhold til de brugerbetingelser, der er beskrevet de p\u00e5g\u00e6ldende steder.<\/p>\n<p>8. Erstatningsansvar for retsmangler og materielle mangler<br \/>\n8.1 I det omfang informationer, software eller dokumentationer overdrages gratis, udelukkes et erstatningsansvar for materielle mangler og retsmangler ved informationerne, softwaren og dokumentationerne, herunder i s\u00e6rdeleshed for deres rigtighed, fejlfrihed, frav\u00e6r af tredjeparts ejendoms- og ophavsret, fuldst\u00e6ndighed og\/eller anvendelighed \u2013 bortset fra tilf\u00e6lde af fors\u00e6t og\/eller svigagtighed.<\/p>\n<p>8.2 Informationerne p\u00e5 websitet kan indeholde specifikationer eller generelle beskrivelser af tekniske muligheder til produkter, som i det konkrete tilf\u00e6lde muligvis ikke er tilg\u00e6ngelige (f.eks. p\u00e5 grund af produkt\u00e6ndringer). De \u00f8nskede specifikationer ved produkterne skal derfor aftales i det enkelte tilf\u00e6lde ved k\u00f8bet.<\/p>\n<p>9. Ansvar i \u00f8vrigt\/ vira<br \/>\n9.1 Nordzuckers erstatningsansvar for materielle mangler og retsmangler relaterer sig til bestemmelserne i afsnit 8 i disse brugerbetingelser. Ethvert erstatningsansvar i \u00f8vrigt for Nordzucker er udelukket, for s\u00e5 vidt som der ikke, f.eks. i henhold til produktansvarsloven, h\u00e6ftes som f\u00f8lge af fors\u00e6tlighed, grov uagtsomhed, skader p\u00e5 liv og lemmer, overtagelse af en kvalitetsgaranti, svigagtig fortielse om en mangel eller overtr\u00e6delse af v\u00e6sentlige kontraktlige forpligtelser. Erstatningen p\u00e5 grund af overtr\u00e6delsen af v\u00e6sentlige kontraktlige forpligtelser er dog her begr\u00e6nset til de forudsigelige skader, der er typiske for kontrakten. Nordzucker h\u00e6fter ikke for excesskader.<\/p>\n<p>9.2 Nordzucker kan ikke garantere frav\u00e6r af vira, men g\u00f8r alt for at holde websitet fri for vira. Inden downlad af informationer, software og dokumentationer skal brugeren s\u00f8rge for en passende sikkerhedsforanstaltning og virusscanning for at beskytte sin egen sikkerhed og forhindre virus p\u00e5 websitet.<\/p>\n<p>9.3 Ovenst\u00e5ende reguleringer i afsnit 9.1 og 9.2. er ikke forbundet med en \u00e6ndring af bevisbyrden til brugerens ulempe.<\/p>\n<p>10. Databeskyttelse<br \/>\nVed indsamlingen, brugen og bearbejdningen af personoplysninger om brugeren af websitet overholder Nordzucker de g\u00e6ldende bestemmelser vedr\u00f8rende databeskyttelse samt Nordzuckers Privacy Policy, der kan ses p\u00e5 www.das-bienefutter.de\/datenschutz.html.<\/p>\n<p>11. Biaftaler, v\u00e6rneting, g\u00e6ldende lov<br \/>\n11.1 Suppleringer eller \u00e6ndringer til disse betingelser skal aftales skriftligt.<\/p>\n<p>11.2 V\u00e6rneting er Braunschweig, n\u00e5r brugeren er forretningsmand i henhold til den tyske handelsret. For andre brugere g\u00e6lder bestemmelserne i \u00a7\u00a7 12 ff. ZPO (tysk civilproceslov).<\/p>\n<p>11.3 Vi er ikke villige eller forpligtet til at deltage i en tvistbil\u00e6ggelsesprocs ved et forbruger- tvistbil\u00e6ggelsesorgan.<\/p>\n<p>11.4 Tysk ret er g\u00e6ldende, med udelukkelse af CISG-k\u00f8bsloven.<\/p>\n","protected":false},"excerpt":{"rendered":"<p>Generelle brugerbetingelser1. Anvendelsesomr\u00e5de 1.1 Brug af disse websider, der er stillet til r\u00e5dighed af Nordzucker AG (efterf\u00f8lgende betegnet \u201dwebsitet\u201d), er udelukkende tilladt i overensstemmelse med disse betingelser. Disse generelle brugerbetingelser kan i enkelte tilf\u00e6lde suppleres med yderligere betingelser, modificeres eller erstattes, f.eks. i forbindelse med k\u00f8b af produkter og\/eller tjenesteydelser. Ved login eller \u2013 hvis et separat login ikke er n\u00f8dvendigt \u2013 p\u00e5begyndelse af brug accepterer brugeren gyldigheden af disse brugerbetingelser i deres aktuelle version. 1.2. Hvis brugeren ved anvendelsen af websitet agerer som eller p\u00e5 vegne af en virksomhed, dvs. under ud\u00f8velse af et erhvervsm\u00e6ssigt eller selvst\u00e6ndigt erhverv, eller et offentligt organ, finder \u00a7 312e afsnit 1 punkt 1 nr. 1 \u2013 3 BGB (tysk privatret) ingen anvendelse. 2. Ydelser 2.1 P\u00e5 websitet stiller Nordzucker bestemte informationer og software samt evt. dokumentation til r\u00e5dighed til \u00e5bning eller download foruden muligheder for kommunikation. 2.2 Nordzucker har ret til p\u00e5 et hvilket som helst tidspunkt at indstille websites drift helt eller delvist. P\u00e5 grund af internettet og computersystemers beskaffenhed yder Nordzucker ingen garanti for websitets uafbrudte tilg\u00e6ngelighed. 3. Registrering\/password 3.1\u00a0 Nogle af websitets sider kan v\u00e6re beskyttet af password. Adgangen til disse sider er af hensyn til forretningsforbindelser kun mulig for registrerede brugere. En registrering er mulig i forbindelse med den enkelte anvendelse. Der kan over for Nordzucker ikke g\u00f8res krav g\u00e6ldende om registrering, og disse websites st\u00e5r kun til r\u00e5dighed for bestemte brugere. Nordzucker forbeholder sig s\u00e6rligt ret til ogs\u00e5 at indf\u00f8re registreringspligt p\u00e5 websider, der hidtil har v\u00e6ret frit tilg\u00e6ngelige. Nordzucker har altid ret til at fortryde adgangstilladelser ved at sp\u00e6rre adgangsoplysninger, uden at der i den forbindelse skal oplyses en grund, is\u00e6r hvis brugeren ved registreringen har opgivet forkerte oplysninger, har overtr\u00e5dt disse betingelser eller sine forpligtelser vedr\u00f8rende h\u00e5ndteringen af adgangsoplysninger, har overtr\u00e5dt g\u00e6ldende ret (evt. s\u00e6rlige aftaler ved registreringen) ved adgangen til eller brugen af websitet eller ikke har benyttet websitet over en l\u00e6ngere periode. 3.2 Hvor en registrering er p\u00e5lagt, er brugeren forpligtet til at opgive korrekte oplysninger ved registreringen samt at informere Nordzucker straks, hvis forholdene evt. \u00e6ndrer sig (online, hvis dette er muligt). Brugeren skal s\u00f8rge for, at e-mails til den e-mailadresse, vedkommende har oplyst, tilg\u00e5r ham eller hende. 3.3 N\u00e5r registreringen er gennemf\u00f8rt, modtager brugeren et brugernavn og et password. Brugeroplysningerne giver brugeren mulighed for at se egne data, \u00e6ndre dem samt fortryde eller udvide eventuelt afgivne accepter i dataaftalen. 3.4 Brugeren sikrer, at brugeroplysningerne ikke g\u00f8res tilg\u00e6ngelige for tredjepart, og han eller hun h\u00e6fter for alle bestillinger og \u00f8vrige aktiviteter, der foretages under brugeroplysningerne. Efter enhver brug skal omr\u00e5det, der er beskyttet af password, forlades. Hvis brugeren bliver opm\u00e6rksom p\u00e5, at tredjepart misbruger brugeroplysningerne, er han eller hun forpligtet til omg\u00e5ende at orientere Nordzucker pr. e-mail, for s\u00e5 vidt muligt allerede p\u00e5 forh\u00e5nd. 3.5 N\u00e5r meddelelsen jf. afsnit 3.4 er modtaget, vil Nordzucker sp\u00e6rre adgangen til det password-beskyttede omr\u00e5de med disse brugeroplysninger. Det er f\u00f8rst muligt at oph\u00e6ve sp\u00e6rringen, n\u00e5r brugeren har anmodet om dette over for Nordzucker eller efter en ny registrering. 3.6 Brugeren kan til enhver tid skriftligt forlange sin registrering slettet, s\u00e5fremt sletningen ikke er i modstrid med et igangv\u00e6rende kontraktforhold. Nordzucker vil i det tilf\u00e6lde slette alle brugeroplysninger og \u00f8vrige gemte personoplysninger fra brugeren, s\u00e5 snart disse ikke beh\u00f8ves mere. 4. Brugsret til informationer, software og dokumentationer 4.1 Brugen af de informationer, software og dokumentationer, der er stillet til r\u00e5dighed p\u00e5 websitet, er underlagt disse betingelser eller, ved opdateringer af informationer, software eller dokumentationer, de g\u00e6ldende licensbetingelser, der tidligere er aftalt med Nordzucker. Separat aftalte licensbetingelser g\u00e5r forud for disse generelle betingelser. 4.2 Nordzucker indr\u00f8mmer brugeren en ikke-eksklusiv og ikke overf\u00f8rbar ret til at benytte informationer, software og dokumentationer, der er overdraget p\u00e5 hjemmesiden, i det omfang, det er aftalt, eller, hvis det ikke er aftalt udtrykkeligt, i det omfang, der svarer til det form\u00e5l, som Nordzucker forf\u00f8lger med leveringen og overdragelsen. 4.3 Software overdrages gratis i en maskinelt l\u00e6sbar form. Der kan ikke g\u00f8res krav g\u00e6ldende om udlevering af kildekoden. Undtaget er kildekoder fra open-source-software, hvis licensbestemmelser, der har forrang over disse betingelser ved videregivelsen af open-source-software, foreskriver, at kildekoden udleveres. I s\u00e5 fald vil Nordzucker stille kildekoden til r\u00e5dighed mod beregning. 4.4 Hverken informationer, software eller dokumentationer m\u00e5 brugeren p\u00e5 noget tidspunkt s\u00e6lge, udleje eller p\u00e5 anden m\u00e5de overdrage til tredjepart. For s\u00e5 vidt som tvingende retlige forskrifter ikke giver tilladelse dertil, m\u00e5 brugeren hverken \u00e6ndre, bagud-udvikle eller overs\u00e6tte softwaren eller dokumentationen til denne og ej heller udtage dele heraf. Brugeren m\u00e5 gerne oprette en sikkerhedskopi af softwaren, hvis denne kopi er n\u00f8dvendig for at sikre fremtidig brug p\u00e5 grundlag af disse brugerbetingelser. 4.5 Informationerne,\u00a0 softwaren og dokumentationerne er beskyttet b\u00e5de af loven om ophavsret og de internationale ophavsretlige aftaler samt af andre love og aftaler om intellektuel ejendom.\u00a0 Brugeren skal f\u00f8lge disse rettigheder, is\u00e6r alfanumeriske m\u00e6rkninger, m\u00e6rkevare- og ophavsretlige p\u00e5tegnelser og m\u00e5 ikke fjerne disse hverken fra informationerne, softwaren eller dokumentationen. 4.6 Ophavsretten jf. \u00a7\u00a7 69a ff. UrhG forbliver i \u00f8vrigt uber\u00f8rt. 5. Intellektuel ejendomsret 5.1 Uagtet de s\u00e6rlige bestemmelser i afsnit 4 i disse brugerbetingelser m\u00e5 informationer, m\u00e6rkenavne og \u00f8vrigt indhold fra websitet hverken \u00e6ndres, kopieres, mangfoldigg\u00f8res, s\u00e6lges, benyttes, suppleres eller p\u00e5 anden m\u00e5de udnyttes uden forh\u00e5ndsgodkendelse fra Nordzucker. 5.2 Ud over de brugerrettigheder eller andre rettigheder, der er udtrykkeligt n\u00e6vnt her, har brugeren ingen rettigheder i \u00f8vrigt, uanset type, herunder rettigheder til firmanavne og til erhvervsm\u00e6ssige ejendomsrettigheder s\u00e5som patenter, brugsmodeller eller varem\u00e6rker, og Nordzucker p\u00e5tager sig heller ikke tilsvarende pligter. 6. Brugerens forpligtelser 6.1 Ved brugen af websitet m\u00e5 brugeren ikke: P\u00e5f\u00f8re personer skader, is\u00e6r ikke mindre\u00e5rige, og ej heller kr\u00e6nke deres personlige rettigheder; kr\u00e6nke almindelig s\u00e6delighed med sin brugeradf\u00e6rd; overtr\u00e6de erhvervsm\u00e6ssig ejendomsret og ophavsret eller ejendomsret i \u00f8vrigt; formidle indhold med vira, f.eks. trojanske heste eller andre programmeringer, der kan beskadige softwaren; indgive, gemme eller sende hyperlinks eller indhold, han eller hun ikke er bef\u00f8jet til, is\u00e6r hvis disse hyperlinks eller dette indhold overtr\u00e6der fortrolighedsforpligtelser eller er retsstridige; eller udsende reklame eller uopfordrede e-mails (s\u00e5kaldt \u201dspam\u201d) eller ukorrekte advarsler mod vira, [&hellip;]<\/p>\n","protected":false},"author":3,"featured_media":0,"parent":0,"menu_order":0,"comment_status":"closed","ping_status":"closed","template":"","meta":[],"acf":[],"_links":{"self":[{"href":"https:\/\/www.ambrosia.eu\/da\/wp-json\/wp\/v2\/pages\/1097"}],"collection":[{"href":"https:\/\/www.ambrosia.eu\/da\/wp-json\/wp\/v2\/pages"}],"about":[{"href":"https:\/\/www.ambrosia.eu\/da\/wp-json\/wp\/v2\/types\/page"}],"author":[{"embeddable":true,"href":"https:\/\/www.ambrosia.eu\/da\/wp-json\/wp\/v2\/users\/3"}],"replies":[{"embeddable":true,"href":"https:\/\/www.ambrosia.eu\/da\/wp-json\/wp\/v2\/comments?post=1097"}],"version-history":[{"count":2,"href":"https:\/\/www.ambrosia.eu\/da\/wp-json\/wp\/v2\/pages\/1097\/revisions"}],"predecessor-version":[{"id":1099,"href":"https:\/\/www.ambrosia.eu\/da\/wp-json\/wp\/v2\/pages\/1097\/revisions\/1099"}],"wp:attachment":[{"href":"https:\/\/www.ambrosia.eu\/da\/wp-json\/wp\/v2\/media?parent=1097"}],"curies":[{"name":"wp","href":"https:\/\/api.w.org\/{rel}","templated":true}]}}