{"id":1059,"date":"2017-05-16T18:36:44","date_gmt":"2017-05-16T16:36:44","guid":{"rendered":"https:\/\/www.ambrosia.eu\/?page_id=1059\/"},"modified":"2017-07-26T15:43:32","modified_gmt":"2017-07-26T13:43:32","slug":"hvorfor-give-foder","status":"publish","type":"page","link":"https:\/\/www.ambrosia.eu\/da\/hvorfor-give-foder\/","title":{"rendered":"Hvorfor give foder?"},"content":{"rendered":"<div class=\"row \"><div class=\"col-lg-6 col-md-6 col-xs-12 col-sm-6\"><\/p>\n<p>Sult sv\u00e6kker bifamilierne, hvorimod et righoldigt foderudbud, der er optimalt tilpasset biernes behov, styrker og sikrer en vital bifamilie.<br \/>\nEn bifamilie m\u00e5 aldrig uds\u00e6ttes for mangel p\u00e5 foder. Hvis forr\u00e5dene i bifamilien n\u00e6rmer sig 5-kg-gr\u00e6nsen (to fulde DN- eller Zander-rammer), og foderstr\u00f8mmen udt\u00f8rres udefra, begynder fodringen allerede at blive for lille. Allerede inden den sidste foderrest g\u00e5r bifamilien i n\u00f8ddrift:<\/p>\n<p>Konsekvenserne er reduktion af ynglen, hygiejnen og indsamlingen af pollen foruden yngelkannibalisme. Bifamilien fors\u00f8ger at overleve ved hj\u00e6lp af r\u00f8veri. Hvis forr\u00e5dene er brugt helt op, sidder bierne rystende eller ubev\u00e6gelige p\u00e5 tavlerne. Herefter begynder de f\u00f8rste at d\u00f8, og efter f\u00e5 timer er familien helt d\u00f8d. Et typisk udtryk for sult:<\/p>\n<ul>\n<li>Bier, der stikker hovedet i cellerne<\/li>\n<li>Bundbr\u00e6ttet overs\u00e5et med tusindvis af d\u00f8de artsf\u00e6ller<\/li>\n<\/ul>\n<p>Det er biavlerens vigtigste opgave at opdage og reagere p\u00e5 underforsyning i tide.<\/p>\n<p><\/div>\n<div class=\"col-lg-6 col-md-6 col-xs-12 col-sm-6\"><\/p>\n<h2>Vurdering af foderforr\u00e5d efter den s\u00e5kaldte Liebefelder-metode<\/h2>\n<p>N\u00e5r man skal bestemme foderforr\u00e5det, inddeler man en tom ramme i otte ens kvadrater ved hj\u00e6lp af elastikker. Hvis man holder konstruktionen op mod den tavle, der skal testes, f\u00e5r man f\u00f8lgende resultater:<\/p>\n<p>En ottendedel af en tild\u00e6kket fodertavleside indeholder<\/p>\n<p><div class=\"table-responsive\"><table width=\"100%\" class=\"table \" style=\"table-striped\">\n<thead><tr>\n<th>Rammetype <\/th>\n<th>Foder<\/th>\n<\/tr><\/thead>\n<tbody>\n<tr>\n<td>DN <\/td>\n<td>111 g<\/td>\n<\/tr>\n<tr>\n<td>Zander <\/td>\n<td>125 g<\/td>\n<\/tr>\n<tr>\n<td>Langstroth <\/td>\n<td>140 g<\/td>\n<\/tr>\n<tr>\n<td>Dadant <\/td>\n<td>175 g<\/td>\n<\/tr>\n<\/tbody>\n<\/table><\/div><\/p>\n<h3>Eksempel:<\/h3>\n<p>En Zander-ramme, p\u00e5 den ene side 8 fuldt tild\u00e6kkede foderkvadrater, p\u00e5 den anden side 4 tild\u00e6kkede foderkvadrater. Regnestykke: (8 + 4) x 125 g = 1500 g foder p\u00e5 denne tavle. Halve ottendedele medregnes ogs\u00e5. En fuldt d\u00e6kket tavle giver 16 kvadranter = 2000 g foder<\/p>\n<p>Som eksperter inden for bifoder vil vi hos ambrosia med gl\u00e6de besvare alle sp\u00f8rgsm\u00e5l til ern\u00e6ring og hj\u00e6lpe med gode r\u00e5d.<\/p>\n<p>Her kan du finde informationer om:<\/p>\n<p>&nbsp;<\/p>\n<p><a class=\"btn btn-primary btn-xs\" href=\"https:\/\/www.ambrosia.eu\/da\/hvorfor-give-foder\/aaret-med-bierne\/\" target=\"_blank\" rel=\"noopener noreferrer\">\u00e5ret-med-bierne<\/a><\/p>\n<p><a class=\"btn btn-primary btn-xs\" href=\"https:\/\/www.ambrosia.eu\/da\/hvorfor-give-foder\/vfodringsanledninger\/\" target=\"_blank\" rel=\"noopener noreferrer\">vfodringsanledninger <\/a><\/p>\n<p><a class=\"btn btn-primary btn-xs\" href=\"https:\/\/www.ambrosia.eu\/da\/hvorfor-give-foder\/alternativt-foder\/\" target=\"_blank\" rel=\"noopener noreferrer\">alternativt-foder\u00a0<\/a><\/p>\n<p>&nbsp;<\/p>\n<p><a href=\"https:\/\/www.ambrosia.eu\/da\/kontakt\/\">Vi besvarer gerne dine sp\u00f8rgsm\u00e5l og kan ogs\u00e5 oplyse, hvilke forhandlere der findes i n\u00e6rheden af dig<\/a><\/p>\n<p><a class=\"btn btn-primary btn-xs  \" href=\"https:\/\/www.ambrosia.eu\/da\/kontakt\/\"  rel=\"\"  target=\"_self\">Kontakt <i class=\"glyphicon glyphicon-menu-right\" ><\/i><\/a><\/p>\n<p>&nbsp;<\/p>\n<p><\/div>\n<\/div>\n","protected":false},"excerpt":{"rendered":"<p>Hunger sch\u00e4digt Bienenv\u00f6lker, ein reichhaltiges Futterangebot optimal an die Bed\u00fcrfnisse der Bienen angepasst hingegen f\u00f6rdert und sichert ein vitales Bienenvolk.<\/p>\n<p>Zu keiner Zeit darf ein Bienenvolk einem Futtermangel ausgesetzt sein. N\u00e4hern sich die Vorr\u00e4te im Bienenvolk der 5 kg-Marke (zwei volle DN oder Zanderwaben) und versiegt der Futterstrom von au\u00dfen, beginnt bereits die Unterversorgung. Schon vor dem letzten Futterrest  schaltet das Volk auf Notbetrieb:<\/p>\n","protected":false},"author":3,"featured_media":0,"parent":0,"menu_order":0,"comment_status":"closed","ping_status":"closed","template":"","meta":[],"acf":[],"_links":{"self":[{"href":"https:\/\/www.ambrosia.eu\/da\/wp-json\/wp\/v2\/pages\/1059"}],"collection":[{"href":"https:\/\/www.ambrosia.eu\/da\/wp-json\/wp\/v2\/pages"}],"about":[{"href":"https:\/\/www.ambrosia.eu\/da\/wp-json\/wp\/v2\/types\/page"}],"author":[{"embeddable":true,"href":"https:\/\/www.ambrosia.eu\/da\/wp-json\/wp\/v2\/users\/3"}],"replies":[{"embeddable":true,"href":"https:\/\/www.ambrosia.eu\/da\/wp-json\/wp\/v2\/comments?post=1059"}],"version-history":[{"count":13,"href":"https:\/\/www.ambrosia.eu\/da\/wp-json\/wp\/v2\/pages\/1059\/revisions"}],"predecessor-version":[{"id":1505,"href":"https:\/\/www.ambrosia.eu\/da\/wp-json\/wp\/v2\/pages\/1059\/revisions\/1505"}],"wp:attachment":[{"href":"https:\/\/www.ambrosia.eu\/da\/wp-json\/wp\/v2\/media?parent=1059"}],"curies":[{"name":"wp","href":"https:\/\/api.w.org\/{rel}","templated":true}]}}