{"id":1051,"date":"2017-05-25T10:28:43","date_gmt":"2017-05-25T08:28:43","guid":{"rendered":"https:\/\/www.ambrosia.eu\/?page_id=1051\/"},"modified":"2017-07-26T15:42:50","modified_gmt":"2017-07-26T13:42:50","slug":"det-bedste-foder","status":"publish","type":"page","link":"https:\/\/www.ambrosia.eu\/da\/det-bedste-foder\/","title":{"rendered":"Det bedste foder"},"content":{"rendered":"<div class=\"row \"><div class=\"col-lg-6 col-md-6 col-xs-12 col-sm-6\"><\/p>\n<p>Ambrosia\u00ae sirup- og dejprodukterne er sukkerbaseret bifoder, der er blevet anvendt med succes i mere end 25 \u00e5r som supplement til eller erstatning af naturlige foderkilder og energikilder for en sikker overvintring.<\/p>\n<h3>Egenskaber ved det gode bifoder<\/h3>\n<ul>\n<li>Optimal recept i standardiseret kvalitet<\/li>\n<li>Energifattig optagelse og optimal ford\u00f8jelighed<\/li>\n<li>Maksimal udnyttelse af foderv\u00e6rdien<\/li>\n<li>Konstant h\u00f8j kvalitet<\/li>\n<li>Opbevaringsegnet (lang holdbarhedsdato, biologisk stabilitet)<\/li>\n<li>Let h\u00e5ndtering (oplagring, dosering, klar til brug)<\/li>\n<li>Lugtfri, som beskyttelse mod r\u00f8veri<\/li>\n<\/ul>\n<p><\/div>\n<div class=\"col-lg-6 col-md-6 col-xs-12 col-sm-6\"><\/p>\n<p>Nektar, pollen og vand har gennem millioner af \u00e5r sikret biernes overlevelse. P\u00e5 grund af sv\u00e6kkelse af milj\u00f8et, fejlvurderinger af biavlere og p\u00e5virkninger fra sygdomme og skadedyr er der mere end nogensinde f\u00f8r brug for kontrol og forsyning med en optimal foderkvalitet, n\u00e5r det naturlige udbud ikke l\u00e6ngere er tilstr\u00e6kkeligt.<\/p>\n<p>Biavl er andet og mere end blot at stille et hjem til r\u00e5dighed for bierne og bek\u00e6mpe mider. I forhold til foderkvalitet er bier ret kr\u00e6vende. Enhver indskr\u00e6nkning af foderet i form af et ikke-optimalt sukkerspektrum og en utilstr\u00e6kkelig sammens\u00e6tning reagerer de p\u00e5 i form af mindre vitalitet. Resultatet er nosema eller dysenteri.<\/p>\n<p>&nbsp;<\/p>\n<p>Med bifoder fra ambrosia\u00ae kan du v\u00e6re sikker p\u00e5, at du g\u00f8r det bedste for dine biers ern\u00e6ring<\/p>\n<p><a href=\"https:\/\/www.ambrosia.eu\/da\/kontakt\/\" target=\"_blank\" rel=\"noopener\">Vi besvarer gerne dine sp\u00f8rgsm\u00e5l og kan ogs\u00e5 oplyse, hvilke forhandlere der findes i n\u00e6rheden af dig<\/a><\/p>\n<p><a class=\"btn btn-primary btn-xs  \" href=\"https:\/\/www.ambrosia.eu\/da\/kontakt\/\"  rel=\"\"  target=\"_self\">Kontakt <i class=\"glyphicon glyphicon-menu-right\" ><\/i><\/a><\/p>\n<p>&nbsp;<\/p>\n<p>&nbsp;<\/p>\n<p><\/div>\n<\/div>\n","protected":false},"excerpt":{"rendered":"<p>Ambrosia\u00ae Sirup- und Teigprodukte sind zuckerbasierte Bienenfutter und werden seit \u00fcber 40 Jahren erfolgreich eingesetzt, zur Erg\u00e4nzung oder auch als Ersatz nat\u00fcrlicher Futterquellen, als Energiequelle zur sicheren \u00dcberwinterung sowie zur F\u00fctterung von Ablegern und zur K\u00f6niginnenzucht.<\/p>\n","protected":false},"author":3,"featured_media":0,"parent":0,"menu_order":0,"comment_status":"closed","ping_status":"closed","template":"","meta":[],"acf":[],"_links":{"self":[{"href":"https:\/\/www.ambrosia.eu\/da\/wp-json\/wp\/v2\/pages\/1051"}],"collection":[{"href":"https:\/\/www.ambrosia.eu\/da\/wp-json\/wp\/v2\/pages"}],"about":[{"href":"https:\/\/www.ambrosia.eu\/da\/wp-json\/wp\/v2\/types\/page"}],"author":[{"embeddable":true,"href":"https:\/\/www.ambrosia.eu\/da\/wp-json\/wp\/v2\/users\/3"}],"replies":[{"embeddable":true,"href":"https:\/\/www.ambrosia.eu\/da\/wp-json\/wp\/v2\/comments?post=1051"}],"version-history":[{"count":11,"href":"https:\/\/www.ambrosia.eu\/da\/wp-json\/wp\/v2\/pages\/1051\/revisions"}],"predecessor-version":[{"id":1512,"href":"https:\/\/www.ambrosia.eu\/da\/wp-json\/wp\/v2\/pages\/1051\/revisions\/1512"}],"wp:attachment":[{"href":"https:\/\/www.ambrosia.eu\/da\/wp-json\/wp\/v2\/media?parent=1051"}],"curies":[{"name":"wp","href":"https:\/\/api.w.org\/{rel}","templated":true}]}}