{"id":1049,"date":"2017-05-16T18:51:04","date_gmt":"2017-05-16T16:51:04","guid":{"rendered":"https:\/\/www.ambrosia.eu\/?page_id=1049\/"},"modified":"2023-12-01T12:06:13","modified_gmt":"2023-12-01T11:06:13","slug":"ambrosia-bifoderdej","status":"publish","type":"page","link":"https:\/\/www.ambrosia.eu\/da\/ambrosia-bifoderdej\/","title":{"rendered":"ambrosia\u00ae bifoderdej"},"content":{"rendered":"<div class=\"row \"><div class=\"col-lg-6 col-md-6 col-xs-12 col-sm-6\"><\/p>\n<p>ambrosia\u00ae bifoderdej er en pastos masse af mikrofine sukkerkrystaller omgivet af en sirupfilm af opl\u00f8ste sukkerarter. Siruppen forhindrer skorpedannelse af krystallerne og muligg\u00f8r en let optagelse hos bierne. P\u00e5 grund af det ringe vandindhold har ambrosia\u00ae bifoderdej, hvis produktet opbevares optimalt, en holdbarhed p\u00e5 mindst 24 m\u00e5neder.<\/p>\n<p>Produktet f\u00e5s i f\u00f8lgende emballagevarianter:<\/p>\n<ul>\n<li>15 kg-kartoner med indvendig folie<\/li>\n<li>2,5 kg-portionspakker (PE-foliebeholder i ekstra emballage x 5)<\/li>\n<\/ul>\n<p><\/div>\n<div class=\"col-lg-6 col-md-6 col-xs-12 col-sm-6\"><\/p>\n<p>S\u00e6rligt anbefalelsesv\u00e6rdige er portionspakkerne med deres fordele i forhold til praktisk h\u00e5ndtering. Fodringen med dejet er s\u00e5 nem, som man overhovedet kan forestille sig: 15-kg-pakken tages sammen med folien ud af kartonen og l\u00e6gges med den \u00e5bne side p\u00e5 rammen eller sk\u00e6res af blokken i portioner efter behov. Folien forhindrer, at dejen t\u00f8rrer ind.<br \/>\nVed 2,5-kg-pakken sk\u00e6res der til fodringen en ca. 2 cm bred \u00e5bning i langsiden med en kniv. Dermed kan man over 7 dage tilf\u00f8re ca. 400 gram dagligt. Dejen kan ogs\u00e5 anbefales, n\u00e5r man danner afl\u00e6ggere samt ved dronningeavlen.<\/p>\n<p><\/div>\n<\/div>\n<p><div class=\"row \"><div class=\"col-lg-6 col-md-6 col-xs-12 col-sm-6\">\n<img loading=\"lazy\" class=\"alignnone wp-image-4310 size-medium\" src=\"https:\/\/www.ambrosia.eu\/wp-content\/uploads\/2023\/12\/ambrosia_Teig_15kg_Karton-300x205.png\" alt=\"\" width=\"300\" height=\"205\" srcset=\"https:\/\/www.ambrosia.eu\/wp-content\/uploads\/2023\/12\/ambrosia_Teig_15kg_Karton-300x205.png 300w, https:\/\/www.ambrosia.eu\/wp-content\/uploads\/2023\/12\/ambrosia_Teig_15kg_Karton-1024x699.png 1024w, https:\/\/www.ambrosia.eu\/wp-content\/uploads\/2023\/12\/ambrosia_Teig_15kg_Karton-768x524.png 768w, https:\/\/www.ambrosia.eu\/wp-content\/uploads\/2023\/12\/ambrosia_Teig_15kg_Karton-1536x1048.png 1536w, https:\/\/www.ambrosia.eu\/wp-content\/uploads\/2023\/12\/ambrosia_Teig_15kg_Karton.png 1662w\" sizes=\"(max-width: 300px) 100vw, 300px\" \/><\/p>\n<h3>Kartoner<\/h3>\n<p><strong>15 kg<br \/>\n<\/strong>Art.-Nr.: 37237<br \/>\nAntal pr. palle: 50 stk.<\/p>\n<div class=\"clearfix\"><\/div>\n<p><img loading=\"lazy\" class=\"alignnone wp-image-4299 size-medium\" src=\"https:\/\/www.ambrosia.eu\/wp-content\/uploads\/2023\/12\/ambrosia_Teig_5x2_5kg_Kombi_v1-300x221.jpg\" alt=\"\" width=\"300\" height=\"221\" srcset=\"https:\/\/www.ambrosia.eu\/wp-content\/uploads\/2023\/12\/ambrosia_Teig_5x2_5kg_Kombi_v1-300x221.jpg 300w, https:\/\/www.ambrosia.eu\/wp-content\/uploads\/2023\/12\/ambrosia_Teig_5x2_5kg_Kombi_v1-1024x753.jpg 1024w, https:\/\/www.ambrosia.eu\/wp-content\/uploads\/2023\/12\/ambrosia_Teig_5x2_5kg_Kombi_v1-768x565.jpg 768w, https:\/\/www.ambrosia.eu\/wp-content\/uploads\/2023\/12\/ambrosia_Teig_5x2_5kg_Kombi_v1-1536x1129.jpg 1536w, https:\/\/www.ambrosia.eu\/wp-content\/uploads\/2023\/12\/ambrosia_Teig_5x2_5kg_Kombi_v1-2048x1506.jpg 2048w\" sizes=\"(max-width: 300px) 100vw, 300px\" \/><\/p>\n<h3>Portionspakker<\/h3>\n<p><strong>5 x 2,5 kg<br \/>\n<\/strong>Art.-Nr.: 372998<br \/>\nAntal pr. palle: 64 stk.<\/p>\n<div class=\"clearfix\"><\/div>\n<h2>Opbevaring og holdbarhed<\/h2>\n<p>Opbevaringen b\u00f8r v\u00e6re i t\u00f8rre rum ved temperaturer i omr\u00e5det 10 til 17 \u00b0C. Frost skal undg\u00e5s.<\/p>\n<h3>Holdbarhed (bedst f\u00f8r):<\/h3>\n<p>Bifoderdej 24 m\u00e5neder.<br \/>\nHer er det en foruds\u00e6tning, at beholderne er ubeskadigede.<br \/>\nEr der taget hul p\u00e5 beholderen, skal foderet anvendes umiddelbart.<\/p>\n<p><a href=\"https:\/\/www.ambrosia.eu\/da\/kontakt\/\">i oplyser dig gerne om forhandlere i n\u00e6rheden af dig<\/a><\/p>\n<a class=\"btn btn-primary btn-xs  \" href=\"https:\/\/www.ambrosia.eu\/da\/kontakt\/\"  rel=\"\"  target=\"_self\">Kontakt <i class=\"glyphicon glyphicon-menu-right\" ><\/i><\/a>\n<p><\/div>\n<div class=\"col-lg-6 col-md-6 col-xs-12 col-sm-6\"><img loading=\"lazy\" class=\"alignnone wp-image-1388 size-large\" src=\"https:\/\/www.ambrosia.eu\/wp-content\/uploads\/2017\/05\/ambrosia-bifoder-dej-applikation-1-1024x493.jpg\" width=\"1024\" height=\"493\" srcset=\"https:\/\/www.ambrosia.eu\/wp-content\/uploads\/2017\/05\/ambrosia-bifoder-dej-applikation-1-1024x493.jpg 1024w, https:\/\/www.ambrosia.eu\/wp-content\/uploads\/2017\/05\/ambrosia-bifoder-dej-applikation-1-300x145.jpg 300w, https:\/\/www.ambrosia.eu\/wp-content\/uploads\/2017\/05\/ambrosia-bifoder-dej-applikation-1-768x370.jpg 768w, https:\/\/www.ambrosia.eu\/wp-content\/uploads\/2017\/05\/ambrosia-bifoder-dej-applikation-1.jpg 1299w\" sizes=\"(max-width: 1024px) 100vw, 1024px\" \/><\/p>\n<div class=\"clearfix\"><\/div>\n<p><img loading=\"lazy\" class=\"alignnone wp-image-1389 size-large\" src=\"https:\/\/www.ambrosia.eu\/wp-content\/uploads\/2017\/05\/ambrosia-bifoder-dej-applikation-2-1024x689.jpg\" width=\"1024\" height=\"689\" srcset=\"https:\/\/www.ambrosia.eu\/wp-content\/uploads\/2017\/05\/ambrosia-bifoder-dej-applikation-2-1024x689.jpg 1024w, https:\/\/www.ambrosia.eu\/wp-content\/uploads\/2017\/05\/ambrosia-bifoder-dej-applikation-2-300x202.jpg 300w, https:\/\/www.ambrosia.eu\/wp-content\/uploads\/2017\/05\/ambrosia-bifoder-dej-applikation-2-768x517.jpg 768w, https:\/\/www.ambrosia.eu\/wp-content\/uploads\/2017\/05\/ambrosia-bifoder-dej-applikation-2.jpg 1299w\" sizes=\"(max-width: 1024px) 100vw, 1024px\" \/><\/div>\n<\/div><br \/>\n<div class=\"row \"><div class=\"col-lg-6 col-md-6 col-xs-12 col-sm-6\"><\/p>\n<p><\/div><div class=\"col-lg-6 col-md-6 col-xs-12 col-sm-6\"> <\/div>\n<\/div><\/p>\n","protected":false},"excerpt":{"rendered":"<p>ambrosia\u00ae Bienenfutterteig ist eine past\u00f6se Masse aus mikrofeinen Zuckerkristallen, die von einem Sirupfilm aus gel\u00f6sten Zuckerarten umgeben sind. Der Sirup verhindert ein Verkrusten der Kristalle und erm\u00f6glicht eine leichte Aufnahme durch die Bienen. Wegen seines geringen Wassergehalts weist ambrosia\u00ae Bienenfutterteig bei optimaler Lagerung eine Haltbarkeit von mindestens 24 Monaten auf.<\/p>\n","protected":false},"author":3,"featured_media":0,"parent":0,"menu_order":0,"comment_status":"closed","ping_status":"closed","template":"","meta":[],"acf":[],"_links":{"self":[{"href":"https:\/\/www.ambrosia.eu\/da\/wp-json\/wp\/v2\/pages\/1049"}],"collection":[{"href":"https:\/\/www.ambrosia.eu\/da\/wp-json\/wp\/v2\/pages"}],"about":[{"href":"https:\/\/www.ambrosia.eu\/da\/wp-json\/wp\/v2\/types\/page"}],"author":[{"embeddable":true,"href":"https:\/\/www.ambrosia.eu\/da\/wp-json\/wp\/v2\/users\/3"}],"replies":[{"embeddable":true,"href":"https:\/\/www.ambrosia.eu\/da\/wp-json\/wp\/v2\/comments?post=1049"}],"version-history":[{"count":11,"href":"https:\/\/www.ambrosia.eu\/da\/wp-json\/wp\/v2\/pages\/1049\/revisions"}],"predecessor-version":[{"id":4322,"href":"https:\/\/www.ambrosia.eu\/da\/wp-json\/wp\/v2\/pages\/1049\/revisions\/4322"}],"wp:attachment":[{"href":"https:\/\/www.ambrosia.eu\/da\/wp-json\/wp\/v2\/media?parent=1049"}],"curies":[{"name":"wp","href":"https:\/\/api.w.org\/{rel}","templated":true}]}}