{"id":1047,"date":"2017-05-16T17:29:38","date_gmt":"2017-05-16T15:29:38","guid":{"rendered":"https:\/\/www.ambrosia.eu\/?page_id=1047\/"},"modified":"2023-12-01T11:57:31","modified_gmt":"2023-12-01T10:57:31","slug":"ambrosia-bifodersirup","status":"publish","type":"page","link":"https:\/\/www.ambrosia.eu\/da\/ambrosia-bifodersirup\/","title":{"rendered":"ambrosia\u00ae bifodersirup"},"content":{"rendered":"<div class=\"row \"><div class=\"col-lg-6 col-md-6 col-xs-12 col-sm-6\">\nambrosia\u00ae bifodersirup er et flydende f\u00e6rdigfoder med et n\u00f8je balanceret sukkerspektrum (frugtsukker, druesukker, sakkarose) p\u00e5 basis af roesukker af reneste kvalitet. Den h\u00f8je andel af frugtsukker forhindrer dannelse af krystaller i tavlerne. Den h\u00f8je sukkerkoncentration g\u00f8r siruppen modstandsdygtig over for biologisk ford\u00e6rv. Den ideelle sammens\u00e6tning af sukkerspektret sikrer en optimal udnyttelse af ern\u00e6ringsbestanddelene hos bierne. N\u00e6ringsstofkoncentrationen\/foderv\u00e6rdien er p\u00e5 ca. 72,7 procent. 1 kg (eller 1 liter) ambrosia\u00ae bifodersirup svarer til 0,73 kg krystalsukker.<\/p>\n<h3>Is\u00e6r i den tidlige og sene vinterfodring er ambrosia\u00ae bifodersirup en fordel:<\/h3>\n<ul>\n<li>Dette foder er i kraft af sin recept det, der kommer t\u00e6ttest p\u00e5 den naturlige ern\u00e6ring for bier<\/li>\n<li>Problemfri optagelse og udnyttelse \u2013 at der skal ydes et mindre inverteringsarbejde, er sk\u00e5nsomt over for biens energibalance. Fors\u00f8g har p\u00e5vist energetiske fordele i st\u00f8rrelsesordenen 15 %<\/li>\n<li>H\u00f8j modstandskraft over for mikrobiologisk ford\u00e6rv giver lang holdbarhed<\/li>\n<li>Hygiejnisk, tidsbesparende og praktisk h\u00e5ndtering<\/li>\n<\/ul>\n<p>For at undg\u00e5 r\u00f8veri m\u00e5 flydende foder kun gives inden for bistadet, og man skal undg\u00e5 at spilde foder i stadet. Hvis det er muligt, skal fodringen foretages om aftenen. I tilf\u00e6lde af afl\u00e6ggere indsn\u00e6vres flyvehullerne til f\u00e5 centimeter.<\/p>\n<p><\/div>\n<div class=\"col-lg-6 col-md-6 col-xs-12 col-sm-6\">\n<img loading=\"lazy\" class=\"alignnone size-medium wp-image-228\" src=\"https:\/\/www.ambrosia.eu\/wp-content\/uploads\/2016\/03\/Ambrosia-Bienenfutter-Sirup-Anwendung1-1-300x217.jpg\" alt=\"Ambrosia-Bienenfutter-Sirup-Anwendung1\" width=\"300\" height=\"217\" srcset=\"https:\/\/www.ambrosia.eu\/wp-content\/uploads\/2016\/03\/Ambrosia-Bienenfutter-Sirup-Anwendung1-1-300x217.jpg 300w, https:\/\/www.ambrosia.eu\/wp-content\/uploads\/2016\/03\/Ambrosia-Bienenfutter-Sirup-Anwendung1-1-768x556.jpg 768w, https:\/\/www.ambrosia.eu\/wp-content\/uploads\/2016\/03\/Ambrosia-Bienenfutter-Sirup-Anwendung1-1-1024x741.jpg 1024w, https:\/\/www.ambrosia.eu\/wp-content\/uploads\/2016\/03\/Ambrosia-Bienenfutter-Sirup-Anwendung1-1.jpg 1299w\" sizes=\"(max-width: 300px) 100vw, 300px\" \/><\/p>\n<p><img loading=\"lazy\" class=\"alignnone size-medium wp-image-900\" src=\"https:\/\/www.ambrosia.eu\/wp-content\/uploads\/2017\/01\/ambrosia-beefeed-syrup-application2-300x147.jpg\" alt=\"ambrosia-beefeed-syrup-application2\" width=\"300\" height=\"147\" srcset=\"https:\/\/www.ambrosia.eu\/wp-content\/uploads\/2017\/01\/ambrosia-beefeed-syrup-application2-300x147.jpg 300w, https:\/\/www.ambrosia.eu\/wp-content\/uploads\/2017\/01\/ambrosia-beefeed-syrup-application2-768x377.jpg 768w, https:\/\/www.ambrosia.eu\/wp-content\/uploads\/2017\/01\/ambrosia-beefeed-syrup-application2-1024x503.jpg 1024w, https:\/\/www.ambrosia.eu\/wp-content\/uploads\/2017\/01\/ambrosia-beefeed-syrup-application2.jpg 1299w\" sizes=\"(max-width: 300px) 100vw, 300px\" \/><\/p>\n<p><\/div>\n<\/div>\n<h3>Med en bred palet af beholdertyper er der noget til ethvert behov hos biavleren: ambrosia\u00ae bifodersirup f\u00e5s<\/h3>\n<p>i l\u00f8s v\u00e6gt i tankvogne i f\u00f8lgende eengangsbeholdere<br \/>\n<div class=\"row \"><div class=\"col-lg-6 col-md-6 col-xs-12 col-sm-6\"><\/p>\n<div class=\"row\">\n<div class=\"col-xs-6\"><img loading=\"lazy\" class=\"alignnone wp-image-4257 size-medium\" src=\"https:\/\/www.ambrosia.eu\/wp-content\/uploads\/2023\/12\/ambrosia_Sirup_Container_1360kg-297x300.jpg\" alt=\"\" width=\"297\" height=\"300\" srcset=\"https:\/\/www.ambrosia.eu\/wp-content\/uploads\/2023\/12\/ambrosia_Sirup_Container_1360kg-297x300.jpg 297w, https:\/\/www.ambrosia.eu\/wp-content\/uploads\/2023\/12\/ambrosia_Sirup_Container_1360kg-1013x1024.jpg 1013w, https:\/\/www.ambrosia.eu\/wp-content\/uploads\/2023\/12\/ambrosia_Sirup_Container_1360kg-768x776.jpg 768w, https:\/\/www.ambrosia.eu\/wp-content\/uploads\/2023\/12\/ambrosia_Sirup_Container_1360kg.jpg 1343w\" sizes=\"(max-width: 297px) 100vw, 297px\" \/><\/div>\n<div class=\"col-xs-6\">\n<h3>1360 eller 870 kg pallecontainere (IBC)<\/h3>\n<p><strong>870 kg<\/strong><br \/>\nArt.-Nr.: 17001384<\/p>\n<p><strong>1360 kg<\/strong><br \/>\nArt.-Nr.: 17001005<\/p>\n<\/div>\n<\/div>\n<p><\/div><\/p>\n<div class=\"col-lg-6 col-md-6 col-xs-12 col-sm-6\">\n<div class=\"row\">\n<div class=\"col-xs-6\"><img loading=\"lazy\" class=\"alignnone wp-image-1384 size-medium\" src=\"https:\/\/www.ambrosia.eu\/wp-content\/uploads\/2017\/05\/ambrosia-bifoder-sirup-spande-14kg-300x292.jpg\" width=\"300\" height=\"292\" srcset=\"https:\/\/www.ambrosia.eu\/wp-content\/uploads\/2017\/05\/ambrosia-bifoder-sirup-spande-14kg-300x292.jpg 300w, https:\/\/www.ambrosia.eu\/wp-content\/uploads\/2017\/05\/ambrosia-bifoder-sirup-spande-14kg-768x747.jpg 768w, https:\/\/www.ambrosia.eu\/wp-content\/uploads\/2017\/05\/ambrosia-bifoder-sirup-spande-14kg-1024x996.jpg 1024w, https:\/\/www.ambrosia.eu\/wp-content\/uploads\/2017\/05\/ambrosia-bifoder-sirup-spande-14kg.jpg 1299w\" sizes=\"(max-width: 300px) 100vw, 300px\" \/><\/div>\n<div class=\"col-xs-6\">\n<h3>spande<\/h3>\n<p><strong>14 kg<\/strong><br \/>\nArt.-Nr.: 31407<br \/>\nAntal pr. palle: 44 stk.<\/p>\n<\/div>\n<\/div>\n<p><\/div>\n<\/div><\/p>\n<div class=\"row \"><div class=\"col-lg-6 col-md-6 col-xs-12 col-sm-6\"><\/p>\n<div class=\"row\">\n<div class=\"col-xs-6\"><img loading=\"lazy\" class=\"alignnone wp-image-4279 size-medium\" src=\"https:\/\/www.ambrosia.eu\/wp-content\/uploads\/2023\/12\/ambrosia_Sirup_16kg_Cubitainer-300x252.png\" alt=\"\" width=\"300\" height=\"252\" srcset=\"https:\/\/www.ambrosia.eu\/wp-content\/uploads\/2023\/12\/ambrosia_Sirup_16kg_Cubitainer-300x252.png 300w, https:\/\/www.ambrosia.eu\/wp-content\/uploads\/2023\/12\/ambrosia_Sirup_16kg_Cubitainer-1024x859.png 1024w, https:\/\/www.ambrosia.eu\/wp-content\/uploads\/2023\/12\/ambrosia_Sirup_16kg_Cubitainer-768x644.png 768w, https:\/\/www.ambrosia.eu\/wp-content\/uploads\/2023\/12\/ambrosia_Sirup_16kg_Cubitainer.png 1352w\" sizes=\"(max-width: 300px) 100vw, 300px\" \/><\/div>\n<div class=\"col-xs-6\">\n<h3>cubitainere (pakker, der kan genp\u00e5fyldes)*<\/h3>\n<p><strong>16 kg<br \/>\n<\/strong>Art.-Nr.: 31414<br \/>\nAntal pr. palle: 44 stk.<\/p>\n<p><strong>28 kg<br \/>\n<\/strong>Art.-Nr.: 31409<br \/>\nAntal pr. palle: 25 stk.<\/p>\n<p>*stigr\u00f8r til 16 kg cubitainerne f\u00e5s hos din forhandler<\/p>\n<\/div>\n<\/div>\n<p><\/div>\n<div class=\"col-lg-6 col-md-6 col-xs-12 col-sm-6\"><\/p>\n<div class=\"row\">\n<div class=\"col-xs-6\"><img loading=\"lazy\" class=\"alignnone wp-image-4268 size-medium\" src=\"https:\/\/www.ambrosia.eu\/wp-content\/uploads\/2023\/12\/ambrosia_Sirup_10L_Kanister-250x300.png\" alt=\"\" width=\"250\" height=\"300\" srcset=\"https:\/\/www.ambrosia.eu\/wp-content\/uploads\/2023\/12\/ambrosia_Sirup_10L_Kanister-250x300.png 250w, https:\/\/www.ambrosia.eu\/wp-content\/uploads\/2023\/12\/ambrosia_Sirup_10L_Kanister-852x1024.png 852w, https:\/\/www.ambrosia.eu\/wp-content\/uploads\/2023\/12\/ambrosia_Sirup_10L_Kanister-768x923.png 768w, https:\/\/www.ambrosia.eu\/wp-content\/uploads\/2023\/12\/ambrosia_Sirup_10L_Kanister.png 944w\" sizes=\"(max-width: 250px) 100vw, 250px\" \/><\/div>\n<div class=\"col-xs-6\">\n<h3>dunke<\/h3>\n<p><strong>12,5 kg<br \/>\n<\/strong>Art.-Nr.: 17001072<br \/>\nAntal pr. palle: 40 stk.<\/p>\n<\/div>\n<\/div>\n<p><\/div>\n<\/div>\n<div class=\"row \"><div class=\"col-lg-6 col-md-6 col-xs-12 col-sm-6\"><\/p>\n<h3>Opbevaring og holdbarhed:<\/h3>\n<p>Opbevaringen b\u00f8r v\u00e6re i t\u00f8rre rum ved temperaturer i omr\u00e5det 10 til 17 \u00b0C. Frost skal undg\u00e5s<\/p>\n<p><\/div>\n<div class=\"col-lg-6 col-md-6 col-xs-12 col-sm-6\"><\/p>\n<h3>Holdbarhed (bedst f\u00f8r):<\/h3>\n<p>Bifodersirup i originalbeholder:18 m\u00e5neder. Bifodersirup i<br \/>\nl\u00f8s v\u00e6gt: 12 uger.<\/p>\n<p>Her er det en foruds\u00e6tning, at beholderne er ubeskadigede.<\/p>\n<p>Er der taget hul p\u00e5 beholderen, skal foderet anvendes umiddelbart.<\/p>\n<p><a href=\"https:\/\/www.ambrosia.eu\/da\/kontakt\/\">Vi oplyser dig gerne om forhandlere i n\u00e6rheden af dig<\/a><\/p>\n<p><a class=\"btn btn-primary btn-xs  \" href=\"https:\/\/www.ambrosia.eu\/da\/kontakt\/\"  rel=\"\"  target=\"_self\">Kontakt <i class=\"glyphicon glyphicon-menu-right\" ><\/i><\/a><\/p>\n<p><\/div><\/p>\n<p><\/div>\n","protected":false},"excerpt":{"rendered":"<p>Med en bred palet af beholdertyper er der noget til ethvert behov hos biavleren: ambrosia\u00ae bifodersirup f\u00e5s i l\u00f8s v\u00e6gt i tankvogne i f\u00f8lgende eengangsbeholdere<\/p>\n","protected":false},"author":3,"featured_media":0,"parent":0,"menu_order":0,"comment_status":"closed","ping_status":"closed","template":"","meta":[],"acf":[],"_links":{"self":[{"href":"https:\/\/www.ambrosia.eu\/da\/wp-json\/wp\/v2\/pages\/1047"}],"collection":[{"href":"https:\/\/www.ambrosia.eu\/da\/wp-json\/wp\/v2\/pages"}],"about":[{"href":"https:\/\/www.ambrosia.eu\/da\/wp-json\/wp\/v2\/types\/page"}],"author":[{"embeddable":true,"href":"https:\/\/www.ambrosia.eu\/da\/wp-json\/wp\/v2\/users\/3"}],"replies":[{"embeddable":true,"href":"https:\/\/www.ambrosia.eu\/da\/wp-json\/wp\/v2\/comments?post=1047"}],"version-history":[{"count":19,"href":"https:\/\/www.ambrosia.eu\/da\/wp-json\/wp\/v2\/pages\/1047\/revisions"}],"predecessor-version":[{"id":4291,"href":"https:\/\/www.ambrosia.eu\/da\/wp-json\/wp\/v2\/pages\/1047\/revisions\/4291"}],"wp:attachment":[{"href":"https:\/\/www.ambrosia.eu\/da\/wp-json\/wp\/v2\/media?parent=1047"}],"curies":[{"name":"wp","href":"https:\/\/api.w.org\/{rel}","templated":true}]}}