{"id":1042,"date":"2017-05-15T13:44:49","date_gmt":"2017-05-15T11:44:49","guid":{"rendered":"https:\/\/www.ambrosia.eu\/?page_id=1042\/"},"modified":"2018-07-17T09:38:11","modified_gmt":"2018-07-17T07:38:11","slug":"ambrosia-preiswerte-bienenfuetterung-mit-ueberzeugenden-vorteilen","status":"publish","type":"page","link":"https:\/\/www.ambrosia.eu\/da\/","title":{"rendered":"ambrosia &#8211; Bifoder med overbevisende fordele og til meget attraktive priser"},"content":{"rendered":"<h2>Den helt rigtige ern\u00e6ring til dine flittigste medarbejdere:<\/h2>\n<p>Med ambrosia\u00ae kan du give dine bier et foder med den st\u00f8rste renhed og ford\u00f8jelighed \u2013 for ambrosia\u00ae er et f\u00e6rdigfoder p\u00e5 sakkarosebasis, skr\u00e6ddersyet til biernes s\u00e6rlige behov og orienteret mod deres naturlige ern\u00e6ring. Ambrosia\u00ae er meget let at optage, let ford\u00f8jeligt og giver et maksimalt udbytte og recepten er sk\u00e5nsom mod biernes energibalance. Ambrosia er nem at h\u00e5ndtere, klar til brug og f\u00e5s i beholdere, der passer til behovet. Den certificerede produktion garanterer en konstant h\u00f8j produktkvalitet. Ambrosia\u00ae er hygiejnisk og langtidsholdbar.<br \/>\nOg har vist sit v\u00e6rd i praksis i mere end 25 \u00e5r.<br \/>\n<div class=\"row \"><div class=\"col-lg-6 col-md-6 col-xs-12 col-sm-6\"><\/p>\n<h3><a href=\"https:\/\/www.ambrosia.eu\/da\/ambrosia-bifodersirup\/\" target=\"_blank\" rel=\"noopener noreferrer\">ambrosia\u00ae sirup<\/a> <i class=\" glyphicon glyphicon-menu-right \" style=\" font-size:12px;\"><\/i><\/h3>\n<ul>\n<li>det t\u00e6tteste man kommer p\u00e5 biernes naturlige ern\u00e6ring<\/li>\n<li>garanterer en ubesv\u00e6ret optagelse i bierne<\/li>\n<li>ideelt som tidlig og sen vinterfodring<\/li>\n<\/ul>\n<p><\/div>\n<div class=\"col-lg-6 col-md-6 col-xs-12 col-sm-6\"><\/p>\n<h3><a href=\"https:\/\/www.ambrosia.eu\/da\/ambrosia-bifoderdej\/\" target=\"_blank\" rel=\"noopener noreferrer\">Ambrosia\u00ae dej<\/a> <i class=\" glyphicon glyphicon-menu-right \" style=\" font-size:12px;\"><\/i><\/h3>\n<ul>\n<li>de mikrofine sukkerkrystaller kan optages s\u00e6rligt let af bierne<\/li>\n<li>optimalt egnet til foder i perioder med huller i tr\u00e6kket<\/li>\n<li>egnet til dronningeavl i enkelt- eller multiple tavler<\/li>\n<\/ul>\n<p><\/div>\n<\/div><div class=\"row \"><div class=\"col-lg-6 col-md-6 col-xs-12 col-sm-6\"><\/p>\n<p>Brochuredownload pdf<\/p>\n<p><a href=\"https:\/\/www.ambrosia.eu\/wp-content\/uploads\/2017\/01\/ambrosia_Broschuere_engl_23.pdf\" target=\"_blank\" rel=\"noopener\">ambrosia Brochure<\/a><\/p>\n<p><\/div>\n<div class=\"col-lg-6 col-md-6 col-xs-12 col-sm-6\"><\/p>\n<p><a href=\"https:\/\/www.ambrosia.eu\/da\/kontakt\/\" target=\"_blank\" rel=\"noopener noreferrer\">Vi besvarer gerne dine sp\u00f8rgsm\u00e5l og kan ogs\u00e5 oplyse, hvilke forhandlere der findes i n\u00e6rheden af dig<\/a><\/p>\n<a class=\"btn btn-primary btn-xs  \" href=\"https:\/\/www.ambrosia.eu\/da\/kontakt\/\"  rel=\"\"  target=\"_self\">Kontakt <i class=\"glyphicon glyphicon-menu-right\" ><\/i><\/a>\n<p>&nbsp;<\/p>\n<p><\/div>\n<\/div><\/p>\n","protected":false},"excerpt":{"rendered":"<p>Den helt rigtige ern\u00e6ring til dine flittigste medarbejdere: Med ambrosia\u00ae kan du give dine bier et foder med den st\u00f8rste renhed og ford\u00f8jelighed \u2013 for ambrosia\u00ae er et f\u00e6rdigfoder p\u00e5 sakkarosebasis, skr\u00e6ddersyet til biernes s\u00e6rlige behov og orienteret mod deres naturlige ern\u00e6ring. Ambrosia\u00ae er meget let at optage, let ford\u00f8jeligt og giver et maksimalt udbytte og recepten er sk\u00e5nsom mod biernes energibalance. Ambrosia er nem at h\u00e5ndtere, klar til brug og f\u00e5s i beholdere, der passer til behovet. Den certificerede produktion garanterer en konstant h\u00f8j produktkvalitet. Ambrosia\u00ae er hygiejnisk og langtidsholdbar. Og har vist sit v\u00e6rd i praksis i mere end 25 \u00e5r.<\/p>\n","protected":false},"author":3,"featured_media":0,"parent":0,"menu_order":0,"comment_status":"closed","ping_status":"open","template":"","meta":[],"acf":[],"_links":{"self":[{"href":"https:\/\/www.ambrosia.eu\/da\/wp-json\/wp\/v2\/pages\/1042"}],"collection":[{"href":"https:\/\/www.ambrosia.eu\/da\/wp-json\/wp\/v2\/pages"}],"about":[{"href":"https:\/\/www.ambrosia.eu\/da\/wp-json\/wp\/v2\/types\/page"}],"author":[{"embeddable":true,"href":"https:\/\/www.ambrosia.eu\/da\/wp-json\/wp\/v2\/users\/3"}],"replies":[{"embeddable":true,"href":"https:\/\/www.ambrosia.eu\/da\/wp-json\/wp\/v2\/comments?post=1042"}],"version-history":[{"count":16,"href":"https:\/\/www.ambrosia.eu\/da\/wp-json\/wp\/v2\/pages\/1042\/revisions"}],"predecessor-version":[{"id":2248,"href":"https:\/\/www.ambrosia.eu\/da\/wp-json\/wp\/v2\/pages\/1042\/revisions\/2248"}],"wp:attachment":[{"href":"https:\/\/www.ambrosia.eu\/da\/wp-json\/wp\/v2\/media?parent=1042"}],"curies":[{"name":"wp","href":"https:\/\/api.w.org\/{rel}","templated":true}]}}